{"id":1364,"date":"2021-01-05T16:03:22","date_gmt":"2021-01-05T21:03:22","guid":{"rendered":"http:\/\/www.une.edu.pe\/Oficina_de_Calidad\/?page_id=1364"},"modified":"2021-01-05T16:07:02","modified_gmt":"2021-01-05T21:07:02","slug":"presentacion","status":"publish","type":"page","link":"https:\/\/www.une.edu.pe\/Oficina_de_Calidad\/presentacion\/","title":{"rendered":"Presentaci\u00f3n"},"content":{"rendered":"\t\t<div data-elementor-type=\"wp-page\" data-elementor-id=\"1364\" class=\"elementor elementor-1364\">\n\t\t\t\t\t\t<section class=\"elementor-section elementor-top-section elementor-element elementor-element-b986a23 elementor-section-height-min-height elementor-section-boxed elementor-section-height-default elementor-section-items-middle\" data-id=\"b986a23\" data-element_type=\"section\" data-e-type=\"section\" data-settings=\"{&quot;background_background&quot;:&quot;classic&quot;}\">\n\t\t\t\t\t\t<div class=\"elementor-container elementor-column-gap-default\">\n\t\t\t\t\t<div class=\"elementor-column elementor-col-50 elementor-top-column elementor-element elementor-element-dad6101\" data-id=\"dad6101\" data-element_type=\"column\" data-e-type=\"column\">\n\t\t\t<div class=\"elementor-widget-wrap elementor-element-populated\">\n\t\t\t\t\t\t<div class=\"elementor-element elementor-element-d2c9bcc elementor-widget elementor-widget-text-editor\" data-id=\"d2c9bcc\" data-element_type=\"widget\" data-e-type=\"widget\" data-widget_type=\"text-editor.default\">\n\t\t\t\t<div class=\"elementor-widget-container\">\n\t\t\t\t\t\t\t\t\t<p><span style=\"font-size: 18pt;\"><strong>Presentaci\u00f3n<\/strong><\/span><\/p><p>La oficina de Calidad Acad\u00e9mica y Acreditaci\u00f3n es un \u00f3rgano de asesoramiento que depende del rectorado; es responsable de planificar, coordinar, ejecutar y evaluar el sistema de gesti\u00f3n de la calidad de la UNE EGyV y el desarrollo de los procesos de autoevaluaci\u00f3n y evaluaci\u00f3n externa, con fines de licenciamiento y acreditaci\u00f3n, de los programas de estudios de pregrado y de las menciones de posgrado de la UNE EGyV, para lograr la excelencia acad\u00e9mica.<\/p><p><span style=\"font-size: 18pt;\"><strong>Visi\u00f3n<\/strong><\/span><\/p><p><span class=\"Estilo107\">Coordinar con las autoridades acad\u00e9micas, Escuela de Postgrado y Facultades los procesos de autoevaluaci\u00f3n y acreditaci\u00f3n de la calidad, tomando como referentes los est\u00e1ndares de calidad nacionales e internacionales, a fin de asegurar los niveles b\u00e1sicos de calidad acad\u00e9mica institucional<\/span>.<\/p>\t\t\t\t\t\t\t\t<\/div>\n\t\t\t\t<\/div>\n\t\t\t\t\t<\/div>\n\t\t<\/div>\n\t\t\t\t<div class=\"elementor-column elementor-col-50 elementor-top-column elementor-element elementor-element-6aec3e5\" data-id=\"6aec3e5\" data-element_type=\"column\" data-e-type=\"column\">\n\t\t\t<div class=\"elementor-widget-wrap elementor-element-populated\">\n\t\t\t\t\t\t<div class=\"elementor-element elementor-element-fd66b7e elementor-widget elementor-widget-image\" data-id=\"fd66b7e\" data-element_type=\"widget\" data-e-type=\"widget\" data-widget_type=\"image.default\">\n\t\t\t\t<div class=\"elementor-widget-container\">\n\t\t\t\t\t\t\t\t\t\t\t\t\t\t\t<img fetchpriority=\"high\" decoding=\"async\" width=\"640\" height=\"427\" src=\"https:\/\/www.une.edu.pe\/Oficina_de_Calidad\/wp-content\/uploads\/2020\/12\/000639875W-1024x683.jpg\" class=\"attachment-large size-large wp-image-1077\" alt=\"\" srcset=\"https:\/\/www.une.edu.pe\/Oficina_de_Calidad\/wp-content\/uploads\/2020\/12\/000639875W-1024x683.jpg 1024w, https:\/\/www.une.edu.pe\/Oficina_de_Calidad\/wp-content\/uploads\/2020\/12\/000639875W-300x200.jpg 300w, https:\/\/www.une.edu.pe\/Oficina_de_Calidad\/wp-content\/uploads\/2020\/12\/000639875W-768x512.jpg 768w, https:\/\/www.une.edu.pe\/Oficina_de_Calidad\/wp-content\/uploads\/2020\/12\/000639875W-1536x1025.jpg 1536w, https:\/\/www.une.edu.pe\/Oficina_de_Calidad\/wp-content\/uploads\/2020\/12\/000639875W.jpg 1800w\" sizes=\"(max-width: 640px) 100vw, 640px\" \/>\t\t\t\t\t\t\t\t\t\t\t\t\t\t\t<\/div>\n\t\t\t\t<\/div>\n\t\t\t\t\t<\/div>\n\t\t<\/div>\n\t\t\t\t\t<\/div>\n\t\t<\/section>\n\t\t\t\t<\/div>\n\t\t","protected":false},"excerpt":{"rendered":"<p>Presentaci\u00f3n La oficina de Calidad Acad\u00e9mica y Acreditaci\u00f3n es un \u00f3rgano de asesoramiento que depende del rectorado; es responsable de planificar, coordinar, ejecutar y evaluar &#8230;. <\/p>\n","protected":false},"author":1,"featured_media":0,"parent":0,"menu_order":0,"comment_status":"closed","ping_status":"closed","template":"elementor_header_footer","meta":{"footnotes":""},"class_list":["post-1364","page","type-page","status-publish","hentry"],"_links":{"self":[{"href":"https:\/\/www.une.edu.pe\/Oficina_de_Calidad\/wp-json\/wp\/v2\/pages\/1364","targetHints":{"allow":["GET"]}}],"collection":[{"href":"https:\/\/www.une.edu.pe\/Oficina_de_Calidad\/wp-json\/wp\/v2\/pages"}],"about":[{"href":"https:\/\/www.une.edu.pe\/Oficina_de_Calidad\/wp-json\/wp\/v2\/types\/page"}],"author":[{"embeddable":true,"href":"https:\/\/www.une.edu.pe\/Oficina_de_Calidad\/wp-json\/wp\/v2\/users\/1"}],"replies":[{"embeddable":true,"href":"https:\/\/www.une.edu.pe\/Oficina_de_Calidad\/wp-json\/wp\/v2\/comments?post=1364"}],"version-history":[{"count":7,"href":"https:\/\/www.une.edu.pe\/Oficina_de_Calidad\/wp-json\/wp\/v2\/pages\/1364\/revisions"}],"predecessor-version":[{"id":1371,"href":"https:\/\/www.une.edu.pe\/Oficina_de_Calidad\/wp-json\/wp\/v2\/pages\/1364\/revisions\/1371"}],"wp:attachment":[{"href":"https:\/\/www.une.edu.pe\/Oficina_de_Calidad\/wp-json\/wp\/v2\/media?parent=1364"}],"curies":[{"name":"wp","href":"https:\/\/api.w.org\/{rel}","templated":true}]}}