{"id":1321,"date":"2021-01-05T15:13:58","date_gmt":"2021-01-05T20:13:58","guid":{"rendered":"http:\/\/www.une.edu.pe\/Oficina_de_Calidad\/?page_id=1321"},"modified":"2021-01-05T15:34:48","modified_gmt":"2021-01-05T20:34:48","slug":"funciones","status":"publish","type":"page","link":"https:\/\/www.une.edu.pe\/Oficina_de_Calidad\/funciones\/","title":{"rendered":"Funciones"},"content":{"rendered":"\t\t<div data-elementor-type=\"wp-page\" data-elementor-id=\"1321\" class=\"elementor elementor-1321\">\n\t\t\t\t\t\t<section class=\"elementor-section elementor-top-section elementor-element elementor-element-b986a23 elementor-section-height-min-height elementor-section-boxed elementor-section-height-default elementor-section-items-middle\" data-id=\"b986a23\" data-element_type=\"section\" data-e-type=\"section\" data-settings=\"{&quot;background_background&quot;:&quot;classic&quot;}\">\n\t\t\t\t\t\t<div class=\"elementor-container elementor-column-gap-default\">\n\t\t\t\t\t<div class=\"elementor-column elementor-col-50 elementor-top-column elementor-element elementor-element-6aec3e5\" data-id=\"6aec3e5\" data-element_type=\"column\" data-e-type=\"column\">\n\t\t\t<div class=\"elementor-widget-wrap elementor-element-populated\">\n\t\t\t\t\t\t<div class=\"elementor-element elementor-element-fd66b7e elementor-widget elementor-widget-image\" data-id=\"fd66b7e\" data-element_type=\"widget\" data-e-type=\"widget\" data-widget_type=\"image.default\">\n\t\t\t\t<div class=\"elementor-widget-container\">\n\t\t\t\t\t\t\t\t\t\t\t\t\t\t\t<img fetchpriority=\"high\" decoding=\"async\" width=\"640\" height=\"427\" src=\"https:\/\/www.une.edu.pe\/Oficina_de_Calidad\/wp-content\/uploads\/2021\/01\/cont-funciones-ocaya-1024x683.png\" class=\"attachment-large size-large wp-image-1324\" alt=\"\" srcset=\"https:\/\/www.une.edu.pe\/Oficina_de_Calidad\/wp-content\/uploads\/2021\/01\/cont-funciones-ocaya-1024x683.png 1024w, https:\/\/www.une.edu.pe\/Oficina_de_Calidad\/wp-content\/uploads\/2021\/01\/cont-funciones-ocaya-300x200.png 300w, https:\/\/www.une.edu.pe\/Oficina_de_Calidad\/wp-content\/uploads\/2021\/01\/cont-funciones-ocaya-768x512.png 768w, https:\/\/www.une.edu.pe\/Oficina_de_Calidad\/wp-content\/uploads\/2021\/01\/cont-funciones-ocaya.png 1160w\" sizes=\"(max-width: 640px) 100vw, 640px\" \/>\t\t\t\t\t\t\t\t\t\t\t\t\t\t\t<\/div>\n\t\t\t\t<\/div>\n\t\t\t\t\t<\/div>\n\t\t<\/div>\n\t\t\t\t<div class=\"elementor-column elementor-col-50 elementor-top-column elementor-element elementor-element-dad6101\" data-id=\"dad6101\" data-element_type=\"column\" data-e-type=\"column\">\n\t\t\t<div class=\"elementor-widget-wrap elementor-element-populated\">\n\t\t\t\t\t\t<div class=\"elementor-element elementor-element-d2c9bcc elementor-widget elementor-widget-text-editor\" data-id=\"d2c9bcc\" data-element_type=\"widget\" data-e-type=\"widget\" data-widget_type=\"text-editor.default\">\n\t\t\t\t<div class=\"elementor-widget-container\">\n\t\t\t\t\t\t\t\t\t<p><span style=\"font-size: 18pt;\"><strong>Funciones<\/strong><\/span><\/p><p><strong>Son funciones generales de la Oficina de Calidad Acad\u00e9mica y Acreditaci\u00f3n:<\/strong><\/p><p>Dise\u00f1ar y evaluar pol\u00edticas y estrategias eficaces para el mejoramiento cont\u00ednuo de la calidad educativa institucional.<\/p><p>Realizar en coordinaci\u00f3n con las Unidades Acad\u00e9micas, Administrativas y de Servicios, Facultades y Escuela de Postgrado los procesos de autoevaluaci\u00f3n y evaluaci\u00f3n en forma peri\u00f3dica y permanente tomando como referentes los est\u00e1ndares de calidad nacional e internacional de la Educaci\u00f3n Superior.<\/p><p>Establecer comunicaciones, intercambio tecnol\u00f3gico y alianzas estrat\u00e9gicas con instituciones de prestigio nacional e internacional conducentes a lograr la evaluaci\u00f3n externa, acreditaci\u00f3n y certificaci\u00f3n de la calidad de los procesos, productos y servicios educacionales que ofrece la instituci\u00f3n.<\/p><p>Informar y difundir los resultados y niveles de calidad que se vienen alcanzando en la instituci\u00f3n, as\u00ed como proponer planes de mejorar continua.<\/p><p>Proponer y coordinar los procedimientos para obtener la evaluaci\u00f3n por pares, acreditaci\u00f3n y certificaci\u00f3n; asimismo, los procesos en los que la UNE participe como instituci\u00f3n acreditadora.<\/p><p>Realizar la evaluaci\u00f3n, seguimiento y monitoreo del grado de cumplimiento de las pol\u00edticas y estrategias establecidas para el mejoramiento de la calidad y excelencia acad\u00e9mica.<\/p><p>Proporcionar informacion id\u00f3nea, oportuna y pertinente a los \u00d3rganos de Gobierno y Autoridades Acad\u00e9micas para mejorar la toma de decisiones, dise\u00f1o de planes de mejora y evaluar los niveles de desempe\u00f1o de los agentes impulsores.<\/p><p>Evaluar los niveles de eficiencia, eficacia e impacto social del sistema institucional de evaluaci\u00f3n de la calidad educativa.<\/p><p>Otras funciones relacionados a su competencia.<\/p>\t\t\t\t\t\t\t\t<\/div>\n\t\t\t\t<\/div>\n\t\t\t\t\t<\/div>\n\t\t<\/div>\n\t\t\t\t\t<\/div>\n\t\t<\/section>\n\t\t\t\t<\/div>\n\t\t","protected":false},"excerpt":{"rendered":"<p>Funciones Son funciones generales de la Oficina de Calidad Acad\u00e9mica y Acreditaci\u00f3n: Dise\u00f1ar y evaluar pol\u00edticas y estrategias eficaces para el mejoramiento cont\u00ednuo de la &#8230;. <\/p>\n","protected":false},"author":1,"featured_media":0,"parent":0,"menu_order":0,"comment_status":"closed","ping_status":"closed","template":"elementor_header_footer","meta":{"footnotes":""},"class_list":["post-1321","page","type-page","status-publish","hentry"],"_links":{"self":[{"href":"https:\/\/www.une.edu.pe\/Oficina_de_Calidad\/wp-json\/wp\/v2\/pages\/1321","targetHints":{"allow":["GET"]}}],"collection":[{"href":"https:\/\/www.une.edu.pe\/Oficina_de_Calidad\/wp-json\/wp\/v2\/pages"}],"about":[{"href":"https:\/\/www.une.edu.pe\/Oficina_de_Calidad\/wp-json\/wp\/v2\/types\/page"}],"author":[{"embeddable":true,"href":"https:\/\/www.une.edu.pe\/Oficina_de_Calidad\/wp-json\/wp\/v2\/users\/1"}],"replies":[{"embeddable":true,"href":"https:\/\/www.une.edu.pe\/Oficina_de_Calidad\/wp-json\/wp\/v2\/comments?post=1321"}],"version-history":[{"count":10,"href":"https:\/\/www.une.edu.pe\/Oficina_de_Calidad\/wp-json\/wp\/v2\/pages\/1321\/revisions"}],"predecessor-version":[{"id":1341,"href":"https:\/\/www.une.edu.pe\/Oficina_de_Calidad\/wp-json\/wp\/v2\/pages\/1321\/revisions\/1341"}],"wp:attachment":[{"href":"https:\/\/www.une.edu.pe\/Oficina_de_Calidad\/wp-json\/wp\/v2\/media?parent=1321"}],"curies":[{"name":"wp","href":"https:\/\/api.w.org\/{rel}","templated":true}]}}