{"id":6422,"date":"2026-04-16T11:32:38","date_gmt":"2026-04-16T16:32:38","guid":{"rendered":"https:\/\/www.une.edu.pe\/Inicial\/?page_id=6422"},"modified":"2026-04-16T11:58:54","modified_gmt":"2026-04-16T16:58:54","slug":"directora-de-la-unidad-de-investigacion-fei","status":"publish","type":"page","link":"https:\/\/www.une.edu.pe\/Inicial\/directora-de-la-unidad-de-investigacion-fei\/","title":{"rendered":"Directora de la Unidad de Investigaci\u00f3n FEI"},"content":{"rendered":"\t\t<div data-elementor-type=\"wp-page\" data-elementor-id=\"6422\" class=\"elementor elementor-6422\">\n\t\t\t\t\t\t<section class=\"elementor-section elementor-top-section elementor-element elementor-element-c338692 elementor-section-boxed elementor-section-height-default elementor-section-height-default\" data-id=\"c338692\" data-element_type=\"section\" data-e-type=\"section\">\n\t\t\t\t\t\t<div class=\"elementor-container elementor-column-gap-default\">\n\t\t\t\t\t<div class=\"elementor-column elementor-col-100 elementor-top-column elementor-element elementor-element-022d4b4\" data-id=\"022d4b4\" data-element_type=\"column\" data-e-type=\"column\">\n\t\t\t<div class=\"elementor-widget-wrap elementor-element-populated\">\n\t\t\t\t\t\t<div class=\"elementor-element elementor-element-7adde3b elementor-widget elementor-widget-spacer\" data-id=\"7adde3b\" data-element_type=\"widget\" data-e-type=\"widget\" data-widget_type=\"spacer.default\">\n\t\t\t\t<div class=\"elementor-widget-container\">\n\t\t\t\t\t\t\t<div class=\"elementor-spacer\">\n\t\t\t<div class=\"elementor-spacer-inner\"><\/div>\n\t\t<\/div>\n\t\t\t\t\t\t<\/div>\n\t\t\t\t<\/div>\n\t\t\t\t\t<\/div>\n\t\t<\/div>\n\t\t\t\t\t<\/div>\n\t\t<\/section>\n\t\t\t\t<section class=\"elementor-section elementor-top-section elementor-element elementor-element-75a9826 elementor-section-boxed elementor-section-height-default elementor-section-height-default\" data-id=\"75a9826\" data-element_type=\"section\" data-e-type=\"section\">\n\t\t\t\t\t\t<div class=\"elementor-container elementor-column-gap-default\">\n\t\t\t\t\t<div class=\"elementor-column elementor-col-33 elementor-top-column elementor-element elementor-element-4774608\" data-id=\"4774608\" data-element_type=\"column\" data-e-type=\"column\">\n\t\t\t<div class=\"elementor-widget-wrap elementor-element-populated\">\n\t\t\t\t\t\t<div class=\"elementor-element elementor-element-30e1229 elementor-widget elementor-widget-text-editor\" data-id=\"30e1229\" data-element_type=\"widget\" data-e-type=\"widget\" data-widget_type=\"text-editor.default\">\n\t\t\t\t<div class=\"elementor-widget-container\">\n\t\t\t\t\t\t\t\t\t<h2><span style=\"color: #333399;\"><strong>PRESENTACI\u00d3N<\/strong><\/span><\/h2><h3><span style=\"color: #333399;\"><strong>La Direcci\u00f3n de la Unidad de Investigaci\u00f3n de la Facultad de Educaci\u00f3n Inicial de la Universidad Nacional de Educaci\u00f3n Enrique Guzm\u00e1n y Valle tiene como misi\u00f3n fortalecer la cultura investigativa dentro de la comunidad acad\u00e9mica, promoviendo el desarrollo de investigaciones.<\/strong><\/span><\/h3>\t\t\t\t\t\t\t\t<\/div>\n\t\t\t\t<\/div>\n\t\t\t\t\t<\/div>\n\t\t<\/div>\n\t\t\t\t<div class=\"elementor-column elementor-col-66 elementor-top-column elementor-element elementor-element-09b2f02\" data-id=\"09b2f02\" data-element_type=\"column\" data-e-type=\"column\">\n\t\t\t<div class=\"elementor-widget-wrap elementor-element-populated\">\n\t\t\t\t\t\t<div class=\"elementor-element elementor-element-bf9d149 elementor-widget elementor-widget-image\" data-id=\"bf9d149\" data-element_type=\"widget\" data-e-type=\"widget\" data-widget_type=\"image.default\">\n\t\t\t\t<div class=\"elementor-widget-container\">\n\t\t\t\t\t\t\t\t\t\t\t\t\t\t\t<img fetchpriority=\"high\" decoding=\"async\" width=\"617\" height=\"683\" src=\"https:\/\/www.une.edu.pe\/Inicial\/wp-content\/uploads\/2026\/04\/Foto_directora.png\" class=\"attachment-large size-large wp-image-6440\" alt=\"\" srcset=\"https:\/\/www.une.edu.pe\/Inicial\/wp-content\/uploads\/2026\/04\/Foto_directora.png 617w, https:\/\/www.une.edu.pe\/Inicial\/wp-content\/uploads\/2026\/04\/Foto_directora-271x300.png 271w, https:\/\/www.une.edu.pe\/Inicial\/wp-content\/uploads\/2026\/04\/Foto_directora-244x270.png 244w\" sizes=\"(max-width: 617px) 100vw, 617px\" \/>\t\t\t\t\t\t\t\t\t\t\t\t\t\t\t<\/div>\n\t\t\t\t<\/div>\n\t\t\t\t<div class=\"elementor-element elementor-element-6730881 elementor-widget elementor-widget-text-editor\" data-id=\"6730881\" data-element_type=\"widget\" data-e-type=\"widget\" data-widget_type=\"text-editor.default\">\n\t\t\t\t<div class=\"elementor-widget-container\">\n\t\t\t\t\t\t\t\t\t<h2><span style=\"color: #333399;\"><b>Dra. Pi\u00f1as Rivera Livia Cristina<\/b><\/span><\/h2>\t\t\t\t\t\t\t\t<\/div>\n\t\t\t\t<\/div>\n\t\t\t\t\t<\/div>\n\t\t<\/div>\n\t\t\t\t\t<\/div>\n\t\t<\/section>\n\t\t\t\t<section class=\"elementor-section elementor-top-section elementor-element elementor-element-4397a63 elementor-section-boxed elementor-section-height-default elementor-section-height-default\" data-id=\"4397a63\" data-element_type=\"section\" data-e-type=\"section\">\n\t\t\t\t\t\t<div class=\"elementor-container elementor-column-gap-default\">\n\t\t\t\t\t<div class=\"elementor-column elementor-col-100 elementor-top-column elementor-element elementor-element-2dda413\" data-id=\"2dda413\" data-element_type=\"column\" data-e-type=\"column\">\n\t\t\t<div class=\"elementor-widget-wrap\">\n\t\t\t\t\t\t\t<\/div>\n\t\t<\/div>\n\t\t\t\t\t<\/div>\n\t\t<\/section>\n\t\t\t\t<section class=\"elementor-section elementor-top-section elementor-element elementor-element-6972b9d elementor-section-boxed elementor-section-height-default elementor-section-height-default\" data-id=\"6972b9d\" data-element_type=\"section\" data-e-type=\"section\">\n\t\t\t\t\t\t<div class=\"elementor-container elementor-column-gap-default\">\n\t\t\t\t\t<div class=\"elementor-column elementor-col-66 elementor-top-column elementor-element elementor-element-0d503d2\" data-id=\"0d503d2\" data-element_type=\"column\" data-e-type=\"column\">\n\t\t\t<div class=\"elementor-widget-wrap elementor-element-populated\">\n\t\t\t\t\t\t<div class=\"elementor-element elementor-element-26d1768 elementor-widget elementor-widget-heading\" data-id=\"26d1768\" data-element_type=\"widget\" data-e-type=\"widget\" data-widget_type=\"heading.default\">\n\t\t\t\t<div class=\"elementor-widget-container\">\n\t\t\t\t\t<h2 class=\"elementor-heading-title elementor-size-default\">Resoluci\u00f3n N\u00b00145-2026-D-FEI  - Designar como Directora de Investigaci\u00f3n de la FEI<\/h2>\t\t\t\t<\/div>\n\t\t\t\t<\/div>\n\t\t\t\t<div class=\"elementor-element elementor-element-f5f064a elementor-widget elementor-widget-spacer\" data-id=\"f5f064a\" data-element_type=\"widget\" data-e-type=\"widget\" data-widget_type=\"spacer.default\">\n\t\t\t\t<div class=\"elementor-widget-container\">\n\t\t\t\t\t\t\t<div class=\"elementor-spacer\">\n\t\t\t<div class=\"elementor-spacer-inner\"><\/div>\n\t\t<\/div>\n\t\t\t\t\t\t<\/div>\n\t\t\t\t<\/div>\n\t\t\t\t\t<\/div>\n\t\t<\/div>\n\t\t\t\t<div class=\"elementor-column elementor-col-33 elementor-top-column elementor-element elementor-element-96e34db\" data-id=\"96e34db\" data-element_type=\"column\" data-e-type=\"column\">\n\t\t\t<div class=\"elementor-widget-wrap elementor-element-populated\">\n\t\t\t\t\t\t<div class=\"elementor-element elementor-element-9e9de21 elementor-align-justify elementor-widget elementor-widget-button\" data-id=\"9e9de21\" data-element_type=\"widget\" data-e-type=\"widget\" data-widget_type=\"button.default\">\n\t\t\t\t<div class=\"elementor-widget-container\">\n\t\t\t\t\t\t\t\t\t<div class=\"elementor-button-wrapper\">\n\t\t\t\t\t<a class=\"elementor-button elementor-button-link elementor-size-sm\" href=\"https:\/\/www.une.edu.pe\/Inicial\/wp-content\/uploads\/2026\/04\/RESOLUCION-No-0145-2026-D-FEI-2.pdf\" target=\"_blank\">\n\t\t\t\t\t\t<span class=\"elementor-button-content-wrapper\">\n\t\t\t\t\t\t\t\t\t<span class=\"elementor-button-text\">Ver Informaci\u00f3n<\/span>\n\t\t\t\t\t<\/span>\n\t\t\t\t\t<\/a>\n\t\t\t\t<\/div>\n\t\t\t\t\t\t\t\t<\/div>\n\t\t\t\t<\/div>\n\t\t\t\t\t<\/div>\n\t\t<\/div>\n\t\t\t\t\t<\/div>\n\t\t<\/section>\n\t\t\t\t<section class=\"elementor-section elementor-top-section elementor-element elementor-element-a7c2c09 elementor-section-boxed elementor-section-height-default elementor-section-height-default\" data-id=\"a7c2c09\" data-element_type=\"section\" data-e-type=\"section\">\n\t\t\t\t\t\t<div class=\"elementor-container elementor-column-gap-default\">\n\t\t\t\t\t<div class=\"elementor-column elementor-col-100 elementor-top-column elementor-element elementor-element-f0cf188\" data-id=\"f0cf188\" data-element_type=\"column\" data-e-type=\"column\">\n\t\t\t<div class=\"elementor-widget-wrap elementor-element-populated\">\n\t\t\t\t\t\t<div class=\"elementor-element elementor-element-007e07d elementor-widget elementor-widget-spacer\" data-id=\"007e07d\" data-element_type=\"widget\" data-e-type=\"widget\" data-widget_type=\"spacer.default\">\n\t\t\t\t<div class=\"elementor-widget-container\">\n\t\t\t\t\t\t\t<div class=\"elementor-spacer\">\n\t\t\t<div class=\"elementor-spacer-inner\"><\/div>\n\t\t<\/div>\n\t\t\t\t\t\t<\/div>\n\t\t\t\t<\/div>\n\t\t\t\t\t<\/div>\n\t\t<\/div>\n\t\t\t\t\t<\/div>\n\t\t<\/section>\n\t\t\t\t<\/div>\n\t\t","protected":false},"excerpt":{"rendered":"<p>PRESENTACI\u00d3N La Direcci\u00f3n de la Unidad de Investigaci\u00f3n de la Facultad de Educaci\u00f3n Inicial de la Universidad Nacional de Educaci\u00f3n Enrique Guzm\u00e1n y Valle tiene como misi\u00f3n fortalecer la cultura investigativa dentro de la comunidad acad\u00e9mica, promoviendo el desarrollo de <a href=\"https:\/\/www.une.edu.pe\/Inicial\/directora-de-la-unidad-de-investigacion-fei\/\" class=\"read-more\">Leer m\u00e1s&#8230;<\/a><\/p>\n","protected":false},"author":3,"featured_media":0,"parent":0,"menu_order":0,"comment_status":"closed","ping_status":"closed","template":"","meta":{"footnotes":""},"class_list":["post-6422","page","type-page","status-publish","hentry"],"_links":{"self":[{"href":"https:\/\/www.une.edu.pe\/Inicial\/wp-json\/wp\/v2\/pages\/6422","targetHints":{"allow":["GET"]}}],"collection":[{"href":"https:\/\/www.une.edu.pe\/Inicial\/wp-json\/wp\/v2\/pages"}],"about":[{"href":"https:\/\/www.une.edu.pe\/Inicial\/wp-json\/wp\/v2\/types\/page"}],"author":[{"embeddable":true,"href":"https:\/\/www.une.edu.pe\/Inicial\/wp-json\/wp\/v2\/users\/3"}],"replies":[{"embeddable":true,"href":"https:\/\/www.une.edu.pe\/Inicial\/wp-json\/wp\/v2\/comments?post=6422"}],"version-history":[{"count":49,"href":"https:\/\/www.une.edu.pe\/Inicial\/wp-json\/wp\/v2\/pages\/6422\/revisions"}],"predecessor-version":[{"id":6480,"href":"https:\/\/www.une.edu.pe\/Inicial\/wp-json\/wp\/v2\/pages\/6422\/revisions\/6480"}],"wp:attachment":[{"href":"https:\/\/www.une.edu.pe\/Inicial\/wp-json\/wp\/v2\/media?parent=6422"}],"curies":[{"name":"wp","href":"https:\/\/api.w.org\/{rel}","templated":true}]}}