{"id":6255,"date":"2026-04-15T13:37:33","date_gmt":"2026-04-15T18:37:33","guid":{"rendered":"https:\/\/www.une.edu.pe\/Inicial\/?page_id=6255"},"modified":"2026-04-16T14:26:08","modified_gmt":"2026-04-16T19:26:08","slug":"unidad-de-investigacion-fei","status":"publish","type":"page","link":"https:\/\/www.une.edu.pe\/Inicial\/unidad-de-investigacion-fei\/","title":{"rendered":"Unidad de Investigaci\u00f3n FEI"},"content":{"rendered":"\t\t<div data-elementor-type=\"wp-page\" data-elementor-id=\"6255\" class=\"elementor elementor-6255\">\n\t\t\t\t\t\t<section class=\"elementor-section elementor-top-section elementor-element elementor-element-c338692 elementor-section-boxed elementor-section-height-default elementor-section-height-default\" data-id=\"c338692\" data-element_type=\"section\" data-e-type=\"section\">\n\t\t\t\t\t\t<div class=\"elementor-container elementor-column-gap-default\">\n\t\t\t\t\t<div class=\"elementor-column elementor-col-100 elementor-top-column elementor-element elementor-element-022d4b4\" data-id=\"022d4b4\" data-element_type=\"column\" data-e-type=\"column\">\n\t\t\t<div class=\"elementor-widget-wrap elementor-element-populated\">\n\t\t\t\t\t\t<div class=\"elementor-element elementor-element-7adde3b elementor-widget elementor-widget-spacer\" data-id=\"7adde3b\" data-element_type=\"widget\" data-e-type=\"widget\" data-widget_type=\"spacer.default\">\n\t\t\t\t<div class=\"elementor-widget-container\">\n\t\t\t\t\t\t\t<div class=\"elementor-spacer\">\n\t\t\t<div class=\"elementor-spacer-inner\"><\/div>\n\t\t<\/div>\n\t\t\t\t\t\t<\/div>\n\t\t\t\t<\/div>\n\t\t\t\t\t<\/div>\n\t\t<\/div>\n\t\t\t\t\t<\/div>\n\t\t<\/section>\n\t\t\t\t<section class=\"elementor-section elementor-top-section elementor-element elementor-element-4ce786a elementor-section-boxed elementor-section-height-default elementor-section-height-default\" data-id=\"4ce786a\" data-element_type=\"section\" data-e-type=\"section\">\n\t\t\t\t\t\t<div class=\"elementor-container elementor-column-gap-default\">\n\t\t\t\t\t<div class=\"elementor-column elementor-col-25 elementor-top-column elementor-element elementor-element-a023850\" data-id=\"a023850\" data-element_type=\"column\" data-e-type=\"column\">\n\t\t\t<div class=\"elementor-widget-wrap elementor-element-populated\">\n\t\t\t\t\t\t<div class=\"elementor-element elementor-element-15014b9 elementor-widget elementor-widget-image\" data-id=\"15014b9\" data-element_type=\"widget\" data-e-type=\"widget\" data-widget_type=\"image.default\">\n\t\t\t\t<div class=\"elementor-widget-container\">\n\t\t\t\t\t\t\t\t\t\t\t\t\t\t\t\t<a href=\"https:\/\/www.une.edu.pe\/Inicial\/wp-content\/uploads\/2026\/04\/Resolucion-N\u00b0-2510-2022-R-UNE-APROBAR-REGLAMENTO-GRADOS-Y-TITULOS-UNE-1.pdf\" target=\"_blank\">\n\t\t\t\t\t\t\t<img fetchpriority=\"high\" decoding=\"async\" width=\"498\" height=\"501\" src=\"https:\/\/www.une.edu.pe\/Inicial\/wp-content\/uploads\/2026\/04\/Grados-removebg-preview.png\" class=\"attachment-large size-large wp-image-6265\" alt=\"\" srcset=\"https:\/\/www.une.edu.pe\/Inicial\/wp-content\/uploads\/2026\/04\/Grados-removebg-preview.png 498w, https:\/\/www.une.edu.pe\/Inicial\/wp-content\/uploads\/2026\/04\/Grados-removebg-preview-298x300.png 298w, https:\/\/www.une.edu.pe\/Inicial\/wp-content\/uploads\/2026\/04\/Grados-removebg-preview-150x150.png 150w, https:\/\/www.une.edu.pe\/Inicial\/wp-content\/uploads\/2026\/04\/Grados-removebg-preview-268x270.png 268w\" sizes=\"(max-width: 498px) 100vw, 498px\" \/>\t\t\t\t\t\t\t\t<\/a>\n\t\t\t\t\t\t\t\t\t\t\t\t\t\t\t<\/div>\n\t\t\t\t<\/div>\n\t\t\t\t\t<\/div>\n\t\t<\/div>\n\t\t\t\t<div class=\"elementor-column elementor-col-25 elementor-top-column elementor-element elementor-element-f13f846\" data-id=\"f13f846\" data-element_type=\"column\" data-e-type=\"column\">\n\t\t\t<div class=\"elementor-widget-wrap elementor-element-populated\">\n\t\t\t\t\t\t<div class=\"elementor-element elementor-element-b2790b0 elementor-widget elementor-widget-image\" data-id=\"b2790b0\" data-element_type=\"widget\" data-e-type=\"widget\" data-widget_type=\"image.default\">\n\t\t\t\t<div class=\"elementor-widget-container\">\n\t\t\t\t\t\t\t\t\t\t\t\t\t\t\t\t<a href=\"https:\/\/www.une.edu.pe\/Inicial\/modificatoria-del-reglamento-de-grados-y-titulos\/\" target=\"_blank\">\n\t\t\t\t\t\t\t<img fetchpriority=\"high\" decoding=\"async\" width=\"498\" height=\"501\" src=\"https:\/\/www.une.edu.pe\/Inicial\/wp-content\/uploads\/2026\/04\/Grados-removebg-preview.png\" class=\"attachment-large size-large wp-image-6265\" alt=\"\" srcset=\"https:\/\/www.une.edu.pe\/Inicial\/wp-content\/uploads\/2026\/04\/Grados-removebg-preview.png 498w, https:\/\/www.une.edu.pe\/Inicial\/wp-content\/uploads\/2026\/04\/Grados-removebg-preview-298x300.png 298w, https:\/\/www.une.edu.pe\/Inicial\/wp-content\/uploads\/2026\/04\/Grados-removebg-preview-150x150.png 150w, https:\/\/www.une.edu.pe\/Inicial\/wp-content\/uploads\/2026\/04\/Grados-removebg-preview-268x270.png 268w\" sizes=\"(max-width: 498px) 100vw, 498px\" \/>\t\t\t\t\t\t\t\t<\/a>\n\t\t\t\t\t\t\t\t\t\t\t\t\t\t\t<\/div>\n\t\t\t\t<\/div>\n\t\t\t\t\t<\/div>\n\t\t<\/div>\n\t\t\t\t<div class=\"elementor-column elementor-col-25 elementor-top-column elementor-element elementor-element-a13bd23\" data-id=\"a13bd23\" data-element_type=\"column\" data-e-type=\"column\">\n\t\t\t<div class=\"elementor-widget-wrap elementor-element-populated\">\n\t\t\t\t\t\t<div class=\"elementor-element elementor-element-f30a4db elementor-widget elementor-widget-image\" data-id=\"f30a4db\" data-element_type=\"widget\" data-e-type=\"widget\" data-widget_type=\"image.default\">\n\t\t\t\t<div class=\"elementor-widget-container\">\n\t\t\t\t\t\t\t\t\t\t\t\t\t\t\t\t<a href=\"https:\/\/www.une.edu.pe\/Inicial\/wp-content\/uploads\/2026\/04\/RESOLUCION-N\u00b0-3311-2019-R-UNE-LINEAS-DE-INVESTIGACION.pdf\" target=\"_blank\">\n\t\t\t\t\t\t\t<img decoding=\"async\" width=\"488\" height=\"511\" src=\"https:\/\/www.une.edu.pe\/Inicial\/wp-content\/uploads\/2026\/04\/Investigacion-removebg-preview.png\" class=\"attachment-large size-large wp-image-6275\" alt=\"\" srcset=\"https:\/\/www.une.edu.pe\/Inicial\/wp-content\/uploads\/2026\/04\/Investigacion-removebg-preview.png 488w, https:\/\/www.une.edu.pe\/Inicial\/wp-content\/uploads\/2026\/04\/Investigacion-removebg-preview-286x300.png 286w, https:\/\/www.une.edu.pe\/Inicial\/wp-content\/uploads\/2026\/04\/Investigacion-removebg-preview-258x270.png 258w\" sizes=\"(max-width: 488px) 100vw, 488px\" \/>\t\t\t\t\t\t\t\t<\/a>\n\t\t\t\t\t\t\t\t\t\t\t\t\t\t\t<\/div>\n\t\t\t\t<\/div>\n\t\t\t\t\t<\/div>\n\t\t<\/div>\n\t\t\t\t<div class=\"elementor-column elementor-col-25 elementor-top-column elementor-element elementor-element-a45ee3f\" data-id=\"a45ee3f\" data-element_type=\"column\" data-e-type=\"column\">\n\t\t\t<div class=\"elementor-widget-wrap elementor-element-populated\">\n\t\t\t\t\t\t<div class=\"elementor-element elementor-element-ddff72e elementor-widget elementor-widget-image\" data-id=\"ddff72e\" data-element_type=\"widget\" data-e-type=\"widget\" data-widget_type=\"image.default\">\n\t\t\t\t<div class=\"elementor-widget-container\">\n\t\t\t\t\t\t\t\t\t\t\t\t\t\t\t<img decoding=\"async\" width=\"847\" height=\"814\" src=\"https:\/\/www.une.edu.pe\/Inicial\/wp-content\/uploads\/2026\/04\/APA2.png\" class=\"attachment-large size-large wp-image-6328\" alt=\"\" srcset=\"https:\/\/www.une.edu.pe\/Inicial\/wp-content\/uploads\/2026\/04\/APA2.png 968w, https:\/\/www.une.edu.pe\/Inicial\/wp-content\/uploads\/2026\/04\/APA2-300x288.png 300w, https:\/\/www.une.edu.pe\/Inicial\/wp-content\/uploads\/2026\/04\/APA2-768x738.png 768w, https:\/\/www.une.edu.pe\/Inicial\/wp-content\/uploads\/2026\/04\/APA2-281x270.png 281w\" sizes=\"(max-width: 847px) 100vw, 847px\" \/>\t\t\t\t\t\t\t\t\t\t\t\t\t\t\t<\/div>\n\t\t\t\t<\/div>\n\t\t\t\t\t<\/div>\n\t\t<\/div>\n\t\t\t\t\t<\/div>\n\t\t<\/section>\n\t\t\t\t<section class=\"elementor-section elementor-top-section elementor-element elementor-element-02c117f elementor-section-boxed elementor-section-height-default elementor-section-height-default\" data-id=\"02c117f\" data-element_type=\"section\" data-e-type=\"section\">\n\t\t\t\t\t\t<div class=\"elementor-container elementor-column-gap-default\">\n\t\t\t\t\t<div class=\"elementor-column elementor-col-25 elementor-top-column elementor-element elementor-element-17e9f8c\" data-id=\"17e9f8c\" data-element_type=\"column\" data-e-type=\"column\">\n\t\t\t<div class=\"elementor-widget-wrap elementor-element-populated\">\n\t\t\t\t\t\t<div class=\"elementor-element elementor-element-d8fd3bb elementor-widget elementor-widget-heading\" data-id=\"d8fd3bb\" data-element_type=\"widget\" data-e-type=\"widget\" data-widget_type=\"heading.default\">\n\t\t\t\t<div class=\"elementor-widget-container\">\n\t\t\t\t\t<h2 class=\"elementor-heading-title elementor-size-default\"><a href=\"https:\/\/www.une.edu.pe\/Inicial\/wp-content\/uploads\/2026\/04\/Resolucion-N\u00b0-2510-2022-R-UNE-APROBAR-REGLAMENTO-GRADOS-Y-TITULOS-UNE-1.pdf\" target=\"_blank\">Reglamento de Grados y T\u00edtulos<\/a><\/h2>\t\t\t\t<\/div>\n\t\t\t\t<\/div>\n\t\t\t\t\t<\/div>\n\t\t<\/div>\n\t\t\t\t<div class=\"elementor-column elementor-col-25 elementor-top-column elementor-element elementor-element-5c05c95\" data-id=\"5c05c95\" data-element_type=\"column\" data-e-type=\"column\">\n\t\t\t<div class=\"elementor-widget-wrap elementor-element-populated\">\n\t\t\t\t\t\t<div class=\"elementor-element elementor-element-c3dec1a elementor-widget elementor-widget-heading\" data-id=\"c3dec1a\" data-element_type=\"widget\" data-e-type=\"widget\" data-widget_type=\"heading.default\">\n\t\t\t\t<div class=\"elementor-widget-container\">\n\t\t\t\t\t<h2 class=\"elementor-heading-title elementor-size-default\"><a href=\"https:\/\/www.une.edu.pe\/Inicial\/modificatoria-del-reglamento-de-grados-y-titulos\/\" target=\"_blank\">Modificatoria Reglamento de Grados y T\u00edtulos<\/a><\/h2>\t\t\t\t<\/div>\n\t\t\t\t<\/div>\n\t\t\t\t\t<\/div>\n\t\t<\/div>\n\t\t\t\t<div class=\"elementor-column elementor-col-25 elementor-top-column elementor-element elementor-element-dad16d3\" data-id=\"dad16d3\" data-element_type=\"column\" data-e-type=\"column\">\n\t\t\t<div class=\"elementor-widget-wrap elementor-element-populated\">\n\t\t\t\t\t\t<div class=\"elementor-element elementor-element-de395b6 elementor-widget elementor-widget-heading\" data-id=\"de395b6\" data-element_type=\"widget\" data-e-type=\"widget\" data-widget_type=\"heading.default\">\n\t\t\t\t<div class=\"elementor-widget-container\">\n\t\t\t\t\t<h2 class=\"elementor-heading-title elementor-size-default\"><a href=\"https:\/\/www.une.edu.pe\/Inicial\/wp-content\/uploads\/2026\/04\/RESOLUCION-N\u00b0-3311-2019-R-UNE-LINEAS-DE-INVESTIGACION.pdf\" target=\"_blank\">Lineas de Investigaci\u00f3n<\/a><\/h2>\t\t\t\t<\/div>\n\t\t\t\t<\/div>\n\t\t\t\t\t<\/div>\n\t\t<\/div>\n\t\t\t\t<div class=\"elementor-column elementor-col-25 elementor-top-column elementor-element elementor-element-b412b8a\" data-id=\"b412b8a\" data-element_type=\"column\" data-e-type=\"column\">\n\t\t\t<div class=\"elementor-widget-wrap elementor-element-populated\">\n\t\t\t\t\t\t<div class=\"elementor-element elementor-element-a283229 elementor-widget elementor-widget-heading\" data-id=\"a283229\" data-element_type=\"widget\" data-e-type=\"widget\" data-widget_type=\"heading.default\">\n\t\t\t\t<div class=\"elementor-widget-container\">\n\t\t\t\t\t<h2 class=\"elementor-heading-title elementor-size-default\">Manual APA S\u00e9tima Edici\u00f3n<\/h2>\t\t\t\t<\/div>\n\t\t\t\t<\/div>\n\t\t\t\t\t<\/div>\n\t\t<\/div>\n\t\t\t\t\t<\/div>\n\t\t<\/section>\n\t\t\t\t<section class=\"elementor-section elementor-top-section elementor-element elementor-element-dad5cdc elementor-section-boxed elementor-section-height-default elementor-section-height-default\" data-id=\"dad5cdc\" data-element_type=\"section\" data-e-type=\"section\">\n\t\t\t\t\t\t<div class=\"elementor-container elementor-column-gap-default\">\n\t\t\t\t\t<div class=\"elementor-column elementor-col-100 elementor-top-column elementor-element elementor-element-0bd49db\" data-id=\"0bd49db\" data-element_type=\"column\" data-e-type=\"column\">\n\t\t\t<div class=\"elementor-widget-wrap elementor-element-populated\">\n\t\t\t\t\t\t<div class=\"elementor-element elementor-element-7ec88a3 elementor-widget-divider--view-line elementor-widget elementor-widget-divider\" data-id=\"7ec88a3\" data-element_type=\"widget\" data-e-type=\"widget\" data-widget_type=\"divider.default\">\n\t\t\t\t<div class=\"elementor-widget-container\">\n\t\t\t\t\t\t\t<div class=\"elementor-divider\">\n\t\t\t<span class=\"elementor-divider-separator\">\n\t\t\t\t\t\t<\/span>\n\t\t<\/div>\n\t\t\t\t\t\t<\/div>\n\t\t\t\t<\/div>\n\t\t\t\t\t<\/div>\n\t\t<\/div>\n\t\t\t\t\t<\/div>\n\t\t<\/section>\n\t\t\t\t<section class=\"elementor-section elementor-top-section elementor-element elementor-element-3b8cb71 elementor-section-boxed elementor-section-height-default elementor-section-height-default\" data-id=\"3b8cb71\" data-element_type=\"section\" data-e-type=\"section\">\n\t\t\t\t\t\t<div class=\"elementor-container elementor-column-gap-default\">\n\t\t\t\t\t<div class=\"elementor-column elementor-col-25 elementor-top-column elementor-element elementor-element-decc862\" data-id=\"decc862\" data-element_type=\"column\" data-e-type=\"column\">\n\t\t\t<div class=\"elementor-widget-wrap elementor-element-populated\">\n\t\t\t\t\t\t<div class=\"elementor-element elementor-element-a8311d9 elementor-widget elementor-widget-image\" data-id=\"a8311d9\" data-element_type=\"widget\" data-e-type=\"widget\" data-widget_type=\"image.default\">\n\t\t\t\t<div class=\"elementor-widget-container\">\n\t\t\t\t\t\t\t\t\t\t\t\t\t\t\t\t<a href=\"https:\/\/www.une.edu.pe\/Inicial\/wp-content\/uploads\/2026\/04\/5.-PLA-UNIDAD-DE-INVESTIGACION-FEI-3.pdf\" target=\"_blank\">\n\t\t\t\t\t\t\t<img loading=\"lazy\" decoding=\"async\" width=\"861\" height=\"896\" src=\"https:\/\/www.une.edu.pe\/Inicial\/wp-content\/uploads\/2026\/04\/Plandetrabajo_usado.png\" class=\"attachment-full size-full wp-image-6380\" alt=\"\" srcset=\"https:\/\/www.une.edu.pe\/Inicial\/wp-content\/uploads\/2026\/04\/Plandetrabajo_usado.png 861w, https:\/\/www.une.edu.pe\/Inicial\/wp-content\/uploads\/2026\/04\/Plandetrabajo_usado-288x300.png 288w, https:\/\/www.une.edu.pe\/Inicial\/wp-content\/uploads\/2026\/04\/Plandetrabajo_usado-768x799.png 768w, https:\/\/www.une.edu.pe\/Inicial\/wp-content\/uploads\/2026\/04\/Plandetrabajo_usado-259x270.png 259w\" sizes=\"(max-width: 861px) 100vw, 861px\" \/>\t\t\t\t\t\t\t\t<\/a>\n\t\t\t\t\t\t\t\t\t\t\t\t\t\t\t<\/div>\n\t\t\t\t<\/div>\n\t\t\t\t\t<\/div>\n\t\t<\/div>\n\t\t\t\t<div class=\"elementor-column elementor-col-25 elementor-top-column elementor-element elementor-element-7ec2d96\" data-id=\"7ec2d96\" data-element_type=\"column\" data-e-type=\"column\">\n\t\t\t<div class=\"elementor-widget-wrap elementor-element-populated\">\n\t\t\t\t\t\t<div class=\"elementor-element elementor-element-383b161 elementor-widget elementor-widget-image\" data-id=\"383b161\" data-element_type=\"widget\" data-e-type=\"widget\" data-widget_type=\"image.default\">\n\t\t\t\t<div class=\"elementor-widget-container\">\n\t\t\t\t\t\t\t\t\t\t\t\t\t\t\t\t<a href=\"https:\/\/www.une.edu.pe\/Inicial\/directora-de-la-unidad-de-investigacion-fei\/\" target=\"_blank\">\n\t\t\t\t\t\t\t<img loading=\"lazy\" decoding=\"async\" width=\"847\" height=\"843\" src=\"https:\/\/www.une.edu.pe\/Inicial\/wp-content\/uploads\/2026\/04\/Director_valido.png\" class=\"attachment-large size-large wp-image-6388\" alt=\"\" srcset=\"https:\/\/www.une.edu.pe\/Inicial\/wp-content\/uploads\/2026\/04\/Director_valido.png 874w, https:\/\/www.une.edu.pe\/Inicial\/wp-content\/uploads\/2026\/04\/Director_valido-300x300.png 300w, https:\/\/www.une.edu.pe\/Inicial\/wp-content\/uploads\/2026\/04\/Director_valido-150x150.png 150w, https:\/\/www.une.edu.pe\/Inicial\/wp-content\/uploads\/2026\/04\/Director_valido-768x764.png 768w, https:\/\/www.une.edu.pe\/Inicial\/wp-content\/uploads\/2026\/04\/Director_valido-271x270.png 271w\" sizes=\"(max-width: 847px) 100vw, 847px\" \/>\t\t\t\t\t\t\t\t<\/a>\n\t\t\t\t\t\t\t\t\t\t\t\t\t\t\t<\/div>\n\t\t\t\t<\/div>\n\t\t\t\t\t<\/div>\n\t\t<\/div>\n\t\t\t\t<div class=\"elementor-column elementor-col-25 elementor-top-column elementor-element elementor-element-d024f23\" data-id=\"d024f23\" data-element_type=\"column\" data-e-type=\"column\">\n\t\t\t<div class=\"elementor-widget-wrap elementor-element-populated\">\n\t\t\t\t\t\t<div class=\"elementor-element elementor-element-78aac8f elementor-widget elementor-widget-image\" data-id=\"78aac8f\" data-element_type=\"widget\" data-e-type=\"widget\" data-widget_type=\"image.default\">\n\t\t\t\t<div class=\"elementor-widget-container\">\n\t\t\t\t\t\t\t\t\t\t\t\t\t\t\t\t<a href=\"https:\/\/www.une.edu.pe\/Inicial\/formato-de-tramites\/\" target=\"_blank\">\n\t\t\t\t\t\t\t<img loading=\"lazy\" decoding=\"async\" width=\"489\" height=\"510\" src=\"https:\/\/www.une.edu.pe\/Inicial\/wp-content\/uploads\/2026\/04\/TramiteDocumentario-removebg-preview.png\" class=\"attachment-large size-large wp-image-6482\" alt=\"\" srcset=\"https:\/\/www.une.edu.pe\/Inicial\/wp-content\/uploads\/2026\/04\/TramiteDocumentario-removebg-preview.png 489w, https:\/\/www.une.edu.pe\/Inicial\/wp-content\/uploads\/2026\/04\/TramiteDocumentario-removebg-preview-288x300.png 288w, https:\/\/www.une.edu.pe\/Inicial\/wp-content\/uploads\/2026\/04\/TramiteDocumentario-removebg-preview-259x270.png 259w\" sizes=\"(max-width: 489px) 100vw, 489px\" \/>\t\t\t\t\t\t\t\t<\/a>\n\t\t\t\t\t\t\t\t\t\t\t\t\t\t\t<\/div>\n\t\t\t\t<\/div>\n\t\t\t\t\t<\/div>\n\t\t<\/div>\n\t\t\t\t<div class=\"elementor-column elementor-col-25 elementor-top-column elementor-element elementor-element-337239a\" data-id=\"337239a\" data-element_type=\"column\" data-e-type=\"column\">\n\t\t\t<div class=\"elementor-widget-wrap elementor-element-populated\">\n\t\t\t\t\t\t<div class=\"elementor-element elementor-element-c7fc594 elementor-widget elementor-widget-image\" data-id=\"c7fc594\" data-element_type=\"widget\" data-e-type=\"widget\" data-widget_type=\"image.default\">\n\t\t\t\t<div class=\"elementor-widget-container\">\n\t\t\t\t\t\t\t\t\t\t\t\t\t\t\t\t<a href=\"https:\/\/drive.google.com\/drive\/folders\/1Oqb6vApmz7nHacytVinInursfeGoqmo_?usp=drive_link\" target=\"_blank\">\n\t\t\t\t\t\t\t<img loading=\"lazy\" decoding=\"async\" width=\"514\" height=\"485\" src=\"https:\/\/www.une.edu.pe\/Inicial\/wp-content\/uploads\/2026\/04\/Requisitos-removebg-preview.png\" class=\"attachment-large size-large wp-image-6528\" alt=\"\" srcset=\"https:\/\/www.une.edu.pe\/Inicial\/wp-content\/uploads\/2026\/04\/Requisitos-removebg-preview.png 514w, https:\/\/www.une.edu.pe\/Inicial\/wp-content\/uploads\/2026\/04\/Requisitos-removebg-preview-300x283.png 300w, https:\/\/www.une.edu.pe\/Inicial\/wp-content\/uploads\/2026\/04\/Requisitos-removebg-preview-286x270.png 286w\" sizes=\"(max-width: 514px) 100vw, 514px\" \/>\t\t\t\t\t\t\t\t<\/a>\n\t\t\t\t\t\t\t\t\t\t\t\t\t\t\t<\/div>\n\t\t\t\t<\/div>\n\t\t\t\t\t<\/div>\n\t\t<\/div>\n\t\t\t\t\t<\/div>\n\t\t<\/section>\n\t\t\t\t<section class=\"elementor-section elementor-top-section elementor-element elementor-element-20c0a59 elementor-section-boxed elementor-section-height-default elementor-section-height-default\" data-id=\"20c0a59\" data-element_type=\"section\" data-e-type=\"section\">\n\t\t\t\t\t\t<div class=\"elementor-container elementor-column-gap-default\">\n\t\t\t\t\t<div class=\"elementor-column elementor-col-25 elementor-top-column elementor-element elementor-element-dc9e63f\" data-id=\"dc9e63f\" data-element_type=\"column\" data-e-type=\"column\">\n\t\t\t<div class=\"elementor-widget-wrap elementor-element-populated\">\n\t\t\t\t\t\t<div class=\"elementor-element elementor-element-ca08d25 elementor-widget elementor-widget-heading\" data-id=\"ca08d25\" data-element_type=\"widget\" data-e-type=\"widget\" data-widget_type=\"heading.default\">\n\t\t\t\t<div class=\"elementor-widget-container\">\n\t\t\t\t\t<h2 class=\"elementor-heading-title elementor-size-default\"><a href=\"https:\/\/www.une.edu.pe\/Inicial\/wp-content\/uploads\/2026\/04\/5.-PLA-UNIDAD-DE-INVESTIGACION-FEI-3.pdf\" target=\"_blank\">Plan de Trabajo<\/a><\/h2>\t\t\t\t<\/div>\n\t\t\t\t<\/div>\n\t\t\t\t\t<\/div>\n\t\t<\/div>\n\t\t\t\t<div class=\"elementor-column elementor-col-25 elementor-top-column elementor-element elementor-element-c76d087\" data-id=\"c76d087\" data-element_type=\"column\" data-e-type=\"column\">\n\t\t\t<div class=\"elementor-widget-wrap elementor-element-populated\">\n\t\t\t\t\t\t<div class=\"elementor-element elementor-element-e31a23d elementor-widget elementor-widget-heading\" data-id=\"e31a23d\" data-element_type=\"widget\" data-e-type=\"widget\" data-widget_type=\"heading.default\">\n\t\t\t\t<div class=\"elementor-widget-container\">\n\t\t\t\t\t<h2 class=\"elementor-heading-title elementor-size-default\"><a href=\"https:\/\/www.une.edu.pe\/Inicial\/directora-de-la-unidad-de-investigacion-fei\/\" target=\"_blank\">Director Unidad de Investigaci\u00f3n <\/a><\/h2>\t\t\t\t<\/div>\n\t\t\t\t<\/div>\n\t\t\t\t\t<\/div>\n\t\t<\/div>\n\t\t\t\t<div class=\"elementor-column elementor-col-25 elementor-top-column elementor-element elementor-element-7a74ab2\" data-id=\"7a74ab2\" data-element_type=\"column\" data-e-type=\"column\">\n\t\t\t<div class=\"elementor-widget-wrap elementor-element-populated\">\n\t\t\t\t\t\t<div class=\"elementor-element elementor-element-befbd54 elementor-widget elementor-widget-heading\" data-id=\"befbd54\" data-element_type=\"widget\" data-e-type=\"widget\" data-widget_type=\"heading.default\">\n\t\t\t\t<div class=\"elementor-widget-container\">\n\t\t\t\t\t<h2 class=\"elementor-heading-title elementor-size-default\"><a href=\"https:\/\/www.une.edu.pe\/Inicial\/formato-de-tramites\/\" target=\"_blank\">Formatos de Tr\u00e1mites<\/a><\/h2>\t\t\t\t<\/div>\n\t\t\t\t<\/div>\n\t\t\t\t\t<\/div>\n\t\t<\/div>\n\t\t\t\t<div class=\"elementor-column elementor-col-25 elementor-top-column elementor-element elementor-element-3ce5f0c\" data-id=\"3ce5f0c\" data-element_type=\"column\" data-e-type=\"column\">\n\t\t\t<div class=\"elementor-widget-wrap elementor-element-populated\">\n\t\t\t\t\t\t<div class=\"elementor-element elementor-element-3acf64f elementor-widget elementor-widget-heading\" data-id=\"3acf64f\" data-element_type=\"widget\" data-e-type=\"widget\" data-widget_type=\"heading.default\">\n\t\t\t\t<div class=\"elementor-widget-container\">\n\t\t\t\t\t<h2 class=\"elementor-heading-title elementor-size-default\"><a href=\"https:\/\/drive.google.com\/drive\/folders\/1Oqb6vApmz7nHacytVinInursfeGoqmo_?usp=drive_link\" target=\"_blank\">Requisitos para Tramites de Trabajos de Investigaci\u00f3n<\/a><\/h2>\t\t\t\t<\/div>\n\t\t\t\t<\/div>\n\t\t\t\t\t<\/div>\n\t\t<\/div>\n\t\t\t\t\t<\/div>\n\t\t<\/section>\n\t\t\t\t<section class=\"elementor-section elementor-top-section elementor-element elementor-element-bcf7d23 elementor-section-boxed elementor-section-height-default elementor-section-height-default\" data-id=\"bcf7d23\" data-element_type=\"section\" data-e-type=\"section\">\n\t\t\t\t\t\t<div class=\"elementor-container elementor-column-gap-default\">\n\t\t\t\t\t<div class=\"elementor-column elementor-col-100 elementor-top-column elementor-element elementor-element-dc2fb22\" data-id=\"dc2fb22\" data-element_type=\"column\" data-e-type=\"column\">\n\t\t\t<div class=\"elementor-widget-wrap elementor-element-populated\">\n\t\t\t\t\t\t<div class=\"elementor-element elementor-element-3890a8c elementor-widget-divider--view-line elementor-widget elementor-widget-divider\" data-id=\"3890a8c\" data-element_type=\"widget\" data-e-type=\"widget\" data-widget_type=\"divider.default\">\n\t\t\t\t<div class=\"elementor-widget-container\">\n\t\t\t\t\t\t\t<div class=\"elementor-divider\">\n\t\t\t<span class=\"elementor-divider-separator\">\n\t\t\t\t\t\t<\/span>\n\t\t<\/div>\n\t\t\t\t\t\t<\/div>\n\t\t\t\t<\/div>\n\t\t\t\t\t<\/div>\n\t\t<\/div>\n\t\t\t\t\t<\/div>\n\t\t<\/section>\n\t\t\t\t<\/div>\n\t\t","protected":false},"excerpt":{"rendered":"<p>Reglamento de Grados y T\u00edtulos Modificatoria Reglamento de Grados y T\u00edtulos Lineas de Investigaci\u00f3n Manual APA S\u00e9tima Edici\u00f3n Plan de Trabajo Director Unidad de Investigaci\u00f3n Formatos de Tr\u00e1mites Requisitos para Tramites de Trabajos de Investigaci\u00f3n<\/p>\n","protected":false},"author":3,"featured_media":0,"parent":0,"menu_order":0,"comment_status":"closed","ping_status":"closed","template":"","meta":{"footnotes":""},"class_list":["post-6255","page","type-page","status-publish","hentry"],"_links":{"self":[{"href":"https:\/\/www.une.edu.pe\/Inicial\/wp-json\/wp\/v2\/pages\/6255","targetHints":{"allow":["GET"]}}],"collection":[{"href":"https:\/\/www.une.edu.pe\/Inicial\/wp-json\/wp\/v2\/pages"}],"about":[{"href":"https:\/\/www.une.edu.pe\/Inicial\/wp-json\/wp\/v2\/types\/page"}],"author":[{"embeddable":true,"href":"https:\/\/www.une.edu.pe\/Inicial\/wp-json\/wp\/v2\/users\/3"}],"replies":[{"embeddable":true,"href":"https:\/\/www.une.edu.pe\/Inicial\/wp-json\/wp\/v2\/comments?post=6255"}],"version-history":[{"count":148,"href":"https:\/\/www.une.edu.pe\/Inicial\/wp-json\/wp\/v2\/pages\/6255\/revisions"}],"predecessor-version":[{"id":6534,"href":"https:\/\/www.une.edu.pe\/Inicial\/wp-json\/wp\/v2\/pages\/6255\/revisions\/6534"}],"wp:attachment":[{"href":"https:\/\/www.une.edu.pe\/Inicial\/wp-json\/wp\/v2\/media?parent=6255"}],"curies":[{"name":"wp","href":"https:\/\/api.w.org\/{rel}","templated":true}]}}