{"id":6058,"date":"2026-04-09T16:13:34","date_gmt":"2026-04-09T21:13:34","guid":{"rendered":"https:\/\/www.une.edu.pe\/Inicial\/?page_id=6058"},"modified":"2026-04-16T16:28:22","modified_gmt":"2026-04-16T21:28:22","slug":"primer-proceso-evaluacion-para-promocion-docente-categoria-asociados-de-docentes-ordinarios-2026","status":"publish","type":"page","link":"https:\/\/www.une.edu.pe\/Inicial\/primer-proceso-evaluacion-para-promocion-docente-categoria-asociados-de-docentes-ordinarios-2026\/","title":{"rendered":"PRIMER PROCESO EVALUACI\u00d3N PARA PROMOCI\u00d3N DOCENTE CATEGOR\u00cdA ASOCIADOS DE DOCENTES ORDINARIOS 2026"},"content":{"rendered":"\t\t<div data-elementor-type=\"wp-post\" data-elementor-id=\"6058\" class=\"elementor elementor-6058\">\n\t\t\t\t\t\t<section class=\"elementor-section elementor-top-section elementor-element elementor-element-0a6fa27 elementor-section-boxed elementor-section-height-default elementor-section-height-default\" data-id=\"0a6fa27\" data-element_type=\"section\" data-e-type=\"section\">\n\t\t\t\t\t\t<div class=\"elementor-container elementor-column-gap-default\">\n\t\t\t\t\t<div class=\"elementor-column elementor-col-100 elementor-top-column elementor-element elementor-element-7705d97\" data-id=\"7705d97\" data-element_type=\"column\" data-e-type=\"column\">\n\t\t\t<div class=\"elementor-widget-wrap elementor-element-populated\">\n\t\t\t\t\t\t<div class=\"elementor-element elementor-element-fdf84c8 elementor-widget elementor-widget-spacer\" data-id=\"fdf84c8\" data-element_type=\"widget\" data-e-type=\"widget\" data-widget_type=\"spacer.default\">\n\t\t\t\t<div class=\"elementor-widget-container\">\n\t\t\t\t\t\t\t<div class=\"elementor-spacer\">\n\t\t\t<div class=\"elementor-spacer-inner\"><\/div>\n\t\t<\/div>\n\t\t\t\t\t\t<\/div>\n\t\t\t\t<\/div>\n\t\t\t\t\t<\/div>\n\t\t<\/div>\n\t\t\t\t\t<\/div>\n\t\t<\/section>\n\t\t\t\t<section class=\"elementor-section elementor-top-section elementor-element elementor-element-7562b20 elementor-section-boxed elementor-section-height-default elementor-section-height-default\" data-id=\"7562b20\" data-element_type=\"section\" data-e-type=\"section\">\n\t\t\t\t\t\t<div class=\"elementor-container elementor-column-gap-default\">\n\t\t\t\t\t<div class=\"elementor-column elementor-col-50 elementor-top-column elementor-element elementor-element-7fadd1b\" data-id=\"7fadd1b\" data-element_type=\"column\" data-e-type=\"column\">\n\t\t\t<div class=\"elementor-widget-wrap elementor-element-populated\">\n\t\t\t\t\t\t<div class=\"elementor-element elementor-element-3324613 elementor-widget elementor-widget-text-editor\" data-id=\"3324613\" data-element_type=\"widget\" data-e-type=\"widget\" data-widget_type=\"text-editor.default\">\n\t\t\t\t<div class=\"elementor-widget-container\">\n\t\t\t\t\t\t\t\t\t<p><strong>RESULTADOS DEL PRIMER PROCESO DE PROMOCI\u00d3N DOCENTE DEL 2026 DEPARTAMENTO ACAD\u00c9MICO PEDAGOGIA INFANTIL<\/strong><\/p>\t\t\t\t\t\t\t\t<\/div>\n\t\t\t\t<\/div>\n\t\t\t\t\t<\/div>\n\t\t<\/div>\n\t\t\t\t<div class=\"elementor-column elementor-col-50 elementor-top-column elementor-element elementor-element-c208035\" data-id=\"c208035\" data-element_type=\"column\" data-e-type=\"column\">\n\t\t\t<div class=\"elementor-widget-wrap elementor-element-populated\">\n\t\t\t\t\t\t<div class=\"elementor-element elementor-element-cfb0b82 elementor-align-center elementor-widget elementor-widget-button\" data-id=\"cfb0b82\" data-element_type=\"widget\" data-e-type=\"widget\" data-widget_type=\"button.default\">\n\t\t\t\t<div class=\"elementor-widget-container\">\n\t\t\t\t\t\t\t\t\t<div class=\"elementor-button-wrapper\">\n\t\t\t\t\t<a class=\"elementor-button elementor-button-link elementor-size-sm\" href=\"https:\/\/www.une.edu.pe\/Inicial\/wp-content\/uploads\/2026\/04\/RESULTADOS-DEL-PRIMER-PROCESO-2026.pdf\" target=\"_blank\">\n\t\t\t\t\t\t<span class=\"elementor-button-content-wrapper\">\n\t\t\t\t\t\t\t\t\t<span class=\"elementor-button-text\">Ver Informaci\u00f3n<\/span>\n\t\t\t\t\t<\/span>\n\t\t\t\t\t<\/a>\n\t\t\t\t<\/div>\n\t\t\t\t\t\t\t\t<\/div>\n\t\t\t\t<\/div>\n\t\t\t\t\t<\/div>\n\t\t<\/div>\n\t\t\t\t\t<\/div>\n\t\t<\/section>\n\t\t\t\t<section class=\"elementor-section elementor-top-section elementor-element elementor-element-3638efa elementor-section-boxed elementor-section-height-default elementor-section-height-default\" data-id=\"3638efa\" data-element_type=\"section\" data-e-type=\"section\">\n\t\t\t\t\t\t<div class=\"elementor-container elementor-column-gap-default\">\n\t\t\t\t\t<div class=\"elementor-column elementor-col-50 elementor-top-column elementor-element elementor-element-6aed714\" data-id=\"6aed714\" data-element_type=\"column\" data-e-type=\"column\">\n\t\t\t<div class=\"elementor-widget-wrap elementor-element-populated\">\n\t\t\t\t\t\t<div class=\"elementor-element elementor-element-c82836f elementor-widget elementor-widget-text-editor\" data-id=\"c82836f\" data-element_type=\"widget\" data-e-type=\"widget\" data-widget_type=\"text-editor.default\">\n\t\t\t\t<div class=\"elementor-widget-container\">\n\t\t\t\t\t\t\t\t\t<p><strong>CRONOGRAMA DEL\u00a0 PRIMER PROCESO DE EVALUACI\u00d3N PARA PROMOCI\u00d3N DOCENTE EN LA CATEGOR\u00cdA DE\u00a0ASOCIADO &#8211;\u00a0 DEPARTAMENTO ACAD\u00c9MICO DE PEDAGOG\u00cdA INFANTIL.<\/strong><\/p>\t\t\t\t\t\t\t\t<\/div>\n\t\t\t\t<\/div>\n\t\t\t\t\t<\/div>\n\t\t<\/div>\n\t\t\t\t<div class=\"elementor-column elementor-col-50 elementor-top-column elementor-element elementor-element-72fbf1f\" data-id=\"72fbf1f\" data-element_type=\"column\" data-e-type=\"column\">\n\t\t\t<div class=\"elementor-widget-wrap elementor-element-populated\">\n\t\t\t\t\t\t<div class=\"elementor-element elementor-element-57f92d5 elementor-align-center elementor-widget elementor-widget-button\" data-id=\"57f92d5\" data-element_type=\"widget\" data-e-type=\"widget\" data-widget_type=\"button.default\">\n\t\t\t\t<div class=\"elementor-widget-container\">\n\t\t\t\t\t\t\t\t\t<div class=\"elementor-button-wrapper\">\n\t\t\t\t\t<a class=\"elementor-button elementor-button-link elementor-size-sm\" href=\"https:\/\/www.une.edu.pe\/Inicial\/wp-content\/uploads\/2026\/04\/0242-promocion-docente-2026-comision-y-cronograma-2-2.pdf\" target=\"_blank\">\n\t\t\t\t\t\t<span class=\"elementor-button-content-wrapper\">\n\t\t\t\t\t\t\t\t\t<span class=\"elementor-button-text\">Ver Informaci\u00f3n<\/span>\n\t\t\t\t\t<\/span>\n\t\t\t\t\t<\/a>\n\t\t\t\t<\/div>\n\t\t\t\t\t\t\t\t<\/div>\n\t\t\t\t<\/div>\n\t\t\t\t\t<\/div>\n\t\t<\/div>\n\t\t\t\t\t<\/div>\n\t\t<\/section>\n\t\t\t\t<\/div>\n\t\t","protected":false},"excerpt":{"rendered":"<p>RESULTADOS DEL PRIMER PROCESO DE PROMOCI\u00d3N DOCENTE DEL 2026 DEPARTAMENTO ACAD\u00c9MICO PEDAGOGIA INFANTIL Ver Informaci\u00f3n CRONOGRAMA DEL\u00a0 PRIMER PROCESO DE EVALUACI\u00d3N PARA PROMOCI\u00d3N DOCENTE EN LA CATEGOR\u00cdA DE\u00a0ASOCIADO &#8211;\u00a0 DEPARTAMENTO ACAD\u00c9MICO DE PEDAGOG\u00cdA INFANTIL. Ver Informaci\u00f3n<\/p>\n","protected":false},"author":3,"featured_media":6077,"parent":0,"menu_order":0,"comment_status":"closed","ping_status":"closed","template":"","meta":{"footnotes":""},"class_list":["post-6058","page","type-page","status-publish","has-post-thumbnail","hentry"],"_links":{"self":[{"href":"https:\/\/www.une.edu.pe\/Inicial\/wp-json\/wp\/v2\/pages\/6058","targetHints":{"allow":["GET"]}}],"collection":[{"href":"https:\/\/www.une.edu.pe\/Inicial\/wp-json\/wp\/v2\/pages"}],"about":[{"href":"https:\/\/www.une.edu.pe\/Inicial\/wp-json\/wp\/v2\/types\/page"}],"author":[{"embeddable":true,"href":"https:\/\/www.une.edu.pe\/Inicial\/wp-json\/wp\/v2\/users\/3"}],"replies":[{"embeddable":true,"href":"https:\/\/www.une.edu.pe\/Inicial\/wp-json\/wp\/v2\/comments?post=6058"}],"version-history":[{"count":21,"href":"https:\/\/www.une.edu.pe\/Inicial\/wp-json\/wp\/v2\/pages\/6058\/revisions"}],"predecessor-version":[{"id":6592,"href":"https:\/\/www.une.edu.pe\/Inicial\/wp-json\/wp\/v2\/pages\/6058\/revisions\/6592"}],"wp:featuredmedia":[{"embeddable":true,"href":"https:\/\/www.une.edu.pe\/Inicial\/wp-json\/wp\/v2\/media\/6077"}],"wp:attachment":[{"href":"https:\/\/www.une.edu.pe\/Inicial\/wp-json\/wp\/v2\/media?parent=6058"}],"curies":[{"name":"wp","href":"https:\/\/api.w.org\/{rel}","templated":true}]}}