{"id":5975,"date":"2026-03-03T09:08:39","date_gmt":"2026-03-03T14:08:39","guid":{"rendered":"https:\/\/www.une.edu.pe\/Inicial\/?page_id=5975"},"modified":"2026-03-03T09:34:13","modified_gmt":"2026-03-03T14:34:13","slug":"resultado-de-la-evaluacion-de-traslado-interno-y-o-cambio-de-programa-de-estudios","status":"publish","type":"page","link":"https:\/\/www.une.edu.pe\/Inicial\/resultado-de-la-evaluacion-de-traslado-interno-y-o-cambio-de-programa-de-estudios\/","title":{"rendered":"RESULTADO DE LA EVALUACI\u00d3N DE TRASLADO INTERNO Y\/O CAMBIO DE PROGRAMA DE ESTUDIOS 2026"},"content":{"rendered":"\t\t<div data-elementor-type=\"wp-post\" data-elementor-id=\"5975\" class=\"elementor elementor-5975\">\n\t\t\t\t\t\t<section class=\"elementor-section elementor-top-section elementor-element elementor-element-ece63fa elementor-section-boxed elementor-section-height-default elementor-section-height-default\" data-id=\"ece63fa\" data-element_type=\"section\" data-e-type=\"section\">\n\t\t\t\t\t\t<div class=\"elementor-container elementor-column-gap-default\">\n\t\t\t\t\t<div class=\"elementor-column elementor-col-66 elementor-top-column elementor-element elementor-element-b2af9d7\" data-id=\"b2af9d7\" data-element_type=\"column\" data-e-type=\"column\">\n\t\t\t<div class=\"elementor-widget-wrap elementor-element-populated\">\n\t\t\t\t\t\t<div class=\"elementor-element elementor-element-ab264be elementor-widget elementor-widget-text-editor\" data-id=\"ab264be\" data-element_type=\"widget\" data-e-type=\"widget\" data-widget_type=\"text-editor.default\">\n\t\t\t\t<div class=\"elementor-widget-container\">\n\t\t\t\t\t\t\t\t\t<h4><strong>ACTA DE EVALUACI\u00d3N\u00a0 PEDAGOGICA\u00a0 Y ENTREVISTA PERSONAL\u00a0<\/strong><\/h4>\t\t\t\t\t\t\t\t<\/div>\n\t\t\t\t<\/div>\n\t\t\t\t\t<\/div>\n\t\t<\/div>\n\t\t\t\t<div class=\"elementor-column elementor-col-33 elementor-top-column elementor-element elementor-element-a82a7d6\" data-id=\"a82a7d6\" data-element_type=\"column\" data-e-type=\"column\">\n\t\t\t<div class=\"elementor-widget-wrap elementor-element-populated\">\n\t\t\t\t\t\t<div class=\"elementor-element elementor-element-6546d0c elementor-align-center elementor-widget elementor-widget-button\" data-id=\"6546d0c\" data-element_type=\"widget\" data-e-type=\"widget\" data-widget_type=\"button.default\">\n\t\t\t\t<div class=\"elementor-widget-container\">\n\t\t\t\t\t\t\t\t\t<div class=\"elementor-button-wrapper\">\n\t\t\t\t\t<a class=\"elementor-button elementor-button-link elementor-size-sm\" href=\"https:\/\/www.une.edu.pe\/Inicial\/wp-content\/uploads\/2026\/03\/Doc0275-3.pdf\" target=\"_blank\">\n\t\t\t\t\t\t<span class=\"elementor-button-content-wrapper\">\n\t\t\t\t\t\t\t\t\t<span class=\"elementor-button-text\">Ver Informaci\u00f3n<\/span>\n\t\t\t\t\t<\/span>\n\t\t\t\t\t<\/a>\n\t\t\t\t<\/div>\n\t\t\t\t\t\t\t\t<\/div>\n\t\t\t\t<\/div>\n\t\t\t\t\t<\/div>\n\t\t<\/div>\n\t\t\t\t\t<\/div>\n\t\t<\/section>\n\t\t\t\t<section class=\"elementor-section elementor-top-section elementor-element elementor-element-d5daea7 elementor-section-boxed elementor-section-height-default elementor-section-height-default\" data-id=\"d5daea7\" data-element_type=\"section\" data-e-type=\"section\">\n\t\t\t\t\t\t<div class=\"elementor-container elementor-column-gap-default\">\n\t\t\t\t\t<div class=\"elementor-column elementor-col-66 elementor-top-column elementor-element elementor-element-acff6d2\" data-id=\"acff6d2\" data-element_type=\"column\" data-e-type=\"column\">\n\t\t\t<div class=\"elementor-widget-wrap elementor-element-populated\">\n\t\t\t\t\t\t<div class=\"elementor-element elementor-element-9412d44 elementor-widget elementor-widget-text-editor\" data-id=\"9412d44\" data-element_type=\"widget\" data-e-type=\"widget\" data-widget_type=\"text-editor.default\">\n\t\t\t\t<div class=\"elementor-widget-container\">\n\t\t\t\t\t\t\t\t\t<h4><strong>RESULTADO DE LA EVALUACI\u00d3N DE TRASLADO INTERNO Y\/O CAMBIO DE PROGRAMA DE ESTUDIOS\u00a0 &#8211;\u00a0<\/strong><strong style=\"background-color: inherit;\">EDUCACI\u00d3N CON ESPECIALIDAD DE EDUCACI\u00d3N INICIAL \u2013 NI\u00d1EZ TEMPRANA DE LA ESCUELA PROFESIONAL DE EDUCACI\u00d3N INICIAL<\/strong><\/h4>\t\t\t\t\t\t\t\t<\/div>\n\t\t\t\t<\/div>\n\t\t\t\t\t<\/div>\n\t\t<\/div>\n\t\t\t\t<div class=\"elementor-column elementor-col-33 elementor-top-column elementor-element elementor-element-3137039\" data-id=\"3137039\" data-element_type=\"column\" data-e-type=\"column\">\n\t\t\t<div class=\"elementor-widget-wrap elementor-element-populated\">\n\t\t\t\t\t\t<div class=\"elementor-element elementor-element-f06ed89 elementor-align-center elementor-widget elementor-widget-button\" data-id=\"f06ed89\" data-element_type=\"widget\" data-e-type=\"widget\" data-widget_type=\"button.default\">\n\t\t\t\t<div class=\"elementor-widget-container\">\n\t\t\t\t\t\t\t\t\t<div class=\"elementor-button-wrapper\">\n\t\t\t\t\t<a class=\"elementor-button elementor-button-link elementor-size-sm\" href=\"https:\/\/www.une.edu.pe\/Inicial\/wp-content\/uploads\/2026\/03\/PUBLICACION-DE-TRASLADO-INTERNO-2026-I.pdf\" target=\"_blank\">\n\t\t\t\t\t\t<span class=\"elementor-button-content-wrapper\">\n\t\t\t\t\t\t\t\t\t<span class=\"elementor-button-text\">Ver Informaci\u00f3n<\/span>\n\t\t\t\t\t<\/span>\n\t\t\t\t\t<\/a>\n\t\t\t\t<\/div>\n\t\t\t\t\t\t\t\t<\/div>\n\t\t\t\t<\/div>\n\t\t\t\t\t<\/div>\n\t\t<\/div>\n\t\t\t\t\t<\/div>\n\t\t<\/section>\n\t\t\t\t<\/div>\n\t\t","protected":false},"excerpt":{"rendered":"<p>ACTA DE EVALUACI\u00d3N\u00a0 PEDAGOGICA\u00a0 Y ENTREVISTA PERSONAL\u00a0 Ver Informaci\u00f3n RESULTADO DE LA EVALUACI\u00d3N DE TRASLADO INTERNO Y\/O CAMBIO DE PROGRAMA DE ESTUDIOS\u00a0 &#8211;\u00a0EDUCACI\u00d3N CON ESPECIALIDAD DE EDUCACI\u00d3N INICIAL \u2013 NI\u00d1EZ TEMPRANA DE LA ESCUELA PROFESIONAL DE EDUCACI\u00d3N INICIAL Ver Informaci\u00f3n<\/p>\n","protected":false},"author":3,"featured_media":5992,"parent":0,"menu_order":0,"comment_status":"closed","ping_status":"closed","template":"","meta":{"footnotes":""},"class_list":["post-5975","page","type-page","status-publish","has-post-thumbnail","hentry"],"_links":{"self":[{"href":"https:\/\/www.une.edu.pe\/Inicial\/wp-json\/wp\/v2\/pages\/5975","targetHints":{"allow":["GET"]}}],"collection":[{"href":"https:\/\/www.une.edu.pe\/Inicial\/wp-json\/wp\/v2\/pages"}],"about":[{"href":"https:\/\/www.une.edu.pe\/Inicial\/wp-json\/wp\/v2\/types\/page"}],"author":[{"embeddable":true,"href":"https:\/\/www.une.edu.pe\/Inicial\/wp-json\/wp\/v2\/users\/3"}],"replies":[{"embeddable":true,"href":"https:\/\/www.une.edu.pe\/Inicial\/wp-json\/wp\/v2\/comments?post=5975"}],"version-history":[{"count":17,"href":"https:\/\/www.une.edu.pe\/Inicial\/wp-json\/wp\/v2\/pages\/5975\/revisions"}],"predecessor-version":[{"id":5997,"href":"https:\/\/www.une.edu.pe\/Inicial\/wp-json\/wp\/v2\/pages\/5975\/revisions\/5997"}],"wp:featuredmedia":[{"embeddable":true,"href":"https:\/\/www.une.edu.pe\/Inicial\/wp-json\/wp\/v2\/media\/5992"}],"wp:attachment":[{"href":"https:\/\/www.une.edu.pe\/Inicial\/wp-json\/wp\/v2\/media?parent=5975"}],"curies":[{"name":"wp","href":"https:\/\/api.w.org\/{rel}","templated":true}]}}