{"id":4474,"date":"2021-07-10T08:19:29","date_gmt":"2021-07-10T06:19:29","guid":{"rendered":"http:\/\/www.une.edu.pe\/Inicial\/?page_id=4474"},"modified":"2022-11-08T19:32:15","modified_gmt":"2022-11-08T18:32:15","slug":"unidad-de-investigacion-2","status":"publish","type":"page","link":"https:\/\/www.une.edu.pe\/Inicial\/unidad-de-investigacion-2\/","title":{"rendered":"Unidad de Investigaci\u00f3n"},"content":{"rendered":"\t\t<div data-elementor-type=\"wp-post\" data-elementor-id=\"4474\" class=\"elementor elementor-4474\">\n\t\t\t\t\t\t<section class=\"elementor-section elementor-top-section elementor-element elementor-element-8eb96ed elementor-section-boxed elementor-section-height-default elementor-section-height-default\" data-id=\"8eb96ed\" data-element_type=\"section\" data-e-type=\"section\">\n\t\t\t\t\t\t<div class=\"elementor-container elementor-column-gap-default\">\n\t\t\t\t\t<div class=\"elementor-column elementor-col-100 elementor-top-column elementor-element elementor-element-4c811b7\" data-id=\"4c811b7\" data-element_type=\"column\" data-e-type=\"column\">\n\t\t\t<div class=\"elementor-widget-wrap elementor-element-populated\">\n\t\t\t\t\t\t<div class=\"elementor-element elementor-element-a53322a elementor-widget elementor-widget-text-editor\" data-id=\"a53322a\" data-element_type=\"widget\" data-e-type=\"widget\" data-widget_type=\"text-editor.default\">\n\t\t\t\t<div class=\"elementor-widget-container\">\n\t\t\t\t\t\t\t\t\t<h3 style=\"text-align: left;\">La Unidad de Investigaci\u00f3n es la encargada de integrar las actividades de investigaci\u00f3n de la Facultad. Est\u00e1 dirigida por un docente con grado de doctor, designado por el Decano para un periodo de dos (02) a\u00f1os. Art. 81 Reglamento General.<br \/>La Unidad de Investigaci\u00f3n tiene como finalidad fomentar, coordinar y monitorear la participaci\u00f3n de los docentes y estudiantes en los proyectos de investigaci\u00f3n. Promueve la inclusi\u00f3n de los proyectos de investigaci\u00f3n en los concursos externos. Art. 82 Reglamento General.<\/h3><div>\u00a0<\/div><h3><strong>Directora:<br \/><\/strong>Dra. Consuelo Nora Casimiro Urcos<br \/>\u00a0<br \/><strong>Secretaria:<br \/><\/strong>Srta. Maritza Mel\u00e9ndez Galindo<br \/>\u00a0<br \/><strong>Correo institucional:<br \/><\/strong>feiinvestigaci\u00f3n@une.edu.pe<\/h3>\t\t\t\t\t\t\t\t<\/div>\n\t\t\t\t<\/div>\n\t\t\t\t\t<\/div>\n\t\t<\/div>\n\t\t\t\t\t<\/div>\n\t\t<\/section>\n\t\t\t\t<\/div>\n\t\t","protected":false},"excerpt":{"rendered":"<p>La Unidad de Investigaci\u00f3n es la encargada de integrar las actividades de investigaci\u00f3n de la Facultad. Est\u00e1 dirigida por un docente con grado de doctor, designado por el Decano para un periodo de dos (02) a\u00f1os. Art. 81 Reglamento General.La <a href=\"https:\/\/www.une.edu.pe\/Inicial\/unidad-de-investigacion-2\/\" class=\"read-more\">Leer m\u00e1s&#8230;<\/a><\/p>\n","protected":false},"author":3,"featured_media":0,"parent":0,"menu_order":0,"comment_status":"closed","ping_status":"closed","template":"","meta":{"footnotes":""},"class_list":["post-4474","page","type-page","status-publish","hentry"],"_links":{"self":[{"href":"https:\/\/www.une.edu.pe\/Inicial\/wp-json\/wp\/v2\/pages\/4474","targetHints":{"allow":["GET"]}}],"collection":[{"href":"https:\/\/www.une.edu.pe\/Inicial\/wp-json\/wp\/v2\/pages"}],"about":[{"href":"https:\/\/www.une.edu.pe\/Inicial\/wp-json\/wp\/v2\/types\/page"}],"author":[{"embeddable":true,"href":"https:\/\/www.une.edu.pe\/Inicial\/wp-json\/wp\/v2\/users\/3"}],"replies":[{"embeddable":true,"href":"https:\/\/www.une.edu.pe\/Inicial\/wp-json\/wp\/v2\/comments?post=4474"}],"version-history":[{"count":8,"href":"https:\/\/www.une.edu.pe\/Inicial\/wp-json\/wp\/v2\/pages\/4474\/revisions"}],"predecessor-version":[{"id":5062,"href":"https:\/\/www.une.edu.pe\/Inicial\/wp-json\/wp\/v2\/pages\/4474\/revisions\/5062"}],"wp:attachment":[{"href":"https:\/\/www.une.edu.pe\/Inicial\/wp-json\/wp\/v2\/media?parent=4474"}],"curies":[{"name":"wp","href":"https:\/\/api.w.org\/{rel}","templated":true}]}}