{"id":4402,"date":"2021-07-09T09:04:17","date_gmt":"2021-07-09T07:04:17","guid":{"rendered":"http:\/\/www.une.edu.pe\/Inicial\/?page_id=4402"},"modified":"2022-11-10T20:45:45","modified_gmt":"2022-11-10T19:45:45","slug":"silabos","status":"publish","type":"page","link":"https:\/\/www.une.edu.pe\/Inicial\/silabos\/","title":{"rendered":"S\u00edlabos"},"content":{"rendered":"<h3 style=\"text-align: center;\">2020-II<\/h3>\n\n\n<figure class=\"wp-block-table is-style-stripes\"><table class=\"\"><tbody><tr><td>Promoci\u00f3n 2019<\/td><td>NI\u00d1EZ TEMPRANA  <\/td><td class=\"has-text-align-center\" data-align=\"center\"><a href=\"http:\/\/www.une.edu.pe\/Inicial\/wp-content\/uploads\/2021\/07\/2020-II.pdf\">VER<\/a><\/td><\/tr><tr><td>Promoci\u00f3n 2019<\/td><td>DISCAPACIDAD INTELECTUAL  <\/td><td class=\"has-text-align-center\" data-align=\"center\"> <a href=\"http:\/\/www.une.edu.pe\/Inicial\/wp-content\/uploads\/2021\/07\/2020-II.pdf\">VER<\/a> <\/td><\/tr><tr><td>Promoci\u00f3n 2018 <\/td><td>NI\u00d1EZ TEMPRANA   <\/td><td class=\"has-text-align-center\" data-align=\"center\"><a href=\"http:\/\/www.une.edu.pe\/Inicial\/wp-content\/uploads\/2021\/07\/2018-II.pdf\"> VER <\/a><\/td><\/tr><tr><td>Promoci\u00f3n 2018<\/td><td>DISCAPACIDAD INTELECTUAL   <\/td><td class=\"has-text-align-center\" data-align=\"center\"><a href=\"http:\/\/www.une.edu.pe\/Inicial\/wp-content\/uploads\/2021\/07\/2018-II.pdf\"> VER <\/a><\/td><\/tr><tr><td>Promoci\u00f3n 2017 <\/td><td>NI\u00d1EZ TEMPRANA    <\/td><td class=\"has-text-align-center\" data-align=\"center\"> <a href=\"http:\/\/www.une.edu.pe\/Inicial\/wp-content\/uploads\/2021\/07\/2017-II.pdf\">VER<\/a> <\/td><\/tr><tr><td>Promoci\u00f3n 2017 <\/td><td>DISCAPACIDAD INTELECTUAL  <\/td><td class=\"has-text-align-center\" data-align=\"center\"><a href=\"http:\/\/www.une.edu.pe\/Inicial\/wp-content\/uploads\/2021\/07\/2017-II.pdf\"> VER<\/a> <\/td><\/tr><tr><td>Promoci\u00f3n 2016  <\/td><td>NI\u00d1EZ TEMPRANA     <\/td><td class=\"has-text-align-center\" data-align=\"center\"> <a href=\"http:\/\/www.une.edu.pe\/Inicial\/wp-content\/uploads\/2021\/07\/2016-II.pdf\">VER<\/a> <\/td><\/tr><\/tbody><\/table><\/figure>\n","protected":false},"excerpt":{"rendered":"<p>2020-II Promoci\u00f3n 2019 NI\u00d1EZ TEMPRANA VER Promoci\u00f3n 2019 DISCAPACIDAD INTELECTUAL VER Promoci\u00f3n 2018 NI\u00d1EZ TEMPRANA VER Promoci\u00f3n 2018 DISCAPACIDAD INTELECTUAL VER Promoci\u00f3n 2017 NI\u00d1EZ TEMPRANA VER Promoci\u00f3n 2017 DISCAPACIDAD INTELECTUAL VER Promoci\u00f3n 2016 NI\u00d1EZ TEMPRANA VER<\/p>\n","protected":false},"author":3,"featured_media":0,"parent":0,"menu_order":0,"comment_status":"closed","ping_status":"closed","template":"","meta":{"footnotes":""},"class_list":["post-4402","page","type-page","status-publish","hentry"],"_links":{"self":[{"href":"https:\/\/www.une.edu.pe\/Inicial\/wp-json\/wp\/v2\/pages\/4402","targetHints":{"allow":["GET"]}}],"collection":[{"href":"https:\/\/www.une.edu.pe\/Inicial\/wp-json\/wp\/v2\/pages"}],"about":[{"href":"https:\/\/www.une.edu.pe\/Inicial\/wp-json\/wp\/v2\/types\/page"}],"author":[{"embeddable":true,"href":"https:\/\/www.une.edu.pe\/Inicial\/wp-json\/wp\/v2\/users\/3"}],"replies":[{"embeddable":true,"href":"https:\/\/www.une.edu.pe\/Inicial\/wp-json\/wp\/v2\/comments?post=4402"}],"version-history":[{"count":5,"href":"https:\/\/www.une.edu.pe\/Inicial\/wp-json\/wp\/v2\/pages\/4402\/revisions"}],"predecessor-version":[{"id":4452,"href":"https:\/\/www.une.edu.pe\/Inicial\/wp-json\/wp\/v2\/pages\/4402\/revisions\/4452"}],"wp:attachment":[{"href":"https:\/\/www.une.edu.pe\/Inicial\/wp-json\/wp\/v2\/media?parent=4402"}],"curies":[{"name":"wp","href":"https:\/\/api.w.org\/{rel}","templated":true}]}}