{"id":3112,"date":"2019-12-04T17:44:58","date_gmt":"2019-12-04T16:44:58","guid":{"rendered":"http:\/\/www.une.edu.pe\/Inicial\/?page_id=3112"},"modified":"2026-03-23T15:58:54","modified_gmt":"2026-03-23T20:58:54","slug":"bienvenidos-a-la-facultad","status":"publish","type":"page","link":"https:\/\/www.une.edu.pe\/Inicial\/bienvenidos-a-la-facultad\/","title":{"rendered":"Bienvenidos a la Facultad"},"content":{"rendered":"\t\t<div data-elementor-type=\"wp-post\" data-elementor-id=\"3112\" class=\"elementor elementor-3112\">\n\t\t\t\t\t\t<section class=\"elementor-section elementor-top-section elementor-element elementor-element-9a22cda elementor-section-boxed elementor-section-height-default elementor-section-height-default\" data-id=\"9a22cda\" data-element_type=\"section\" data-e-type=\"section\">\n\t\t\t\t\t\t<div class=\"elementor-container elementor-column-gap-default\">\n\t\t\t\t\t<div class=\"elementor-column elementor-col-50 elementor-top-column elementor-element elementor-element-7de12d8\" data-id=\"7de12d8\" data-element_type=\"column\" data-e-type=\"column\">\n\t\t\t<div class=\"elementor-widget-wrap elementor-element-populated\">\n\t\t\t\t\t\t<div class=\"elementor-element elementor-element-cf8a80d elementor-widget elementor-widget-text-editor\" data-id=\"cf8a80d\" data-element_type=\"widget\" data-e-type=\"widget\" data-widget_type=\"text-editor.default\">\n\t\t\t\t<div class=\"elementor-widget-container\">\n\t\t\t\t\t\t\t\t\t<p>Me dirijo a la comunidad universitaria y particularmente a los docentes, trabajadores y estudiantes de la Facultad de Inicial para saludarlos fraternalmente y desearles \u00e9xitos en todos sus proyectos.<\/p><p>Despu\u00e9s de dos a\u00f1os de gesti\u00f3n estamos imprimiendo un car\u00e1cter diferente a la Facultad, centrado en la formaci\u00f3n profesional en las dimensiones acad\u00e9micas, investigaci\u00f3n cient\u00edfica y liderazgo, d\u00e1ndole un soporte al \u00e1rea del desarrollo pedag\u00f3gico, fortaleciendo la \u00a0 \u00a0\u00a0 \u00a0\u00a0 \u00a0pr\u00e1ctica pre profesional, sin dejar lo human\u00edstico, condici\u00f3n b\u00e1sica para ser maestro de calidad.<\/p><p>Nuestro prop\u00f3sito es seguir trabajando para que la Facultad contin\u00fae con el liderazgo en la universidad, por ello es necesario expresar identidad y dar lo mejor de cada uno para alcanzar objetivos educacionales, acorde con las exigencias de este mundo globalizado, demostrando con la pr\u00e1ctica las mejores capacidades y competencias profesionales.<\/p><p>A nivel institucional, la Facultad tiene que cumplir est\u00e1ndares de calidad. El licenciamiento dar\u00e1 a nuestra casa de estudios la categor\u00eda y presencia acad\u00e9mica en el mundo de la educaci\u00f3n superior y la cultura; por lo tanto, el reto es formar profesionales de la Educaci\u00f3n con el m\u00e1s alto nivel de competitividad.<\/p>\t\t\t\t\t\t\t\t<\/div>\n\t\t\t\t<\/div>\n\t\t\t\t\t<\/div>\n\t\t<\/div>\n\t\t\t\t<div class=\"elementor-column elementor-col-50 elementor-top-column elementor-element elementor-element-de7f0bc\" data-id=\"de7f0bc\" data-element_type=\"column\" data-e-type=\"column\">\n\t\t\t<div class=\"elementor-widget-wrap elementor-element-populated\">\n\t\t\t\t\t\t<div class=\"elementor-element elementor-element-9866b9f elementor-widget elementor-widget-image\" data-id=\"9866b9f\" data-element_type=\"widget\" data-e-type=\"widget\" data-widget_type=\"image.default\">\n\t\t\t\t<div class=\"elementor-widget-container\">\n\t\t\t\t\t\t\t\t\t\t\t\t\t\t\t<img fetchpriority=\"high\" decoding=\"async\" width=\"267\" height=\"256\" src=\"https:\/\/www.une.edu.pe\/Inicial\/wp-content\/uploads\/2023\/11\/Consuelo-Nora-1.jpg\" class=\"attachment-medium_large size-medium_large wp-image-5252\" alt=\"\" \/>\t\t\t\t\t\t\t\t\t\t\t\t\t\t\t<\/div>\n\t\t\t\t<\/div>\n\t\t\t\t<div class=\"elementor-element elementor-element-a178059 elementor-widget elementor-widget-text-editor\" data-id=\"a178059\" data-element_type=\"widget\" data-e-type=\"widget\" data-widget_type=\"text-editor.default\">\n\t\t\t\t<div class=\"elementor-widget-container\">\n\t\t\t\t\t\t\t\t\t<p style=\"text-align: center;\"><em>Dra. Consuelo Nora Casimiro Urcos<\/em><br \/><em>Decana de la Facultad de Inicial<\/em><\/p>\t\t\t\t\t\t\t\t<\/div>\n\t\t\t\t<\/div>\n\t\t\t\t\t<\/div>\n\t\t<\/div>\n\t\t\t\t\t<\/div>\n\t\t<\/section>\n\t\t\t\t<\/div>\n\t\t","protected":false},"excerpt":{"rendered":"<p>Me dirijo a la comunidad universitaria y particularmente a los docentes, trabajadores y estudiantes de la Facultad de Inicial para saludarlos fraternalmente y desearles \u00e9xitos en todos sus proyectos. Despu\u00e9s de dos a\u00f1os de gesti\u00f3n estamos imprimiendo un car\u00e1cter diferente <a href=\"https:\/\/www.une.edu.pe\/Inicial\/bienvenidos-a-la-facultad\/\" class=\"read-more\">Leer m\u00e1s&#8230;<\/a><\/p>\n","protected":false},"author":3,"featured_media":4329,"parent":0,"menu_order":0,"comment_status":"closed","ping_status":"closed","template":"","meta":{"footnotes":""},"class_list":["post-3112","page","type-page","status-publish","has-post-thumbnail","hentry"],"_links":{"self":[{"href":"https:\/\/www.une.edu.pe\/Inicial\/wp-json\/wp\/v2\/pages\/3112","targetHints":{"allow":["GET"]}}],"collection":[{"href":"https:\/\/www.une.edu.pe\/Inicial\/wp-json\/wp\/v2\/pages"}],"about":[{"href":"https:\/\/www.une.edu.pe\/Inicial\/wp-json\/wp\/v2\/types\/page"}],"author":[{"embeddable":true,"href":"https:\/\/www.une.edu.pe\/Inicial\/wp-json\/wp\/v2\/users\/3"}],"replies":[{"embeddable":true,"href":"https:\/\/www.une.edu.pe\/Inicial\/wp-json\/wp\/v2\/comments?post=3112"}],"version-history":[{"count":15,"href":"https:\/\/www.une.edu.pe\/Inicial\/wp-json\/wp\/v2\/pages\/3112\/revisions"}],"predecessor-version":[{"id":6025,"href":"https:\/\/www.une.edu.pe\/Inicial\/wp-json\/wp\/v2\/pages\/3112\/revisions\/6025"}],"wp:featuredmedia":[{"embeddable":true,"href":"https:\/\/www.une.edu.pe\/Inicial\/wp-json\/wp\/v2\/media\/4329"}],"wp:attachment":[{"href":"https:\/\/www.une.edu.pe\/Inicial\/wp-json\/wp\/v2\/media?parent=3112"}],"curies":[{"name":"wp","href":"https:\/\/api.w.org\/{rel}","templated":true}]}}