{"id":9995,"date":"2025-12-15T12:59:53","date_gmt":"2025-12-15T17:59:53","guid":{"rendered":"https:\/\/www.une.edu.pe\/Empresariales\/?page_id=9995"},"modified":"2026-01-07T13:45:10","modified_gmt":"2026-01-07T18:45:10","slug":"diplomados-virtuales-de-gestion-publica-y-gestion-educativa-2026-i","status":"publish","type":"page","link":"https:\/\/www.une.edu.pe\/Empresariales\/diplomados-virtuales-de-gestion-publica-y-gestion-educativa-2026-i\/","title":{"rendered":"DIPLOMADOS VIRTUALES DE GESTI\u00d3N P\u00daBLICA Y  GESTI\u00d3N EDUCATIVA 2026-I"},"content":{"rendered":"\t\t<div data-elementor-type=\"wp-post\" data-elementor-id=\"9995\" class=\"elementor elementor-9995\">\n\t\t\t\t\t\t<section class=\"elementor-section elementor-top-section elementor-element elementor-element-cb57f0d elementor-section-boxed elementor-section-height-default elementor-section-height-default\" data-id=\"cb57f0d\" data-element_type=\"section\" data-e-type=\"section\">\n\t\t\t\t\t\t<div class=\"elementor-container elementor-column-gap-default\">\n\t\t\t\t\t<div class=\"elementor-column elementor-col-100 elementor-top-column elementor-element elementor-element-01925fb\" data-id=\"01925fb\" data-element_type=\"column\" data-e-type=\"column\">\n\t\t\t<div class=\"elementor-widget-wrap elementor-element-populated\">\n\t\t\t\t\t\t<div class=\"elementor-element elementor-element-fab3fad elementor-widget elementor-widget-image\" data-id=\"fab3fad\" data-element_type=\"widget\" data-e-type=\"widget\" data-widget_type=\"image.default\">\n\t\t\t\t<div class=\"elementor-widget-container\">\n\t\t\t\t\t\t\t\t\t\t\t\t\t\t\t\t<a href=\"https:\/\/www.une.edu.pe\/Empresariales\/wp-content\/uploads\/2026\/01\/Diplomados-FACE.pdf\" target=\"_blank\">\n\t\t\t\t\t\t\t<img fetchpriority=\"high\" decoding=\"async\" width=\"1243\" height=\"1757\" src=\"https:\/\/www.une.edu.pe\/Empresariales\/wp-content\/uploads\/2026\/01\/Diplomados-FACE_page-0001.jpg\" class=\"attachment-full size-full wp-image-10093\" alt=\"\" srcset=\"https:\/\/www.une.edu.pe\/Empresariales\/wp-content\/uploads\/2026\/01\/Diplomados-FACE_page-0001.jpg 1243w, https:\/\/www.une.edu.pe\/Empresariales\/wp-content\/uploads\/2026\/01\/Diplomados-FACE_page-0001-212x300.jpg 212w, https:\/\/www.une.edu.pe\/Empresariales\/wp-content\/uploads\/2026\/01\/Diplomados-FACE_page-0001-724x1024.jpg 724w, https:\/\/www.une.edu.pe\/Empresariales\/wp-content\/uploads\/2026\/01\/Diplomados-FACE_page-0001-768x1086.jpg 768w, https:\/\/www.une.edu.pe\/Empresariales\/wp-content\/uploads\/2026\/01\/Diplomados-FACE_page-0001-1087x1536.jpg 1087w, https:\/\/www.une.edu.pe\/Empresariales\/wp-content\/uploads\/2026\/01\/Diplomados-FACE_page-0001-191x270.jpg 191w\" sizes=\"(max-width: 1243px) 100vw, 1243px\" \/>\t\t\t\t\t\t\t\t<\/a>\n\t\t\t\t\t\t\t\t\t\t\t\t\t\t\t<\/div>\n\t\t\t\t<\/div>\n\t\t\t\t\t<\/div>\n\t\t<\/div>\n\t\t\t\t\t<\/div>\n\t\t<\/section>\n\t\t\t\t<\/div>\n\t\t","protected":false},"excerpt":{"rendered":"","protected":false},"author":3,"featured_media":10092,"parent":0,"menu_order":0,"comment_status":"closed","ping_status":"closed","template":"","meta":{"footnotes":""},"class_list":["post-9995","page","type-page","status-publish","has-post-thumbnail","hentry"],"_links":{"self":[{"href":"https:\/\/www.une.edu.pe\/Empresariales\/wp-json\/wp\/v2\/pages\/9995","targetHints":{"allow":["GET"]}}],"collection":[{"href":"https:\/\/www.une.edu.pe\/Empresariales\/wp-json\/wp\/v2\/pages"}],"about":[{"href":"https:\/\/www.une.edu.pe\/Empresariales\/wp-json\/wp\/v2\/types\/page"}],"author":[{"embeddable":true,"href":"https:\/\/www.une.edu.pe\/Empresariales\/wp-json\/wp\/v2\/users\/3"}],"replies":[{"embeddable":true,"href":"https:\/\/www.une.edu.pe\/Empresariales\/wp-json\/wp\/v2\/comments?post=9995"}],"version-history":[{"count":23,"href":"https:\/\/www.une.edu.pe\/Empresariales\/wp-json\/wp\/v2\/pages\/9995\/revisions"}],"predecessor-version":[{"id":10100,"href":"https:\/\/www.une.edu.pe\/Empresariales\/wp-json\/wp\/v2\/pages\/9995\/revisions\/10100"}],"wp:featuredmedia":[{"embeddable":true,"href":"https:\/\/www.une.edu.pe\/Empresariales\/wp-json\/wp\/v2\/media\/10092"}],"wp:attachment":[{"href":"https:\/\/www.une.edu.pe\/Empresariales\/wp-json\/wp\/v2\/media?parent=9995"}],"curies":[{"name":"wp","href":"https:\/\/api.w.org\/{rel}","templated":true}]}}