{"id":9739,"date":"2025-11-17T15:05:31","date_gmt":"2025-11-17T20:05:31","guid":{"rendered":"https:\/\/www.une.edu.pe\/Empresariales\/?page_id=9739"},"modified":"2026-03-10T15:05:41","modified_gmt":"2026-03-10T20:05:41","slug":"eventos","status":"publish","type":"page","link":"https:\/\/www.une.edu.pe\/Empresariales\/eventos\/","title":{"rendered":"Eventos"},"content":{"rendered":"\t\t<div data-elementor-type=\"wp-page\" data-elementor-id=\"9739\" class=\"elementor elementor-9739\">\n\t\t\t\t\t\t<section class=\"elementor-section elementor-top-section elementor-element elementor-element-bcc7b69 elementor-section-boxed elementor-section-height-default elementor-section-height-default\" data-id=\"bcc7b69\" data-element_type=\"section\" data-e-type=\"section\">\n\t\t\t\t\t\t<div class=\"elementor-container elementor-column-gap-default\">\n\t\t\t\t\t<div class=\"elementor-column elementor-col-100 elementor-top-column elementor-element elementor-element-742193a\" data-id=\"742193a\" data-element_type=\"column\" data-e-type=\"column\">\n\t\t\t<div class=\"elementor-widget-wrap elementor-element-populated\">\n\t\t\t\t\t\t<div class=\"elementor-element elementor-element-360dfee elementor-widget-divider--view-line_icon elementor-view-default elementor-widget-divider--element-align-center elementor-widget elementor-widget-divider\" data-id=\"360dfee\" data-element_type=\"widget\" data-e-type=\"widget\" data-widget_type=\"divider.default\">\n\t\t\t\t<div class=\"elementor-widget-container\">\n\t\t\t\t\t\t\t<div class=\"elementor-divider\">\n\t\t\t<span class=\"elementor-divider-separator\">\n\t\t\t\t\t\t\t<div class=\"elementor-icon elementor-divider__element\">\n\t\t\t\t\t<i aria-hidden=\"true\" class=\"fab fa-connectdevelop\"><\/i><\/div>\n\t\t\t\t\t\t<\/span>\n\t\t<\/div>\n\t\t\t\t\t\t<\/div>\n\t\t\t\t<\/div>\n\t\t\t\t\t<\/div>\n\t\t<\/div>\n\t\t\t\t\t<\/div>\n\t\t<\/section>\n\t\t\t\t<section class=\"elementor-section elementor-top-section elementor-element elementor-element-65f65a3 elementor-section-boxed elementor-section-height-default elementor-section-height-default\" data-id=\"65f65a3\" data-element_type=\"section\" data-e-type=\"section\">\n\t\t\t\t\t\t<div class=\"elementor-container elementor-column-gap-default\">\n\t\t\t\t\t<div class=\"elementor-column elementor-col-100 elementor-top-column elementor-element elementor-element-ed6f573\" data-id=\"ed6f573\" data-element_type=\"column\" data-e-type=\"column\">\n\t\t\t<div class=\"elementor-widget-wrap elementor-element-populated\">\n\t\t\t\t\t\t<div class=\"elementor-element elementor-element-08786c5 elementor-widget elementor-widget-sina_blogpost\" data-id=\"08786c5\" data-element_type=\"widget\" data-e-type=\"widget\" data-widget_type=\"sina_blogpost.default\">\n\t\t\t\t<div class=\"elementor-widget-container\">\n\t\t\t\t\t\t\t\t<div class=\"sina-blogpost sina-bp-08786c5\"\r\n\t\t\tdata-uid=\"08786c5\"\r\n\t\t\tdata-offset=\"4\"\r\n\t\t\tdata-posts-data='{\"post_type\":\"post\",\"posts_num\":4,\"offset\":4,\"total_posts\":4,\"layout\":\"list\",\"columns\":\"1\",\"layout_type\":\"default\",\"custom_columns\":null,\"categories\":[\"30\"],\"tags\":\"\",\"order_by\":\"date\",\"sort\":\"DESC\",\"posts_text\":\"yes\",\"excerpt\":\"\",\"content_length\":50,\"posts_meta\":\"\",\"thumb_right\":\"\",\"is_thumb\":null,\"read_more_effect\":\"\",\"read_more_text\":\"\",\"read_more_icon\":\"\",\"read_more_icon_align\":null,\"effects\":\"\",\"cats_position\":null,\"cats_icon\":null,\"posts_avatar\":null,\"avatar_size\":null,\"read_btn_bg_layer_effects\":null,\"bg_layer_effects\":\"\"}'>\r\n\t\t\t\t<div class=\"sina-bp-grid\">\r\n\t\t\t\t\t<div class=\"sina-bp-grid-sizer\"><\/div>\r\n\t\t\t\t\t\t\t\t\t\t\t\t<div class=\"sina-bp-col sina-bp-item-1 sina-bp-list  \">\r\n\t\t<div class=\"sina-bp \">\r\n\t\t\t<div class=\"sina-bg-thumb sina-bg-cover\"\r\n\t\t\t\t\t\t\t\t\tstyle=\"background-image: url(https:\/\/www.une.edu.pe\/Empresariales\/wp-content\/uploads\/2025\/10\/WhatsApp-Image-2025-10-22-at-6.39.04-PM-1.jpeg);\"\r\n\t\t\t\t>\r\n\t\t\t\t<div class=\"sina-overlay\">\r\n\t\t\t\t\t<a href=\"https:\/\/www.une.edu.pe\/Empresariales\/curso-taller-investigacion-cientifica-para-estudiantes-y-egresados\/\"><\/a>\r\n\t\t\t\t<\/div>\r\n\t\t\t<\/div>\r\n\t\t\t<div class=\"sina-bp-content\">\r\n\t\t\t\t<div class=\"sina-pb-inner-content\">\r\n\t\t\t\t\t\t\t\t\t\t<h2 class=\"sina-bp-title\">\r\n\t\t\t\t\t\t<a href=\"https:\/\/www.une.edu.pe\/Empresariales\/curso-taller-investigacion-cientifica-para-estudiantes-y-egresados\/\">Curso-Taller: Investigaci\u00f3n Cient\u00edfica para Estudiantes y Egresados<\/a>\r\n\t\t\t\t\t<\/h2>\r\n\t\t\t\t\t\r\n\t\t\t\t\t\t\t\t\t\t\t<div class=\"sina-bp-text\">\r\n\t\t\t\t\t\t\tCurso - Taller: Investigaci\u00f3n Cient\u00edfica para Estudiantes y Egresados La Direcci\u00f3n de la Unidad de Investigaci\u00f3n&nbsp;de la Facultad de Ciencias Empresariales de la Universidad Nacional de Educaci\u00f3n Enrique Guzm\u00e1n y Valle invita a participar en este espacio de aprendizaje orientado a fortalecer las competencias investigativas de nuestros estudiantes y egresados.&hellip;\t\t\t\t\t\t<\/div>\r\n\t\t\t\t\t\r\n\t\t\t\t\t\t\t\t\t<\/div>\r\n\t\t\t\t\t\t\t<\/div>\r\n\t\t<\/div>\r\n\t<\/div>\r\n\t<div class=\"sina-bp-col sina-bp-item-1 sina-bp-list  \">\r\n\t\t<div class=\"sina-bp \">\r\n\t\t\t<div class=\"sina-bg-thumb sina-bg-cover\"\r\n\t\t\t\t\t\t\t\t\tstyle=\"background-image: url(https:\/\/www.une.edu.pe\/Empresariales\/wp-content\/uploads\/2025\/10\/WhatsApp-Image-2025-10-21-at-11.25.16-AM.jpeg);\"\r\n\t\t\t\t>\r\n\t\t\t\t<div class=\"sina-overlay\">\r\n\t\t\t\t\t<a href=\"https:\/\/www.une.edu.pe\/Empresariales\/taller-de-redaccion-de-articulos-cientificos\/\"><\/a>\r\n\t\t\t\t<\/div>\r\n\t\t\t<\/div>\r\n\t\t\t<div class=\"sina-bp-content\">\r\n\t\t\t\t<div class=\"sina-pb-inner-content\">\r\n\t\t\t\t\t\t\t\t\t\t<h2 class=\"sina-bp-title\">\r\n\t\t\t\t\t\t<a href=\"https:\/\/www.une.edu.pe\/Empresariales\/taller-de-redaccion-de-articulos-cientificos\/\">Taller de Redacci\u00f3n de Art\u00edculos Cient\u00edficos<\/a>\r\n\t\t\t\t\t<\/h2>\r\n\t\t\t\t\t\r\n\t\t\t\t\t\t\t\t\t\t\t<div class=\"sina-bp-text\">\r\n\t\t\t\t\t\t\tLa Unidad de Gesti\u00f3n de Art\u00edculos Cient\u00edficos de la Universidad Nacional de Educaci\u00f3n Enrique Guzm\u00e1n y Valle, en coordinaci\u00f3n con la Direcci\u00f3n de la Unidad de Investigaci\u00f3n de la Facultad de Ciencias Empresariales (FACE), desarrollar\u00e1 el Taller de Redacci\u00f3n de Art\u00edculos Cient\u00edficos, con la finalidad de fortalecer las competencias de&hellip;\t\t\t\t\t\t<\/div>\r\n\t\t\t\t\t\r\n\t\t\t\t\t\t\t\t\t<\/div>\r\n\t\t\t\t\t\t\t<\/div>\r\n\t\t<\/div>\r\n\t<\/div>\r\n\t<div class=\"sina-bp-col sina-bp-item-1 sina-bp-list  \">\r\n\t\t<div class=\"sina-bp \">\r\n\t\t\t<div class=\"sina-bg-thumb sina-bg-cover\"\r\n\t\t\t\t\t\t\t\t\tstyle=\"background-image: url(https:\/\/www.une.edu.pe\/Empresariales\/wp-content\/uploads\/2025\/09\/WhatsApp-Image-2025-09-03-at-5.41.37-PM.jpeg);\"\r\n\t\t\t\t>\r\n\t\t\t\t<div class=\"sina-overlay\">\r\n\t\t\t\t\t<a href=\"https:\/\/www.une.edu.pe\/Empresariales\/charla-de-orientacion-procedimiento-para-la-obtencion-del-titulo-de-licenciado-por-la-modalidad-de-sustentacion-de-tesis\/\"><\/a>\r\n\t\t\t\t<\/div>\r\n\t\t\t<\/div>\r\n\t\t\t<div class=\"sina-bp-content\">\r\n\t\t\t\t<div class=\"sina-pb-inner-content\">\r\n\t\t\t\t\t\t\t\t\t\t<h2 class=\"sina-bp-title\">\r\n\t\t\t\t\t\t<a href=\"https:\/\/www.une.edu.pe\/Empresariales\/charla-de-orientacion-procedimiento-para-la-obtencion-del-titulo-de-licenciado-por-la-modalidad-de-sustentacion-de-tesis\/\">Charla de orientaci\u00f3n: Procedimiento para la obtenci\u00f3n del t\u00edtulo de licenciado por la modalidad de sustentaci\u00f3n de tesis<\/a>\r\n\t\t\t\t\t<\/h2>\r\n\t\t\t\t\t\r\n\t\t\t\t\t\t\t\t\t\t\t<div class=\"sina-bp-text\">\r\n\t\t\t\t\t\t\tLa Unidad de Investigaci\u00f3n de la Facultad de Ciencias Empresariales (FACE \u2013 UNE) organiz\u00f3 el pasado lunes 11 de agosto la Charla de orientaci\u00f3n sobre el procedimiento para la obtenci\u00f3n del t\u00edtulo de licenciado por la modalidad de sustentaci\u00f3n de tesis. La actividad tuvo como objetivo brindar a docentes asesores,&hellip;\t\t\t\t\t\t<\/div>\r\n\t\t\t\t\t\r\n\t\t\t\t\t\t\t\t\t<\/div>\r\n\t\t\t\t\t\t\t<\/div>\r\n\t\t<\/div>\r\n\t<\/div>\r\n\t<div class=\"sina-bp-col sina-bp-item-1 sina-bp-list  \">\r\n\t\t<div class=\"sina-bp \">\r\n\t\t\t<div class=\"sina-bg-thumb sina-bg-cover\"\r\n\t\t\t\t\t\t\t\t\tstyle=\"background-image: url(https:\/\/www.une.edu.pe\/Empresariales\/wp-content\/uploads\/2025\/09\/537218112_774030705373552_2573009018451014128_n.jpg);\"\r\n\t\t\t\t>\r\n\t\t\t\t<div class=\"sina-overlay\">\r\n\t\t\t\t\t<a href=\"https:\/\/www.une.edu.pe\/Empresariales\/%f0%9d%97%a7%f0%9d%97%ae%f0%9d%97%b9%f0%9d%97%b9%f0%9d%97%b2%f0%9d%97%bf-%f0%9d%97%b1%f0%9d%97%b2-%f0%9d%97%98%f0%9d%98%80%f0%9d%97%b0%f0%9d%97%bf%f0%9d%97%b6%f0%9d%98%81%f0%9d%98%82%f0%9d%97%bf\/\"><\/a>\r\n\t\t\t\t<\/div>\r\n\t\t\t<\/div>\r\n\t\t\t<div class=\"sina-bp-content\">\r\n\t\t\t\t<div class=\"sina-pb-inner-content\">\r\n\t\t\t\t\t\t\t\t\t\t<h2 class=\"sina-bp-title\">\r\n\t\t\t\t\t\t<a href=\"https:\/\/www.une.edu.pe\/Empresariales\/%f0%9d%97%a7%f0%9d%97%ae%f0%9d%97%b9%f0%9d%97%b9%f0%9d%97%b2%f0%9d%97%bf-%f0%9d%97%b1%f0%9d%97%b2-%f0%9d%97%98%f0%9d%98%80%f0%9d%97%b0%f0%9d%97%bf%f0%9d%97%b6%f0%9d%98%81%f0%9d%98%82%f0%9d%97%bf\/\">Taller de Escritura y Presentaci\u00f3n Eficaz de Proyecto de Tesis y Tesis en la UNE<\/a>\r\n\t\t\t\t\t<\/h2>\r\n\t\t\t\t\t\r\n\t\t\t\t\t\t\t\t\t\t\t<div class=\"sina-bp-text\">\r\n\t\t\t\t\t\t\tLa Unidad de Investigaci\u00f3n de la Facultad de Ciencias Empresariales \u2013 UNE (FACE) desarroll\u00f3 el pasado 26 de agosto, en modalidad virtual, un taller especializado dirigido a estudiantes de los \u00faltimos ciclos y egresados de nuestra facultad. La capacitaci\u00f3n estuvo a cargo de la Dra. Luc\u00eda Panta Sifuentes, directora de&hellip;\t\t\t\t\t\t<\/div>\r\n\t\t\t\t\t\r\n\t\t\t\t\t\t\t\t\t<\/div>\r\n\t\t\t\t\t\t\t<\/div>\r\n\t\t<\/div>\r\n\t<\/div>\r\n\t\t\t\t\t\t\t\t\t\t\t\t\t\t<\/div>\r\n\r\n\t\t\t\t\r\n\t\t\t\t\t\t\t\t<input type=\"hidden\" id=\"sina_load_more_posts08786c5\" name=\"sina_load_more_posts08786c5\" value=\"28b26ba4e2\" \/><input type=\"hidden\" name=\"_wp_http_referer\" value=\"\/Empresariales\/wp-json\/wp\/v2\/pages\/9739\" \/>\t\t\t<\/div><!-- .sina-blogpost -->\r\n\t\t\t\t\t\t\t<\/div>\n\t\t\t\t<\/div>\n\t\t\t\t\t<\/div>\n\t\t<\/div>\n\t\t\t\t\t<\/div>\n\t\t<\/section>\n\t\t\t\t<section class=\"elementor-section elementor-top-section elementor-element elementor-element-348987e elementor-section-boxed elementor-section-height-default elementor-section-height-default\" data-id=\"348987e\" data-element_type=\"section\" data-e-type=\"section\">\n\t\t\t\t\t\t<div class=\"elementor-container elementor-column-gap-default\">\n\t\t\t\t\t<div class=\"elementor-column elementor-col-100 elementor-top-column elementor-element elementor-element-6a60d9a\" data-id=\"6a60d9a\" data-element_type=\"column\" data-e-type=\"column\">\n\t\t\t<div class=\"elementor-widget-wrap elementor-element-populated\">\n\t\t\t\t\t\t<div class=\"elementor-element elementor-element-138c929 elementor-widget-divider--view-line_icon elementor-view-default elementor-widget-divider--element-align-center elementor-widget elementor-widget-divider\" data-id=\"138c929\" data-element_type=\"widget\" data-e-type=\"widget\" data-widget_type=\"divider.default\">\n\t\t\t\t<div class=\"elementor-widget-container\">\n\t\t\t\t\t\t\t<div class=\"elementor-divider\">\n\t\t\t<span class=\"elementor-divider-separator\">\n\t\t\t\t\t\t\t<div class=\"elementor-icon elementor-divider__element\">\n\t\t\t\t\t<i aria-hidden=\"true\" class=\"fab fa-connectdevelop\"><\/i><\/div>\n\t\t\t\t\t\t<\/span>\n\t\t<\/div>\n\t\t\t\t\t\t<\/div>\n\t\t\t\t<\/div>\n\t\t\t\t\t<\/div>\n\t\t<\/div>\n\t\t\t\t\t<\/div>\n\t\t<\/section>\n\t\t\t\t<\/div>\n\t\t","protected":false},"excerpt":{"rendered":"<p>Curso-Taller: Investigaci\u00f3n Cient\u00edfica para Estudiantes y Egresados Curso &#8211; Taller: Investigaci\u00f3n Cient\u00edfica para Estudiantes y Egresados La Direcci\u00f3n de la Unidad de Investigaci\u00f3n&nbsp;de la Facultad de Ciencias Empresariales de la Universidad Nacional de Educaci\u00f3n Enrique Guzm\u00e1n y Valle invita a <a href=\"https:\/\/www.une.edu.pe\/Empresariales\/%f0%9d%97%a7%f0%9d%97%ae%f0%9d%97%b9%f0%9d%97%b9%f0%9d%97%b2%f0%9d%97%bf-%f0%9d%97%b1%f0%9d%97%b2-%f0%9d%97%98%f0%9d%98%80%f0%9d%97%b0%f0%9d%97%bf%f0%9d%97%b6%f0%9d%98%81%f0%9d%98%82%f0%9d%97%bf\/\" class=\"read-more\">Leer m\u00e1s&#8230;<\/a><\/p>\n","protected":false},"author":3,"featured_media":0,"parent":0,"menu_order":0,"comment_status":"closed","ping_status":"closed","template":"","meta":{"footnotes":""},"class_list":["post-9739","page","type-page","status-publish","hentry"],"_links":{"self":[{"href":"https:\/\/www.une.edu.pe\/Empresariales\/wp-json\/wp\/v2\/pages\/9739","targetHints":{"allow":["GET"]}}],"collection":[{"href":"https:\/\/www.une.edu.pe\/Empresariales\/wp-json\/wp\/v2\/pages"}],"about":[{"href":"https:\/\/www.une.edu.pe\/Empresariales\/wp-json\/wp\/v2\/types\/page"}],"author":[{"embeddable":true,"href":"https:\/\/www.une.edu.pe\/Empresariales\/wp-json\/wp\/v2\/users\/3"}],"replies":[{"embeddable":true,"href":"https:\/\/www.une.edu.pe\/Empresariales\/wp-json\/wp\/v2\/comments?post=9739"}],"version-history":[{"count":19,"href":"https:\/\/www.une.edu.pe\/Empresariales\/wp-json\/wp\/v2\/pages\/9739\/revisions"}],"predecessor-version":[{"id":10371,"href":"https:\/\/www.une.edu.pe\/Empresariales\/wp-json\/wp\/v2\/pages\/9739\/revisions\/10371"}],"wp:attachment":[{"href":"https:\/\/www.une.edu.pe\/Empresariales\/wp-json\/wp\/v2\/media?parent=9739"}],"curies":[{"name":"wp","href":"https:\/\/api.w.org\/{rel}","templated":true}]}}