{"id":7075,"date":"2023-11-22T15:24:17","date_gmt":"2023-11-22T14:24:17","guid":{"rendered":"https:\/\/www.une.edu.pe\/Empresariales\/?page_id=7075"},"modified":"2023-11-22T15:37:00","modified_gmt":"2023-11-22T14:37:00","slug":"simulacro-virtual-examen-de-admision-2024-i","status":"publish","type":"page","link":"https:\/\/www.une.edu.pe\/Empresariales\/simulacro-virtual-examen-de-admision-2024-i\/","title":{"rendered":"Simulacro Virtual &#8211; Examen de Admisi\u00f3n 2024 &#8211; I"},"content":{"rendered":"\t\t<div data-elementor-type=\"wp-post\" data-elementor-id=\"7075\" class=\"elementor elementor-7075\">\n\t\t\t\t\t\t<section class=\"elementor-section elementor-top-section elementor-element elementor-element-992cee8 elementor-section-boxed elementor-section-height-default elementor-section-height-default\" data-id=\"992cee8\" data-element_type=\"section\" data-e-type=\"section\">\n\t\t\t\t\t\t<div class=\"elementor-container elementor-column-gap-default\">\n\t\t\t\t\t<div class=\"elementor-column elementor-col-100 elementor-top-column elementor-element elementor-element-6b28a79\" data-id=\"6b28a79\" data-element_type=\"column\" data-e-type=\"column\">\n\t\t\t<div class=\"elementor-widget-wrap elementor-element-populated\">\n\t\t\t\t\t\t<div class=\"elementor-element elementor-element-9cf246d elementor-widget elementor-widget-image\" data-id=\"9cf246d\" data-element_type=\"widget\" data-e-type=\"widget\" data-widget_type=\"image.default\">\n\t\t\t\t<div class=\"elementor-widget-container\">\n\t\t\t\t\t\t\t\t\t\t\t\t\t\t\t<img fetchpriority=\"high\" decoding=\"async\" width=\"609\" height=\"863\" src=\"https:\/\/www.une.edu.pe\/Empresariales\/wp-content\/uploads\/2023\/11\/SimulacroVirtual.jpg\" class=\"attachment-large size-large wp-image-7077\" alt=\"\" srcset=\"https:\/\/www.une.edu.pe\/Empresariales\/wp-content\/uploads\/2023\/11\/SimulacroVirtual.jpg 609w, https:\/\/www.une.edu.pe\/Empresariales\/wp-content\/uploads\/2023\/11\/SimulacroVirtual-212x300.jpg 212w, https:\/\/www.une.edu.pe\/Empresariales\/wp-content\/uploads\/2023\/11\/SimulacroVirtual-191x270.jpg 191w\" sizes=\"(max-width: 609px) 100vw, 609px\" \/>\t\t\t\t\t\t\t\t\t\t\t\t\t\t\t<\/div>\n\t\t\t\t<\/div>\n\t\t\t\t\t<\/div>\n\t\t<\/div>\n\t\t\t\t\t<\/div>\n\t\t<\/section>\n\t\t\t\t<section class=\"elementor-section elementor-top-section elementor-element elementor-element-bd4e250 elementor-section-boxed elementor-section-height-default elementor-section-height-default\" data-id=\"bd4e250\" data-element_type=\"section\" data-e-type=\"section\">\n\t\t\t\t\t\t<div class=\"elementor-container elementor-column-gap-default\">\n\t\t\t\t\t<div class=\"elementor-column elementor-col-100 elementor-top-column elementor-element elementor-element-cb340e1\" data-id=\"cb340e1\" data-element_type=\"column\" data-e-type=\"column\">\n\t\t\t<div class=\"elementor-widget-wrap elementor-element-populated\">\n\t\t\t\t\t\t<div class=\"elementor-element elementor-element-7684ea0 elementor-widget elementor-widget-text-editor\" data-id=\"7684ea0\" data-element_type=\"widget\" data-e-type=\"widget\" data-widget_type=\"text-editor.default\">\n\t\t\t\t<div class=\"elementor-widget-container\">\n\t\t\t\t\t\t\t\t\t<h4><strong>S\u00c9 UN GRAN PROFESIONAL DE LA UNIVERSIDAD NACIONAL DE EDUCACI\u00d3N ENRIQUE<\/strong><br \/><strong>GUZM\u00c1N Y VALLE<\/strong><br \/><strong>\u2705 Participa del SIMULACRO VIRTUAL el 23 de diciembre del 2023.<\/strong><br \/><strong>\u2705 Mide tu nivel acad\u00e9mico y prep\u00e1rate para la Prueba General 2024-I.<\/strong><br \/><strong>\ud83d\udc49 Vis\u00edtanos en <span style=\"color: #0000ff;\"><a style=\"color: #0000ff;\" href=\"https:\/\/www.admision.une.edu.pe\/admision\/\" target=\"_blank\" rel=\"noopener\">https:\/\/www.admision.une.edu.pe\/admision\/<\/a><\/span><\/strong><br \/><strong>\ud83d\udc49 Escr\u00edbenos v\u00eda WhatsApp al 975143798, 954114442, 926404067<\/strong><\/h4>\t\t\t\t\t\t\t\t<\/div>\n\t\t\t\t<\/div>\n\t\t\t\t\t<\/div>\n\t\t<\/div>\n\t\t\t\t\t<\/div>\n\t\t<\/section>\n\t\t\t\t<\/div>\n\t\t","protected":false},"excerpt":{"rendered":"<p>S\u00c9 UN GRAN PROFESIONAL DE LA UNIVERSIDAD NACIONAL DE EDUCACI\u00d3N ENRIQUE GUZM\u00c1N Y VALLE \u2705 Participa del SIMULACRO VIRTUAL el 23 de diciembre del 2023. \u2705 Mide tu nivel acad\u00e9mico y prep\u00e1rate para la Prueba General 2024-I. \ud83d\udc49 Vis\u00edtanos en <a href=\"https:\/\/www.une.edu.pe\/Empresariales\/simulacro-virtual-examen-de-admision-2024-i\/\" class=\"read-more\">Leer m\u00e1s&#8230;<\/a><\/p>\n","protected":false},"author":3,"featured_media":7088,"parent":0,"menu_order":0,"comment_status":"closed","ping_status":"closed","template":"","meta":{"footnotes":""},"class_list":["post-7075","page","type-page","status-publish","has-post-thumbnail","hentry"],"_links":{"self":[{"href":"https:\/\/www.une.edu.pe\/Empresariales\/wp-json\/wp\/v2\/pages\/7075","targetHints":{"allow":["GET"]}}],"collection":[{"href":"https:\/\/www.une.edu.pe\/Empresariales\/wp-json\/wp\/v2\/pages"}],"about":[{"href":"https:\/\/www.une.edu.pe\/Empresariales\/wp-json\/wp\/v2\/types\/page"}],"author":[{"embeddable":true,"href":"https:\/\/www.une.edu.pe\/Empresariales\/wp-json\/wp\/v2\/users\/3"}],"replies":[{"embeddable":true,"href":"https:\/\/www.une.edu.pe\/Empresariales\/wp-json\/wp\/v2\/comments?post=7075"}],"version-history":[{"count":8,"href":"https:\/\/www.une.edu.pe\/Empresariales\/wp-json\/wp\/v2\/pages\/7075\/revisions"}],"predecessor-version":[{"id":7085,"href":"https:\/\/www.une.edu.pe\/Empresariales\/wp-json\/wp\/v2\/pages\/7075\/revisions\/7085"}],"wp:featuredmedia":[{"embeddable":true,"href":"https:\/\/www.une.edu.pe\/Empresariales\/wp-json\/wp\/v2\/media\/7088"}],"wp:attachment":[{"href":"https:\/\/www.une.edu.pe\/Empresariales\/wp-json\/wp\/v2\/media?parent=7075"}],"curies":[{"name":"wp","href":"https:\/\/api.w.org\/{rel}","templated":true}]}}