{"id":5986,"date":"2022-11-07T23:11:14","date_gmt":"2022-11-07T22:11:14","guid":{"rendered":"http:\/\/www.une.edu.pe\/Empresariales\/?page_id=5986"},"modified":"2022-11-07T23:14:31","modified_gmt":"2022-11-07T22:14:31","slug":"diplomado-virtual-gestion-publica","status":"publish","type":"page","link":"https:\/\/www.une.edu.pe\/Empresariales\/diplomado-virtual-gestion-publica\/","title":{"rendered":"Diplomado Virtual en Gesti\u00f3n P\u00fablica"},"content":{"rendered":"\t\t<div data-elementor-type=\"wp-post\" data-elementor-id=\"5986\" class=\"elementor elementor-5986\">\n\t\t\t\t\t\t<section class=\"elementor-section elementor-top-section elementor-element elementor-element-992cee8 elementor-section-boxed elementor-section-height-default elementor-section-height-default\" data-id=\"992cee8\" data-element_type=\"section\" data-e-type=\"section\">\n\t\t\t\t\t\t<div class=\"elementor-container elementor-column-gap-default\">\n\t\t\t\t\t<div class=\"elementor-column elementor-col-100 elementor-top-column elementor-element elementor-element-6b28a79\" data-id=\"6b28a79\" data-element_type=\"column\" data-e-type=\"column\">\n\t\t\t<div class=\"elementor-widget-wrap elementor-element-populated\">\n\t\t\t\t\t\t<div class=\"elementor-element elementor-element-9cf246d elementor-widget elementor-widget-image\" data-id=\"9cf246d\" data-element_type=\"widget\" data-e-type=\"widget\" data-widget_type=\"image.default\">\n\t\t\t\t<div class=\"elementor-widget-container\">\n\t\t\t\t\t\t\t\t\t\t\t\t\t\t\t<img fetchpriority=\"high\" decoding=\"async\" width=\"847\" height=\"871\" src=\"https:\/\/www.une.edu.pe\/Empresariales\/wp-content\/uploads\/2022\/11\/diplomado-gestion-publica-996x1024.jpg\" class=\"attachment-large size-large wp-image-5989\" alt=\"\" srcset=\"https:\/\/www.une.edu.pe\/Empresariales\/wp-content\/uploads\/2022\/11\/diplomado-gestion-publica-996x1024.jpg 996w, https:\/\/www.une.edu.pe\/Empresariales\/wp-content\/uploads\/2022\/11\/diplomado-gestion-publica-292x300.jpg 292w, https:\/\/www.une.edu.pe\/Empresariales\/wp-content\/uploads\/2022\/11\/diplomado-gestion-publica-768x790.jpg 768w, https:\/\/www.une.edu.pe\/Empresariales\/wp-content\/uploads\/2022\/11\/diplomado-gestion-publica-263x270.jpg 263w, https:\/\/www.une.edu.pe\/Empresariales\/wp-content\/uploads\/2022\/11\/diplomado-gestion-publica.jpg 1245w\" sizes=\"(max-width: 847px) 100vw, 847px\" \/>\t\t\t\t\t\t\t\t\t\t\t\t\t\t\t<\/div>\n\t\t\t\t<\/div>\n\t\t\t\t\t<\/div>\n\t\t<\/div>\n\t\t\t\t\t<\/div>\n\t\t<\/section>\n\t\t\t\t<section class=\"elementor-section elementor-top-section elementor-element elementor-element-bd4e250 elementor-section-boxed elementor-section-height-default elementor-section-height-default\" data-id=\"bd4e250\" data-element_type=\"section\" data-e-type=\"section\">\n\t\t\t\t\t\t<div class=\"elementor-container elementor-column-gap-default\">\n\t\t\t\t\t<div class=\"elementor-column elementor-col-100 elementor-top-column elementor-element elementor-element-cb340e1\" data-id=\"cb340e1\" data-element_type=\"column\" data-e-type=\"column\">\n\t\t\t<div class=\"elementor-widget-wrap elementor-element-populated\">\n\t\t\t\t\t\t<div class=\"elementor-element elementor-element-7684ea0 elementor-widget elementor-widget-text-editor\" data-id=\"7684ea0\" data-element_type=\"widget\" data-e-type=\"widget\" data-widget_type=\"text-editor.default\">\n\t\t\t\t<div class=\"elementor-widget-container\">\n\t\t\t\t\t\t\t\t\t<h4><span style=\"color: #800000;\"><strong>INFORMES E INSCRIPCI\u00d3N <\/strong><\/span><\/h4><ul><li><strong>N\u00daMEROS DE CONTACTO: 992964971\/914648569<\/strong><\/li><li><strong>CORREO: <\/strong><strong>empresarialesvirtual@une.edu.pe<\/strong><\/li><li><strong>DURACI\u00d3N: 384 horas<\/strong><\/li><li><strong>CR\u00c9DITOS: 24<\/strong><\/li><li><strong>MODALIDAD: Virtual<\/strong><\/li><li><strong>LAPSO: 06 meses<\/strong><\/li><li><strong>HORARIO: s\u00e1bado de 4: 00 a 8:00 p.m.<\/strong><\/li><\/ul>\t\t\t\t\t\t\t\t<\/div>\n\t\t\t\t<\/div>\n\t\t\t\t\t<\/div>\n\t\t<\/div>\n\t\t\t\t\t<\/div>\n\t\t<\/section>\n\t\t\t\t<\/div>\n\t\t","protected":false},"excerpt":{"rendered":"<p>INFORMES E INSCRIPCI\u00d3N N\u00daMEROS DE CONTACTO: 992964971\/914648569 CORREO: empresarialesvirtual@une.edu.pe DURACI\u00d3N: 384 horas CR\u00c9DITOS: 24 MODALIDAD: Virtual LAPSO: 06 meses HORARIO: s\u00e1bado de 4: 00 a 8:00 p.m.<\/p>\n","protected":false},"author":3,"featured_media":5987,"parent":0,"menu_order":0,"comment_status":"closed","ping_status":"closed","template":"","meta":{"footnotes":""},"class_list":["post-5986","page","type-page","status-publish","has-post-thumbnail","hentry"],"_links":{"self":[{"href":"https:\/\/www.une.edu.pe\/Empresariales\/wp-json\/wp\/v2\/pages\/5986","targetHints":{"allow":["GET"]}}],"collection":[{"href":"https:\/\/www.une.edu.pe\/Empresariales\/wp-json\/wp\/v2\/pages"}],"about":[{"href":"https:\/\/www.une.edu.pe\/Empresariales\/wp-json\/wp\/v2\/types\/page"}],"author":[{"embeddable":true,"href":"https:\/\/www.une.edu.pe\/Empresariales\/wp-json\/wp\/v2\/users\/3"}],"replies":[{"embeddable":true,"href":"https:\/\/www.une.edu.pe\/Empresariales\/wp-json\/wp\/v2\/comments?post=5986"}],"version-history":[{"count":3,"href":"https:\/\/www.une.edu.pe\/Empresariales\/wp-json\/wp\/v2\/pages\/5986\/revisions"}],"predecessor-version":[{"id":5991,"href":"https:\/\/www.une.edu.pe\/Empresariales\/wp-json\/wp\/v2\/pages\/5986\/revisions\/5991"}],"wp:featuredmedia":[{"embeddable":true,"href":"https:\/\/www.une.edu.pe\/Empresariales\/wp-json\/wp\/v2\/media\/5987"}],"wp:attachment":[{"href":"https:\/\/www.une.edu.pe\/Empresariales\/wp-json\/wp\/v2\/media?parent=5986"}],"curies":[{"name":"wp","href":"https:\/\/api.w.org\/{rel}","templated":true}]}}