{"id":5378,"date":"2022-03-19T00:34:15","date_gmt":"2022-03-18T23:34:15","guid":{"rendered":"http:\/\/www.une.edu.pe\/Empresariales\/?page_id=5378"},"modified":"2022-03-19T00:36:32","modified_gmt":"2022-03-18T23:36:32","slug":"acreditacion-de-turismo-y-hoteleria","status":"publish","type":"page","link":"https:\/\/www.une.edu.pe\/Empresariales\/acreditacion-de-turismo-y-hoteleria\/","title":{"rendered":"Acreditaci\u00f3n de Administraci\u00f3n de Turismo y Hoteler\u00eda"},"content":{"rendered":"\t\t<div data-elementor-type=\"wp-post\" data-elementor-id=\"5378\" class=\"elementor elementor-5378\">\n\t\t\t\t\t\t<section class=\"elementor-section elementor-top-section elementor-element elementor-element-99132fb elementor-section-boxed elementor-section-height-default elementor-section-height-default\" data-id=\"99132fb\" data-element_type=\"section\" data-e-type=\"section\">\n\t\t\t\t\t\t<div class=\"elementor-container elementor-column-gap-default\">\n\t\t\t\t\t<div class=\"elementor-column elementor-col-100 elementor-top-column elementor-element elementor-element-049c32b\" data-id=\"049c32b\" data-element_type=\"column\" data-e-type=\"column\">\n\t\t\t<div class=\"elementor-widget-wrap elementor-element-populated\">\n\t\t\t\t\t\t<div class=\"elementor-element elementor-element-439cb9b elementor-widget elementor-widget-image\" data-id=\"439cb9b\" data-element_type=\"widget\" data-e-type=\"widget\" data-widget_type=\"image.default\">\n\t\t\t\t<div class=\"elementor-widget-container\">\n\t\t\t\t\t\t\t\t\t\t\t\t\t\t\t<img fetchpriority=\"high\" decoding=\"async\" width=\"1139\" height=\"2865\" src=\"https:\/\/www.une.edu.pe\/Empresariales\/wp-content\/uploads\/2022\/03\/02-1.png\" class=\"attachment-full size-full wp-image-5380\" alt=\"\" srcset=\"https:\/\/www.une.edu.pe\/Empresariales\/wp-content\/uploads\/2022\/03\/02-1.png 1139w, https:\/\/www.une.edu.pe\/Empresariales\/wp-content\/uploads\/2022\/03\/02-1-119x300.png 119w, https:\/\/www.une.edu.pe\/Empresariales\/wp-content\/uploads\/2022\/03\/02-1-407x1024.png 407w, https:\/\/www.une.edu.pe\/Empresariales\/wp-content\/uploads\/2022\/03\/02-1-768x1932.png 768w, https:\/\/www.une.edu.pe\/Empresariales\/wp-content\/uploads\/2022\/03\/02-1-611x1536.png 611w, https:\/\/www.une.edu.pe\/Empresariales\/wp-content\/uploads\/2022\/03\/02-1-814x2048.png 814w, https:\/\/www.une.edu.pe\/Empresariales\/wp-content\/uploads\/2022\/03\/02-1-107x270.png 107w\" sizes=\"(max-width: 1139px) 100vw, 1139px\" \/>\t\t\t\t\t\t\t\t\t\t\t\t\t\t\t<\/div>\n\t\t\t\t<\/div>\n\t\t\t\t\t<\/div>\n\t\t<\/div>\n\t\t\t\t\t<\/div>\n\t\t<\/section>\n\t\t\t\t<\/div>\n\t\t","protected":false},"excerpt":{"rendered":"","protected":false},"author":3,"featured_media":0,"parent":0,"menu_order":0,"comment_status":"closed","ping_status":"closed","template":"","meta":{"footnotes":""},"class_list":["post-5378","page","type-page","status-publish","hentry"],"_links":{"self":[{"href":"https:\/\/www.une.edu.pe\/Empresariales\/wp-json\/wp\/v2\/pages\/5378","targetHints":{"allow":["GET"]}}],"collection":[{"href":"https:\/\/www.une.edu.pe\/Empresariales\/wp-json\/wp\/v2\/pages"}],"about":[{"href":"https:\/\/www.une.edu.pe\/Empresariales\/wp-json\/wp\/v2\/types\/page"}],"author":[{"embeddable":true,"href":"https:\/\/www.une.edu.pe\/Empresariales\/wp-json\/wp\/v2\/users\/3"}],"replies":[{"embeddable":true,"href":"https:\/\/www.une.edu.pe\/Empresariales\/wp-json\/wp\/v2\/comments?post=5378"}],"version-history":[{"count":3,"href":"https:\/\/www.une.edu.pe\/Empresariales\/wp-json\/wp\/v2\/pages\/5378\/revisions"}],"predecessor-version":[{"id":5382,"href":"https:\/\/www.une.edu.pe\/Empresariales\/wp-json\/wp\/v2\/pages\/5378\/revisions\/5382"}],"wp:attachment":[{"href":"https:\/\/www.une.edu.pe\/Empresariales\/wp-json\/wp\/v2\/media?parent=5378"}],"curies":[{"name":"wp","href":"https:\/\/api.w.org\/{rel}","templated":true}]}}