{"id":4485,"date":"2021-07-16T07:09:50","date_gmt":"2021-07-16T05:09:50","guid":{"rendered":"http:\/\/www.une.edu.pe\/Empresariales\/?page_id=4485"},"modified":"2026-04-10T21:28:57","modified_gmt":"2026-04-11T02:28:57","slug":"turismo-y-hoteleria","status":"publish","type":"page","link":"https:\/\/www.une.edu.pe\/Empresariales\/turismo-y-hoteleria\/","title":{"rendered":"Turismo y Hoteler\u00eda"},"content":{"rendered":"\t\t<div data-elementor-type=\"wp-post\" data-elementor-id=\"4485\" class=\"elementor elementor-4485\">\n\t\t\t\t\t\t<section class=\"elementor-section elementor-top-section elementor-element elementor-element-bb9443d elementor-section-boxed elementor-section-height-default elementor-section-height-default\" data-id=\"bb9443d\" data-element_type=\"section\" data-e-type=\"section\">\n\t\t\t\t\t\t<div class=\"elementor-container elementor-column-gap-default\">\n\t\t\t\t\t<div class=\"elementor-column elementor-col-33 elementor-top-column elementor-element elementor-element-188ff07\" data-id=\"188ff07\" data-element_type=\"column\" data-e-type=\"column\">\n\t\t\t<div class=\"elementor-widget-wrap elementor-element-populated\">\n\t\t\t\t\t\t<div class=\"elementor-element elementor-element-1bfedc0 elementor-view-default elementor-position-block-start elementor-mobile-position-block-start elementor-widget elementor-widget-icon-box\" data-id=\"1bfedc0\" data-element_type=\"widget\" data-e-type=\"widget\" data-widget_type=\"icon-box.default\">\n\t\t\t\t<div class=\"elementor-widget-container\">\n\t\t\t\t\t\t\t<div class=\"elementor-icon-box-wrapper\">\n\n\t\t\t\t\t\t<div class=\"elementor-icon-box-icon\">\n\t\t\t\t<a href=\"https:\/\/www.une.edu.pe\/Empresariales\/wp-content\/uploads\/2026\/04\/Docentes-EP-Turismo-Hoteleria-y-Gastronomia-2026.pdf\" target=\"_blank\" class=\"elementor-icon\" tabindex=\"-1\" aria-label=\"Docentes\">\n\t\t\t\t<i aria-hidden=\"true\" class=\"fas fa-users\"><\/i>\t\t\t\t<\/a>\n\t\t\t<\/div>\n\t\t\t\n\t\t\t\t\t\t<div class=\"elementor-icon-box-content\">\n\n\t\t\t\t\t\t\t\t\t<h3 class=\"elementor-icon-box-title\">\n\t\t\t\t\t\t<a href=\"https:\/\/www.une.edu.pe\/Empresariales\/wp-content\/uploads\/2026\/04\/Docentes-EP-Turismo-Hoteleria-y-Gastronomia-2026.pdf\" target=\"_blank\" >\n\t\t\t\t\t\t\tDocentes\t\t\t\t\t\t<\/a>\n\t\t\t\t\t<\/h3>\n\t\t\t\t\n\t\t\t\t\n\t\t\t<\/div>\n\t\t\t\n\t\t<\/div>\n\t\t\t\t\t\t<\/div>\n\t\t\t\t<\/div>\n\t\t\t\t\t<\/div>\n\t\t<\/div>\n\t\t\t\t<div class=\"elementor-column elementor-col-33 elementor-top-column elementor-element elementor-element-b3a48cc\" data-id=\"b3a48cc\" data-element_type=\"column\" data-e-type=\"column\">\n\t\t\t<div class=\"elementor-widget-wrap elementor-element-populated\">\n\t\t\t\t\t\t<div class=\"elementor-element elementor-element-651ca79 elementor-view-default elementor-position-block-start elementor-mobile-position-block-start elementor-widget elementor-widget-icon-box\" data-id=\"651ca79\" data-element_type=\"widget\" data-e-type=\"widget\" data-widget_type=\"icon-box.default\">\n\t\t\t\t<div class=\"elementor-widget-container\">\n\t\t\t\t\t\t\t<div class=\"elementor-icon-box-wrapper\">\n\n\t\t\t\t\t\t<div class=\"elementor-icon-box-icon\">\n\t\t\t\t<a href=\"https:\/\/www.une.edu.pe\/Empresariales\/wp-content\/uploads\/2025\/03\/Malla-Curricular-Turismo-y-Hoteler\u00eda-1.pdf\" target=\"_blank\" class=\"elementor-icon\" tabindex=\"-1\" aria-label=\"Malla Curricular\">\n\t\t\t\t<i aria-hidden=\"true\" class=\"fas fa-book\"><\/i>\t\t\t\t<\/a>\n\t\t\t<\/div>\n\t\t\t\n\t\t\t\t\t\t<div class=\"elementor-icon-box-content\">\n\n\t\t\t\t\t\t\t\t\t<h3 class=\"elementor-icon-box-title\">\n\t\t\t\t\t\t<a href=\"https:\/\/www.une.edu.pe\/Empresariales\/wp-content\/uploads\/2025\/03\/Malla-Curricular-Turismo-y-Hoteler\u00eda-1.pdf\" target=\"_blank\" >\n\t\t\t\t\t\t\tMalla Curricular\t\t\t\t\t\t<\/a>\n\t\t\t\t\t<\/h3>\n\t\t\t\t\n\t\t\t\t\n\t\t\t<\/div>\n\t\t\t\n\t\t<\/div>\n\t\t\t\t\t\t<\/div>\n\t\t\t\t<\/div>\n\t\t\t\t\t<\/div>\n\t\t<\/div>\n\t\t\t\t<div class=\"elementor-column elementor-col-33 elementor-top-column elementor-element elementor-element-a25e28e\" data-id=\"a25e28e\" data-element_type=\"column\" data-e-type=\"column\">\n\t\t\t<div class=\"elementor-widget-wrap elementor-element-populated\">\n\t\t\t\t\t\t<div class=\"elementor-element elementor-element-f88c2b4 elementor-view-default elementor-position-block-start elementor-mobile-position-block-start elementor-widget elementor-widget-icon-box\" data-id=\"f88c2b4\" data-element_type=\"widget\" data-e-type=\"widget\" data-widget_type=\"icon-box.default\">\n\t\t\t\t<div class=\"elementor-widget-container\">\n\t\t\t\t\t\t\t<div class=\"elementor-icon-box-wrapper\">\n\n\t\t\t\t\t\t<div class=\"elementor-icon-box-icon\">\n\t\t\t\t<a href=\"http:\/\/www.une.edu.pe\/Empresariales\/plan-de-estudios-de-turismo-y-hoteleria\" class=\"elementor-icon\" tabindex=\"-1\" aria-label=\"Plan de Estudios\">\n\t\t\t\t<i aria-hidden=\"true\" class=\"fas fa-book-reader\"><\/i>\t\t\t\t<\/a>\n\t\t\t<\/div>\n\t\t\t\n\t\t\t\t\t\t<div class=\"elementor-icon-box-content\">\n\n\t\t\t\t\t\t\t\t\t<h3 class=\"elementor-icon-box-title\">\n\t\t\t\t\t\t<a href=\"http:\/\/www.une.edu.pe\/Empresariales\/plan-de-estudios-de-turismo-y-hoteleria\" >\n\t\t\t\t\t\t\tPlan de Estudios\t\t\t\t\t\t<\/a>\n\t\t\t\t\t<\/h3>\n\t\t\t\t\n\t\t\t\t\n\t\t\t<\/div>\n\t\t\t\n\t\t<\/div>\n\t\t\t\t\t\t<\/div>\n\t\t\t\t<\/div>\n\t\t\t\t\t<\/div>\n\t\t<\/div>\n\t\t\t\t\t<\/div>\n\t\t<\/section>\n\t\t\t\t<section class=\"elementor-section elementor-top-section elementor-element elementor-element-6313904 elementor-section-boxed elementor-section-height-default elementor-section-height-default\" data-id=\"6313904\" data-element_type=\"section\" data-e-type=\"section\">\n\t\t\t\t\t\t<div class=\"elementor-container elementor-column-gap-default\">\n\t\t\t\t\t<div class=\"elementor-column elementor-col-100 elementor-top-column elementor-element elementor-element-3bb895a\" data-id=\"3bb895a\" data-element_type=\"column\" data-e-type=\"column\">\n\t\t\t<div class=\"elementor-widget-wrap elementor-element-populated\">\n\t\t\t\t\t\t<div class=\"elementor-element elementor-element-8f732a6 elementor-widget-divider--view-line_icon elementor-view-default elementor-widget-divider--element-align-center elementor-widget elementor-widget-divider\" data-id=\"8f732a6\" data-element_type=\"widget\" data-e-type=\"widget\" data-widget_type=\"divider.default\">\n\t\t\t\t<div class=\"elementor-widget-container\">\n\t\t\t\t\t\t\t<div class=\"elementor-divider\">\n\t\t\t<span class=\"elementor-divider-separator\">\n\t\t\t\t\t\t\t<div class=\"elementor-icon elementor-divider__element\">\n\t\t\t\t\t<i aria-hidden=\"true\" class=\"fas fa-star\"><\/i><\/div>\n\t\t\t\t\t\t<\/span>\n\t\t<\/div>\n\t\t\t\t\t\t<\/div>\n\t\t\t\t<\/div>\n\t\t\t\t\t<\/div>\n\t\t<\/div>\n\t\t\t\t\t<\/div>\n\t\t<\/section>\n\t\t\t\t<section class=\"elementor-section elementor-top-section elementor-element elementor-element-6439510 elementor-section-boxed elementor-section-height-default elementor-section-height-default\" data-id=\"6439510\" data-element_type=\"section\" data-e-type=\"section\">\n\t\t\t\t\t\t<div class=\"elementor-container elementor-column-gap-default\">\n\t\t\t\t\t<div class=\"elementor-column elementor-col-100 elementor-top-column elementor-element elementor-element-799e1c7\" data-id=\"799e1c7\" data-element_type=\"column\" data-e-type=\"column\">\n\t\t\t<div class=\"elementor-widget-wrap elementor-element-populated\">\n\t\t\t\t\t\t<div class=\"elementor-element elementor-element-8f7adbc elementor-widget elementor-widget-text-editor\" data-id=\"8f7adbc\" data-element_type=\"widget\" data-e-type=\"widget\" data-widget_type=\"text-editor.default\">\n\t\t\t\t<div class=\"elementor-widget-container\">\n\t\t\t\t\t\t\t\t\t<h4><strong>PERFIL DEL INGRESANTE DEL PROGRAMA DE ESTUDIOS DE TURISMO Y HOTELER\u00cdA<\/strong><\/h4><ul><li><h4>Demuestra conocimientos de cultura general.<\/h4><\/li><li><h4>Demuestra capacidad de an\u00e1lisis del contexto socio-hist\u00f3rico regional, nacional e internacional.<\/h4><\/li><li><h4>Demuestra habilidad en el manejo adecuado de procesador de textos e Internet.<\/h4><\/li><li><h4>Demuestra comprensi\u00f3n y redacci\u00f3n de textos.<\/h4><\/li><li><h4>Demuestra iniciativa, responsabilidad y deseos de superaci\u00f3n.<\/h4><\/li><li><h4>Demuestra disposici\u00f3n y motivaci\u00f3n para el trabajo en equipo.<\/h4><\/li><li><h4>Demuestra actitud de servicio.<\/h4><\/li><li><h4>Demuestra respeto por el medio ambiente.<\/h4><\/li><\/ul>\t\t\t\t\t\t\t\t<\/div>\n\t\t\t\t<\/div>\n\t\t\t\t\t<\/div>\n\t\t<\/div>\n\t\t\t\t\t<\/div>\n\t\t<\/section>\n\t\t\t\t<section class=\"elementor-section elementor-top-section elementor-element elementor-element-f0f8a08 elementor-section-boxed elementor-section-height-default elementor-section-height-default\" data-id=\"f0f8a08\" data-element_type=\"section\" data-e-type=\"section\">\n\t\t\t\t\t\t<div class=\"elementor-container elementor-column-gap-default\">\n\t\t\t\t\t<div class=\"elementor-column elementor-col-100 elementor-top-column elementor-element elementor-element-1ae84d9\" data-id=\"1ae84d9\" data-element_type=\"column\" data-e-type=\"column\">\n\t\t\t<div class=\"elementor-widget-wrap elementor-element-populated\">\n\t\t\t\t\t\t<div class=\"elementor-element elementor-element-abc33d8 elementor-widget-divider--view-line_icon elementor-view-default elementor-widget-divider--element-align-center elementor-widget elementor-widget-divider\" data-id=\"abc33d8\" data-element_type=\"widget\" data-e-type=\"widget\" data-widget_type=\"divider.default\">\n\t\t\t\t<div class=\"elementor-widget-container\">\n\t\t\t\t\t\t\t<div class=\"elementor-divider\">\n\t\t\t<span class=\"elementor-divider-separator\">\n\t\t\t\t\t\t\t<div class=\"elementor-icon elementor-divider__element\">\n\t\t\t\t\t<i aria-hidden=\"true\" class=\"fas fa-star\"><\/i><\/div>\n\t\t\t\t\t\t<\/span>\n\t\t<\/div>\n\t\t\t\t\t\t<\/div>\n\t\t\t\t<\/div>\n\t\t\t\t\t<\/div>\n\t\t<\/div>\n\t\t\t\t\t<\/div>\n\t\t<\/section>\n\t\t\t\t<section class=\"elementor-section elementor-top-section elementor-element elementor-element-ffe311c elementor-section-boxed elementor-section-height-default elementor-section-height-default\" data-id=\"ffe311c\" data-element_type=\"section\" data-e-type=\"section\">\n\t\t\t\t\t\t<div class=\"elementor-container elementor-column-gap-default\">\n\t\t\t\t\t<div class=\"elementor-column elementor-col-100 elementor-top-column elementor-element elementor-element-9399e29\" data-id=\"9399e29\" data-element_type=\"column\" data-e-type=\"column\">\n\t\t\t<div class=\"elementor-widget-wrap elementor-element-populated\">\n\t\t\t\t\t\t<div class=\"elementor-element elementor-element-59ad224 elementor-widget elementor-widget-text-editor\" data-id=\"59ad224\" data-element_type=\"widget\" data-e-type=\"widget\" data-widget_type=\"text-editor.default\">\n\t\t\t\t<div class=\"elementor-widget-container\">\n\t\t\t\t\t\t\t\t\t<h4><strong>PERFIL DEL EGRESADO DEL PROGRAMA DE ESTUDIOS DE TURISMO Y HOTELER\u00cdA<\/strong><\/h4><h4>1. Selecciona las decisiones m\u00e1s acertadas en la creaci\u00f3n, desarrollo, fusi\u00f3n, reestructuraci\u00f3n y liquidaci\u00f3n de organizaciones tur\u00edsticas y hoteleras.<br \/>2. Aplica herramientas tecnol\u00f3gicas para la realizaci\u00f3n de sus funciones en las organizaciones tur\u00edsticas y hoteleras.<br \/>3. Dirige, gestiona y crea productos tur\u00edsticos con calidad en las organizaciones p\u00fablicas o privadas del sector tur\u00edstico y hotelero.<br \/>4. Aplica la comunicaci\u00f3n como forma predominante en la gesti\u00f3n del talento humano, mejorando el clima organizacional.<br \/>5. Dise\u00f1a y conduce procesos de log\u00edstica, producci\u00f3n y comercializaci\u00f3n de bienes y servicios tur\u00edsticos y hoteleros.<br \/>6. Expresa correctamente sus ideas a personas de diferentes partes del mundo en su idioma nativo.<br \/>7. Valora, promueve el cambio y el desarrollo organizacional de las organizaciones tur\u00edsticas y hoteleras.<br \/>8. Analiza, sistematiza e interpreta informaci\u00f3n para solucionar problemas en el \u00e1mbito tur\u00edstico y hotelero.<br \/>9. Demuestra \u00e9tica profesional en todas sus actividades<\/h4>\t\t\t\t\t\t\t\t<\/div>\n\t\t\t\t<\/div>\n\t\t\t\t\t<\/div>\n\t\t<\/div>\n\t\t\t\t\t<\/div>\n\t\t<\/section>\n\t\t\t\t<section class=\"elementor-section elementor-top-section elementor-element elementor-element-c39878b elementor-section-boxed elementor-section-height-default elementor-section-height-default\" data-id=\"c39878b\" data-element_type=\"section\" data-e-type=\"section\">\n\t\t\t\t\t\t<div class=\"elementor-container elementor-column-gap-default\">\n\t\t\t\t\t<div class=\"elementor-column elementor-col-100 elementor-top-column elementor-element elementor-element-a68147c\" data-id=\"a68147c\" data-element_type=\"column\" data-e-type=\"column\">\n\t\t\t<div class=\"elementor-widget-wrap elementor-element-populated\">\n\t\t\t\t\t\t<div class=\"elementor-element elementor-element-674c480 elementor-widget elementor-widget-image\" data-id=\"674c480\" data-element_type=\"widget\" data-e-type=\"widget\" data-widget_type=\"image.default\">\n\t\t\t\t<div class=\"elementor-widget-container\">\n\t\t\t\t\t\t\t\t\t\t\t\t\t\t\t<img fetchpriority=\"high\" decoding=\"async\" width=\"800\" height=\"2000\" src=\"https:\/\/www.une.edu.pe\/Empresariales\/wp-content\/uploads\/2025\/12\/Perfil-egresado-Turismo-y-Hoteleria.jpg\" class=\"attachment-full size-full wp-image-9974\" alt=\"\" srcset=\"https:\/\/www.une.edu.pe\/Empresariales\/wp-content\/uploads\/2025\/12\/Perfil-egresado-Turismo-y-Hoteleria.jpg 800w, https:\/\/www.une.edu.pe\/Empresariales\/wp-content\/uploads\/2025\/12\/Perfil-egresado-Turismo-y-Hoteleria-120x300.jpg 120w, https:\/\/www.une.edu.pe\/Empresariales\/wp-content\/uploads\/2025\/12\/Perfil-egresado-Turismo-y-Hoteleria-410x1024.jpg 410w, https:\/\/www.une.edu.pe\/Empresariales\/wp-content\/uploads\/2025\/12\/Perfil-egresado-Turismo-y-Hoteleria-768x1920.jpg 768w, https:\/\/www.une.edu.pe\/Empresariales\/wp-content\/uploads\/2025\/12\/Perfil-egresado-Turismo-y-Hoteleria-614x1536.jpg 614w, https:\/\/www.une.edu.pe\/Empresariales\/wp-content\/uploads\/2025\/12\/Perfil-egresado-Turismo-y-Hoteleria-108x270.jpg 108w\" sizes=\"(max-width: 800px) 100vw, 800px\" \/>\t\t\t\t\t\t\t\t\t\t\t\t\t\t\t<\/div>\n\t\t\t\t<\/div>\n\t\t\t\t\t<\/div>\n\t\t<\/div>\n\t\t\t\t\t<\/div>\n\t\t<\/section>\n\t\t\t\t<section class=\"elementor-section elementor-top-section elementor-element elementor-element-b6c2339 elementor-section-boxed elementor-section-height-default elementor-section-height-default\" data-id=\"b6c2339\" data-element_type=\"section\" data-e-type=\"section\">\n\t\t\t\t\t\t<div class=\"elementor-container elementor-column-gap-default\">\n\t\t\t\t\t<div class=\"elementor-column elementor-col-100 elementor-top-column elementor-element elementor-element-5dda85b\" data-id=\"5dda85b\" data-element_type=\"column\" data-e-type=\"column\">\n\t\t\t<div class=\"elementor-widget-wrap elementor-element-populated\">\n\t\t\t\t\t\t<div class=\"elementor-element elementor-element-ec6973a elementor-widget-divider--view-line_icon elementor-view-default elementor-widget-divider--element-align-center elementor-widget elementor-widget-divider\" data-id=\"ec6973a\" data-element_type=\"widget\" data-e-type=\"widget\" data-widget_type=\"divider.default\">\n\t\t\t\t<div class=\"elementor-widget-container\">\n\t\t\t\t\t\t\t<div class=\"elementor-divider\">\n\t\t\t<span class=\"elementor-divider-separator\">\n\t\t\t\t\t\t\t<div class=\"elementor-icon elementor-divider__element\">\n\t\t\t\t\t<i aria-hidden=\"true\" class=\"fas fa-star\"><\/i><\/div>\n\t\t\t\t\t\t<\/span>\n\t\t<\/div>\n\t\t\t\t\t\t<\/div>\n\t\t\t\t<\/div>\n\t\t\t\t\t<\/div>\n\t\t<\/div>\n\t\t\t\t\t<\/div>\n\t\t<\/section>\n\t\t\t\t<\/div>\n\t\t","protected":false},"excerpt":{"rendered":"<p>Docentes Malla Curricular Plan de Estudios PERFIL DEL INGRESANTE DEL PROGRAMA DE ESTUDIOS DE TURISMO Y HOTELER\u00cdA Demuestra conocimientos de cultura general. Demuestra capacidad de an\u00e1lisis del contexto socio-hist\u00f3rico regional, nacional e internacional. Demuestra habilidad en el manejo adecuado de <a href=\"https:\/\/www.une.edu.pe\/Empresariales\/turismo-y-hoteleria\/\" class=\"read-more\">Leer m\u00e1s&#8230;<\/a><\/p>\n","protected":false},"author":3,"featured_media":0,"parent":0,"menu_order":0,"comment_status":"closed","ping_status":"closed","template":"","meta":{"footnotes":""},"class_list":["post-4485","page","type-page","status-publish","hentry"],"_links":{"self":[{"href":"https:\/\/www.une.edu.pe\/Empresariales\/wp-json\/wp\/v2\/pages\/4485","targetHints":{"allow":["GET"]}}],"collection":[{"href":"https:\/\/www.une.edu.pe\/Empresariales\/wp-json\/wp\/v2\/pages"}],"about":[{"href":"https:\/\/www.une.edu.pe\/Empresariales\/wp-json\/wp\/v2\/types\/page"}],"author":[{"embeddable":true,"href":"https:\/\/www.une.edu.pe\/Empresariales\/wp-json\/wp\/v2\/users\/3"}],"replies":[{"embeddable":true,"href":"https:\/\/www.une.edu.pe\/Empresariales\/wp-json\/wp\/v2\/comments?post=4485"}],"version-history":[{"count":41,"href":"https:\/\/www.une.edu.pe\/Empresariales\/wp-json\/wp\/v2\/pages\/4485\/revisions"}],"predecessor-version":[{"id":10585,"href":"https:\/\/www.une.edu.pe\/Empresariales\/wp-json\/wp\/v2\/pages\/4485\/revisions\/10585"}],"wp:attachment":[{"href":"https:\/\/www.une.edu.pe\/Empresariales\/wp-json\/wp\/v2\/media?parent=4485"}],"curies":[{"name":"wp","href":"https:\/\/api.w.org\/{rel}","templated":true}]}}