{"id":4363,"date":"2021-07-14T08:04:18","date_gmt":"2021-07-14T06:04:18","guid":{"rendered":"http:\/\/www.une.edu.pe\/Empresariales\/?page_id=4363"},"modified":"2021-08-07T23:16:55","modified_gmt":"2021-08-07T21:16:55","slug":"directorio-de-autoridades","status":"publish","type":"page","link":"https:\/\/www.une.edu.pe\/Empresariales\/directorio-de-autoridades\/","title":{"rendered":"DIRECTORIO DE AUTORIDADES"},"content":{"rendered":"\n<figure class=\"wp-block-table is-style-stripes\"><table class=\"\"><tbody><tr><td class=\"has-text-align-center\" data-align=\"center\"><strong>CARGO<\/strong> <\/td><td class=\"has-text-align-center\" data-align=\"center\"><strong>APELLIDOS Y NOMBRES<\/strong> <\/td><td class=\"has-text-align-center\" data-align=\"center\"><strong>CORREO<\/strong> <\/td><td class=\"has-text-align-center\" data-align=\"center\"><strong>CELULAR<\/strong> <\/td><\/tr><tr><td class=\"has-text-align-center\" data-align=\"center\">Decano <\/td><td class=\"has-text-align-center\" data-align=\"center\">Dr. Tito Doroteo Acosta Castro <\/td><td class=\"has-text-align-center\" data-align=\"center\"><\/td><td class=\"has-text-align-center\" data-align=\"center\"><\/td><\/tr><tr><td class=\"has-text-align-center\" data-align=\"center\">Secretaria Acad\u00e9mica <\/td><td class=\"has-text-align-center\" data-align=\"center\">Lic. Adm. Gladys Rosabel Mayorga Artica <\/td><td class=\"has-text-align-center\" data-align=\"center\"><\/td><td class=\"has-text-align-center\" data-align=\"center\"><\/td><\/tr><tr><td class=\"has-text-align-center\" data-align=\"center\">Director del Departamento Acad\u00e9mico de Administraci\u00f3n y Negocios  Internacionales <\/td><td class=\"has-text-align-center\" data-align=\"center\">Dra. Beatriz del Carmen Caycho Salas <\/td><td class=\"has-text-align-center\" data-align=\"center\"><\/td><td class=\"has-text-align-center\" data-align=\"center\"><\/td><\/tr><tr><td class=\"has-text-align-center\" data-align=\"center\">Director del Departamento Acad\u00e9mico de Turismo, Hoteler\u00eda y Gastronom\u00eda <\/td><td class=\"has-text-align-center\" data-align=\"center\">Dra. Bertha Gladys Miranda Guevara <\/td><td class=\"has-text-align-center\" data-align=\"center\"><\/td><td class=\"has-text-align-center\" data-align=\"center\"><\/td><\/tr><tr><td class=\"has-text-align-center\" data-align=\"center\">Director de la Escuela Profesional de Administraci\u00f3n y Negocios  Internacionales <\/td><td class=\"has-text-align-center\" data-align=\"center\">Director de la Escuela Profesional de Administraci\u00f3n y Negocios  Internacionales <\/td><td class=\"has-text-align-center\" data-align=\"center\"><\/td><td class=\"has-text-align-center\" data-align=\"center\"><\/td><\/tr><tr><td class=\"has-text-align-center\" data-align=\"center\">Director de la Escuela Profesional de Turismo, Hoteler\u00eda y Gastronom\u00eda <\/td><td class=\"has-text-align-center\" data-align=\"center\">Mtra. Katya Nora L\u00f3pez G\u00e1lvez <\/td><td class=\"has-text-align-center\" data-align=\"center\"><\/td><td class=\"has-text-align-center\" data-align=\"center\"><\/td><\/tr><tr><td class=\"has-text-align-center\" data-align=\"center\">Director de la Unidad de Investigaci\u00f3n <\/td><td class=\"has-text-align-center\" data-align=\"center\">Dr. Felix ALberto Aguilar Ibarra <\/td><td class=\"has-text-align-center\" data-align=\"center\"><\/td><td class=\"has-text-align-center\" data-align=\"center\"><\/td><\/tr><tr><td class=\"has-text-align-center\" data-align=\"center\">Director de la Unidad de Postgrado <\/td><td class=\"has-text-align-center\" data-align=\"center\">Dr. Luis Antonio Merino Solsol <\/td><td class=\"has-text-align-center\" data-align=\"center\"><\/td><td class=\"has-text-align-center\" data-align=\"center\"><\/td><\/tr><tr><td class=\"has-text-align-center\" data-align=\"center\">Coordinador de Pr\u00e1ctica Pre profesional <\/td><td class=\"has-text-align-center\" data-align=\"center\">Dr. Julio C\u00e9sar Merino Berrios <\/td><td class=\"has-text-align-center\" data-align=\"center\"><\/td><td class=\"has-text-align-center\" data-align=\"center\"><\/td><\/tr><tr><td class=\"has-text-align-center\" data-align=\"center\">Coordinador de Formaci\u00f3n Continua <\/td><td class=\"has-text-align-center\" data-align=\"center\">Dr. Guillermo Mu\u00f1oz del Pozo <\/td><td class=\"has-text-align-center\" data-align=\"center\"><\/td><td class=\"has-text-align-center\" data-align=\"center\"><\/td><\/tr><tr><td class=\"has-text-align-center\" data-align=\"center\">Coordinadora de Extensi\u00f3n Cultural y Proyecci\u00f3n Social <\/td><td class=\"has-text-align-center\" data-align=\"center\">Mg. Gloria Carlota Nizama Ruiz <\/td><td class=\"has-text-align-center\" data-align=\"center\"><\/td><td class=\"has-text-align-center\" data-align=\"center\"><\/td><\/tr><tr><td class=\"has-text-align-center\" data-align=\"center\">Coordinador de Relaciones y Cooperaci\u00f3n Interinstitucionales <\/td><td class=\"has-text-align-center\" data-align=\"center\">Mg. Gualberto Guillermo Hurtado Ramos <\/td><td class=\"has-text-align-center\" data-align=\"center\"><\/td><td class=\"has-text-align-center\" data-align=\"center\"><\/td><\/tr><tr><td class=\"has-text-align-center\" data-align=\"center\">Coordinador de Calidad Acad\u00e9mica y Acreditaci\u00f3n <\/td><td class=\"has-text-align-center\" data-align=\"center\"> Mg. Gualberto Guillermo Hurtado Ramos  <\/td><td class=\"has-text-align-center\" data-align=\"center\"><\/td><td class=\"has-text-align-center\" data-align=\"center\"><\/td><\/tr><tr><td class=\"has-text-align-center\" data-align=\"center\">Coordinador de Tutor\u00eda y Consejer\u00eda <\/td><td class=\"has-text-align-center\" data-align=\"center\">Mtra. Lorena Amparo Medrano Rivera <\/td><td class=\"has-text-align-center\" data-align=\"center\"><\/td><td class=\"has-text-align-center\" data-align=\"center\"><\/td><\/tr><tr><td class=\"has-text-align-center\" data-align=\"center\">Coordinador de Talleres y Laboratorios <\/td><td class=\"has-text-align-center\" data-align=\"center\">Mtro. Guillermo Buiza Rom\u00e1n <\/td><td class=\"has-text-align-center\" data-align=\"center\"><\/td><td class=\"has-text-align-center\" data-align=\"center\"><\/td><\/tr><tr><td class=\"has-text-align-center\" data-align=\"center\">Responsable de las actividades de Responsabilidad Social <\/td><td class=\"has-text-align-center\" data-align=\"center\">Mtro. Luis Salom\u00f3n Merino Berrios<\/td><td class=\"has-text-align-center\" data-align=\"center\"><\/td><td class=\"has-text-align-center\" data-align=\"center\"><\/td><\/tr><\/tbody><\/table><\/figure>\n","protected":false},"excerpt":{"rendered":"<p>CARGO APELLIDOS Y NOMBRES CORREO CELULAR Decano Dr. Tito Doroteo Acosta Castro Secretaria Acad\u00e9mica Lic. Adm. Gladys Rosabel Mayorga Artica Director del Departamento Acad\u00e9mico de Administraci\u00f3n y Negocios Internacionales Dra. Beatriz del Carmen Caycho Salas Director del Departamento Acad\u00e9mico de <a href=\"https:\/\/www.une.edu.pe\/Empresariales\/directorio-de-autoridades\/\" class=\"read-more\">Leer m\u00e1s&#8230;<\/a><\/p>\n","protected":false},"author":3,"featured_media":0,"parent":0,"menu_order":0,"comment_status":"closed","ping_status":"closed","template":"","meta":{"footnotes":""},"class_list":["post-4363","page","type-page","status-publish","hentry"],"_links":{"self":[{"href":"https:\/\/www.une.edu.pe\/Empresariales\/wp-json\/wp\/v2\/pages\/4363","targetHints":{"allow":["GET"]}}],"collection":[{"href":"https:\/\/www.une.edu.pe\/Empresariales\/wp-json\/wp\/v2\/pages"}],"about":[{"href":"https:\/\/www.une.edu.pe\/Empresariales\/wp-json\/wp\/v2\/types\/page"}],"author":[{"embeddable":true,"href":"https:\/\/www.une.edu.pe\/Empresariales\/wp-json\/wp\/v2\/users\/3"}],"replies":[{"embeddable":true,"href":"https:\/\/www.une.edu.pe\/Empresariales\/wp-json\/wp\/v2\/comments?post=4363"}],"version-history":[{"count":5,"href":"https:\/\/www.une.edu.pe\/Empresariales\/wp-json\/wp\/v2\/pages\/4363\/revisions"}],"predecessor-version":[{"id":4633,"href":"https:\/\/www.une.edu.pe\/Empresariales\/wp-json\/wp\/v2\/pages\/4363\/revisions\/4633"}],"wp:attachment":[{"href":"https:\/\/www.une.edu.pe\/Empresariales\/wp-json\/wp\/v2\/media?parent=4363"}],"curies":[{"name":"wp","href":"https:\/\/api.w.org\/{rel}","templated":true}]}}