{"id":3112,"date":"2019-12-04T17:44:58","date_gmt":"2019-12-04T16:44:58","guid":{"rendered":"http:\/\/www.une.edu.pe\/Empresariales\/?page_id=3112"},"modified":"2025-03-24T15:13:51","modified_gmt":"2025-03-24T20:13:51","slug":"bienvenidos-a-la-facultad","status":"publish","type":"page","link":"https:\/\/www.une.edu.pe\/Empresariales\/bienvenidos-a-la-facultad\/","title":{"rendered":"Bienvenidos a la Facultad"},"content":{"rendered":"\t\t<div data-elementor-type=\"wp-post\" data-elementor-id=\"3112\" class=\"elementor elementor-3112\">\n\t\t\t\t\t\t<section class=\"elementor-section elementor-top-section elementor-element elementor-element-8e3129d elementor-section-boxed elementor-section-height-default elementor-section-height-default\" data-id=\"8e3129d\" data-element_type=\"section\" data-e-type=\"section\">\n\t\t\t\t\t\t<div class=\"elementor-container elementor-column-gap-default\">\n\t\t\t\t\t<div class=\"elementor-column elementor-col-50 elementor-top-column elementor-element elementor-element-1c30c92\" data-id=\"1c30c92\" data-element_type=\"column\" data-e-type=\"column\">\n\t\t\t<div class=\"elementor-widget-wrap elementor-element-populated\">\n\t\t\t\t\t\t<div class=\"elementor-element elementor-element-b8089b1 elementor-widget elementor-widget-text-editor\" data-id=\"b8089b1\" data-element_type=\"widget\" data-e-type=\"widget\" data-widget_type=\"text-editor.default\">\n\t\t\t\t<div class=\"elementor-widget-container\">\n\t\t\t\t\t\t\t\t\t<p><strong><span style=\"color: #808080;\">Es un honor para m\u00ed darles la m\u00e1s cordial bienvenida a la Facultad de Ciencias Empresariales de la Universidad Nacional de Educaci\u00f3n Enrique Guzm\u00e1n y Valle, instituci\u00f3n dedicada a la formaci\u00f3n integral de profesionales altamente capacitados, con principios \u00e9ticos y un profundo compromiso social.<\/span><\/strong><\/p><p><strong><span style=\"color: #808080;\">Nuestra facultad se distingue por ofrecer una educaci\u00f3n de calidad, respaldada por un equipo docente especializado y un curr\u00edculo acorde a las exigencias del mundo empresarial actual. A trav\u00e9s de nuestras carreras de Administraci\u00f3n de Empresas, Administraci\u00f3n de Negocios Internacionales, Turismo y Hoteler\u00eda, y Gastronom\u00eda, brindamos a nuestros estudiantes las herramientas necesarias para desarrollarse de manera competitiva en el mercado laboral.<\/span><\/strong><\/p><p><strong><span style=\"color: #808080;\">Contamos con docentes comprometidos con la formaci\u00f3n acad\u00e9mica integral de los estudiantes, con personal administrativo predispuesto al servicio de nuestra comunidad educativa y una plana directiva que genera oportunidades de desarrollo para la mejora continua educativa.\u00a0<\/span><\/strong><\/p><p><strong><span style=\"color: #808080;\">Todos estamos comprometidos en formar l\u00edderes con las competencias requeridas para la investigaci\u00f3n cient\u00edfica y con capacidades para liderar proyectos empresariales sostenibles en el sector p\u00fablico y privado; siendo nuestra misi\u00f3n el formar profesionales con alto sentido \u00e9tico, moral y de responsabilidad social.<\/span><\/strong><\/p><p><strong><span style=\"color: #808080;\">Agradezco la confianza que cada uno de ustedes, estimados estudiantes, han depositado en nuestra Facultad y los animo a aprovechar cada oportunidad que les ofrecemos para su crecimiento profesional y personal.<\/span><\/strong><\/p><p><strong><span style=\"color: #808080;\">\u00a1Bienvenidos a la Facultad de Ciencias Empresariales!<\/span><\/strong><\/p>\t\t\t\t\t\t\t\t<\/div>\n\t\t\t\t<\/div>\n\t\t\t\t\t<\/div>\n\t\t<\/div>\n\t\t\t\t<div class=\"elementor-column elementor-col-50 elementor-top-column elementor-element elementor-element-77fd97d\" data-id=\"77fd97d\" data-element_type=\"column\" data-e-type=\"column\">\n\t\t\t<div class=\"elementor-widget-wrap elementor-element-populated\">\n\t\t\t\t\t\t<div class=\"elementor-element elementor-element-a0ec3b1 elementor-widget elementor-widget-image\" data-id=\"a0ec3b1\" data-element_type=\"widget\" data-e-type=\"widget\" data-widget_type=\"image.default\">\n\t\t\t\t<div class=\"elementor-widget-container\">\n\t\t\t\t\t\t\t\t\t\t\t\t\t\t\t<img fetchpriority=\"high\" decoding=\"async\" width=\"575\" height=\"1024\" src=\"https:\/\/www.une.edu.pe\/Empresariales\/wp-content\/uploads\/2025\/03\/Decano-FACE-2-575x1024.jpg\" class=\"attachment-large size-large wp-image-8805\" alt=\"\" srcset=\"https:\/\/www.une.edu.pe\/Empresariales\/wp-content\/uploads\/2025\/03\/Decano-FACE-2-575x1024.jpg 575w, https:\/\/www.une.edu.pe\/Empresariales\/wp-content\/uploads\/2025\/03\/Decano-FACE-2-168x300.jpg 168w, https:\/\/www.une.edu.pe\/Empresariales\/wp-content\/uploads\/2025\/03\/Decano-FACE-2-768x1368.jpg 768w, https:\/\/www.une.edu.pe\/Empresariales\/wp-content\/uploads\/2025\/03\/Decano-FACE-2-862x1536.jpg 862w, https:\/\/www.une.edu.pe\/Empresariales\/wp-content\/uploads\/2025\/03\/Decano-FACE-2-1150x2048.jpg 1150w, https:\/\/www.une.edu.pe\/Empresariales\/wp-content\/uploads\/2025\/03\/Decano-FACE-2-152x270.jpg 152w, https:\/\/www.une.edu.pe\/Empresariales\/wp-content\/uploads\/2025\/03\/Decano-FACE-2-scaled.jpg 1437w\" sizes=\"(max-width: 575px) 100vw, 575px\" \/>\t\t\t\t\t\t\t\t\t\t\t\t\t\t\t<\/div>\n\t\t\t\t<\/div>\n\t\t\t\t<div class=\"elementor-element elementor-element-1d697e7 elementor-widget elementor-widget-text-editor\" data-id=\"1d697e7\" data-element_type=\"widget\" data-e-type=\"widget\" data-widget_type=\"text-editor.default\">\n\t\t\t\t<div class=\"elementor-widget-container\">\n\t\t\t\t\t\t\t\t\t<p><strong>Dr. Gualberto Guillermo Hurtado Ramos\u00a0<\/strong><\/p><p><strong>Decano de la Facultad de Ciencias Empresariales<\/strong><\/p><p>\u00a0<\/p>\t\t\t\t\t\t\t\t<\/div>\n\t\t\t\t<\/div>\n\t\t\t\t\t<\/div>\n\t\t<\/div>\n\t\t\t\t\t<\/div>\n\t\t<\/section>\n\t\t\t\t<\/div>\n\t\t","protected":false},"excerpt":{"rendered":"<p>Es un honor para m\u00ed darles la m\u00e1s cordial bienvenida a la Facultad de Ciencias Empresariales de la Universidad Nacional de Educaci\u00f3n Enrique Guzm\u00e1n y Valle, instituci\u00f3n dedicada a la formaci\u00f3n integral de profesionales altamente capacitados, con principios \u00e9ticos y <a href=\"https:\/\/www.une.edu.pe\/Empresariales\/bienvenidos-a-la-facultad\/\" class=\"read-more\">Leer m\u00e1s&#8230;<\/a><\/p>\n","protected":false},"author":3,"featured_media":4419,"parent":0,"menu_order":0,"comment_status":"closed","ping_status":"closed","template":"","meta":{"footnotes":""},"class_list":["post-3112","page","type-page","status-publish","has-post-thumbnail","hentry"],"_links":{"self":[{"href":"https:\/\/www.une.edu.pe\/Empresariales\/wp-json\/wp\/v2\/pages\/3112","targetHints":{"allow":["GET"]}}],"collection":[{"href":"https:\/\/www.une.edu.pe\/Empresariales\/wp-json\/wp\/v2\/pages"}],"about":[{"href":"https:\/\/www.une.edu.pe\/Empresariales\/wp-json\/wp\/v2\/types\/page"}],"author":[{"embeddable":true,"href":"https:\/\/www.une.edu.pe\/Empresariales\/wp-json\/wp\/v2\/users\/3"}],"replies":[{"embeddable":true,"href":"https:\/\/www.une.edu.pe\/Empresariales\/wp-json\/wp\/v2\/comments?post=3112"}],"version-history":[{"count":28,"href":"https:\/\/www.une.edu.pe\/Empresariales\/wp-json\/wp\/v2\/pages\/3112\/revisions"}],"predecessor-version":[{"id":9763,"href":"https:\/\/www.une.edu.pe\/Empresariales\/wp-json\/wp\/v2\/pages\/3112\/revisions\/9763"}],"wp:featuredmedia":[{"embeddable":true,"href":"https:\/\/www.une.edu.pe\/Empresariales\/wp-json\/wp\/v2\/media\/4419"}],"wp:attachment":[{"href":"https:\/\/www.une.edu.pe\/Empresariales\/wp-json\/wp\/v2\/media?parent=3112"}],"curies":[{"name":"wp","href":"https:\/\/api.w.org\/{rel}","templated":true}]}}