{"id":3055,"date":"2019-12-04T17:04:04","date_gmt":"2019-12-04T16:04:04","guid":{"rendered":"http:\/\/www.une.edu.pe\/Empresariales\/?page_id=3055"},"modified":"2022-02-15T14:56:44","modified_gmt":"2022-02-15T13:56:44","slug":"quienes-somos","status":"publish","type":"page","link":"https:\/\/www.une.edu.pe\/Empresariales\/quienes-somos\/","title":{"rendered":"Qui\u00e9nes Somos"},"content":{"rendered":"\t\t<div data-elementor-type=\"wp-post\" data-elementor-id=\"3055\" class=\"elementor elementor-3055\">\n\t\t\t\t\t\t<section class=\"elementor-section elementor-top-section elementor-element elementor-element-071b1b7 elementor-section-boxed elementor-section-height-default elementor-section-height-default\" data-id=\"071b1b7\" data-element_type=\"section\" data-e-type=\"section\">\n\t\t\t\t\t\t<div class=\"elementor-container elementor-column-gap-default\">\n\t\t\t\t\t<div class=\"elementor-column elementor-col-50 elementor-top-column elementor-element elementor-element-8d4003c\" data-id=\"8d4003c\" data-element_type=\"column\" data-e-type=\"column\">\n\t\t\t<div class=\"elementor-widget-wrap elementor-element-populated\">\n\t\t\t\t\t\t<div class=\"elementor-element elementor-element-6c27cd6 elementor-widget elementor-widget-heading\" data-id=\"6c27cd6\" data-element_type=\"widget\" data-e-type=\"widget\" data-widget_type=\"heading.default\">\n\t\t\t\t<div class=\"elementor-widget-container\">\n\t\t\t\t\t<h3 class=\"elementor-heading-title elementor-size-default\">MISI\u00d3N<\/h3>\t\t\t\t<\/div>\n\t\t\t\t<\/div>\n\t\t\t\t<div class=\"elementor-element elementor-element-6650fba elementor-widget elementor-widget-text-editor\" data-id=\"6650fba\" data-element_type=\"widget\" data-e-type=\"widget\" data-widget_type=\"text-editor.default\">\n\t\t\t\t<div class=\"elementor-widget-container\">\n\t\t\t\t\t\t\t\t\t<p>Formar profesionales en Administraci\u00f3n, Administraci\u00f3n en Negocios Internacionales, Turismo y Hoteler\u00eda, y Gastronom\u00eda; con las competencias para la investigaci\u00f3n cient\u00edfico y con capacidades para liderar proyectos empresariales sostenibles en el sector p\u00fablico y privado; con alto sentido \u00e9tico, moral y responsabilidad social.<\/p>\t\t\t\t\t\t\t\t<\/div>\n\t\t\t\t<\/div>\n\t\t\t\t\t<\/div>\n\t\t<\/div>\n\t\t\t\t<div class=\"elementor-column elementor-col-50 elementor-top-column elementor-element elementor-element-b71b97b\" data-id=\"b71b97b\" data-element_type=\"column\" data-e-type=\"column\">\n\t\t\t<div class=\"elementor-widget-wrap elementor-element-populated\">\n\t\t\t\t\t\t<div class=\"elementor-element elementor-element-bd7eb59 elementor-widget elementor-widget-image\" data-id=\"bd7eb59\" data-element_type=\"widget\" data-e-type=\"widget\" data-widget_type=\"image.default\">\n\t\t\t\t<div class=\"elementor-widget-container\">\n\t\t\t\t\t\t\t\t\t\t\t\t\t\t\t<img decoding=\"async\" src=\"https:\/\/www.une.edu.pe\/Empresariales\/wp-content\/uploads\/elementor\/thumbs\/mision-p2ygehu6sl3sxvmdzdl9n8iby4vpu567s7mtqa3t08.jpg\" title=\"mision\" alt=\"mision\" loading=\"lazy\" \/>\t\t\t\t\t\t\t\t\t\t\t\t\t\t\t<\/div>\n\t\t\t\t<\/div>\n\t\t\t\t\t<\/div>\n\t\t<\/div>\n\t\t\t\t\t<\/div>\n\t\t<\/section>\n\t\t\t\t<section class=\"elementor-section elementor-top-section elementor-element elementor-element-3bcd9f9 elementor-section-boxed elementor-section-height-default elementor-section-height-default\" data-id=\"3bcd9f9\" data-element_type=\"section\" data-e-type=\"section\">\n\t\t\t\t\t\t<div class=\"elementor-container elementor-column-gap-default\">\n\t\t\t\t\t<div class=\"elementor-column elementor-col-50 elementor-top-column elementor-element elementor-element-1bed03b\" data-id=\"1bed03b\" data-element_type=\"column\" data-e-type=\"column\">\n\t\t\t<div class=\"elementor-widget-wrap elementor-element-populated\">\n\t\t\t\t\t\t<div class=\"elementor-element elementor-element-343b713 elementor-widget elementor-widget-image\" data-id=\"343b713\" data-element_type=\"widget\" data-e-type=\"widget\" data-widget_type=\"image.default\">\n\t\t\t\t<div class=\"elementor-widget-container\">\n\t\t\t\t\t\t\t\t\t\t\t\t\t\t\t<img decoding=\"async\" src=\"https:\/\/www.une.edu.pe\/Empresariales\/wp-content\/uploads\/elementor\/thumbs\/vision-p2ygehu6sl3sxvmdzdl9n8iby4vpu567s7mtqa3t08.jpg\" title=\"vision\" alt=\"vision\" loading=\"lazy\" \/>\t\t\t\t\t\t\t\t\t\t\t\t\t\t\t<\/div>\n\t\t\t\t<\/div>\n\t\t\t\t\t<\/div>\n\t\t<\/div>\n\t\t\t\t<div class=\"elementor-column elementor-col-50 elementor-top-column elementor-element elementor-element-f721adc\" data-id=\"f721adc\" data-element_type=\"column\" data-e-type=\"column\">\n\t\t\t<div class=\"elementor-widget-wrap elementor-element-populated\">\n\t\t\t\t\t\t<div class=\"elementor-element elementor-element-3672ed1 elementor-widget elementor-widget-heading\" data-id=\"3672ed1\" data-element_type=\"widget\" data-e-type=\"widget\" data-widget_type=\"heading.default\">\n\t\t\t\t<div class=\"elementor-widget-container\">\n\t\t\t\t\t<h3 class=\"elementor-heading-title elementor-size-default\">VISI\u00d3N<\/h3>\t\t\t\t<\/div>\n\t\t\t\t<\/div>\n\t\t\t\t<div class=\"elementor-element elementor-element-6db7b35 elementor-widget elementor-widget-text-editor\" data-id=\"6db7b35\" data-element_type=\"widget\" data-e-type=\"widget\" data-widget_type=\"text-editor.default\">\n\t\t\t\t<div class=\"elementor-widget-container\">\n\t\t\t\t\t\t\t\t\t<p>Ser la Facultad l\u00edder en la formaci\u00f3n profesional en Administraci\u00f3n, Negocios Internacionales, Turismo y Hoteler\u00eda, y Gastronom\u00eda; cuyas capacidades y competencias coadyuven con el crecimiento y desarrollo de la sociedad peruana.<\/p>\t\t\t\t\t\t\t\t<\/div>\n\t\t\t\t<\/div>\n\t\t\t\t\t<\/div>\n\t\t<\/div>\n\t\t\t\t\t<\/div>\n\t\t<\/section>\n\t\t\t\t<\/div>\n\t\t","protected":false},"excerpt":{"rendered":"<p>MISI\u00d3N Formar profesionales en Administraci\u00f3n, Administraci\u00f3n en Negocios Internacionales, Turismo y Hoteler\u00eda, y Gastronom\u00eda; con las competencias para la investigaci\u00f3n cient\u00edfico y con capacidades para liderar proyectos empresariales sostenibles en el sector p\u00fablico y privado; con alto sentido \u00e9tico, moral <a href=\"https:\/\/www.une.edu.pe\/Empresariales\/quienes-somos\/\" class=\"read-more\">Leer m\u00e1s&#8230;<\/a><\/p>\n","protected":false},"author":3,"featured_media":0,"parent":0,"menu_order":0,"comment_status":"closed","ping_status":"closed","template":"","meta":{"footnotes":""},"class_list":["post-3055","page","type-page","status-publish","hentry"],"_links":{"self":[{"href":"https:\/\/www.une.edu.pe\/Empresariales\/wp-json\/wp\/v2\/pages\/3055","targetHints":{"allow":["GET"]}}],"collection":[{"href":"https:\/\/www.une.edu.pe\/Empresariales\/wp-json\/wp\/v2\/pages"}],"about":[{"href":"https:\/\/www.une.edu.pe\/Empresariales\/wp-json\/wp\/v2\/types\/page"}],"author":[{"embeddable":true,"href":"https:\/\/www.une.edu.pe\/Empresariales\/wp-json\/wp\/v2\/users\/3"}],"replies":[{"embeddable":true,"href":"https:\/\/www.une.edu.pe\/Empresariales\/wp-json\/wp\/v2\/comments?post=3055"}],"version-history":[{"count":9,"href":"https:\/\/www.une.edu.pe\/Empresariales\/wp-json\/wp\/v2\/pages\/3055\/revisions"}],"predecessor-version":[{"id":5189,"href":"https:\/\/www.une.edu.pe\/Empresariales\/wp-json\/wp\/v2\/pages\/3055\/revisions\/5189"}],"wp:attachment":[{"href":"https:\/\/www.une.edu.pe\/Empresariales\/wp-json\/wp\/v2\/media?parent=3055"}],"curies":[{"name":"wp","href":"https:\/\/api.w.org\/{rel}","templated":true}]}}