{"id":10251,"date":"2026-03-05T15:11:56","date_gmt":"2026-03-05T20:11:56","guid":{"rendered":"https:\/\/www.une.edu.pe\/Empresariales\/?page_id=10251"},"modified":"2026-03-12T12:31:52","modified_gmt":"2026-03-12T17:31:52","slug":"actividades-tutoria-2025","status":"publish","type":"page","link":"https:\/\/www.une.edu.pe\/Empresariales\/actividades-tutoria-2025\/","title":{"rendered":"Actividades Tutor\u00eda 2025"},"content":{"rendered":"\t\t<div data-elementor-type=\"wp-page\" data-elementor-id=\"10251\" class=\"elementor elementor-10251\">\n\t\t\t\t\t\t<section class=\"elementor-section elementor-top-section elementor-element elementor-element-3bb5e33 elementor-section-boxed elementor-section-height-default elementor-section-height-default\" data-id=\"3bb5e33\" data-element_type=\"section\" data-e-type=\"section\">\n\t\t\t\t\t\t<div class=\"elementor-container elementor-column-gap-default\">\n\t\t\t\t\t<div class=\"elementor-column elementor-col-100 elementor-top-column elementor-element elementor-element-980949c\" data-id=\"980949c\" data-element_type=\"column\" data-e-type=\"column\">\n\t\t\t<div class=\"elementor-widget-wrap elementor-element-populated\">\n\t\t\t\t\t\t<div class=\"elementor-element elementor-element-1e14d5f elementor-widget elementor-widget-sina_blogpost\" data-id=\"1e14d5f\" data-element_type=\"widget\" data-e-type=\"widget\" data-widget_type=\"sina_blogpost.default\">\n\t\t\t\t<div class=\"elementor-widget-container\">\n\t\t\t\t\t\t\t\t<div class=\"sina-blogpost sina-bp-1e14d5f\"\r\n\t\t\tdata-uid=\"1e14d5f\"\r\n\t\t\tdata-offset=\"15\"\r\n\t\t\tdata-posts-data='{\"post_type\":\"post\",\"posts_num\":15,\"offset\":15,\"total_posts\":11,\"layout\":\"grid\",\"columns\":\"2\",\"layout_type\":\"default\",\"custom_columns\":null,\"categories\":[\"27\"],\"tags\":\"\",\"order_by\":\"date\",\"sort\":\"DESC\",\"posts_text\":\"yes\",\"excerpt\":\"\",\"content_length\":50,\"posts_meta\":\"\",\"thumb_right\":null,\"is_thumb\":\"yes\",\"read_more_effect\":\"\",\"read_more_text\":\"\",\"read_more_icon\":\"\",\"read_more_icon_align\":null,\"effects\":\"\",\"cats_position\":null,\"cats_icon\":null,\"posts_avatar\":null,\"avatar_size\":null,\"read_btn_bg_layer_effects\":null,\"bg_layer_effects\":\"\"}'>\r\n\t\t\t\t<div class=\"sina-bp-grid\">\r\n\t\t\t\t\t<div class=\"sina-bp-grid-sizer\"><\/div>\r\n\t\t\t\t\t\t\t\t\t\t\t\t<div class=\"sina-bp-col sina-bp-item-2 \">\r\n\t\t<div class=\"sina-bp \">\r\n\t\t\t\t\t\t\t<div class=\"sina-bg-thumb\">\r\n\t\t\t\t\t<img decoding=\"async\" src=\"https:\/\/www.une.edu.pe\/Empresariales\/wp-content\/uploads\/2026\/03\/foto-destacada-9.jpg\" alt=\"D\u00eda Internacional de la No Violencia contra la Mujer: Construyendo igualdad desde la FACE\">\r\n\t\t\t\t\t<div class=\"sina-overlay\">\r\n\t\t\t\t\t\t<a href=\"https:\/\/www.une.edu.pe\/Empresariales\/dia-internacional-de-la-no-violencia-contra-la-mujer-construyendo-igualdad-desde-la-face-2\/\"><\/a>\r\n\t\t\t\t\t<\/div>\r\n\t\t\t\t<\/div>\r\n\t\t\t\t\t\t<div class=\"sina-bp-content\">\r\n\t\t\t\t\t\t\t\t<h2 class=\"sina-bp-title\">\r\n\t\t\t\t\t<a href=\"https:\/\/www.une.edu.pe\/Empresariales\/dia-internacional-de-la-no-violencia-contra-la-mujer-construyendo-igualdad-desde-la-face-2\/\">D\u00eda Internacional de la No Violencia contra la Mujer: Construyendo igualdad desde la FACE<\/a>\r\n\t\t\t\t<\/h2>\r\n\t\t\t\t\r\n\t\t\t\t\t\t\t\t\t<div class=\"sina-bp-text\">\r\n\t\t\t\t\t\tLa Facultad de Ciencias Empresariales -UNE, mediante la Coordinaci\u00f3n de Tutor\u00eda y Consejer\u00eda, desarroll\u00f3 con \u00e9xito la Tercera Charla Informativa \u201cHombres construyendo igualdad\u201d, dirigida a los estudiantes del turno noche. Esta importante sesi\u00f3n fue realizada por el Ministerio de la Mujer y Poblaciones Vulnerables, a trav\u00e9s del Programa Nacional Warmi&hellip;\t\t\t\t\t<\/div>\r\n\t\t\t\t\r\n\t\t\t\t\t\t\t\t\t\t\t<\/div>\r\n\t\t<\/div>\r\n\t<\/div>\r\n\t<div class=\"sina-bp-col sina-bp-item-2 \">\r\n\t\t<div class=\"sina-bp \">\r\n\t\t\t\t\t\t\t<div class=\"sina-bg-thumb\">\r\n\t\t\t\t\t<img decoding=\"async\" src=\"https:\/\/www.une.edu.pe\/Empresariales\/wp-content\/uploads\/2026\/03\/foto-destacada-8-1.jpg\" alt=\"Hombres construyendo igualdad en el turno ma\u00f1ana\">\r\n\t\t\t\t\t<div class=\"sina-overlay\">\r\n\t\t\t\t\t\t<a href=\"https:\/\/www.une.edu.pe\/Empresariales\/hombres-construyendo-igualdad-en-el-turno-manana\/\"><\/a>\r\n\t\t\t\t\t<\/div>\r\n\t\t\t\t<\/div>\r\n\t\t\t\t\t\t<div class=\"sina-bp-content\">\r\n\t\t\t\t\t\t\t\t<h2 class=\"sina-bp-title\">\r\n\t\t\t\t\t<a href=\"https:\/\/www.une.edu.pe\/Empresariales\/hombres-construyendo-igualdad-en-el-turno-manana\/\">Hombres construyendo igualdad en el turno ma\u00f1ana<\/a>\r\n\t\t\t\t<\/h2>\r\n\t\t\t\t\r\n\t\t\t\t\t\t\t\t\t<div class=\"sina-bp-text\">\r\n\t\t\t\t\t\tCon la participaci\u00f3n de estudiantes del turno ma\u00f1ana de la Facultad de Ciencias Empresariales - UNE se desarroll\u00f3 la Segunda Charla Informativa \u201cHombres construyendo igualdad\u201d, promovida por el Ministerio de la Mujer y Poblaciones Vulnerables, a trav\u00e9s del Programa Nacional Warmi \u00d1an el viernes 7 de noviembre. Durante esta jornada,&hellip;\t\t\t\t\t<\/div>\r\n\t\t\t\t\r\n\t\t\t\t\t\t\t\t\t\t\t<\/div>\r\n\t\t<\/div>\r\n\t<\/div>\r\n\t<div class=\"sina-bp-col sina-bp-item-2 \">\r\n\t\t<div class=\"sina-bp \">\r\n\t\t\t\t\t\t\t<div class=\"sina-bg-thumb\">\r\n\t\t\t\t\t<img decoding=\"async\" src=\"https:\/\/www.une.edu.pe\/Empresariales\/wp-content\/uploads\/2026\/03\/foto-destacada-7.jpg\" alt=\"Hombres construyendo igualdad: jornada en el turno tarde\">\r\n\t\t\t\t\t<div class=\"sina-overlay\">\r\n\t\t\t\t\t\t<a href=\"https:\/\/www.une.edu.pe\/Empresariales\/hombres-construyendo-igualdad-jornada-en-el-turno-tarde\/\"><\/a>\r\n\t\t\t\t\t<\/div>\r\n\t\t\t\t<\/div>\r\n\t\t\t\t\t\t<div class=\"sina-bp-content\">\r\n\t\t\t\t\t\t\t\t<h2 class=\"sina-bp-title\">\r\n\t\t\t\t\t<a href=\"https:\/\/www.une.edu.pe\/Empresariales\/hombres-construyendo-igualdad-jornada-en-el-turno-tarde\/\">Hombres construyendo igualdad: jornada en el turno tarde<\/a>\r\n\t\t\t\t<\/h2>\r\n\t\t\t\t\r\n\t\t\t\t\t\t\t\t\t<div class=\"sina-bp-text\">\r\n\t\t\t\t\t\tCon la participaci\u00f3n de estudiantes del turno tarde de la Facultad de Ciencias Empresariales - UNE se realiz\u00f3 la Primera Charla Informativa \u201cHombres construyendo igualdad\u201d, promovida por el Ministerio de la Mujer y Poblaciones Vulnerables a trav\u00e9s del Programa Nacional Warmi \u00d1an el viernes 31 de octubre. Durante la jornada,&hellip;\t\t\t\t\t<\/div>\r\n\t\t\t\t\r\n\t\t\t\t\t\t\t\t\t\t\t<\/div>\r\n\t\t<\/div>\r\n\t<\/div>\r\n\t<div class=\"sina-bp-col sina-bp-item-2 \">\r\n\t\t<div class=\"sina-bp \">\r\n\t\t\t\t\t\t\t<div class=\"sina-bg-thumb\">\r\n\t\t\t\t\t<img decoding=\"async\" src=\"https:\/\/www.une.edu.pe\/Empresariales\/wp-content\/uploads\/2026\/03\/foto-destacada-6.jpg\" alt=\"Taller de Capacitaci\u00f3n para Docentes Tutores\">\r\n\t\t\t\t\t<div class=\"sina-overlay\">\r\n\t\t\t\t\t\t<a href=\"https:\/\/www.une.edu.pe\/Empresariales\/taller-de-capacitacion-para-docentes-tutores\/\"><\/a>\r\n\t\t\t\t\t<\/div>\r\n\t\t\t\t<\/div>\r\n\t\t\t\t\t\t<div class=\"sina-bp-content\">\r\n\t\t\t\t\t\t\t\t<h2 class=\"sina-bp-title\">\r\n\t\t\t\t\t<a href=\"https:\/\/www.une.edu.pe\/Empresariales\/taller-de-capacitacion-para-docentes-tutores\/\">Taller de Capacitaci\u00f3n para Docentes Tutores<\/a>\r\n\t\t\t\t<\/h2>\r\n\t\t\t\t\r\n\t\t\t\t\t\t\t\t\t<div class=\"sina-bp-text\">\r\n\t\t\t\t\t\tCon el objetivo de brindar mejores herramientas a nuestros docentes tutores, se desarroll\u00f3 en la Facultad de Ciencias Empresariales - UNE el taller \u201cDetectar y acompa\u00f1ar: claves socioemocionales para la tutor\u00eda universitaria\u201d, a cargo del Lic. Alberto Flores Curotto, en coordinaci\u00f3n con la Mtra. Zhenya Zubieta Zu\u00f1iga, Coordinadora de Tutor\u00eda&hellip;\t\t\t\t\t<\/div>\r\n\t\t\t\t\r\n\t\t\t\t\t\t\t\t\t\t\t<\/div>\r\n\t\t<\/div>\r\n\t<\/div>\r\n\t<div class=\"sina-bp-col sina-bp-item-2 \">\r\n\t\t<div class=\"sina-bp \">\r\n\t\t\t\t\t\t\t<div class=\"sina-bg-thumb\">\r\n\t\t\t\t\t<img decoding=\"async\" src=\"https:\/\/www.une.edu.pe\/Empresariales\/wp-content\/uploads\/2026\/03\/foto-destacada-5.jpg\" alt=\"Reuni\u00f3n de docentes tutores\">\r\n\t\t\t\t\t<div class=\"sina-overlay\">\r\n\t\t\t\t\t\t<a href=\"https:\/\/www.une.edu.pe\/Empresariales\/reunion-de-docentes-tutores\/\"><\/a>\r\n\t\t\t\t\t<\/div>\r\n\t\t\t\t<\/div>\r\n\t\t\t\t\t\t<div class=\"sina-bp-content\">\r\n\t\t\t\t\t\t\t\t<h2 class=\"sina-bp-title\">\r\n\t\t\t\t\t<a href=\"https:\/\/www.une.edu.pe\/Empresariales\/reunion-de-docentes-tutores\/\">Reuni\u00f3n de docentes tutores<\/a>\r\n\t\t\t\t<\/h2>\r\n\t\t\t\t\r\n\t\t\t\t\t\t\t\t\t<div class=\"sina-bp-text\">\r\n\t\t\t\t\t\tLa Coordinaci\u00f3n de Tutor\u00eda y Consejer\u00eda de la Facultad de Ciencias Empresariales - UNE desarroll\u00f3 una reuni\u00f3n presencial de docentes tutores del semestre acad\u00e9mico 2025-II el pasado 9 de setiembre. Durante el encuentro, realizado en el auditorio de la Facultad, se abordaron temas importantes como: Reglamento de Tutor\u00eda. Resultados de&hellip;\t\t\t\t\t<\/div>\r\n\t\t\t\t\r\n\t\t\t\t\t\t\t\t\t\t\t<\/div>\r\n\t\t<\/div>\r\n\t<\/div>\r\n\t<div class=\"sina-bp-col sina-bp-item-2 \">\r\n\t\t<div class=\"sina-bp \">\r\n\t\t\t\t\t\t\t<div class=\"sina-bg-thumb\">\r\n\t\t\t\t\t<img decoding=\"async\" src=\"https:\/\/www.une.edu.pe\/Empresariales\/wp-content\/uploads\/2026\/03\/foto-destacada-4.jpg\" alt=\"Taller El rol de la inteligencia emocional en las actividades acad\u00e9micas\">\r\n\t\t\t\t\t<div class=\"sina-overlay\">\r\n\t\t\t\t\t\t<a href=\"https:\/\/www.une.edu.pe\/Empresariales\/taller-el-rol-de-la-inteligencia-emocional-en-las-actividades-academicas\/\"><\/a>\r\n\t\t\t\t\t<\/div>\r\n\t\t\t\t<\/div>\r\n\t\t\t\t\t\t<div class=\"sina-bp-content\">\r\n\t\t\t\t\t\t\t\t<h2 class=\"sina-bp-title\">\r\n\t\t\t\t\t<a href=\"https:\/\/www.une.edu.pe\/Empresariales\/taller-el-rol-de-la-inteligencia-emocional-en-las-actividades-academicas\/\">Taller El rol de la inteligencia emocional en las actividades acad\u00e9micas<\/a>\r\n\t\t\t\t<\/h2>\r\n\t\t\t\t\r\n\t\t\t\t\t\t\t\t\t<div class=\"sina-bp-text\">\r\n\t\t\t\t\t\tLa Facultad de Ciencias Empresariales - UNE, a trav\u00e9s de la Coordinaci\u00f3n de Tutor\u00eda y Consejer\u00eda, dirigida por la Mtra. Zhenya Zubieta Zu\u00f1iga, y con el valioso apoyo de la Direcci\u00f3n de Bienestar Universitario, mediante la Unidad de Servicios M\u00e9dicos y Psicopedag\u00f3gicos, realiz\u00f3 el taller \u201cEl rol de la inteligencia&hellip;\t\t\t\t\t<\/div>\r\n\t\t\t\t\r\n\t\t\t\t\t\t\t\t\t\t\t<\/div>\r\n\t\t<\/div>\r\n\t<\/div>\r\n\t<div class=\"sina-bp-col sina-bp-item-2 \">\r\n\t\t<div class=\"sina-bp \">\r\n\t\t\t\t\t\t\t<div class=\"sina-bg-thumb\">\r\n\t\t\t\t\t<img decoding=\"async\" src=\"https:\/\/www.une.edu.pe\/Empresariales\/wp-content\/uploads\/2026\/03\/foto-destacada-3.jpg\" alt=\"Reuni\u00f3n de delegados 2025-I\">\r\n\t\t\t\t\t<div class=\"sina-overlay\">\r\n\t\t\t\t\t\t<a href=\"https:\/\/www.une.edu.pe\/Empresariales\/reunion-de-delegados-2025-i\/\"><\/a>\r\n\t\t\t\t\t<\/div>\r\n\t\t\t\t<\/div>\r\n\t\t\t\t\t\t<div class=\"sina-bp-content\">\r\n\t\t\t\t\t\t\t\t<h2 class=\"sina-bp-title\">\r\n\t\t\t\t\t<a href=\"https:\/\/www.une.edu.pe\/Empresariales\/reunion-de-delegados-2025-i\/\">Reuni\u00f3n de delegados 2025-I<\/a>\r\n\t\t\t\t<\/h2>\r\n\t\t\t\t\r\n\t\t\t\t\t\t\t\t\t<div class=\"sina-bp-text\">\r\n\t\t\t\t\t\tLa Coordinaci\u00f3n de Tutor\u00eda y Consejer\u00eda de la Facultad de Ciencias Empresariales - UNE a cargo de la Mtra. Zhenya Zubieta Zu\u00f1iga, realiz\u00f3 una reuni\u00f3n de coordinaci\u00f3n el viernes 6 de junio con los delegados de los cuatro programas de estudio, con el prop\u00f3sito de comunicar aspectos importantes relacionados al&hellip;\t\t\t\t\t<\/div>\r\n\t\t\t\t\r\n\t\t\t\t\t\t\t\t\t\t\t<\/div>\r\n\t\t<\/div>\r\n\t<\/div>\r\n\t<div class=\"sina-bp-col sina-bp-item-2 \">\r\n\t\t<div class=\"sina-bp \">\r\n\t\t\t\t\t\t\t<div class=\"sina-bg-thumb\">\r\n\t\t\t\t\t<img decoding=\"async\" src=\"https:\/\/www.une.edu.pe\/Empresariales\/wp-content\/uploads\/2026\/03\/foto-destacada-2.jpg\" alt=\"Taller de din\u00e1micas en aula para docentes FACE-UNE\">\r\n\t\t\t\t\t<div class=\"sina-overlay\">\r\n\t\t\t\t\t\t<a href=\"https:\/\/www.une.edu.pe\/Empresariales\/taller-de-dinamicas-en-aula-para-docentes-face-une\/\"><\/a>\r\n\t\t\t\t\t<\/div>\r\n\t\t\t\t<\/div>\r\n\t\t\t\t\t\t<div class=\"sina-bp-content\">\r\n\t\t\t\t\t\t\t\t<h2 class=\"sina-bp-title\">\r\n\t\t\t\t\t<a href=\"https:\/\/www.une.edu.pe\/Empresariales\/taller-de-dinamicas-en-aula-para-docentes-face-une\/\">Taller de din\u00e1micas en aula para docentes FACE-UNE<\/a>\r\n\t\t\t\t<\/h2>\r\n\t\t\t\t\r\n\t\t\t\t\t\t\t\t\t<div class=\"sina-bp-text\">\r\n\t\t\t\t\t\tCon el compromiso de fortalecer el rol del docente como gu\u00eda y orientador, la Coordinaci\u00f3n de Tutor\u00eda y Consejer\u00eda de la Facultad de Ciencias Empresariales - UNE, en conjunto con la Unidad de Recursos Humanos, desarroll\u00f3 con \u00e9xito el Taller de din\u00e1micas en aula para docentes. La jornada estuvo a&hellip;\t\t\t\t\t<\/div>\r\n\t\t\t\t\r\n\t\t\t\t\t\t\t\t\t\t\t<\/div>\r\n\t\t<\/div>\r\n\t<\/div>\r\n\t<div class=\"sina-bp-col sina-bp-item-2 \">\r\n\t\t<div class=\"sina-bp \">\r\n\t\t\t\t\t\t\t<div class=\"sina-bg-thumb\">\r\n\t\t\t\t\t<img decoding=\"async\" src=\"https:\/\/www.une.edu.pe\/Empresariales\/wp-content\/uploads\/2026\/03\/foto-destacada-1.jpg\" alt=\"Reuni\u00f3n de coordinaci\u00f3n con docentes tutores 2025-I\">\r\n\t\t\t\t\t<div class=\"sina-overlay\">\r\n\t\t\t\t\t\t<a href=\"https:\/\/www.une.edu.pe\/Empresariales\/reunion-de-coordinacion-con-docentes-tutores-2025-i\/\"><\/a>\r\n\t\t\t\t\t<\/div>\r\n\t\t\t\t<\/div>\r\n\t\t\t\t\t\t<div class=\"sina-bp-content\">\r\n\t\t\t\t\t\t\t\t<h2 class=\"sina-bp-title\">\r\n\t\t\t\t\t<a href=\"https:\/\/www.une.edu.pe\/Empresariales\/reunion-de-coordinacion-con-docentes-tutores-2025-i\/\">Reuni\u00f3n de coordinaci\u00f3n con docentes tutores 2025-I<\/a>\r\n\t\t\t\t<\/h2>\r\n\t\t\t\t\r\n\t\t\t\t\t\t\t\t\t<div class=\"sina-bp-text\">\r\n\t\t\t\t\t\tCon el objetivo de fortalecer el trabajo colaborativo entre los docentes tutores y promover una formaci\u00f3n integral para nuestros estudiantes, se realiz\u00f3 una reuni\u00f3n de coordinaci\u00f3n el martes 15 de abril. La Mtra. Zhenya Zubieta Zu\u00f1iga, coordinadora de Tutor\u00eda y Consejer\u00eda de la Facultad de Ciencias Empresariales UNE, estuvo a&hellip;\t\t\t\t\t<\/div>\r\n\t\t\t\t\r\n\t\t\t\t\t\t\t\t\t\t\t<\/div>\r\n\t\t<\/div>\r\n\t<\/div>\r\n\t<div class=\"sina-bp-col sina-bp-item-2 \">\r\n\t\t<div class=\"sina-bp \">\r\n\t\t\t\t\t\t\t<div class=\"sina-bg-thumb\">\r\n\t\t\t\t\t<img decoding=\"async\" src=\"https:\/\/www.une.edu.pe\/Empresariales\/wp-content\/uploads\/2026\/03\/558974928_811785394931416_702740346584391057_n.jpg\" alt=\"FACE se uni\u00f3 a la campa\u00f1a \u00abH\u00e9roes de Sangre\u00bb\">\r\n\t\t\t\t\t<div class=\"sina-overlay\">\r\n\t\t\t\t\t\t<a href=\"https:\/\/www.une.edu.pe\/Empresariales\/face-se-unio-a-la-campana-heroes-de-sangre\/\"><\/a>\r\n\t\t\t\t\t<\/div>\r\n\t\t\t\t<\/div>\r\n\t\t\t\t\t\t<div class=\"sina-bp-content\">\r\n\t\t\t\t\t\t\t\t<h2 class=\"sina-bp-title\">\r\n\t\t\t\t\t<a href=\"https:\/\/www.une.edu.pe\/Empresariales\/face-se-unio-a-la-campana-heroes-de-sangre\/\">FACE se uni\u00f3 a la campa\u00f1a \u00abH\u00e9roes de Sangre\u00bb<\/a>\r\n\t\t\t\t<\/h2>\r\n\t\t\t\t\r\n\t\t\t\t\t\t\t\t\t<div class=\"sina-bp-text\">\r\n\t\t\t\t\t\tLa Facultad de Ciencias Empresariales - UNE, en articulaci\u00f3n con la Coordinaci\u00f3n de Tutor\u00eda y Consejer\u00eda FACE, fue sede de la campa\u00f1a de donaci\u00f3n de sangre \u201cH\u00e9roes de Sangre\u201d, organizada por el Hospital Nacional Guillermo Almenara Irigoyen, a trav\u00e9s del Servicio de Hemoterapia y Banco de Sangre del Seguro Social&hellip;\t\t\t\t\t<\/div>\r\n\t\t\t\t\r\n\t\t\t\t\t\t\t\t\t\t\t<\/div>\r\n\t\t<\/div>\r\n\t<\/div>\r\n\t<div class=\"sina-bp-col sina-bp-item-2 \">\r\n\t\t<div class=\"sina-bp \">\r\n\t\t\t\t\t\t\t<div class=\"sina-bg-thumb\">\r\n\t\t\t\t\t<img decoding=\"async\" src=\"https:\/\/www.une.edu.pe\/Empresariales\/wp-content\/uploads\/2026\/03\/IMG_2414-scaled.jpg\" alt=\"Campa\u00f1a de Salud Integral en la FACE\">\r\n\t\t\t\t\t<div class=\"sina-overlay\">\r\n\t\t\t\t\t\t<a href=\"https:\/\/www.une.edu.pe\/Empresariales\/campana-de-salud-integral-en-la-face\/\"><\/a>\r\n\t\t\t\t\t<\/div>\r\n\t\t\t\t<\/div>\r\n\t\t\t\t\t\t<div class=\"sina-bp-content\">\r\n\t\t\t\t\t\t\t\t<h2 class=\"sina-bp-title\">\r\n\t\t\t\t\t<a href=\"https:\/\/www.une.edu.pe\/Empresariales\/campana-de-salud-integral-en-la-face\/\">Campa\u00f1a de Salud Integral en la FACE<\/a>\r\n\t\t\t\t<\/h2>\r\n\t\t\t\t\r\n\t\t\t\t\t\t\t\t\t<div class=\"sina-bp-text\">\r\n\t\t\t\t\t\tLa Coordinaci\u00f3n de Tutor\u00eda y Consejer\u00eda de la FACE, en articulaci\u00f3n con el Centro de Salud Leoncio Prado del R\u00edmac, desarrollaron el martes 16 de setiembre una Campa\u00f1a Gratuita de Salud Integral \u2013 Etapa Joven en nuestra Facultad. Durante la jornada se brindaron diversos servicios orientados al cuidado y prevenci\u00f3n&hellip;\t\t\t\t\t<\/div>\r\n\t\t\t\t\r\n\t\t\t\t\t\t\t\t\t\t\t<\/div>\r\n\t\t<\/div>\r\n\t<\/div>\r\n\t\t\t\t\t\t\t\t\t\t\t\t\t\t<\/div>\r\n\r\n\t\t\t\t\r\n\t\t\t\t\t\t\t\t<input type=\"hidden\" id=\"sina_load_more_posts1e14d5f\" name=\"sina_load_more_posts1e14d5f\" value=\"c9d6fb6f25\" \/><input type=\"hidden\" name=\"_wp_http_referer\" value=\"\/Empresariales\/wp-json\/wp\/v2\/pages\/10251\" \/>\t\t\t<\/div><!-- .sina-blogpost -->\r\n\t\t\t\t\t\t\t<\/div>\n\t\t\t\t<\/div>\n\t\t\t\t\t<\/div>\n\t\t<\/div>\n\t\t\t\t\t<\/div>\n\t\t<\/section>\n\t\t\t\t<\/div>\n\t\t","protected":false},"excerpt":{"rendered":"<p>D\u00eda Internacional de la No Violencia contra la Mujer: Construyendo igualdad desde la FACE La Facultad de Ciencias Empresariales -UNE, mediante la Coordinaci\u00f3n de Tutor\u00eda y Consejer\u00eda, desarroll\u00f3 con \u00e9xito la Tercera Charla Informativa \u201cHombres construyendo igualdad\u201d, dirigida a los <a href=\"https:\/\/www.une.edu.pe\/Empresariales\/campana-de-salud-integral-en-la-face\/\" class=\"read-more\">Leer m\u00e1s&#8230;<\/a><\/p>\n","protected":false},"author":3,"featured_media":0,"parent":0,"menu_order":0,"comment_status":"closed","ping_status":"closed","template":"","meta":{"footnotes":""},"class_list":["post-10251","page","type-page","status-publish","hentry"],"_links":{"self":[{"href":"https:\/\/www.une.edu.pe\/Empresariales\/wp-json\/wp\/v2\/pages\/10251","targetHints":{"allow":["GET"]}}],"collection":[{"href":"https:\/\/www.une.edu.pe\/Empresariales\/wp-json\/wp\/v2\/pages"}],"about":[{"href":"https:\/\/www.une.edu.pe\/Empresariales\/wp-json\/wp\/v2\/types\/page"}],"author":[{"embeddable":true,"href":"https:\/\/www.une.edu.pe\/Empresariales\/wp-json\/wp\/v2\/users\/3"}],"replies":[{"embeddable":true,"href":"https:\/\/www.une.edu.pe\/Empresariales\/wp-json\/wp\/v2\/comments?post=10251"}],"version-history":[{"count":11,"href":"https:\/\/www.une.edu.pe\/Empresariales\/wp-json\/wp\/v2\/pages\/10251\/revisions"}],"predecessor-version":[{"id":10411,"href":"https:\/\/www.une.edu.pe\/Empresariales\/wp-json\/wp\/v2\/pages\/10251\/revisions\/10411"}],"wp:attachment":[{"href":"https:\/\/www.une.edu.pe\/Empresariales\/wp-json\/wp\/v2\/media?parent=10251"}],"curies":[{"name":"wp","href":"https:\/\/api.w.org\/{rel}","templated":true}]}}