{"id":7530,"date":"2023-02-04T21:08:14","date_gmt":"2023-02-04T20:08:14","guid":{"rendered":"https:\/\/www.une.edu.pe\/Ciencias\/?page_id=7530"},"modified":"2023-02-04T21:23:26","modified_gmt":"2023-02-04T20:23:26","slug":"admision-ciencias-2023","status":"publish","type":"page","link":"https:\/\/www.une.edu.pe\/Ciencias\/","title":{"rendered":"Admisi\u00f3n Ciencias 2023"},"content":{"rendered":"\t\t<div data-elementor-type=\"wp-page\" data-elementor-id=\"7530\" class=\"elementor elementor-7530\">\n\t\t\t\t\t\t<div class=\"elementor-inner\">\n\t\t\t\t<div class=\"elementor-section-wrap\">\n\t\t\t\t\t\t\t\t\t<section class=\"elementor-section elementor-top-section elementor-element elementor-element-5bf46a3 elementor-section-boxed elementor-section-height-default elementor-section-height-default\" data-id=\"5bf46a3\" data-element_type=\"section\">\n\t\t\t\t\t\t<div class=\"elementor-container elementor-column-gap-default\">\n\t\t\t\t\t\t\t<div class=\"elementor-row\">\n\t\t\t\t\t<div class=\"elementor-column elementor-col-100 elementor-top-column elementor-element elementor-element-6dde6a3\" data-id=\"6dde6a3\" data-element_type=\"column\">\n\t\t\t<div class=\"elementor-column-wrap elementor-element-populated\">\n\t\t\t\t\t\t\t<div class=\"elementor-widget-wrap\">\n\t\t\t\t\t\t<div class=\"elementor-element elementor-element-7eaa609 elementor-widget elementor-widget-heading\" data-id=\"7eaa609\" data-element_type=\"widget\" data-widget_type=\"heading.default\">\n\t\t\t\t<div class=\"elementor-widget-container\">\n\t\t\t<h2 class=\"elementor-heading-title elementor-size-default\">DEPARTAMENTO ACAD\u00c9MICO DE MATEM\u00c1TICA E INFORM\u00c1TICA<\/h2>\t\t<\/div>\n\t\t\t\t<\/div>\n\t\t\t\t\t\t<\/div>\n\t\t\t\t\t<\/div>\n\t\t<\/div>\n\t\t\t\t\t\t\t\t<\/div>\n\t\t\t\t\t<\/div>\n\t\t<\/section>\n\t\t\t\t<section class=\"elementor-section elementor-top-section elementor-element elementor-element-68e8e62 elementor-section-boxed elementor-section-height-default elementor-section-height-default\" data-id=\"68e8e62\" data-element_type=\"section\">\n\t\t\t\t\t\t<div class=\"elementor-container elementor-column-gap-default\">\n\t\t\t\t\t\t\t<div class=\"elementor-row\">\n\t\t\t\t\t<div class=\"elementor-column elementor-col-100 elementor-top-column elementor-element elementor-element-b1212f8\" data-id=\"b1212f8\" data-element_type=\"column\">\n\t\t\t<div class=\"elementor-column-wrap elementor-element-populated\">\n\t\t\t\t\t\t\t<div class=\"elementor-widget-wrap\">\n\t\t\t\t\t\t<div class=\"elementor-element elementor-element-4973112 elementor-widget elementor-widget-image\" data-id=\"4973112\" data-element_type=\"widget\" data-widget_type=\"image.default\">\n\t\t\t\t<div class=\"elementor-widget-container\">\n\t\t\t\t\t\t\t\t<div class=\"elementor-image\">\n\t\t\t\t\t\t\t\t\t\t\t\t<img decoding=\"async\" width=\"768\" height=\"1090\" src=\"https:\/\/www.une.edu.pe\/Ciencias\/wp-content\/uploads\/2023\/02\/Flyer_Inform\u00e1tica-768x1090.jpg\" class=\"attachment-medium_large size-medium_large wp-image-7521\" alt=\"\" loading=\"lazy\" srcset=\"https:\/\/www.une.edu.pe\/Ciencias\/wp-content\/uploads\/2023\/02\/Flyer_Inform\u00e1tica-768x1090.jpg 768w, https:\/\/www.une.edu.pe\/Ciencias\/wp-content\/uploads\/2023\/02\/Flyer_Inform\u00e1tica-211x300.jpg 211w, https:\/\/www.une.edu.pe\/Ciencias\/wp-content\/uploads\/2023\/02\/Flyer_Inform\u00e1tica-722x1024.jpg 722w, https:\/\/www.une.edu.pe\/Ciencias\/wp-content\/uploads\/2023\/02\/Flyer_Inform\u00e1tica-190x270.jpg 190w, https:\/\/www.une.edu.pe\/Ciencias\/wp-content\/uploads\/2023\/02\/Flyer_Inform\u00e1tica.jpg 874w\" sizes=\"(max-width: 768px) 100vw, 768px\" \/>\t\t\t\t\t\t\t\t\t\t\t\t\t\t<\/div>\n\t\t\t\t\t\t<\/div>\n\t\t\t\t<\/div>\n\t\t\t\t\t\t<\/div>\n\t\t\t\t\t<\/div>\n\t\t<\/div>\n\t\t\t\t\t\t\t\t<\/div>\n\t\t\t\t\t<\/div>\n\t\t<\/section>\n\t\t\t\t<section class=\"elementor-section elementor-top-section elementor-element elementor-element-0c3d525 elementor-section-boxed elementor-section-height-default elementor-section-height-default\" data-id=\"0c3d525\" data-element_type=\"section\">\n\t\t\t\t\t\t<div class=\"elementor-container elementor-column-gap-default\">\n\t\t\t\t\t\t\t<div class=\"elementor-row\">\n\t\t\t\t\t<div class=\"elementor-column elementor-col-100 elementor-top-column elementor-element elementor-element-b2d8255\" data-id=\"b2d8255\" data-element_type=\"column\">\n\t\t\t<div class=\"elementor-column-wrap elementor-element-populated\">\n\t\t\t\t\t\t\t<div class=\"elementor-widget-wrap\">\n\t\t\t\t\t\t<div class=\"elementor-element elementor-element-7cfb458 elementor-widget elementor-widget-heading\" data-id=\"7cfb458\" data-element_type=\"widget\" data-widget_type=\"heading.default\">\n\t\t\t\t<div class=\"elementor-widget-container\">\n\t\t\t<h2 class=\"elementor-heading-title elementor-size-default\">DEPARTAMENTO ACADEMICO DE BIOLOGIA<\/h2>\t\t<\/div>\n\t\t\t\t<\/div>\n\t\t\t\t\t\t<\/div>\n\t\t\t\t\t<\/div>\n\t\t<\/div>\n\t\t\t\t\t\t\t\t<\/div>\n\t\t\t\t\t<\/div>\n\t\t<\/section>\n\t\t\t\t<section class=\"elementor-section elementor-top-section elementor-element elementor-element-5369d53 elementor-section-boxed elementor-section-height-default elementor-section-height-default\" data-id=\"5369d53\" data-element_type=\"section\">\n\t\t\t\t\t\t<div class=\"elementor-container elementor-column-gap-default\">\n\t\t\t\t\t\t\t<div class=\"elementor-row\">\n\t\t\t\t\t<div class=\"elementor-column elementor-col-100 elementor-top-column elementor-element elementor-element-36e19a3\" data-id=\"36e19a3\" data-element_type=\"column\">\n\t\t\t<div class=\"elementor-column-wrap elementor-element-populated\">\n\t\t\t\t\t\t\t<div class=\"elementor-widget-wrap\">\n\t\t\t\t\t\t<div class=\"elementor-element elementor-element-c665714 elementor-widget elementor-widget-image\" data-id=\"c665714\" data-element_type=\"widget\" data-widget_type=\"image.default\">\n\t\t\t\t<div class=\"elementor-widget-container\">\n\t\t\t\t\t\t\t\t<div class=\"elementor-image\">\n\t\t\t\t\t\t\t\t\t\t\t\t<img decoding=\"async\" width=\"768\" height=\"1090\" src=\"https:\/\/www.une.edu.pe\/Ciencias\/wp-content\/uploads\/2023\/02\/Flyer_Biologia-768x1090.jpeg\" class=\"attachment-medium_large size-medium_large wp-image-7546\" alt=\"\" loading=\"lazy\" srcset=\"https:\/\/www.une.edu.pe\/Ciencias\/wp-content\/uploads\/2023\/02\/Flyer_Biologia-768x1090.jpeg 768w, https:\/\/www.une.edu.pe\/Ciencias\/wp-content\/uploads\/2023\/02\/Flyer_Biologia-211x300.jpeg 211w, https:\/\/www.une.edu.pe\/Ciencias\/wp-content\/uploads\/2023\/02\/Flyer_Biologia-722x1024.jpeg 722w, https:\/\/www.une.edu.pe\/Ciencias\/wp-content\/uploads\/2023\/02\/Flyer_Biologia-190x270.jpeg 190w, https:\/\/www.une.edu.pe\/Ciencias\/wp-content\/uploads\/2023\/02\/Flyer_Biologia.jpeg 902w\" sizes=\"(max-width: 768px) 100vw, 768px\" \/>\t\t\t\t\t\t\t\t\t\t\t\t\t\t<\/div>\n\t\t\t\t\t\t<\/div>\n\t\t\t\t<\/div>\n\t\t\t\t\t\t<\/div>\n\t\t\t\t\t<\/div>\n\t\t<\/div>\n\t\t\t\t\t\t\t\t<\/div>\n\t\t\t\t\t<\/div>\n\t\t<\/section>\n\t\t\t\t\t\t\t\t\t<\/div>\n\t\t\t<\/div>\n\t\t\t\t\t<\/div>\n\t\t","protected":false},"excerpt":{"rendered":"<p>DEPARTAMENTO ACAD\u00c9MICO DE MATEM\u00c1TICA E INFORM\u00c1TICA DEPARTAMENTO ACADEMICO DE BIOLOGIA<\/p>\n","protected":false},"author":4,"featured_media":7526,"parent":0,"menu_order":0,"comment_status":"closed","ping_status":"closed","template":"","meta":[],"_links":{"self":[{"href":"https:\/\/www.une.edu.pe\/Ciencias\/wp-json\/wp\/v2\/pages\/7530"}],"collection":[{"href":"https:\/\/www.une.edu.pe\/Ciencias\/wp-json\/wp\/v2\/pages"}],"about":[{"href":"https:\/\/www.une.edu.pe\/Ciencias\/wp-json\/wp\/v2\/types\/page"}],"author":[{"embeddable":true,"href":"https:\/\/www.une.edu.pe\/Ciencias\/wp-json\/wp\/v2\/users\/4"}],"replies":[{"embeddable":true,"href":"https:\/\/www.une.edu.pe\/Ciencias\/wp-json\/wp\/v2\/comments?post=7530"}],"version-history":[{"count":16,"href":"https:\/\/www.une.edu.pe\/Ciencias\/wp-json\/wp\/v2\/pages\/7530\/revisions"}],"predecessor-version":[{"id":7549,"href":"https:\/\/www.une.edu.pe\/Ciencias\/wp-json\/wp\/v2\/pages\/7530\/revisions\/7549"}],"wp:featuredmedia":[{"embeddable":true,"href":"https:\/\/www.une.edu.pe\/Ciencias\/wp-json\/wp\/v2\/media\/7526"}],"wp:attachment":[{"href":"https:\/\/www.une.edu.pe\/Ciencias\/wp-json\/wp\/v2\/media?parent=7530"}],"curies":[{"name":"wp","href":"https:\/\/api.w.org\/{rel}","templated":true}]}}