{"id":4835,"date":"2021-06-20T08:51:23","date_gmt":"2021-06-20T06:51:23","guid":{"rendered":"http:\/\/www.une.edu.pe\/Ciencias\/?page_id=4835"},"modified":"2021-06-20T09:01:42","modified_gmt":"2021-06-20T07:01:42","slug":"departamento-academico-de-biologia","status":"publish","type":"page","link":"https:\/\/www.une.edu.pe\/Ciencias\/departamento-academico-de-biologia\/","title":{"rendered":"Departamento Acad\u00e9mico de Biolog\u00eda"},"content":{"rendered":"\t\t<div data-elementor-type=\"wp-post\" data-elementor-id=\"4835\" class=\"elementor elementor-4835\">\n\t\t\t\t\t\t<section class=\"elementor-section elementor-top-section elementor-element elementor-element-f92e834 elementor-section-boxed elementor-section-height-default elementor-section-height-default\" data-id=\"f92e834\" data-element_type=\"section\" data-e-type=\"section\">\n\t\t\t\t\t\t<div class=\"elementor-container elementor-column-gap-default\">\n\t\t\t\t\t<div class=\"elementor-column elementor-col-100 elementor-top-column elementor-element elementor-element-0a1dc3a\" data-id=\"0a1dc3a\" data-element_type=\"column\" data-e-type=\"column\">\n\t\t\t<div class=\"elementor-widget-wrap elementor-element-populated\">\n\t\t\t\t\t\t<div class=\"elementor-element elementor-element-996580d elementor-widget elementor-widget-text-editor\" data-id=\"996580d\" data-element_type=\"widget\" data-e-type=\"widget\" data-widget_type=\"text-editor.default\">\n\t\t\t\t<div class=\"elementor-widget-container\">\n\t\t\t\t\t\t\t\t\t<p>El Departamento Acad\u00e9mico de Biolog\u00eda y Qu\u00edmica son una dependencia de la Facultad de Ciencias de la Universidad Nacional de Educaci\u00f3n Enrique Guzm\u00e1n y Valle, est\u00e1 integrado por una Jefatura de Departamento, una Coordinaci\u00f3n de Laboratorio, una Coordinaci\u00f3n de la Pr\u00e1ctica Pre profesional y una Plana de Docentes de amplia experiencia, que tiene la finalidad de formar Profesores especialistas en el \u00c1rea de la Biolog\u00eda y Qu\u00edmica, proporcion\u00e1ndoles las herramientas b\u00e1sicas para el ejercicio docente en cuanto a los\u00a0aspectos cognoscitivos\u00a0de la Biolog\u00eda-Qu\u00edmica General, Cultura General, sus Estrategias Metodol\u00f3gicas, la elaboraci\u00f3n de materiales did\u00e1cticos y\u00a0pr\u00e1ctica pre profesional.<\/p>\t\t\t\t\t\t\t\t<\/div>\n\t\t\t\t<\/div>\n\t\t\t\t\t<\/div>\n\t\t<\/div>\n\t\t\t\t\t<\/div>\n\t\t<\/section>\n\t\t\t\t<section class=\"elementor-section elementor-top-section elementor-element elementor-element-f0653a2 elementor-section-boxed elementor-section-height-default elementor-section-height-default\" data-id=\"f0653a2\" data-element_type=\"section\" data-e-type=\"section\">\n\t\t\t\t\t\t<div class=\"elementor-container elementor-column-gap-default\">\n\t\t\t\t\t<div class=\"elementor-column elementor-col-50 elementor-top-column elementor-element elementor-element-c1072f4\" data-id=\"c1072f4\" data-element_type=\"column\" data-e-type=\"column\">\n\t\t\t<div class=\"elementor-widget-wrap elementor-element-populated\">\n\t\t\t\t\t\t<div class=\"elementor-element elementor-element-be2762d elementor-widget elementor-widget-text-editor\" data-id=\"be2762d\" data-element_type=\"widget\" data-e-type=\"widget\" data-widget_type=\"text-editor.default\">\n\t\t\t\t<div class=\"elementor-widget-container\">\n\t\t\t\t\t\t\t\t\t<p style=\"text-align: center;\"><a href=\"http:\/\/www.une.edu.pe\/Ciencias\/wp-content\/uploads\/2021\/06\/MISION-VISION-1.pdf\"><span style=\"text-decoration: underline;\"><strong>MISI\u00d3N<\/strong><\/span><\/a><\/p>\t\t\t\t\t\t\t\t<\/div>\n\t\t\t\t<\/div>\n\t\t\t\t\t<\/div>\n\t\t<\/div>\n\t\t\t\t<div class=\"elementor-column elementor-col-50 elementor-top-column elementor-element elementor-element-2100a6f\" data-id=\"2100a6f\" data-element_type=\"column\" data-e-type=\"column\">\n\t\t\t<div class=\"elementor-widget-wrap elementor-element-populated\">\n\t\t\t\t\t\t<div class=\"elementor-element elementor-element-a9a23d1 elementor-widget elementor-widget-text-editor\" data-id=\"a9a23d1\" data-element_type=\"widget\" data-e-type=\"widget\" data-widget_type=\"text-editor.default\">\n\t\t\t\t<div class=\"elementor-widget-container\">\n\t\t\t\t\t\t\t\t\t<p style=\"text-align: center;\"><a href=\"http:\/\/www.une.edu.pe\/Ciencias\/wp-content\/uploads\/2021\/06\/MISION-VISION-1.pdf\"><span style=\"text-decoration: underline;\"><strong>VISI\u00d3N<\/strong><\/span><\/a><\/p>\t\t\t\t\t\t\t\t<\/div>\n\t\t\t\t<\/div>\n\t\t\t\t\t<\/div>\n\t\t<\/div>\n\t\t\t\t\t<\/div>\n\t\t<\/section>\n\t\t\t\t<section class=\"elementor-section elementor-top-section elementor-element elementor-element-6a7dcf1 elementor-section-boxed elementor-section-height-default elementor-section-height-default\" data-id=\"6a7dcf1\" data-element_type=\"section\" data-e-type=\"section\">\n\t\t\t\t\t\t<div class=\"elementor-container elementor-column-gap-default\">\n\t\t\t\t\t<div class=\"elementor-column elementor-col-33 elementor-top-column elementor-element elementor-element-b150be6\" data-id=\"b150be6\" data-element_type=\"column\" data-e-type=\"column\">\n\t\t\t<div class=\"elementor-widget-wrap elementor-element-populated\">\n\t\t\t\t\t\t<div class=\"elementor-element elementor-element-5d0bb92 elementor-widget elementor-widget-image\" data-id=\"5d0bb92\" data-element_type=\"widget\" data-e-type=\"widget\" data-widget_type=\"image.default\">\n\t\t\t\t<div class=\"elementor-widget-container\">\n\t\t\t\t\t\t\t\t\t\t\t\t<figure class=\"wp-caption\">\n\t\t\t\t\t\t\t\t\t\t<img fetchpriority=\"high\" decoding=\"async\" width=\"1024\" height=\"768\" src=\"https:\/\/www.une.edu.pe\/Ciencias\/wp-content\/uploads\/2021\/06\/WhatsApp-Image-2019-04-24-at-17.48.32-2-large-1024x768.jpeg\" class=\"attachment-large size-large wp-image-4845\" alt=\"\" srcset=\"https:\/\/www.une.edu.pe\/Ciencias\/wp-content\/uploads\/2021\/06\/WhatsApp-Image-2019-04-24-at-17.48.32-2-large-1024x768.jpeg 1024w, https:\/\/www.une.edu.pe\/Ciencias\/wp-content\/uploads\/2021\/06\/WhatsApp-Image-2019-04-24-at-17.48.32-2-large-300x225.jpeg 300w, https:\/\/www.une.edu.pe\/Ciencias\/wp-content\/uploads\/2021\/06\/WhatsApp-Image-2019-04-24-at-17.48.32-2-large-768x576.jpeg 768w, https:\/\/www.une.edu.pe\/Ciencias\/wp-content\/uploads\/2021\/06\/WhatsApp-Image-2019-04-24-at-17.48.32-2-large-360x270.jpeg 360w, https:\/\/www.une.edu.pe\/Ciencias\/wp-content\/uploads\/2021\/06\/WhatsApp-Image-2019-04-24-at-17.48.32-2-large.jpeg 1164w\" sizes=\"(max-width: 1024px) 100vw, 1024px\" \/>\t\t\t\t\t\t\t\t\t\t\t<figcaption class=\"widget-image-caption wp-caption-text\">Aniversario de la UNE<\/figcaption>\n\t\t\t\t\t\t\t\t\t\t<\/figure>\n\t\t\t\t\t\t\t\t\t<\/div>\n\t\t\t\t<\/div>\n\t\t\t\t\t<\/div>\n\t\t<\/div>\n\t\t\t\t<div class=\"elementor-column elementor-col-33 elementor-top-column elementor-element elementor-element-45543b8\" data-id=\"45543b8\" data-element_type=\"column\" data-e-type=\"column\">\n\t\t\t<div class=\"elementor-widget-wrap elementor-element-populated\">\n\t\t\t\t\t\t<div class=\"elementor-element elementor-element-7457a88 elementor-widget elementor-widget-image\" data-id=\"7457a88\" data-element_type=\"widget\" data-e-type=\"widget\" data-widget_type=\"image.default\">\n\t\t\t\t<div class=\"elementor-widget-container\">\n\t\t\t\t\t\t\t\t\t\t\t\t<figure class=\"wp-caption\">\n\t\t\t\t\t\t\t\t\t\t<img decoding=\"async\" width=\"1024\" height=\"768\" src=\"https:\/\/www.une.edu.pe\/Ciencias\/wp-content\/uploads\/2021\/06\/WhatsApp-Image-2019-06-13-at-12.17.44-2-large-1024x768.jpeg\" class=\"attachment-large size-large wp-image-4846\" alt=\"\" srcset=\"https:\/\/www.une.edu.pe\/Ciencias\/wp-content\/uploads\/2021\/06\/WhatsApp-Image-2019-06-13-at-12.17.44-2-large-1024x768.jpeg 1024w, https:\/\/www.une.edu.pe\/Ciencias\/wp-content\/uploads\/2021\/06\/WhatsApp-Image-2019-06-13-at-12.17.44-2-large-300x225.jpeg 300w, https:\/\/www.une.edu.pe\/Ciencias\/wp-content\/uploads\/2021\/06\/WhatsApp-Image-2019-06-13-at-12.17.44-2-large-768x576.jpeg 768w, https:\/\/www.une.edu.pe\/Ciencias\/wp-content\/uploads\/2021\/06\/WhatsApp-Image-2019-06-13-at-12.17.44-2-large-360x270.jpeg 360w, https:\/\/www.une.edu.pe\/Ciencias\/wp-content\/uploads\/2021\/06\/WhatsApp-Image-2019-06-13-at-12.17.44-2-large.jpeg 1280w\" sizes=\"(max-width: 1024px) 100vw, 1024px\" \/>\t\t\t\t\t\t\t\t\t\t\t<figcaption class=\"widget-image-caption wp-caption-text\">D\u00eda de la UNE<\/figcaption>\n\t\t\t\t\t\t\t\t\t\t<\/figure>\n\t\t\t\t\t\t\t\t\t<\/div>\n\t\t\t\t<\/div>\n\t\t\t\t\t<\/div>\n\t\t<\/div>\n\t\t\t\t<div class=\"elementor-column elementor-col-33 elementor-top-column elementor-element elementor-element-a659bca\" data-id=\"a659bca\" data-element_type=\"column\" data-e-type=\"column\">\n\t\t\t<div class=\"elementor-widget-wrap elementor-element-populated\">\n\t\t\t\t\t\t<div class=\"elementor-element elementor-element-08c7dc4 elementor-widget elementor-widget-image\" data-id=\"08c7dc4\" data-element_type=\"widget\" data-e-type=\"widget\" data-widget_type=\"image.default\">\n\t\t\t\t<div class=\"elementor-widget-container\">\n\t\t\t\t\t\t\t\t\t\t\t\t<figure class=\"wp-caption\">\n\t\t\t\t\t\t\t\t\t\t<img decoding=\"async\" width=\"1024\" height=\"768\" src=\"https:\/\/www.une.edu.pe\/Ciencias\/wp-content\/uploads\/2021\/06\/WhatsApp-Image-2019-07-02-at-17.31.01-2-large-1024x768.jpeg\" class=\"attachment-large size-large wp-image-4847\" alt=\"\" srcset=\"https:\/\/www.une.edu.pe\/Ciencias\/wp-content\/uploads\/2021\/06\/WhatsApp-Image-2019-07-02-at-17.31.01-2-large-1024x768.jpeg 1024w, https:\/\/www.une.edu.pe\/Ciencias\/wp-content\/uploads\/2021\/06\/WhatsApp-Image-2019-07-02-at-17.31.01-2-large-300x225.jpeg 300w, https:\/\/www.une.edu.pe\/Ciencias\/wp-content\/uploads\/2021\/06\/WhatsApp-Image-2019-07-02-at-17.31.01-2-large-768x576.jpeg 768w, https:\/\/www.une.edu.pe\/Ciencias\/wp-content\/uploads\/2021\/06\/WhatsApp-Image-2019-07-02-at-17.31.01-2-large-360x270.jpeg 360w, https:\/\/www.une.edu.pe\/Ciencias\/wp-content\/uploads\/2021\/06\/WhatsApp-Image-2019-07-02-at-17.31.01-2-large.jpeg 1280w\" sizes=\"(max-width: 1024px) 100vw, 1024px\" \/>\t\t\t\t\t\t\t\t\t\t\t<figcaption class=\"widget-image-caption wp-caption-text\">D\u00eda del Padre<\/figcaption>\n\t\t\t\t\t\t\t\t\t\t<\/figure>\n\t\t\t\t\t\t\t\t\t<\/div>\n\t\t\t\t<\/div>\n\t\t\t\t\t<\/div>\n\t\t<\/div>\n\t\t\t\t\t<\/div>\n\t\t<\/section>\n\t\t\t\t<\/div>\n\t\t","protected":false},"excerpt":{"rendered":"<p>El Departamento Acad\u00e9mico de Biolog\u00eda y Qu\u00edmica son una dependencia de la Facultad de Ciencias de la Universidad Nacional de Educaci\u00f3n Enrique Guzm\u00e1n y Valle, est\u00e1 integrado por una Jefatura de Departamento, una Coordinaci\u00f3n de Laboratorio, una Coordinaci\u00f3n de la <a href=\"https:\/\/www.une.edu.pe\/Ciencias\/departamento-academico-de-biologia\/\" class=\"read-more\">Leer m\u00e1s&#8230;<\/a><\/p>\n","protected":false},"author":3,"featured_media":0,"parent":0,"menu_order":0,"comment_status":"closed","ping_status":"closed","template":"","meta":{"footnotes":""},"class_list":["post-4835","page","type-page","status-publish","hentry"],"_links":{"self":[{"href":"https:\/\/www.une.edu.pe\/Ciencias\/wp-json\/wp\/v2\/pages\/4835","targetHints":{"allow":["GET"]}}],"collection":[{"href":"https:\/\/www.une.edu.pe\/Ciencias\/wp-json\/wp\/v2\/pages"}],"about":[{"href":"https:\/\/www.une.edu.pe\/Ciencias\/wp-json\/wp\/v2\/types\/page"}],"author":[{"embeddable":true,"href":"https:\/\/www.une.edu.pe\/Ciencias\/wp-json\/wp\/v2\/users\/3"}],"replies":[{"embeddable":true,"href":"https:\/\/www.une.edu.pe\/Ciencias\/wp-json\/wp\/v2\/comments?post=4835"}],"version-history":[{"count":5,"href":"https:\/\/www.une.edu.pe\/Ciencias\/wp-json\/wp\/v2\/pages\/4835\/revisions"}],"predecessor-version":[{"id":4848,"href":"https:\/\/www.une.edu.pe\/Ciencias\/wp-json\/wp\/v2\/pages\/4835\/revisions\/4848"}],"wp:attachment":[{"href":"https:\/\/www.une.edu.pe\/Ciencias\/wp-json\/wp\/v2\/media?parent=4835"}],"curies":[{"name":"wp","href":"https:\/\/api.w.org\/{rel}","templated":true}]}}