{"id":3270,"date":"2019-12-05T14:34:27","date_gmt":"2019-12-05T13:34:27","guid":{"rendered":"http:\/\/www.une.edu.pe\/Ciencias\/?page_id=3270"},"modified":"2021-06-23T18:13:43","modified_gmt":"2021-06-23T16:13:43","slug":"mision-vision","status":"publish","type":"page","link":"https:\/\/www.une.edu.pe\/Ciencias\/mision-vision\/","title":{"rendered":"Misi\u00f3n &#8211; Visi\u00f3n"},"content":{"rendered":"\t\t<div data-elementor-type=\"wp-post\" data-elementor-id=\"3270\" class=\"elementor elementor-3270\">\n\t\t\t\t\t\t<section class=\"elementor-section elementor-top-section elementor-element elementor-element-55a18ea elementor-section-boxed elementor-section-height-default elementor-section-height-default\" data-id=\"55a18ea\" data-element_type=\"section\" data-e-type=\"section\">\n\t\t\t\t\t\t<div class=\"elementor-container elementor-column-gap-default\">\n\t\t\t\t\t<div class=\"elementor-column elementor-col-100 elementor-top-column elementor-element elementor-element-287cf18\" data-id=\"287cf18\" data-element_type=\"column\" data-e-type=\"column\">\n\t\t\t<div class=\"elementor-widget-wrap elementor-element-populated\">\n\t\t\t\t\t\t<div class=\"elementor-element elementor-element-c066617 elementor-widget elementor-widget-heading\" data-id=\"c066617\" data-element_type=\"widget\" data-e-type=\"widget\" data-widget_type=\"heading.default\">\n\t\t\t\t<div class=\"elementor-widget-container\">\n\t\t\t\t\t<h2 class=\"elementor-heading-title elementor-size-default\">MISI\u00d3N<\/h2>\t\t\t\t<\/div>\n\t\t\t\t<\/div>\n\t\t\t\t\t<\/div>\n\t\t<\/div>\n\t\t\t\t\t<\/div>\n\t\t<\/section>\n\t\t\t\t<section class=\"elementor-section elementor-top-section elementor-element elementor-element-6d7b536 elementor-section-boxed elementor-section-height-default elementor-section-height-default\" data-id=\"6d7b536\" data-element_type=\"section\" data-e-type=\"section\">\n\t\t\t\t\t\t<div class=\"elementor-container elementor-column-gap-default\">\n\t\t\t\t\t<div class=\"elementor-column elementor-col-100 elementor-top-column elementor-element elementor-element-a2a4488\" data-id=\"a2a4488\" data-element_type=\"column\" data-e-type=\"column\">\n\t\t\t<div class=\"elementor-widget-wrap elementor-element-populated\">\n\t\t\t\t\t\t<div class=\"elementor-element elementor-element-a8be54c elementor-widget elementor-widget-text-editor\" data-id=\"a8be54c\" data-element_type=\"widget\" data-e-type=\"widget\" data-widget_type=\"text-editor.default\">\n\t\t\t\t<div class=\"elementor-widget-container\">\n\t\t\t\t\t\t\t\t\t<p align=\"justify\"><span style=\"background-color: inherit;\">Formar profesionales en educaci\u00f3n en las \u00e1reas de ciencias naturales, matem\u00e1tica e inform\u00e1tica, con bases human\u00edsticas, cient\u00edficas, tecnol\u00f3gicas y \u00e9ticas para que contribuyan al desarrollo de la educaci\u00f3n nacional con inclusi\u00f3n social.<\/span><\/p>\t\t\t\t\t\t\t\t<\/div>\n\t\t\t\t<\/div>\n\t\t\t\t\t<\/div>\n\t\t<\/div>\n\t\t\t\t\t<\/div>\n\t\t<\/section>\n\t\t\t\t<section class=\"elementor-section elementor-top-section elementor-element elementor-element-a5ea0ab elementor-section-boxed elementor-section-height-default elementor-section-height-default\" data-id=\"a5ea0ab\" data-element_type=\"section\" data-e-type=\"section\">\n\t\t\t\t\t\t<div class=\"elementor-container elementor-column-gap-default\">\n\t\t\t\t\t<div class=\"elementor-column elementor-col-100 elementor-top-column elementor-element elementor-element-e301319\" data-id=\"e301319\" data-element_type=\"column\" data-e-type=\"column\">\n\t\t\t<div class=\"elementor-widget-wrap elementor-element-populated\">\n\t\t\t\t\t\t<div class=\"elementor-element elementor-element-316ed4e elementor-widget elementor-widget-heading\" data-id=\"316ed4e\" data-element_type=\"widget\" data-e-type=\"widget\" data-widget_type=\"heading.default\">\n\t\t\t\t<div class=\"elementor-widget-container\">\n\t\t\t\t\t<h2 class=\"elementor-heading-title elementor-size-default\">VISI\u00d3N<\/h2>\t\t\t\t<\/div>\n\t\t\t\t<\/div>\n\t\t\t\t\t<\/div>\n\t\t<\/div>\n\t\t\t\t\t<\/div>\n\t\t<\/section>\n\t\t\t\t<section class=\"elementor-section elementor-top-section elementor-element elementor-element-666960a elementor-section-boxed elementor-section-height-default elementor-section-height-default\" data-id=\"666960a\" data-element_type=\"section\" data-e-type=\"section\">\n\t\t\t\t\t\t<div class=\"elementor-container elementor-column-gap-default\">\n\t\t\t\t\t<div class=\"elementor-column elementor-col-100 elementor-top-column elementor-element elementor-element-9e108d0\" data-id=\"9e108d0\" data-element_type=\"column\" data-e-type=\"column\">\n\t\t\t<div class=\"elementor-widget-wrap elementor-element-populated\">\n\t\t\t\t\t\t<div class=\"elementor-element elementor-element-81afaaf elementor-widget elementor-widget-text-editor\" data-id=\"81afaaf\" data-element_type=\"widget\" data-e-type=\"widget\" data-widget_type=\"text-editor.default\">\n\t\t\t\t<div class=\"elementor-widget-container\">\n\t\t\t\t\t\t\t\t\t<p><span style=\"text-align: justify;\">La Facultad de Ciencias formar\u00e1 maestros competentes con una s\u00f3lida preparaci\u00f3n de acuerdo al avance pedag\u00f3gico, cient\u00edfico, tecnol\u00f3gico, human\u00edstico y ambiental seg\u00fan la exigencia del siglo XXI. Teniendo como eje el desarrollo acad\u00e9mico, la investigaci\u00f3n, proyecci\u00f3n social y extensi\u00f3n que permita la innovaci\u00f3n pedag\u00f3gica y los nuevos conocimientos en el desarrollo de la sociedad local, regional, nacional e internacional.<\/span><\/p>\t\t\t\t\t\t\t\t<\/div>\n\t\t\t\t<\/div>\n\t\t\t\t\t<\/div>\n\t\t<\/div>\n\t\t\t\t\t<\/div>\n\t\t<\/section>\n\t\t\t\t<\/div>\n\t\t","protected":false},"excerpt":{"rendered":"<p>MISI\u00d3N Formar profesionales en educaci\u00f3n en las \u00e1reas de ciencias naturales, matem\u00e1tica e inform\u00e1tica, con bases human\u00edsticas, cient\u00edficas, tecnol\u00f3gicas y \u00e9ticas para que contribuyan al desarrollo de la educaci\u00f3n nacional con inclusi\u00f3n social. VISI\u00d3N La Facultad de Ciencias formar\u00e1 maestros <a href=\"https:\/\/www.une.edu.pe\/Ciencias\/mision-vision\/\" class=\"read-more\">Leer m\u00e1s&#8230;<\/a><\/p>\n","protected":false},"author":3,"featured_media":0,"parent":0,"menu_order":0,"comment_status":"closed","ping_status":"closed","template":"","meta":{"footnotes":""},"class_list":["post-3270","page","type-page","status-publish","hentry"],"_links":{"self":[{"href":"https:\/\/www.une.edu.pe\/Ciencias\/wp-json\/wp\/v2\/pages\/3270","targetHints":{"allow":["GET"]}}],"collection":[{"href":"https:\/\/www.une.edu.pe\/Ciencias\/wp-json\/wp\/v2\/pages"}],"about":[{"href":"https:\/\/www.une.edu.pe\/Ciencias\/wp-json\/wp\/v2\/types\/page"}],"author":[{"embeddable":true,"href":"https:\/\/www.une.edu.pe\/Ciencias\/wp-json\/wp\/v2\/users\/3"}],"replies":[{"embeddable":true,"href":"https:\/\/www.une.edu.pe\/Ciencias\/wp-json\/wp\/v2\/comments?post=3270"}],"version-history":[{"count":6,"href":"https:\/\/www.une.edu.pe\/Ciencias\/wp-json\/wp\/v2\/pages\/3270\/revisions"}],"predecessor-version":[{"id":5089,"href":"https:\/\/www.une.edu.pe\/Ciencias\/wp-json\/wp\/v2\/pages\/3270\/revisions\/5089"}],"wp:attachment":[{"href":"https:\/\/www.une.edu.pe\/Ciencias\/wp-json\/wp\/v2\/media?parent=3270"}],"curies":[{"name":"wp","href":"https:\/\/api.w.org\/{rel}","templated":true}]}}