{"id":3112,"date":"2019-12-04T17:44:58","date_gmt":"2019-12-04T16:44:58","guid":{"rendered":"http:\/\/www.une.edu.pe\/Ciencias\/?page_id=3112"},"modified":"2025-02-18T09:55:06","modified_gmt":"2025-02-18T14:55:06","slug":"bienvenidos-a-la-facultad","status":"publish","type":"page","link":"https:\/\/www.une.edu.pe\/Ciencias\/bienvenidos-a-la-facultad\/","title":{"rendered":"Bienvenidos a la Facultad"},"content":{"rendered":"\t\t<div data-elementor-type=\"wp-post\" data-elementor-id=\"3112\" class=\"elementor elementor-3112\">\n\t\t\t\t\t\t<section class=\"elementor-section elementor-top-section elementor-element elementor-element-c5ebf26 elementor-section-boxed elementor-section-height-default elementor-section-height-default\" data-id=\"c5ebf26\" data-element_type=\"section\" data-e-type=\"section\">\n\t\t\t\t\t\t<div class=\"elementor-container elementor-column-gap-default\">\n\t\t\t\t\t<div class=\"elementor-column elementor-col-100 elementor-top-column elementor-element elementor-element-21be785\" data-id=\"21be785\" data-element_type=\"column\" data-e-type=\"column\">\n\t\t\t<div class=\"elementor-widget-wrap elementor-element-populated\">\n\t\t\t\t\t\t<div class=\"elementor-element elementor-element-3f6df9b elementor-widget elementor-widget-text-editor\" data-id=\"3f6df9b\" data-element_type=\"widget\" data-e-type=\"widget\" data-widget_type=\"text-editor.default\">\n\t\t\t\t<div class=\"elementor-widget-container\">\n\t\t\t\t\t\t\t\t\t<p style=\"font-weight: 400; text-align: justify;\">\u200bLes damos la bienvenida al sitio web de la Facultad de Ciencias, somos una Instituci\u00f3n comprometida con la educaci\u00f3n del Per\u00fa.<\/p>\n<p style=\"font-weight: 400; text-align: justify;\">Ante todo, formamos personas con una cultura educativa basada en el aprender a aprender y en el pensar. Que se sientan comprometidas con su instituci\u00f3n y con su comunidad, que trabajen para mejorarla, que sean l\u00edderes y agentes del cambio que necesita nuestra instituci\u00f3n, comunidad y el pa\u00eds, en la perspectiva de construir una sociedad m\u00e1s desarrollada, m\u00e1s justa y m\u00e1s libre.<\/p>\t\t\t\t\t\t\t\t<\/div>\n\t\t\t\t<\/div>\n\t\t\t\t\t<\/div>\n\t\t<\/div>\n\t\t\t\t\t<\/div>\n\t\t<\/section>\n\t\t\t\t<section class=\"elementor-section elementor-top-section elementor-element elementor-element-9a22cda elementor-section-boxed elementor-section-height-default elementor-section-height-default\" data-id=\"9a22cda\" data-element_type=\"section\" data-e-type=\"section\">\n\t\t\t\t\t\t<div class=\"elementor-container elementor-column-gap-default\">\n\t\t\t\t\t<div class=\"elementor-column elementor-col-50 elementor-top-column elementor-element elementor-element-7de12d8\" data-id=\"7de12d8\" data-element_type=\"column\" data-e-type=\"column\">\n\t\t\t<div class=\"elementor-widget-wrap elementor-element-populated\">\n\t\t\t\t\t\t<div class=\"elementor-element elementor-element-cf8a80d elementor-widget elementor-widget-text-editor\" data-id=\"cf8a80d\" data-element_type=\"widget\" data-e-type=\"widget\" data-widget_type=\"text-editor.default\">\n\t\t\t\t<div class=\"elementor-widget-container\">\n\t\t\t\t\t\t\t\t\t<p>La Facultad de Ciencias, es una unidad acad\u00e9mica de la UNE, comprometida con la educaci\u00f3n del Per\u00fa. En ella, formamos personas con una cultura educativa basada en el aprender a aprender y en el pensar, que se sientan comprometidas con su instituci\u00f3n y con su comunidad, que trabajen para mejorarla, que sean l\u00edderes y agentes del cambio en nuestra instituci\u00f3n, comunidad y el pa\u00eds, en la perspectiva de construir una sociedad m\u00e1s desarrollada, justa y m\u00e1s libre.<\/p><p>Estructuralmente ha cambiado, ahora se cuenta con dos escuelas profesionales: La Escuela Profesional de Ciencias Naturales, conformada por los Departamentos Acad\u00e9micos de Biolog\u00eda, Qu\u00edmica y F\u00edsica; la Escuela Profesional de Matem\u00e1tica e Inform\u00e1tica que comprende, el Departamento Acad\u00e9mico de Matem\u00e1tica e Inform\u00e1tica, de acuerdo al nuevo Estatuto de la UNE y sus modificatorias.<\/p>\t\t\t\t\t\t\t\t<\/div>\n\t\t\t\t<\/div>\n\t\t\t\t\t<\/div>\n\t\t<\/div>\n\t\t\t\t<div class=\"elementor-column elementor-col-50 elementor-top-column elementor-element elementor-element-de7f0bc\" data-id=\"de7f0bc\" data-element_type=\"column\" data-e-type=\"column\">\n\t\t\t<div class=\"elementor-widget-wrap elementor-element-populated\">\n\t\t\t\t\t\t<div class=\"elementor-element elementor-element-9866b9f elementor-widget elementor-widget-image\" data-id=\"9866b9f\" data-element_type=\"widget\" data-e-type=\"widget\" data-widget_type=\"image.default\">\n\t\t\t\t<div class=\"elementor-widget-container\">\n\t\t\t\t\t\t\t\t\t\t\t\t\t\t\t<img fetchpriority=\"high\" decoding=\"async\" width=\"265\" height=\"300\" src=\"https:\/\/www.une.edu.pe\/Ciencias\/wp-content\/uploads\/2024\/05\/lolo-265x300.png\" class=\"attachment-medium size-medium wp-image-8908\" alt=\"\" srcset=\"https:\/\/www.une.edu.pe\/Ciencias\/wp-content\/uploads\/2024\/05\/lolo-265x300.png 265w, https:\/\/www.une.edu.pe\/Ciencias\/wp-content\/uploads\/2024\/05\/lolo-239x270.png 239w, https:\/\/www.une.edu.pe\/Ciencias\/wp-content\/uploads\/2024\/05\/lolo.png 532w\" sizes=\"(max-width: 265px) 100vw, 265px\" \/>\t\t\t\t\t\t\t\t\t\t\t\t\t\t\t<\/div>\n\t\t\t\t<\/div>\n\t\t\t\t<div class=\"elementor-element elementor-element-a178059 elementor-widget elementor-widget-text-editor\" data-id=\"a178059\" data-element_type=\"widget\" data-e-type=\"widget\" data-widget_type=\"text-editor.default\">\n\t\t\t\t<div class=\"elementor-widget-container\">\n\t\t\t\t\t\t\t\t\t<p style=\"text-align: center;\"><em>Dr. Jos\u00e9 Lolo Caballero Cifuentes<\/em><\/p><p style=\"text-align: center;\"><em>Decano de la Facultad de Ciencias<\/em><\/p><p>\u00a0<\/p>\t\t\t\t\t\t\t\t<\/div>\n\t\t\t\t<\/div>\n\t\t\t\t\t<\/div>\n\t\t<\/div>\n\t\t\t\t\t<\/div>\n\t\t<\/section>\n\t\t\t\t<section class=\"elementor-section elementor-top-section elementor-element elementor-element-8cae9a0 elementor-section-boxed elementor-section-height-default elementor-section-height-default\" data-id=\"8cae9a0\" data-element_type=\"section\" data-e-type=\"section\">\n\t\t\t\t\t\t<div class=\"elementor-container elementor-column-gap-default\">\n\t\t\t\t\t<div class=\"elementor-column elementor-col-20 elementor-top-column elementor-element elementor-element-906a01e\" data-id=\"906a01e\" data-element_type=\"column\" data-e-type=\"column\">\n\t\t\t<div class=\"elementor-widget-wrap elementor-element-populated\">\n\t\t\t\t\t\t<div class=\"elementor-element elementor-element-161ad3b elementor-widget elementor-widget-image\" data-id=\"161ad3b\" data-element_type=\"widget\" data-e-type=\"widget\" data-widget_type=\"image.default\">\n\t\t\t\t<div class=\"elementor-widget-container\">\n\t\t\t\t\t\t\t\t\t\t\t\t<figure class=\"wp-caption\">\n\t\t\t\t\t\t\t\t\t\t\t<a href=\"http:\/\/www.une.edu.pe\/Ciencias\/departamento-academico-de-quimica\/\">\n\t\t\t\t\t\t\t<img decoding=\"async\" width=\"172\" height=\"116\" src=\"https:\/\/www.une.edu.pe\/Ciencias\/wp-content\/uploads\/2021\/06\/q.png\" class=\"attachment-large size-large wp-image-4770\" alt=\"\" \/>\t\t\t\t\t\t\t\t<\/a>\n\t\t\t\t\t\t\t\t\t\t\t<figcaption class=\"widget-image-caption wp-caption-text\">Qu\u00edmica<\/figcaption>\n\t\t\t\t\t\t\t\t\t\t<\/figure>\n\t\t\t\t\t\t\t\t\t<\/div>\n\t\t\t\t<\/div>\n\t\t\t\t\t<\/div>\n\t\t<\/div>\n\t\t\t\t<div class=\"elementor-column elementor-col-20 elementor-top-column elementor-element elementor-element-604e1d9\" data-id=\"604e1d9\" data-element_type=\"column\" data-e-type=\"column\">\n\t\t\t<div class=\"elementor-widget-wrap elementor-element-populated\">\n\t\t\t\t\t\t<div class=\"elementor-element elementor-element-7348e9d elementor-widget elementor-widget-image\" data-id=\"7348e9d\" data-element_type=\"widget\" data-e-type=\"widget\" data-widget_type=\"image.default\">\n\t\t\t\t<div class=\"elementor-widget-container\">\n\t\t\t\t\t\t\t\t\t\t\t\t<figure class=\"wp-caption\">\n\t\t\t\t\t\t\t\t\t\t\t<a href=\"https:\/\/www.une.edu.pe\/Ciencias\/informatica\/\">\n\t\t\t\t\t\t\t<img decoding=\"async\" width=\"172\" height=\"116\" src=\"https:\/\/www.une.edu.pe\/Ciencias\/wp-content\/uploads\/2021\/06\/MI.png\" class=\"attachment-large size-large wp-image-4773\" alt=\"\" \/>\t\t\t\t\t\t\t\t<\/a>\n\t\t\t\t\t\t\t\t\t\t\t<figcaption class=\"widget-image-caption wp-caption-text\">Inform\u00e1tica<\/figcaption>\n\t\t\t\t\t\t\t\t\t\t<\/figure>\n\t\t\t\t\t\t\t\t\t<\/div>\n\t\t\t\t<\/div>\n\t\t\t\t\t<\/div>\n\t\t<\/div>\n\t\t\t\t<div class=\"elementor-column elementor-col-20 elementor-top-column elementor-element elementor-element-4ebf70e\" data-id=\"4ebf70e\" data-element_type=\"column\" data-e-type=\"column\">\n\t\t\t<div class=\"elementor-widget-wrap elementor-element-populated\">\n\t\t\t\t\t\t<div class=\"elementor-element elementor-element-da807e5 elementor-widget elementor-widget-image\" data-id=\"da807e5\" data-element_type=\"widget\" data-e-type=\"widget\" data-widget_type=\"image.default\">\n\t\t\t\t<div class=\"elementor-widget-container\">\n\t\t\t\t\t\t\t\t\t\t\t\t<figure class=\"wp-caption\">\n\t\t\t\t\t\t\t\t\t\t\t<a href=\"https:\/\/www.une.edu.pe\/Ciencias\/matematica\/\">\n\t\t\t\t\t\t\t<img loading=\"lazy\" decoding=\"async\" width=\"172\" height=\"116\" src=\"https:\/\/www.une.edu.pe\/Ciencias\/wp-content\/uploads\/2025\/02\/mate2.jpeg\" class=\"attachment-large size-large wp-image-9703\" alt=\"\" \/>\t\t\t\t\t\t\t\t<\/a>\n\t\t\t\t\t\t\t\t\t\t\t<figcaption class=\"widget-image-caption wp-caption-text\">Matem\u00e1tica<\/figcaption>\n\t\t\t\t\t\t\t\t\t\t<\/figure>\n\t\t\t\t\t\t\t\t\t<\/div>\n\t\t\t\t<\/div>\n\t\t\t\t\t<\/div>\n\t\t<\/div>\n\t\t\t\t<div class=\"elementor-column elementor-col-20 elementor-top-column elementor-element elementor-element-cdcd3e7\" data-id=\"cdcd3e7\" data-element_type=\"column\" data-e-type=\"column\">\n\t\t\t<div class=\"elementor-widget-wrap elementor-element-populated\">\n\t\t\t\t\t\t<div class=\"elementor-element elementor-element-68a31c1 elementor-widget elementor-widget-image\" data-id=\"68a31c1\" data-element_type=\"widget\" data-e-type=\"widget\" data-widget_type=\"image.default\">\n\t\t\t\t<div class=\"elementor-widget-container\">\n\t\t\t\t\t\t\t\t\t\t\t\t<figure class=\"wp-caption\">\n\t\t\t\t\t\t\t\t\t\t\t<a href=\"https:\/\/www.une.edu.pe\/Ciencias\/fisica-matematica\/\">\n\t\t\t\t\t\t\t<img loading=\"lazy\" decoding=\"async\" width=\"169\" height=\"114\" src=\"https:\/\/www.une.edu.pe\/Ciencias\/wp-content\/uploads\/2021\/06\/F.png\" class=\"attachment-large size-large wp-image-4775\" alt=\"\" \/>\t\t\t\t\t\t\t\t<\/a>\n\t\t\t\t\t\t\t\t\t\t\t<figcaption class=\"widget-image-caption wp-caption-text\">F\u00edsica<\/figcaption>\n\t\t\t\t\t\t\t\t\t\t<\/figure>\n\t\t\t\t\t\t\t\t\t<\/div>\n\t\t\t\t<\/div>\n\t\t\t\t\t<\/div>\n\t\t<\/div>\n\t\t\t\t<div class=\"elementor-column elementor-col-20 elementor-top-column elementor-element elementor-element-45fd3fd\" data-id=\"45fd3fd\" data-element_type=\"column\" data-e-type=\"column\">\n\t\t\t<div class=\"elementor-widget-wrap elementor-element-populated\">\n\t\t\t\t\t\t<div class=\"elementor-element elementor-element-cc102ba elementor-widget elementor-widget-image\" data-id=\"cc102ba\" data-element_type=\"widget\" data-e-type=\"widget\" data-widget_type=\"image.default\">\n\t\t\t\t<div class=\"elementor-widget-container\">\n\t\t\t\t\t\t\t\t\t\t\t\t<figure class=\"wp-caption\">\n\t\t\t\t\t\t\t\t\t\t\t<a href=\"http:\/\/www.une.edu.pe\/Ciencias\/departamento-academico-de-biologia\/\">\n\t\t\t\t\t\t\t<img loading=\"lazy\" decoding=\"async\" width=\"168\" height=\"113\" src=\"https:\/\/www.une.edu.pe\/Ciencias\/wp-content\/uploads\/2021\/06\/B.png\" class=\"attachment-large size-large wp-image-4776\" alt=\"\" \/>\t\t\t\t\t\t\t\t<\/a>\n\t\t\t\t\t\t\t\t\t\t\t<figcaption class=\"widget-image-caption wp-caption-text\">Biolog\u00eda<\/figcaption>\n\t\t\t\t\t\t\t\t\t\t<\/figure>\n\t\t\t\t\t\t\t\t\t<\/div>\n\t\t\t\t<\/div>\n\t\t\t\t\t<\/div>\n\t\t<\/div>\n\t\t\t\t\t<\/div>\n\t\t<\/section>\n\t\t\t\t<\/div>\n\t\t","protected":false},"excerpt":{"rendered":"<p>\u200bLes damos la bienvenida al sitio web de la Facultad de Ciencias, somos una Instituci\u00f3n comprometida con la educaci\u00f3n del Per\u00fa. Ante todo, formamos personas con una cultura educativa basada en el aprender a aprender y en el pensar. Que <a href=\"https:\/\/www.une.edu.pe\/Ciencias\/bienvenidos-a-la-facultad\/\" class=\"read-more\">Leer m\u00e1s&#8230;<\/a><\/p>\n","protected":false},"author":3,"featured_media":5307,"parent":0,"menu_order":0,"comment_status":"closed","ping_status":"closed","template":"","meta":{"footnotes":""},"class_list":["post-3112","page","type-page","status-publish","has-post-thumbnail","hentry"],"_links":{"self":[{"href":"https:\/\/www.une.edu.pe\/Ciencias\/wp-json\/wp\/v2\/pages\/3112","targetHints":{"allow":["GET"]}}],"collection":[{"href":"https:\/\/www.une.edu.pe\/Ciencias\/wp-json\/wp\/v2\/pages"}],"about":[{"href":"https:\/\/www.une.edu.pe\/Ciencias\/wp-json\/wp\/v2\/types\/page"}],"author":[{"embeddable":true,"href":"https:\/\/www.une.edu.pe\/Ciencias\/wp-json\/wp\/v2\/users\/3"}],"replies":[{"embeddable":true,"href":"https:\/\/www.une.edu.pe\/Ciencias\/wp-json\/wp\/v2\/comments?post=3112"}],"version-history":[{"count":44,"href":"https:\/\/www.une.edu.pe\/Ciencias\/wp-json\/wp\/v2\/pages\/3112\/revisions"}],"predecessor-version":[{"id":9715,"href":"https:\/\/www.une.edu.pe\/Ciencias\/wp-json\/wp\/v2\/pages\/3112\/revisions\/9715"}],"wp:featuredmedia":[{"embeddable":true,"href":"https:\/\/www.une.edu.pe\/Ciencias\/wp-json\/wp\/v2\/media\/5307"}],"wp:attachment":[{"href":"https:\/\/www.une.edu.pe\/Ciencias\/wp-json\/wp\/v2\/media?parent=3112"}],"curies":[{"name":"wp","href":"https:\/\/api.w.org\/{rel}","templated":true}]}}