{"id":12012,"date":"2026-04-12T11:09:33","date_gmt":"2026-04-12T16:09:33","guid":{"rendered":"https:\/\/www.une.edu.pe\/Ciencias\/?page_id=12012"},"modified":"2026-04-12T11:09:33","modified_gmt":"2026-04-12T16:09:33","slug":"admision-2026-escuela-profesional-de-matematica-e-informatica","status":"publish","type":"page","link":"https:\/\/www.une.edu.pe\/Ciencias\/admision-2026-escuela-profesional-de-matematica-e-informatica\/","title":{"rendered":"Admisi\u00f3n 2026 &#8211; Escuela Profesional de Matem\u00e1tica e Inform\u00e1tica"},"content":{"rendered":"","protected":false},"excerpt":{"rendered":"","protected":false},"author":4,"featured_media":12013,"parent":0,"menu_order":0,"comment_status":"closed","ping_status":"closed","template":"","meta":[],"_links":{"self":[{"href":"https:\/\/www.une.edu.pe\/Ciencias\/wp-json\/wp\/v2\/pages\/12012"}],"collection":[{"href":"https:\/\/www.une.edu.pe\/Ciencias\/wp-json\/wp\/v2\/pages"}],"about":[{"href":"https:\/\/www.une.edu.pe\/Ciencias\/wp-json\/wp\/v2\/types\/page"}],"author":[{"embeddable":true,"href":"https:\/\/www.une.edu.pe\/Ciencias\/wp-json\/wp\/v2\/users\/4"}],"replies":[{"embeddable":true,"href":"https:\/\/www.une.edu.pe\/Ciencias\/wp-json\/wp\/v2\/comments?post=12012"}],"version-history":[{"count":1,"href":"https:\/\/www.une.edu.pe\/Ciencias\/wp-json\/wp\/v2\/pages\/12012\/revisions"}],"predecessor-version":[{"id":12014,"href":"https:\/\/www.une.edu.pe\/Ciencias\/wp-json\/wp\/v2\/pages\/12012\/revisions\/12014"}],"wp:featuredmedia":[{"embeddable":true,"href":"https:\/\/www.une.edu.pe\/Ciencias\/wp-json\/wp\/v2\/media\/12013"}],"wp:attachment":[{"href":"https:\/\/www.une.edu.pe\/Ciencias\/wp-json\/wp\/v2\/media?parent=12012"}],"curies":[{"name":"wp","href":"https:\/\/api.w.org\/{rel}","templated":true}]}}