{"id":10659,"date":"2026-03-21T12:46:28","date_gmt":"2026-03-21T17:46:28","guid":{"rendered":"https:\/\/www.une.edu.pe\/Ciencias\/?page_id=10659"},"modified":"2026-03-30T13:50:01","modified_gmt":"2026-03-30T18:50:01","slug":"escuela-profesional-matematica-e-informatica","status":"publish","type":"page","link":"https:\/\/www.une.edu.pe\/Ciencias\/escuela-profesional-matematica-e-informatica\/","title":{"rendered":"Escuela Profesional Matem\u00e1tica e Inform\u00e1tica"},"content":{"rendered":"\t\t<div data-elementor-type=\"wp-page\" data-elementor-id=\"10659\" class=\"elementor elementor-10659\">\n\t\t\t\t\t\t<section class=\"elementor-section elementor-top-section elementor-element elementor-element-6d32726 elementor-section-boxed elementor-section-height-default elementor-section-height-default\" data-id=\"6d32726\" data-element_type=\"section\" data-e-type=\"section\">\n\t\t\t\t\t\t<div class=\"elementor-container elementor-column-gap-default\">\n\t\t\t\t\t<div class=\"elementor-column elementor-col-100 elementor-top-column elementor-element elementor-element-f46f344\" data-id=\"f46f344\" data-element_type=\"column\" data-e-type=\"column\">\n\t\t\t<div class=\"elementor-widget-wrap elementor-element-populated\">\n\t\t\t\t\t\t<div class=\"elementor-element elementor-element-f35f036 elementor-widget elementor-widget-text-editor\" data-id=\"f35f036\" data-element_type=\"widget\" data-e-type=\"widget\" data-widget_type=\"text-editor.default\">\n\t\t\t\t<div class=\"elementor-widget-container\">\n\t\t\t\t\t\t\t\t\t<p>La Escuela Profesional es la unidad org\u00e1nica de l\u00ednea dependiente del Decanato responsable del dise\u00f1o y actualizaci\u00f3n curricular de la carrera profesional, de acuerdo al avance de la ciencia y tecnolog\u00eda, as\u00ed como de dirigir su aplicaci\u00f3n, para la formaci\u00f3n y capacitaci\u00f3n pertinente hasta la obtenci\u00f3n del grado acad\u00e9mico y t\u00edtulo profesional correspondiente.<\/p><p>La Facultad de Ciencias cuenta con las siguientes Escuelas Profesionales:<\/p><ul><li><strong>Escuela Profesional de Matem\u00e1tica e Inform\u00e1tica.<\/strong><\/li><li><strong>Escuela Profesional de Ciencias Naturales.<\/strong><\/li><\/ul><p><strong>Funci\u00f3n de la Escuela Profesional<\/strong><\/p><ul class=\"wp-block-list\"><li>Dise\u00f1ar y actualizar los Programas Curriculares y Planes de Estudio de la carrera profesional, de acuerdo con el modelo educativo de la Universidad, con la demanda de los sectores econ\u00f3micos y productivos del pa\u00eds, y con el avance cient\u00edfico y tecnol\u00f3gico.<\/li><li>Planificar, organizar, coordinar, implementar y evaluar las actividades acad\u00e9micas y curriculares de acuerdo al Plan de Estudio.<\/li><li>Evaluar permanentemente el avance del dictado de las clases te\u00f3ricas y pr\u00e1cticas por asignaturas, de acuerdo al contenido del silabo presentado, as\u00ed como de la asistencia del estudiante, seg\u00fan reportes de los docentes.<\/li><li>Conducir el adecuado proceso de matr\u00edcula de los estudiantes de la Facultad.<\/li><li>Implementar los programas de movilidad acad\u00e9mica.<\/li><li>Velar por la excelencia acad\u00e9mica y la acreditaci\u00f3n de la Escuela Profesional.<\/li><li>Elaborar y difundir materiales para la orientaci\u00f3n al estudiante.<\/li><li>Proponer las medidas acad\u00e9micas, econ\u00f3micas y administrativas que estime convenientes en bien de las carreras profesionales y la Escuela.<\/li><li>Promover las actividades de investigaci\u00f3n formativa y velar por el desarrollo de las actividades de responsabilidad social.<\/li><li>Conducir y supervisar la buena marcha de la escuela y evaluar semestralmente los resultados de cada asignatura y compatibilizarlo con el Plan de mejora de la Escuela.<\/li><li>Realizar las dem\u00e1s funciones inherentes a la naturaleza de la Escuela Profesional que le asigne el Decanato.<\/li><\/ul>\t\t\t\t\t\t\t\t<\/div>\n\t\t\t\t<\/div>\n\t\t\t\t\t<\/div>\n\t\t<\/div>\n\t\t\t\t\t<\/div>\n\t\t<\/section>\n\t\t\t\t<\/div>\n\t\t","protected":false},"excerpt":{"rendered":"<p>La Escuela Profesional es la unidad org\u00e1nica de l\u00ednea dependiente del Decanato responsable del dise\u00f1o y actualizaci\u00f3n curricular de la carrera profesional, de acuerdo al avance de la ciencia y tecnolog\u00eda, as\u00ed como de dirigir su aplicaci\u00f3n, para la formaci\u00f3n <a href=\"https:\/\/www.une.edu.pe\/Ciencias\/escuela-profesional-matematica-e-informatica\/\" class=\"read-more\">Leer m\u00e1s&#8230;<\/a><\/p>\n","protected":false},"author":4,"featured_media":11476,"parent":0,"menu_order":0,"comment_status":"closed","ping_status":"closed","template":"","meta":{"footnotes":""},"class_list":["post-10659","page","type-page","status-publish","has-post-thumbnail","hentry"],"_links":{"self":[{"href":"https:\/\/www.une.edu.pe\/Ciencias\/wp-json\/wp\/v2\/pages\/10659","targetHints":{"allow":["GET"]}}],"collection":[{"href":"https:\/\/www.une.edu.pe\/Ciencias\/wp-json\/wp\/v2\/pages"}],"about":[{"href":"https:\/\/www.une.edu.pe\/Ciencias\/wp-json\/wp\/v2\/types\/page"}],"author":[{"embeddable":true,"href":"https:\/\/www.une.edu.pe\/Ciencias\/wp-json\/wp\/v2\/users\/4"}],"replies":[{"embeddable":true,"href":"https:\/\/www.une.edu.pe\/Ciencias\/wp-json\/wp\/v2\/comments?post=10659"}],"version-history":[{"count":11,"href":"https:\/\/www.une.edu.pe\/Ciencias\/wp-json\/wp\/v2\/pages\/10659\/revisions"}],"predecessor-version":[{"id":11477,"href":"https:\/\/www.une.edu.pe\/Ciencias\/wp-json\/wp\/v2\/pages\/10659\/revisions\/11477"}],"wp:featuredmedia":[{"embeddable":true,"href":"https:\/\/www.une.edu.pe\/Ciencias\/wp-json\/wp\/v2\/media\/11476"}],"wp:attachment":[{"href":"https:\/\/www.une.edu.pe\/Ciencias\/wp-json\/wp\/v2\/media?parent=10659"}],"curies":[{"name":"wp","href":"https:\/\/api.w.org\/{rel}","templated":true}]}}