{"id":6743,"date":"2025-11-20T14:13:53","date_gmt":"2025-11-20T19:13:53","guid":{"rendered":"https:\/\/www.une.edu.pe\/Agropecuaria\/?page_id=6743"},"modified":"2025-11-26T15:04:17","modified_gmt":"2025-11-26T20:04:17","slug":"cuarto-proceso-de-evaluacion-para-promocion-docente-del-2025","status":"publish","type":"page","link":"https:\/\/www.une.edu.pe\/Agropecuaria\/cuarto-proceso-de-evaluacion-para-promocion-docente-del-2025\/","title":{"rendered":"CUARTO PROCESO DE EVALUACI\u00d3N PARA PROMOCI\u00d3N DOCENTE DEL 2025"},"content":{"rendered":"\t\t<div data-elementor-type=\"wp-post\" data-elementor-id=\"6743\" class=\"elementor elementor-6743\">\n\t\t\t\t\t\t<section class=\"elementor-section elementor-top-section elementor-element elementor-element-931b060 elementor-section-boxed elementor-section-height-default elementor-section-height-default\" data-id=\"931b060\" data-element_type=\"section\" data-e-type=\"section\">\n\t\t\t\t\t\t<div class=\"elementor-container elementor-column-gap-default\">\n\t\t\t\t\t<div class=\"elementor-column elementor-col-50 elementor-top-column elementor-element elementor-element-b0c61d7\" data-id=\"b0c61d7\" data-element_type=\"column\" data-e-type=\"column\">\n\t\t\t<div class=\"elementor-widget-wrap elementor-element-populated\">\n\t\t\t\t\t\t<div class=\"elementor-element elementor-element-7d24c0b elementor-widget elementor-widget-text-editor\" data-id=\"7d24c0b\" data-element_type=\"widget\" data-e-type=\"widget\" data-widget_type=\"text-editor.default\">\n\t\t\t\t<div class=\"elementor-widget-container\">\n\t\t\t\t\t\t\t\t\t<p><strong>CONSOLIDADO DE RESULTADO FINAL &#8211; DEPARTAMENTO ACAD\u00c9MICO DE AGROPECUARIA Y DESARROLLO SOSTENIBLE<\/strong><\/p>\t\t\t\t\t\t\t\t<\/div>\n\t\t\t\t<\/div>\n\t\t\t\t\t<\/div>\n\t\t<\/div>\n\t\t\t\t<div class=\"elementor-column elementor-col-50 elementor-top-column elementor-element elementor-element-b3da50f\" data-id=\"b3da50f\" data-element_type=\"column\" data-e-type=\"column\">\n\t\t\t<div class=\"elementor-widget-wrap elementor-element-populated\">\n\t\t\t\t\t\t<div class=\"elementor-element elementor-element-e30dd85 elementor-align-justify elementor-widget elementor-widget-button\" data-id=\"e30dd85\" data-element_type=\"widget\" data-e-type=\"widget\" data-widget_type=\"button.default\">\n\t\t\t\t<div class=\"elementor-widget-container\">\n\t\t\t\t\t\t\t\t\t<div class=\"elementor-button-wrapper\">\n\t\t\t\t\t<a class=\"elementor-button elementor-button-link elementor-size-sm\" href=\"https:\/\/www.une.edu.pe\/Agropecuaria\/wp-content\/uploads\/2025\/11\/Document251126121448.pdf\" target=\"_blank\">\n\t\t\t\t\t\t<span class=\"elementor-button-content-wrapper\">\n\t\t\t\t\t\t\t\t\t<span class=\"elementor-button-text\">VER M\u00c1S<\/span>\n\t\t\t\t\t<\/span>\n\t\t\t\t\t<\/a>\n\t\t\t\t<\/div>\n\t\t\t\t\t\t\t\t<\/div>\n\t\t\t\t<\/div>\n\t\t\t\t\t<\/div>\n\t\t<\/div>\n\t\t\t\t\t<\/div>\n\t\t<\/section>\n\t\t\t\t<section class=\"elementor-section elementor-top-section elementor-element elementor-element-5e83671 elementor-section-boxed elementor-section-height-default elementor-section-height-default\" data-id=\"5e83671\" data-element_type=\"section\" data-e-type=\"section\">\n\t\t\t\t\t\t<div class=\"elementor-container elementor-column-gap-default\">\n\t\t\t\t\t<div class=\"elementor-column elementor-col-50 elementor-top-column elementor-element elementor-element-ade0f5f\" data-id=\"ade0f5f\" data-element_type=\"column\" data-e-type=\"column\">\n\t\t\t<div class=\"elementor-widget-wrap elementor-element-populated\">\n\t\t\t\t\t\t<div class=\"elementor-element elementor-element-04442fe elementor-widget elementor-widget-text-editor\" data-id=\"04442fe\" data-element_type=\"widget\" data-e-type=\"widget\" data-widget_type=\"text-editor.default\">\n\t\t\t\t<div class=\"elementor-widget-container\">\n\t\t\t\t\t\t\t\t\t<p><strong>PLAZAS VACANTES Y CRONOGRAMA PARA EL CUARTO PROCESO DE PROMOCI\u00d3N DOCENTE DEL 2025<\/strong><\/p>\t\t\t\t\t\t\t\t<\/div>\n\t\t\t\t<\/div>\n\t\t\t\t\t<\/div>\n\t\t<\/div>\n\t\t\t\t<div class=\"elementor-column elementor-col-50 elementor-top-column elementor-element elementor-element-02b0a75\" data-id=\"02b0a75\" data-element_type=\"column\" data-e-type=\"column\">\n\t\t\t<div class=\"elementor-widget-wrap elementor-element-populated\">\n\t\t\t\t\t\t<div class=\"elementor-element elementor-element-45ab428 elementor-align-justify elementor-widget elementor-widget-button\" data-id=\"45ab428\" data-element_type=\"widget\" data-e-type=\"widget\" data-widget_type=\"button.default\">\n\t\t\t\t<div class=\"elementor-widget-container\">\n\t\t\t\t\t\t\t\t\t<div class=\"elementor-button-wrapper\">\n\t\t\t\t\t<a class=\"elementor-button elementor-button-link elementor-size-sm\" href=\"https:\/\/www.une.edu.pe\/Agropecuaria\/wp-content\/uploads\/2025\/11\/CRONOGRAMA-CUARTO-PROCESO-2025.pdf\" target=\"_blank\">\n\t\t\t\t\t\t<span class=\"elementor-button-content-wrapper\">\n\t\t\t\t\t\t\t\t\t<span class=\"elementor-button-text\">VER M\u00c1S<\/span>\n\t\t\t\t\t<\/span>\n\t\t\t\t\t<\/a>\n\t\t\t\t<\/div>\n\t\t\t\t\t\t\t\t<\/div>\n\t\t\t\t<\/div>\n\t\t\t\t\t<\/div>\n\t\t<\/div>\n\t\t\t\t\t<\/div>\n\t\t<\/section>\n\t\t\t\t<\/div>\n\t\t","protected":false},"excerpt":{"rendered":"<p>CONSOLIDADO DE RESULTADO FINAL &#8211; DEPARTAMENTO ACAD\u00c9MICO DE AGROPECUARIA Y DESARROLLO SOSTENIBLE VER M\u00c1S PLAZAS VACANTES Y CRONOGRAMA PARA EL CUARTO PROCESO DE PROMOCI\u00d3N DOCENTE DEL 2025 VER M\u00c1S<\/p>\n","protected":false},"author":3,"featured_media":6756,"parent":0,"menu_order":0,"comment_status":"closed","ping_status":"closed","template":"","meta":{"footnotes":""},"class_list":["post-6743","page","type-page","status-publish","has-post-thumbnail","hentry"],"_links":{"self":[{"href":"https:\/\/www.une.edu.pe\/Agropecuaria\/wp-json\/wp\/v2\/pages\/6743","targetHints":{"allow":["GET"]}}],"collection":[{"href":"https:\/\/www.une.edu.pe\/Agropecuaria\/wp-json\/wp\/v2\/pages"}],"about":[{"href":"https:\/\/www.une.edu.pe\/Agropecuaria\/wp-json\/wp\/v2\/types\/page"}],"author":[{"embeddable":true,"href":"https:\/\/www.une.edu.pe\/Agropecuaria\/wp-json\/wp\/v2\/users\/3"}],"replies":[{"embeddable":true,"href":"https:\/\/www.une.edu.pe\/Agropecuaria\/wp-json\/wp\/v2\/comments?post=6743"}],"version-history":[{"count":13,"href":"https:\/\/www.une.edu.pe\/Agropecuaria\/wp-json\/wp\/v2\/pages\/6743\/revisions"}],"predecessor-version":[{"id":6762,"href":"https:\/\/www.une.edu.pe\/Agropecuaria\/wp-json\/wp\/v2\/pages\/6743\/revisions\/6762"}],"wp:featuredmedia":[{"embeddable":true,"href":"https:\/\/www.une.edu.pe\/Agropecuaria\/wp-json\/wp\/v2\/media\/6756"}],"wp:attachment":[{"href":"https:\/\/www.une.edu.pe\/Agropecuaria\/wp-json\/wp\/v2\/media?parent=6743"}],"curies":[{"name":"wp","href":"https:\/\/api.w.org\/{rel}","templated":true}]}}