{"id":6374,"date":"2025-08-19T09:29:53","date_gmt":"2025-08-19T14:29:53","guid":{"rendered":"https:\/\/www.une.edu.pe\/Agropecuaria\/?page_id=6374"},"modified":"2025-08-19T09:32:42","modified_gmt":"2025-08-19T14:32:42","slug":"renovacion-de-contrato-excepcional-por-necesidad-del-servicio-en-el-ciclo-academico-2025-ii","status":"publish","type":"page","link":"https:\/\/www.une.edu.pe\/Agropecuaria\/renovacion-de-contrato-excepcional-por-necesidad-del-servicio-en-el-ciclo-academico-2025-ii\/","title":{"rendered":"Renovaci\u00f3n de Contrato Excepcional por Necesidad del Servicio en el Ciclo Acad\u00e9mico 2025-II"},"content":{"rendered":"\t\t<div data-elementor-type=\"wp-post\" data-elementor-id=\"6374\" class=\"elementor elementor-6374\">\n\t\t\t\t\t\t<section class=\"elementor-section elementor-top-section elementor-element elementor-element-7655e5a elementor-section-boxed elementor-section-height-default elementor-section-height-default\" data-id=\"7655e5a\" data-element_type=\"section\" data-e-type=\"section\">\n\t\t\t\t\t\t<div class=\"elementor-container elementor-column-gap-default\">\n\t\t\t\t\t<div class=\"elementor-column elementor-col-50 elementor-top-column elementor-element elementor-element-0900ddb\" data-id=\"0900ddb\" data-element_type=\"column\" data-e-type=\"column\">\n\t\t\t<div class=\"elementor-widget-wrap elementor-element-populated\">\n\t\t\t\t\t\t<div class=\"elementor-element elementor-element-5014825 elementor-widget elementor-widget-text-editor\" data-id=\"5014825\" data-element_type=\"widget\" data-e-type=\"widget\" data-widget_type=\"text-editor.default\">\n\t\t\t\t<div class=\"elementor-widget-container\">\n\t\t\t\t\t\t\t\t\t<p><strong>Resoluci\u00f3n N\u00ba 2239-2025-R-UNE <\/strong><\/p>\t\t\t\t\t\t\t\t<\/div>\n\t\t\t\t<\/div>\n\t\t\t\t\t<\/div>\n\t\t<\/div>\n\t\t\t\t<div class=\"elementor-column elementor-col-50 elementor-top-column elementor-element elementor-element-adcd25e\" data-id=\"adcd25e\" data-element_type=\"column\" data-e-type=\"column\">\n\t\t\t<div class=\"elementor-widget-wrap elementor-element-populated\">\n\t\t\t\t\t\t<div class=\"elementor-element elementor-element-b79d729 elementor-align-center elementor-widget elementor-widget-button\" data-id=\"b79d729\" data-element_type=\"widget\" data-e-type=\"widget\" data-widget_type=\"button.default\">\n\t\t\t\t<div class=\"elementor-widget-container\">\n\t\t\t\t\t\t\t\t\t<div class=\"elementor-button-wrapper\">\n\t\t\t\t\t<a class=\"elementor-button elementor-button-link elementor-size-sm\" href=\"https:\/\/www.une.edu.pe\/Agropecuaria\/wp-content\/uploads\/2025\/08\/Resolucion-N\u00b0-2239-2025-R-UNE-1.pdf\" target=\"_blank\">\n\t\t\t\t\t\t<span class=\"elementor-button-content-wrapper\">\n\t\t\t\t\t\t\t\t\t<span class=\"elementor-button-text\">VER M\u00c1S<\/span>\n\t\t\t\t\t<\/span>\n\t\t\t\t\t<\/a>\n\t\t\t\t<\/div>\n\t\t\t\t\t\t\t\t<\/div>\n\t\t\t\t<\/div>\n\t\t\t\t\t<\/div>\n\t\t<\/div>\n\t\t\t\t\t<\/div>\n\t\t<\/section>\n\t\t\t\t<section class=\"elementor-section elementor-top-section elementor-element elementor-element-931b060 elementor-section-boxed elementor-section-height-default elementor-section-height-default\" data-id=\"931b060\" data-element_type=\"section\" data-e-type=\"section\">\n\t\t\t\t\t\t<div class=\"elementor-container elementor-column-gap-default\">\n\t\t\t\t\t<div class=\"elementor-column elementor-col-50 elementor-top-column elementor-element elementor-element-b0c61d7\" data-id=\"b0c61d7\" data-element_type=\"column\" data-e-type=\"column\">\n\t\t\t<div class=\"elementor-widget-wrap elementor-element-populated\">\n\t\t\t\t\t\t<div class=\"elementor-element elementor-element-7d24c0b elementor-widget elementor-widget-text-editor\" data-id=\"7d24c0b\" data-element_type=\"widget\" data-e-type=\"widget\" data-widget_type=\"text-editor.default\">\n\t\t\t\t<div class=\"elementor-widget-container\">\n\t\t\t\t\t\t\t\t\t<p><strong>CONVOCATORIA Y CRONOGRAMA DEL PROCESO DE EVALUACI\u00d3N DOCENTE PARA LA RENOVACI\u00d3N DE CONTRATO EXCEPCIONAL POR NECESIDAD DEL SERVICIO EN EL CICLO ACAD\u00c9MICO 2025-II, MODALIDAD PRESENCIAL <\/strong><\/p>\t\t\t\t\t\t\t\t<\/div>\n\t\t\t\t<\/div>\n\t\t\t\t\t<\/div>\n\t\t<\/div>\n\t\t\t\t<div class=\"elementor-column elementor-col-50 elementor-top-column elementor-element elementor-element-b3da50f\" data-id=\"b3da50f\" data-element_type=\"column\" data-e-type=\"column\">\n\t\t\t<div class=\"elementor-widget-wrap elementor-element-populated\">\n\t\t\t\t\t\t<div class=\"elementor-element elementor-element-e30dd85 elementor-align-center elementor-widget elementor-widget-button\" data-id=\"e30dd85\" data-element_type=\"widget\" data-e-type=\"widget\" data-widget_type=\"button.default\">\n\t\t\t\t<div class=\"elementor-widget-container\">\n\t\t\t\t\t\t\t\t\t<div class=\"elementor-button-wrapper\">\n\t\t\t\t\t<a class=\"elementor-button elementor-button-link elementor-size-sm\" href=\"https:\/\/www.une.edu.pe\/Agropecuaria\/wp-content\/uploads\/2025\/08\/CRONOGRAMA-RENOVACION-CONTRATO-2025-II_-1.pdf\" target=\"_blank\">\n\t\t\t\t\t\t<span class=\"elementor-button-content-wrapper\">\n\t\t\t\t\t\t\t\t\t<span class=\"elementor-button-text\">VER M\u00c1S<\/span>\n\t\t\t\t\t<\/span>\n\t\t\t\t\t<\/a>\n\t\t\t\t<\/div>\n\t\t\t\t\t\t\t\t<\/div>\n\t\t\t\t<\/div>\n\t\t\t\t\t<\/div>\n\t\t<\/div>\n\t\t\t\t\t<\/div>\n\t\t<\/section>\n\t\t\t\t<section class=\"elementor-section elementor-top-section elementor-element elementor-element-c771f1f elementor-section-boxed elementor-section-height-default elementor-section-height-default\" data-id=\"c771f1f\" data-element_type=\"section\" data-e-type=\"section\">\n\t\t\t\t\t\t<div class=\"elementor-container elementor-column-gap-default\">\n\t\t\t\t\t<div class=\"elementor-column elementor-col-50 elementor-top-column elementor-element elementor-element-583a234\" data-id=\"583a234\" data-element_type=\"column\" data-e-type=\"column\">\n\t\t\t<div class=\"elementor-widget-wrap elementor-element-populated\">\n\t\t\t\t\t\t<div class=\"elementor-element elementor-element-ab73a66 elementor-widget elementor-widget-text-editor\" data-id=\"ab73a66\" data-element_type=\"widget\" data-e-type=\"widget\" data-widget_type=\"text-editor.default\">\n\t\t\t\t<div class=\"elementor-widget-container\">\n\t\t\t\t\t\t\t\t\t<p><strong>PLAZAS PARA RENOVACI\u00d3N DE CONTRATO DOCENTE EXCEPCIONAL POR NECESIDAD DE SERVICIO EN EL CICLO ACAD\u00c9MICO 2025-II, MODALIDAD PRESENCIAL\u00a0<\/strong><\/p>\t\t\t\t\t\t\t\t<\/div>\n\t\t\t\t<\/div>\n\t\t\t\t\t<\/div>\n\t\t<\/div>\n\t\t\t\t<div class=\"elementor-column elementor-col-50 elementor-top-column elementor-element elementor-element-be36b69\" data-id=\"be36b69\" data-element_type=\"column\" data-e-type=\"column\">\n\t\t\t<div class=\"elementor-widget-wrap elementor-element-populated\">\n\t\t\t\t\t\t<div class=\"elementor-element elementor-element-1837621 elementor-align-center elementor-widget elementor-widget-button\" data-id=\"1837621\" data-element_type=\"widget\" data-e-type=\"widget\" data-widget_type=\"button.default\">\n\t\t\t\t<div class=\"elementor-widget-container\">\n\t\t\t\t\t\t\t\t\t<div class=\"elementor-button-wrapper\">\n\t\t\t\t\t<a class=\"elementor-button elementor-button-link elementor-size-sm\" href=\"https:\/\/www.une.edu.pe\/Agropecuaria\/wp-content\/uploads\/2025\/08\/ANEXO-02-PLAZAS.pdf\" target=\"_blank\">\n\t\t\t\t\t\t<span class=\"elementor-button-content-wrapper\">\n\t\t\t\t\t\t\t\t\t<span class=\"elementor-button-text\">VER M\u00c1S<\/span>\n\t\t\t\t\t<\/span>\n\t\t\t\t\t<\/a>\n\t\t\t\t<\/div>\n\t\t\t\t\t\t\t\t<\/div>\n\t\t\t\t<\/div>\n\t\t\t\t\t<\/div>\n\t\t<\/div>\n\t\t\t\t\t<\/div>\n\t\t<\/section>\n\t\t\t\t<\/div>\n\t\t","protected":false},"excerpt":{"rendered":"<p>Resoluci\u00f3n N\u00ba 2239-2025-R-UNE VER M\u00c1S CONVOCATORIA Y CRONOGRAMA DEL PROCESO DE EVALUACI\u00d3N DOCENTE PARA LA RENOVACI\u00d3N DE CONTRATO EXCEPCIONAL POR NECESIDAD DEL SERVICIO EN EL CICLO ACAD\u00c9MICO 2025-II, MODALIDAD PRESENCIAL VER M\u00c1S PLAZAS PARA RENOVACI\u00d3N DE CONTRATO DOCENTE EXCEPCIONAL POR <a href=\"https:\/\/www.une.edu.pe\/Agropecuaria\/renovacion-de-contrato-excepcional-por-necesidad-del-servicio-en-el-ciclo-academico-2025-ii\/\" class=\"read-more\">Leer m\u00e1s&#8230;<\/a><\/p>\n","protected":false},"author":3,"featured_media":6376,"parent":0,"menu_order":0,"comment_status":"closed","ping_status":"closed","template":"","meta":{"footnotes":""},"class_list":["post-6374","page","type-page","status-publish","has-post-thumbnail","hentry"],"_links":{"self":[{"href":"https:\/\/www.une.edu.pe\/Agropecuaria\/wp-json\/wp\/v2\/pages\/6374","targetHints":{"allow":["GET"]}}],"collection":[{"href":"https:\/\/www.une.edu.pe\/Agropecuaria\/wp-json\/wp\/v2\/pages"}],"about":[{"href":"https:\/\/www.une.edu.pe\/Agropecuaria\/wp-json\/wp\/v2\/types\/page"}],"author":[{"embeddable":true,"href":"https:\/\/www.une.edu.pe\/Agropecuaria\/wp-json\/wp\/v2\/users\/3"}],"replies":[{"embeddable":true,"href":"https:\/\/www.une.edu.pe\/Agropecuaria\/wp-json\/wp\/v2\/comments?post=6374"}],"version-history":[{"count":10,"href":"https:\/\/www.une.edu.pe\/Agropecuaria\/wp-json\/wp\/v2\/pages\/6374\/revisions"}],"predecessor-version":[{"id":6389,"href":"https:\/\/www.une.edu.pe\/Agropecuaria\/wp-json\/wp\/v2\/pages\/6374\/revisions\/6389"}],"wp:featuredmedia":[{"embeddable":true,"href":"https:\/\/www.une.edu.pe\/Agropecuaria\/wp-json\/wp\/v2\/media\/6376"}],"wp:attachment":[{"href":"https:\/\/www.une.edu.pe\/Agropecuaria\/wp-json\/wp\/v2\/media?parent=6374"}],"curies":[{"name":"wp","href":"https:\/\/api.w.org\/{rel}","templated":true}]}}