{"id":4423,"date":"2021-08-16T21:44:16","date_gmt":"2021-08-16T19:44:16","guid":{"rendered":"http:\/\/www.une.edu.pe\/Agropecuaria\/?page_id=4423"},"modified":"2025-03-06T13:59:54","modified_gmt":"2025-03-06T18:59:54","slug":"industria-alimentaria-y-nutricion","status":"publish","type":"page","link":"https:\/\/www.une.edu.pe\/Agropecuaria\/industria-alimentaria-y-nutricion\/","title":{"rendered":"Industria Alimentaria y Nutrici\u00f3n"},"content":{"rendered":"\t\t<div data-elementor-type=\"wp-post\" data-elementor-id=\"4423\" class=\"elementor elementor-4423\">\n\t\t\t\t\t\t<section class=\"elementor-section elementor-top-section elementor-element elementor-element-372b98e elementor-section-boxed elementor-section-height-default elementor-section-height-default\" data-id=\"372b98e\" data-element_type=\"section\" data-e-type=\"section\">\n\t\t\t\t\t\t<div class=\"elementor-container elementor-column-gap-default\">\n\t\t\t\t\t<div class=\"elementor-column elementor-col-100 elementor-top-column elementor-element elementor-element-4957428\" data-id=\"4957428\" data-element_type=\"column\" data-e-type=\"column\">\n\t\t\t<div class=\"elementor-widget-wrap elementor-element-populated\">\n\t\t\t\t\t\t<div class=\"elementor-element elementor-element-4f467a6 elementor-widget elementor-widget-image\" data-id=\"4f467a6\" data-element_type=\"widget\" data-e-type=\"widget\" data-widget_type=\"image.default\">\n\t\t\t\t<div class=\"elementor-widget-container\">\n\t\t\t\t\t\t\t\t\t\t\t\t\t\t\t<img fetchpriority=\"high\" decoding=\"async\" width=\"847\" height=\"266\" src=\"https:\/\/www.une.edu.pe\/Agropecuaria\/wp-content\/uploads\/2021\/11\/Industria-Alimentaria-1024x321.jpg\" class=\"attachment-large size-large wp-image-4729\" alt=\"\" srcset=\"https:\/\/www.une.edu.pe\/Agropecuaria\/wp-content\/uploads\/2021\/11\/Industria-Alimentaria-1024x321.jpg 1024w, https:\/\/www.une.edu.pe\/Agropecuaria\/wp-content\/uploads\/2021\/11\/Industria-Alimentaria-300x94.jpg 300w, https:\/\/www.une.edu.pe\/Agropecuaria\/wp-content\/uploads\/2021\/11\/Industria-Alimentaria-768x241.jpg 768w, https:\/\/www.une.edu.pe\/Agropecuaria\/wp-content\/uploads\/2021\/11\/Industria-Alimentaria-1536x482.jpg 1536w, https:\/\/www.une.edu.pe\/Agropecuaria\/wp-content\/uploads\/2021\/11\/Industria-Alimentaria-360x113.jpg 360w, https:\/\/www.une.edu.pe\/Agropecuaria\/wp-content\/uploads\/2021\/11\/Industria-Alimentaria.jpg 2000w\" sizes=\"(max-width: 847px) 100vw, 847px\" \/>\t\t\t\t\t\t\t\t\t\t\t\t\t\t\t<\/div>\n\t\t\t\t<\/div>\n\t\t\t\t\t<\/div>\n\t\t<\/div>\n\t\t\t\t\t<\/div>\n\t\t<\/section>\n\t\t\t\t<section class=\"elementor-section elementor-top-section elementor-element elementor-element-3457cd5 elementor-section-boxed elementor-section-height-default elementor-section-height-default\" data-id=\"3457cd5\" data-element_type=\"section\" data-e-type=\"section\">\n\t\t\t\t\t\t<div class=\"elementor-container elementor-column-gap-default\">\n\t\t\t\t\t<div class=\"elementor-column elementor-col-100 elementor-top-column elementor-element elementor-element-ded9f92\" data-id=\"ded9f92\" data-element_type=\"column\" data-e-type=\"column\">\n\t\t\t<div class=\"elementor-widget-wrap elementor-element-populated\">\n\t\t\t\t\t\t<div class=\"elementor-element elementor-element-ba5fbc0 elementor-widget elementor-widget-image\" data-id=\"ba5fbc0\" data-element_type=\"widget\" data-e-type=\"widget\" data-widget_type=\"image.default\">\n\t\t\t\t<div class=\"elementor-widget-container\">\n\t\t\t\t\t\t\t\t\t\t\t\t\t\t\t\t<a href=\"https:\/\/www.une.edu.pe\/Agropecuaria\/wp-content\/uploads\/2025\/03\/brochure-2025-Industria-alimentaria-y-nutricion.pdf\" target=\"_blank\">\n\t\t\t\t\t\t\t<img decoding=\"async\" width=\"847\" height=\"602\" src=\"https:\/\/www.une.edu.pe\/Agropecuaria\/wp-content\/uploads\/2025\/03\/Brochure.jpg\" class=\"attachment-large size-large wp-image-6159\" alt=\"\" srcset=\"https:\/\/www.une.edu.pe\/Agropecuaria\/wp-content\/uploads\/2025\/03\/Brochure.jpg 927w, https:\/\/www.une.edu.pe\/Agropecuaria\/wp-content\/uploads\/2025\/03\/Brochure-300x213.jpg 300w, https:\/\/www.une.edu.pe\/Agropecuaria\/wp-content\/uploads\/2025\/03\/Brochure-768x546.jpg 768w, https:\/\/www.une.edu.pe\/Agropecuaria\/wp-content\/uploads\/2025\/03\/Brochure-360x256.jpg 360w\" sizes=\"(max-width: 847px) 100vw, 847px\" \/>\t\t\t\t\t\t\t\t<\/a>\n\t\t\t\t\t\t\t\t\t\t\t\t\t\t\t<\/div>\n\t\t\t\t<\/div>\n\t\t\t\t\t<\/div>\n\t\t<\/div>\n\t\t\t\t\t<\/div>\n\t\t<\/section>\n\t\t\t\t<section class=\"elementor-section elementor-top-section elementor-element elementor-element-ce4b26d elementor-section-boxed elementor-section-height-default elementor-section-height-default\" data-id=\"ce4b26d\" data-element_type=\"section\" data-e-type=\"section\">\n\t\t\t\t\t\t<div class=\"elementor-container elementor-column-gap-default\">\n\t\t\t\t\t<div class=\"elementor-column elementor-col-100 elementor-top-column elementor-element elementor-element-9c2b22a\" data-id=\"9c2b22a\" data-element_type=\"column\" data-e-type=\"column\">\n\t\t\t<div class=\"elementor-widget-wrap elementor-element-populated\">\n\t\t\t\t\t\t<div class=\"elementor-element elementor-element-1f019c9 elementor-widget elementor-widget-video\" data-id=\"1f019c9\" data-element_type=\"widget\" data-e-type=\"widget\" data-settings=\"{&quot;youtube_url&quot;:&quot;https:\\\/\\\/www.youtube.com\\\/watch?v=cMqL-QFG2yQ&quot;,&quot;video_type&quot;:&quot;youtube&quot;,&quot;controls&quot;:&quot;yes&quot;}\" data-widget_type=\"video.default\">\n\t\t\t\t<div class=\"elementor-widget-container\">\n\t\t\t\t\t\t\t<div class=\"elementor-wrapper elementor-open-inline\">\n\t\t\t<div class=\"elementor-video\"><\/div>\t\t<\/div>\n\t\t\t\t\t\t<\/div>\n\t\t\t\t<\/div>\n\t\t\t\t\t<\/div>\n\t\t<\/div>\n\t\t\t\t\t<\/div>\n\t\t<\/section>\n\t\t\t\t<section class=\"elementor-section elementor-top-section elementor-element elementor-element-33b0112 elementor-section-boxed elementor-section-height-default elementor-section-height-default\" data-id=\"33b0112\" data-element_type=\"section\" data-e-type=\"section\">\n\t\t\t\t\t\t<div class=\"elementor-container elementor-column-gap-default\">\n\t\t\t\t\t<div class=\"elementor-column elementor-col-25 elementor-top-column elementor-element elementor-element-82e2ebc\" data-id=\"82e2ebc\" data-element_type=\"column\" data-e-type=\"column\">\n\t\t\t<div class=\"elementor-widget-wrap elementor-element-populated\">\n\t\t\t\t\t\t<div class=\"elementor-element elementor-element-1be8281 elementor-widget elementor-widget-image\" data-id=\"1be8281\" data-element_type=\"widget\" data-e-type=\"widget\" data-widget_type=\"image.default\">\n\t\t\t\t<div class=\"elementor-widget-container\">\n\t\t\t\t\t\t\t\t\t\t\t\t<figure class=\"wp-caption\">\n\t\t\t\t\t\t\t\t\t\t\t<a href=\"http:\/\/www.une.edu.pe\/Agropecuaria\/wp-content\/uploads\/2021\/11\/docentes-de-IAyN.pdf\">\n\t\t\t\t\t\t\t<img decoding=\"async\" src=\"https:\/\/www.une.edu.pe\/Agropecuaria\/wp-content\/uploads\/elementor\/thumbs\/tutoriales-en-video-pghzphr7llpfbr6j48nj0c4godk1shgefz78m5le00.png\" title=\"tutoriales-en-video\" alt=\"tutoriales-en-video\" loading=\"lazy\" \/>\t\t\t\t\t\t\t\t<\/a>\n\t\t\t\t\t\t\t\t\t\t\t<figcaption class=\"widget-image-caption wp-caption-text\">Docente<\/figcaption>\n\t\t\t\t\t\t\t\t\t\t<\/figure>\n\t\t\t\t\t\t\t\t\t<\/div>\n\t\t\t\t<\/div>\n\t\t\t\t\t<\/div>\n\t\t<\/div>\n\t\t\t\t<div class=\"elementor-column elementor-col-25 elementor-top-column elementor-element elementor-element-c958527\" data-id=\"c958527\" data-element_type=\"column\" data-e-type=\"column\">\n\t\t\t<div class=\"elementor-widget-wrap elementor-element-populated\">\n\t\t\t\t\t\t<div class=\"elementor-element elementor-element-9348826 elementor-widget elementor-widget-image\" data-id=\"9348826\" data-element_type=\"widget\" data-e-type=\"widget\" data-widget_type=\"image.default\">\n\t\t\t\t<div class=\"elementor-widget-container\">\n\t\t\t\t\t\t\t\t\t\t\t\t<figure class=\"wp-caption\">\n\t\t\t\t\t\t\t\t\t\t\t<a href=\"http:\/\/www.une.edu.pe\/Agropecuaria\/wp-content\/uploads\/2021\/11\/Malla-curricular-2019_IAYN.pdf\">\n\t\t\t\t\t\t\t<img decoding=\"async\" src=\"https:\/\/www.une.edu.pe\/Agropecuaria\/wp-content\/uploads\/elementor\/thumbs\/222-pghzv5q6sngnb4y916tkjenhkzmp6sy5k0rlr76yhs.png\" title=\"222\" alt=\"222\" loading=\"lazy\" \/>\t\t\t\t\t\t\t\t<\/a>\n\t\t\t\t\t\t\t\t\t\t\t<figcaption class=\"widget-image-caption wp-caption-text\">Malla Curricular 2019<\/figcaption>\n\t\t\t\t\t\t\t\t\t\t<\/figure>\n\t\t\t\t\t\t\t\t\t<\/div>\n\t\t\t\t<\/div>\n\t\t\t\t\t<\/div>\n\t\t<\/div>\n\t\t\t\t<div class=\"elementor-column elementor-col-25 elementor-top-column elementor-element elementor-element-51da523\" data-id=\"51da523\" data-element_type=\"column\" data-e-type=\"column\">\n\t\t\t<div class=\"elementor-widget-wrap elementor-element-populated\">\n\t\t\t\t\t\t<div class=\"elementor-element elementor-element-0f9ebbd elementor-widget elementor-widget-image\" data-id=\"0f9ebbd\" data-element_type=\"widget\" data-e-type=\"widget\" data-widget_type=\"image.default\">\n\t\t\t\t<div class=\"elementor-widget-container\">\n\t\t\t\t\t\t\t\t\t\t\t\t<figure class=\"wp-caption\">\n\t\t\t\t\t\t\t\t\t\t\t<a href=\"http:\/\/www.une.edu.pe\/Agropecuaria\/wp-content\/uploads\/2021\/11\/docentes-de-IAyN.pdf\">\n\t\t\t\t\t\t\t<img decoding=\"async\" src=\"https:\/\/www.une.edu.pe\/Agropecuaria\/wp-content\/uploads\/elementor\/thumbs\/222-pghzv5q6sngnb4y916tkjenhkzmp6sy5k0rlr76yhs.png\" title=\"222\" alt=\"222\" loading=\"lazy\" \/>\t\t\t\t\t\t\t\t<\/a>\n\t\t\t\t\t\t\t\t\t\t\t<figcaption class=\"widget-image-caption wp-caption-text\">Malla Curricular 2020<\/figcaption>\n\t\t\t\t\t\t\t\t\t\t<\/figure>\n\t\t\t\t\t\t\t\t\t<\/div>\n\t\t\t\t<\/div>\n\t\t\t\t\t<\/div>\n\t\t<\/div>\n\t\t\t\t<div class=\"elementor-column elementor-col-25 elementor-top-column elementor-element elementor-element-f044a0d\" data-id=\"f044a0d\" data-element_type=\"column\" data-e-type=\"column\">\n\t\t\t<div class=\"elementor-widget-wrap elementor-element-populated\">\n\t\t\t\t\t\t<div class=\"elementor-element elementor-element-83025e7 elementor-widget elementor-widget-image\" data-id=\"83025e7\" data-element_type=\"widget\" data-e-type=\"widget\" data-widget_type=\"image.default\">\n\t\t\t\t<div class=\"elementor-widget-container\">\n\t\t\t\t\t\t\t\t\t\t\t\t<figure class=\"wp-caption\">\n\t\t\t\t\t\t\t\t\t\t\t<a href=\"http:\/\/www.une.edu.pe\/Agropecuaria\/wp-content\/uploads\/2021\/11\/L\u00ednea-de-progresi\u00f3n-profesional-de-Industria-Alimentaria-y-Nutrici\u00f3n.pdf\">\n\t\t\t\t\t\t\t<img decoding=\"async\" src=\"https:\/\/www.une.edu.pe\/Agropecuaria\/wp-content\/uploads\/elementor\/thumbs\/objetivo-1-pghzkrmf8l8iyc1npp41z1215mum39ozgl4cr2lna8.png\" title=\"objetivo\" alt=\"objetivo\" loading=\"lazy\" \/>\t\t\t\t\t\t\t\t<\/a>\n\t\t\t\t\t\t\t\t\t\t\t<figcaption class=\"widget-image-caption wp-caption-text\">L\u00ednea de progresi\u00f3n profesional<\/figcaption>\n\t\t\t\t\t\t\t\t\t\t<\/figure>\n\t\t\t\t\t\t\t\t\t<\/div>\n\t\t\t\t<\/div>\n\t\t\t\t\t<\/div>\n\t\t<\/div>\n\t\t\t\t\t<\/div>\n\t\t<\/section>\n\t\t\t\t<section class=\"elementor-section elementor-top-section elementor-element elementor-element-6165216 elementor-section-boxed elementor-section-height-default elementor-section-height-default\" data-id=\"6165216\" data-element_type=\"section\" data-e-type=\"section\">\n\t\t\t\t\t\t<div class=\"elementor-container elementor-column-gap-default\">\n\t\t\t\t\t<div class=\"elementor-column elementor-col-25 elementor-top-column elementor-element elementor-element-e595549\" data-id=\"e595549\" data-element_type=\"column\" data-e-type=\"column\">\n\t\t\t<div class=\"elementor-widget-wrap elementor-element-populated\">\n\t\t\t\t\t\t<div class=\"elementor-element elementor-element-0d4a75a elementor-widget elementor-widget-image\" data-id=\"0d4a75a\" data-element_type=\"widget\" data-e-type=\"widget\" data-widget_type=\"image.default\">\n\t\t\t\t<div class=\"elementor-widget-container\">\n\t\t\t\t\t\t\t\t\t\t\t\t<figure class=\"wp-caption\">\n\t\t\t\t\t\t\t\t\t\t\t<a href=\"http:\/\/www.une.edu.pe\/Agropecuaria\/wp-content\/uploads\/2021\/11\/Matriz-de-coherencia-de-prop\u00f3sitos-E-01-F4.pdf\">\n\t\t\t\t\t\t\t<img decoding=\"async\" src=\"https:\/\/www.une.edu.pe\/Agropecuaria\/wp-content\/uploads\/elementor\/thumbs\/proposito-pgi0chv0un71g7rnsoluj15k0u6f5trx9ty0exhjq8.png\" title=\"proposito\" alt=\"proposito\" loading=\"lazy\" \/>\t\t\t\t\t\t\t\t<\/a>\n\t\t\t\t\t\t\t\t\t\t\t<figcaption class=\"widget-image-caption wp-caption-text\">Prop\u00f3sitos del programa de Industria Alimentaria y Nutrici\u00f3n <\/figcaption>\n\t\t\t\t\t\t\t\t\t\t<\/figure>\n\t\t\t\t\t\t\t\t\t<\/div>\n\t\t\t\t<\/div>\n\t\t\t\t\t<\/div>\n\t\t<\/div>\n\t\t\t\t<div class=\"elementor-column elementor-col-25 elementor-top-column elementor-element elementor-element-c75883f\" data-id=\"c75883f\" data-element_type=\"column\" data-e-type=\"column\">\n\t\t\t<div class=\"elementor-widget-wrap elementor-element-populated\">\n\t\t\t\t\t\t<div class=\"elementor-element elementor-element-6fe8ece elementor-widget elementor-widget-image\" data-id=\"6fe8ece\" data-element_type=\"widget\" data-e-type=\"widget\" data-widget_type=\"image.default\">\n\t\t\t\t<div class=\"elementor-widget-container\">\n\t\t\t\t\t\t\t\t\t\t\t\t<figure class=\"wp-caption\">\n\t\t\t\t\t\t\t\t\t\t\t<a href=\"http:\/\/www.une.edu.pe\/Agropecuaria\/wp-content\/uploads\/2021\/11\/Infograf\u00eda-sobre-la-revisi\u00f3n-de-politicas.pdf\">\n\t\t\t\t\t\t\t<img decoding=\"async\" src=\"https:\/\/www.une.edu.pe\/Agropecuaria\/wp-content\/uploads\/elementor\/thumbs\/colegio-pgi0hfiiqby8eillzbec4aboanuskmd6y98s486528.png\" title=\"colegio\" alt=\"colegio\" loading=\"lazy\" \/>\t\t\t\t\t\t\t\t<\/a>\n\t\t\t\t\t\t\t\t\t\t\t<figcaption class=\"widget-image-caption wp-caption-text\">Revisi\u00f3n de las pol\u00edticas institucionales<\/figcaption>\n\t\t\t\t\t\t\t\t\t\t<\/figure>\n\t\t\t\t\t\t\t\t\t<\/div>\n\t\t\t\t<\/div>\n\t\t\t\t\t<\/div>\n\t\t<\/div>\n\t\t\t\t<div class=\"elementor-column elementor-col-25 elementor-top-column elementor-element elementor-element-a7635a1\" data-id=\"a7635a1\" data-element_type=\"column\" data-e-type=\"column\">\n\t\t\t<div class=\"elementor-widget-wrap elementor-element-populated\">\n\t\t\t\t\t\t<div class=\"elementor-element elementor-element-c2e1f81 elementor-widget elementor-widget-image\" data-id=\"c2e1f81\" data-element_type=\"widget\" data-e-type=\"widget\" data-widget_type=\"image.default\">\n\t\t\t\t<div class=\"elementor-widget-container\">\n\t\t\t\t\t\t\t\t\t\t\t\t<figure class=\"wp-caption\">\n\t\t\t\t\t\t\t\t\t\t\t<a href=\"http:\/\/www.une.edu.pe\/Agropecuaria\/wp-content\/uploads\/2021\/11\/3.-IAyN_E13_P03_Infograf\u00eda-sobre-Movilidad.pdf\">\n\t\t\t\t\t\t\t<img decoding=\"async\" src=\"https:\/\/www.une.edu.pe\/Agropecuaria\/wp-content\/uploads\/elementor\/thumbs\/convenio-pgi0j2qcow7apy7ldiztzddppxqx1jwa6ecdcnqc68.png\" title=\"convenio\" alt=\"convenio\" loading=\"lazy\" \/>\t\t\t\t\t\t\t\t<\/a>\n\t\t\t\t\t\t\t\t\t\t\t<figcaption class=\"widget-image-caption wp-caption-text\">Oportunidades de movilidad educativa<\/figcaption>\n\t\t\t\t\t\t\t\t\t\t<\/figure>\n\t\t\t\t\t\t\t\t\t<\/div>\n\t\t\t\t<\/div>\n\t\t\t\t\t<\/div>\n\t\t<\/div>\n\t\t\t\t<div class=\"elementor-column elementor-col-25 elementor-top-column elementor-element elementor-element-2a605a9\" data-id=\"2a605a9\" data-element_type=\"column\" data-e-type=\"column\">\n\t\t\t<div class=\"elementor-widget-wrap elementor-element-populated\">\n\t\t\t\t\t\t<div class=\"elementor-element elementor-element-78d8cd2 elementor-widget elementor-widget-image\" data-id=\"78d8cd2\" data-element_type=\"widget\" data-e-type=\"widget\" data-widget_type=\"image.default\">\n\t\t\t\t<div class=\"elementor-widget-container\">\n\t\t\t\t\t\t\t\t\t\t\t\t<figure class=\"wp-caption\">\n\t\t\t\t\t\t\t\t\t\t\t<a href=\"http:\/\/www.une.edu.pe\/Agropecuaria\/wp-content\/uploads\/2021\/11\/Infograf\u00eda-medios-de-comunicaci\u00f3n-de-la-UNE.pdf\">\n\t\t\t\t\t\t\t<img decoding=\"async\" src=\"https:\/\/www.une.edu.pe\/Agropecuaria\/wp-content\/uploads\/elementor\/thumbs\/sistemas-pgi0k2g7wlk6z4rpkyfnm4d8akuv61u2zb4tl69dls.png\" title=\"sistemas\" alt=\"sistemas\" loading=\"lazy\" \/>\t\t\t\t\t\t\t\t<\/a>\n\t\t\t\t\t\t\t\t\t\t\t<figcaption class=\"widget-image-caption wp-caption-text\">Sistemas de comunicaci\u00f3n de la universidad y del programa<\/figcaption>\n\t\t\t\t\t\t\t\t\t\t<\/figure>\n\t\t\t\t\t\t\t\t\t<\/div>\n\t\t\t\t<\/div>\n\t\t\t\t\t<\/div>\n\t\t<\/div>\n\t\t\t\t\t<\/div>\n\t\t<\/section>\n\t\t\t\t<section class=\"elementor-section elementor-top-section elementor-element elementor-element-50d3159 elementor-section-boxed elementor-section-height-default elementor-section-height-default\" data-id=\"50d3159\" data-element_type=\"section\" data-e-type=\"section\">\n\t\t\t\t\t\t<div class=\"elementor-container elementor-column-gap-default\">\n\t\t\t\t\t<div class=\"elementor-column elementor-col-100 elementor-top-column elementor-element elementor-element-48994de\" data-id=\"48994de\" data-element_type=\"column\" data-e-type=\"column\">\n\t\t\t<div class=\"elementor-widget-wrap elementor-element-populated\">\n\t\t\t\t\t\t<div class=\"elementor-element elementor-element-688c4ae elementor-widget elementor-widget-text-editor\" data-id=\"688c4ae\" data-element_type=\"widget\" data-e-type=\"widget\" data-widget_type=\"text-editor.default\">\n\t\t\t\t<div class=\"elementor-widget-container\">\n\t\t\t\t\t\t\t\t\t<p><strong>Perfil del egreso del programa de Industria Alimentaria y Nutrici\u00f3n (2019)<\/strong><\/p><p>El egresado del programa de educaci\u00f3n con especialidad de Industria Alimentaria y Nutrici\u00f3n posee las siguientes caracter\u00edsticas:<\/p><p>Comprometido con el aprendizaje permanente, desarrolla proyectos de cambio e innovaci\u00f3n en los procesos educativos y sociales, con el enfoque integral y sist\u00e9mico, enmarcado en los est\u00e1ndares de calidad nacional e internacional.<\/p><p>Lidera equipos de investigaci\u00f3n social, alineados a las pol\u00edticas y prioridades del sector educaci\u00f3n y del Estado.<\/p><p>Lidera trabajo de equipo y emprende proyectos de servicios educativos, actuando con principios y valores \u00e9ticos al servicio del pa\u00eds.<\/p><p>Conduce de manera efectiva los procesos de ense\u00f1anza-aprendizaje, los proyectos educativos y sociales en el \u00e1mbito institucional y de gobierno, propiciando un ambiente de convivencia, de paz y sostenibilidad.<\/p><p>Planifica, organiza y desarrolla programas de alimentaci\u00f3n saludable para las personas de acuerdo con los requerimientos y est\u00e1ndares establecidos por los organismos internaciones de la Organizaci\u00f3n Mundial de la Salud (OMS), Organizaci\u00f3n Mundial de la Salud (FAO), Organizaci\u00f3n Panamericana de la Salud (OPS)<\/p><p>Aplica normas de aseguramiento de la calidad alimentaria, la inocuidad de alimentos de \u201cAn\u00e1lisis de Riesgos y Puntos Cr\u00edticos de Control\u201d (Hazard Analysis and Critical Control Points) HACCP, Buenas Practicas de Manejo (BPM).<\/p><p>Gerencia instituciones educativas p\u00fablicas y privadas, empresas de producci\u00f3n de bienes y servicios en el campo de la alimentaci\u00f3n e industria alimentaria, desarrollando procesos productivos innovadores.<\/p><p>Perfil de egreso del 2020\u00a0 <a href=\"https:\/\/drive.google.com\/file\/d\/1JftKjfZv4B_7Gqrl6RVZsAMoK7LAn9yM\/view?usp=sharing\"><strong>Perfil del egresado<\/strong><\/a><\/p><p><strong>\u00a0<\/strong><\/p><p>Duraci\u00f3n del programa<\/p><p>Los estudios tienen una duraci\u00f3n de cinco (5) a\u00f1os, se realizan en un m\u00e1ximo de dos (2) semestres acad\u00e9micos por a\u00f1o.<\/p><p><strong>MODALIDAD<\/strong><br \/>Presencial<\/p><p><strong>GRADO ACAD\u00c9MICO Y T\u00cdTULO PROFESIONAL QUE OTORGA<br \/><br \/><\/strong><\/p><p>Denominaci\u00f3n del grado acad\u00e9mico que otorga<br \/>BACHILLER EN CIENCIAS DE LA EDUCACI\u00d3N<\/p><p>Denominaci\u00f3n del t\u00edtulo profesional que otorga<br \/>LICENCIADO EN EDUCACI\u00d3N ESPECIALIDAD: INDUSTRIA ALIMENTARIA Y NUTRICI\u00d3N<\/p>\t\t\t\t\t\t\t\t<\/div>\n\t\t\t\t<\/div>\n\t\t\t\t\t<\/div>\n\t\t<\/div>\n\t\t\t\t\t<\/div>\n\t\t<\/section>\n\t\t\t\t<section class=\"elementor-section elementor-top-section elementor-element elementor-element-1c0d4a7 elementor-section-boxed elementor-section-height-default elementor-section-height-default\" data-id=\"1c0d4a7\" data-element_type=\"section\" data-e-type=\"section\">\n\t\t\t\t\t\t<div class=\"elementor-container elementor-column-gap-default\">\n\t\t\t\t\t<div class=\"elementor-column elementor-col-100 elementor-top-column elementor-element elementor-element-5d3fc8f\" data-id=\"5d3fc8f\" data-element_type=\"column\" data-e-type=\"column\">\n\t\t\t<div class=\"elementor-widget-wrap elementor-element-populated\">\n\t\t\t\t\t\t<div class=\"elementor-element elementor-element-1219e4a elementor-widget elementor-widget-image\" data-id=\"1219e4a\" data-element_type=\"widget\" data-e-type=\"widget\" data-widget_type=\"image.default\">\n\t\t\t\t<div class=\"elementor-widget-container\">\n\t\t\t\t\t\t\t\t\t\t\t\t\t\t\t<img decoding=\"async\" width=\"800\" height=\"2000\" src=\"https:\/\/www.une.edu.pe\/Agropecuaria\/wp-content\/uploads\/2022\/03\/OBJETIVOS-EDUCACIONALES-FAN.jpg\" class=\"attachment-full size-full wp-image-5109\" alt=\"\" srcset=\"https:\/\/www.une.edu.pe\/Agropecuaria\/wp-content\/uploads\/2022\/03\/OBJETIVOS-EDUCACIONALES-FAN.jpg 800w, https:\/\/www.une.edu.pe\/Agropecuaria\/wp-content\/uploads\/2022\/03\/OBJETIVOS-EDUCACIONALES-FAN-120x300.jpg 120w, https:\/\/www.une.edu.pe\/Agropecuaria\/wp-content\/uploads\/2022\/03\/OBJETIVOS-EDUCACIONALES-FAN-410x1024.jpg 410w, https:\/\/www.une.edu.pe\/Agropecuaria\/wp-content\/uploads\/2022\/03\/OBJETIVOS-EDUCACIONALES-FAN-768x1920.jpg 768w, https:\/\/www.une.edu.pe\/Agropecuaria\/wp-content\/uploads\/2022\/03\/OBJETIVOS-EDUCACIONALES-FAN-614x1536.jpg 614w, https:\/\/www.une.edu.pe\/Agropecuaria\/wp-content\/uploads\/2022\/03\/OBJETIVOS-EDUCACIONALES-FAN-108x270.jpg 108w\" sizes=\"(max-width: 800px) 100vw, 800px\" \/>\t\t\t\t\t\t\t\t\t\t\t\t\t\t\t<\/div>\n\t\t\t\t<\/div>\n\t\t\t\t\t<\/div>\n\t\t<\/div>\n\t\t\t\t\t<\/div>\n\t\t<\/section>\n\t\t\t\t<\/div>\n\t\t","protected":false},"excerpt":{"rendered":"<p>https:\/\/www.youtube.com\/watch?v=cMqL-QFG2yQ Docente Malla Curricular 2019 Malla Curricular 2020 L\u00ednea de progresi\u00f3n profesional Prop\u00f3sitos del programa de Industria Alimentaria y Nutrici\u00f3n Revisi\u00f3n de las pol\u00edticas institucionales Oportunidades de movilidad educativa Sistemas de comunicaci\u00f3n de la universidad y del programa Perfil del <a href=\"https:\/\/www.une.edu.pe\/Agropecuaria\/industria-alimentaria-y-nutricion\/\" class=\"read-more\">Leer m\u00e1s&#8230;<\/a><\/p>\n","protected":false},"author":3,"featured_media":0,"parent":0,"menu_order":0,"comment_status":"closed","ping_status":"closed","template":"","meta":{"footnotes":""},"class_list":["post-4423","page","type-page","status-publish","hentry"],"_links":{"self":[{"href":"https:\/\/www.une.edu.pe\/Agropecuaria\/wp-json\/wp\/v2\/pages\/4423","targetHints":{"allow":["GET"]}}],"collection":[{"href":"https:\/\/www.une.edu.pe\/Agropecuaria\/wp-json\/wp\/v2\/pages"}],"about":[{"href":"https:\/\/www.une.edu.pe\/Agropecuaria\/wp-json\/wp\/v2\/types\/page"}],"author":[{"embeddable":true,"href":"https:\/\/www.une.edu.pe\/Agropecuaria\/wp-json\/wp\/v2\/users\/3"}],"replies":[{"embeddable":true,"href":"https:\/\/www.une.edu.pe\/Agropecuaria\/wp-json\/wp\/v2\/comments?post=4423"}],"version-history":[{"count":40,"href":"https:\/\/www.une.edu.pe\/Agropecuaria\/wp-json\/wp\/v2\/pages\/4423\/revisions"}],"predecessor-version":[{"id":6164,"href":"https:\/\/www.une.edu.pe\/Agropecuaria\/wp-json\/wp\/v2\/pages\/4423\/revisions\/6164"}],"wp:attachment":[{"href":"https:\/\/www.une.edu.pe\/Agropecuaria\/wp-json\/wp\/v2\/media?parent=4423"}],"curies":[{"name":"wp","href":"https:\/\/api.w.org\/{rel}","templated":true}]}}