{"id":4410,"date":"2021-08-16T21:36:57","date_gmt":"2021-08-16T19:36:57","guid":{"rendered":"http:\/\/www.une.edu.pe\/Agropecuaria\/?page_id=4410"},"modified":"2026-04-17T11:32:53","modified_gmt":"2026-04-17T16:32:53","slug":"agropecuaria","status":"publish","type":"page","link":"https:\/\/www.une.edu.pe\/Agropecuaria\/agropecuaria\/","title":{"rendered":"Agropecuaria"},"content":{"rendered":"\t\t<div data-elementor-type=\"wp-post\" data-elementor-id=\"4410\" class=\"elementor elementor-4410\">\n\t\t\t\t\t\t<section class=\"elementor-section elementor-top-section elementor-element elementor-element-08922b4 elementor-section-boxed elementor-section-height-default elementor-section-height-default\" data-id=\"08922b4\" data-element_type=\"section\" data-e-type=\"section\">\n\t\t\t\t\t\t<div class=\"elementor-container elementor-column-gap-default\">\n\t\t\t\t\t<div class=\"elementor-column elementor-col-100 elementor-top-column elementor-element elementor-element-94a2635\" data-id=\"94a2635\" data-element_type=\"column\" data-e-type=\"column\">\n\t\t\t<div class=\"elementor-widget-wrap elementor-element-populated\">\n\t\t\t\t\t\t<div class=\"elementor-element elementor-element-c42a64b elementor-widget elementor-widget-image\" data-id=\"c42a64b\" data-element_type=\"widget\" data-e-type=\"widget\" data-widget_type=\"image.default\">\n\t\t\t\t<div class=\"elementor-widget-container\">\n\t\t\t\t\t\t\t\t\t\t\t\t\t\t\t<img fetchpriority=\"high\" decoding=\"async\" width=\"768\" height=\"1090\" src=\"https:\/\/www.une.edu.pe\/Agropecuaria\/wp-content\/uploads\/2025\/03\/WhatsApp-Image-2025-03-26-at-3.33.33-PM-768x1090.jpeg\" class=\"attachment-medium_large size-medium_large wp-image-6188\" alt=\"\" srcset=\"https:\/\/www.une.edu.pe\/Agropecuaria\/wp-content\/uploads\/2025\/03\/WhatsApp-Image-2025-03-26-at-3.33.33-PM-768x1090.jpeg 768w, https:\/\/www.une.edu.pe\/Agropecuaria\/wp-content\/uploads\/2025\/03\/WhatsApp-Image-2025-03-26-at-3.33.33-PM-211x300.jpeg 211w, https:\/\/www.une.edu.pe\/Agropecuaria\/wp-content\/uploads\/2025\/03\/WhatsApp-Image-2025-03-26-at-3.33.33-PM-721x1024.jpeg 721w, https:\/\/www.une.edu.pe\/Agropecuaria\/wp-content\/uploads\/2025\/03\/WhatsApp-Image-2025-03-26-at-3.33.33-PM-1082x1536.jpeg 1082w, https:\/\/www.une.edu.pe\/Agropecuaria\/wp-content\/uploads\/2025\/03\/WhatsApp-Image-2025-03-26-at-3.33.33-PM-190x270.jpeg 190w, https:\/\/www.une.edu.pe\/Agropecuaria\/wp-content\/uploads\/2025\/03\/WhatsApp-Image-2025-03-26-at-3.33.33-PM.jpeg 1127w\" sizes=\"(max-width: 768px) 100vw, 768px\" \/>\t\t\t\t\t\t\t\t\t\t\t\t\t\t\t<\/div>\n\t\t\t\t<\/div>\n\t\t\t\t\t<\/div>\n\t\t<\/div>\n\t\t\t\t\t<\/div>\n\t\t<\/section>\n\t\t\t\t<section class=\"elementor-section elementor-top-section elementor-element elementor-element-7f13476 elementor-section-boxed elementor-section-height-default elementor-section-height-default\" data-id=\"7f13476\" data-element_type=\"section\" data-e-type=\"section\">\n\t\t\t\t\t\t<div class=\"elementor-container elementor-column-gap-default\">\n\t\t\t\t\t<div class=\"elementor-column elementor-col-100 elementor-top-column elementor-element elementor-element-9a32c27\" data-id=\"9a32c27\" data-element_type=\"column\" data-e-type=\"column\">\n\t\t\t<div class=\"elementor-widget-wrap elementor-element-populated\">\n\t\t\t\t\t\t<div class=\"elementor-element elementor-element-a2fb373 elementor-widget-divider--view-line elementor-widget elementor-widget-divider\" data-id=\"a2fb373\" data-element_type=\"widget\" data-e-type=\"widget\" data-widget_type=\"divider.default\">\n\t\t\t\t<div class=\"elementor-widget-container\">\n\t\t\t\t\t\t\t<div class=\"elementor-divider\">\n\t\t\t<span class=\"elementor-divider-separator\">\n\t\t\t\t\t\t<\/span>\n\t\t<\/div>\n\t\t\t\t\t\t<\/div>\n\t\t\t\t<\/div>\n\t\t\t\t\t<\/div>\n\t\t<\/div>\n\t\t\t\t\t<\/div>\n\t\t<\/section>\n\t\t\t\t<section class=\"elementor-section elementor-top-section elementor-element elementor-element-5166856 elementor-section-boxed elementor-section-height-default elementor-section-height-default\" data-id=\"5166856\" data-element_type=\"section\" data-e-type=\"section\">\n\t\t\t\t\t\t<div class=\"elementor-container elementor-column-gap-default\">\n\t\t\t\t\t<div class=\"elementor-column elementor-col-100 elementor-top-column elementor-element elementor-element-149cfa3\" data-id=\"149cfa3\" data-element_type=\"column\" data-e-type=\"column\">\n\t\t\t<div class=\"elementor-widget-wrap elementor-element-populated\">\n\t\t\t\t\t\t<div class=\"elementor-element elementor-element-dbcbb33 elementor-widget elementor-widget-image\" data-id=\"dbcbb33\" data-element_type=\"widget\" data-e-type=\"widget\" data-widget_type=\"image.default\">\n\t\t\t\t<div class=\"elementor-widget-container\">\n\t\t\t\t\t\t\t\t\t\t\t\t\t\t\t<img decoding=\"async\" width=\"768\" height=\"541\" src=\"https:\/\/www.une.edu.pe\/Agropecuaria\/wp-content\/uploads\/2021\/08\/tractor-2-large-768x541.jpg\" class=\"attachment-medium_large size-medium_large wp-image-4413\" alt=\"\" srcset=\"https:\/\/www.une.edu.pe\/Agropecuaria\/wp-content\/uploads\/2021\/08\/tractor-2-large-768x541.jpg 768w, https:\/\/www.une.edu.pe\/Agropecuaria\/wp-content\/uploads\/2021\/08\/tractor-2-large-300x211.jpg 300w, https:\/\/www.une.edu.pe\/Agropecuaria\/wp-content\/uploads\/2021\/08\/tractor-2-large-360x254.jpg 360w, https:\/\/www.une.edu.pe\/Agropecuaria\/wp-content\/uploads\/2021\/08\/tractor-2-large.jpg 1022w\" sizes=\"(max-width: 768px) 100vw, 768px\" \/>\t\t\t\t\t\t\t\t\t\t\t\t\t\t\t<\/div>\n\t\t\t\t<\/div>\n\t\t\t\t\t<\/div>\n\t\t<\/div>\n\t\t\t\t\t<\/div>\n\t\t<\/section>\n\t\t\t\t<section class=\"elementor-section elementor-top-section elementor-element elementor-element-6ce167c elementor-section-boxed elementor-section-height-default elementor-section-height-default\" data-id=\"6ce167c\" data-element_type=\"section\" data-e-type=\"section\">\n\t\t\t\t\t\t<div class=\"elementor-container elementor-column-gap-default\">\n\t\t\t\t\t<div class=\"elementor-column elementor-col-100 elementor-top-column elementor-element elementor-element-ab538f3\" data-id=\"ab538f3\" data-element_type=\"column\" data-e-type=\"column\">\n\t\t\t<div class=\"elementor-widget-wrap elementor-element-populated\">\n\t\t\t\t\t\t<div class=\"elementor-element elementor-element-8cfcc40 elementor-widget elementor-widget-spacer\" data-id=\"8cfcc40\" data-element_type=\"widget\" data-e-type=\"widget\" data-widget_type=\"spacer.default\">\n\t\t\t\t<div class=\"elementor-widget-container\">\n\t\t\t\t\t\t\t<div class=\"elementor-spacer\">\n\t\t\t<div class=\"elementor-spacer-inner\"><\/div>\n\t\t<\/div>\n\t\t\t\t\t\t<\/div>\n\t\t\t\t<\/div>\n\t\t\t\t\t<\/div>\n\t\t<\/div>\n\t\t\t\t\t<\/div>\n\t\t<\/section>\n\t\t\t\t<section class=\"elementor-section elementor-top-section elementor-element elementor-element-bfbd5dc elementor-section-boxed elementor-section-height-default elementor-section-height-default\" data-id=\"bfbd5dc\" data-element_type=\"section\" data-e-type=\"section\">\n\t\t\t\t\t\t<div class=\"elementor-container elementor-column-gap-default\">\n\t\t\t\t\t<div class=\"elementor-column elementor-col-33 elementor-top-column elementor-element elementor-element-610504f\" data-id=\"610504f\" data-element_type=\"column\" data-e-type=\"column\">\n\t\t\t<div class=\"elementor-widget-wrap elementor-element-populated\">\n\t\t\t\t\t\t<div class=\"elementor-element elementor-element-0e3f923 elementor-view-default elementor-position-block-start elementor-mobile-position-block-start elementor-widget elementor-widget-icon-box\" data-id=\"0e3f923\" data-element_type=\"widget\" data-e-type=\"widget\" data-widget_type=\"icon-box.default\">\n\t\t\t\t<div class=\"elementor-widget-container\">\n\t\t\t\t\t\t\t<div class=\"elementor-icon-box-wrapper\">\n\n\t\t\t\t\t\t<div class=\"elementor-icon-box-icon\">\n\t\t\t\t<a href=\"http:\/\/www.une.edu.pe\/Agropecuaria\/wp-content\/uploads\/2021\/08\/docentes-fa.pdf\" class=\"elementor-icon\" tabindex=\"-1\" aria-label=\"Docentes\">\n\t\t\t\t<i aria-hidden=\"true\" class=\"fas fa-users\"><\/i>\t\t\t\t<\/a>\n\t\t\t<\/div>\n\t\t\t\n\t\t\t\t\t\t<div class=\"elementor-icon-box-content\">\n\n\t\t\t\t\t\t\t\t\t<h3 class=\"elementor-icon-box-title\">\n\t\t\t\t\t\t<a href=\"http:\/\/www.une.edu.pe\/Agropecuaria\/wp-content\/uploads\/2021\/08\/docentes-fa.pdf\" >\n\t\t\t\t\t\t\tDocentes\t\t\t\t\t\t<\/a>\n\t\t\t\t\t<\/h3>\n\t\t\t\t\n\t\t\t\t\n\t\t\t<\/div>\n\t\t\t\n\t\t<\/div>\n\t\t\t\t\t\t<\/div>\n\t\t\t\t<\/div>\n\t\t\t\t\t<\/div>\n\t\t<\/div>\n\t\t\t\t<div class=\"elementor-column elementor-col-33 elementor-top-column elementor-element elementor-element-a89346d\" data-id=\"a89346d\" data-element_type=\"column\" data-e-type=\"column\">\n\t\t\t<div class=\"elementor-widget-wrap elementor-element-populated\">\n\t\t\t\t\t\t<div class=\"elementor-element elementor-element-3d707f0 elementor-view-default elementor-position-block-start elementor-mobile-position-block-start elementor-widget elementor-widget-icon-box\" data-id=\"3d707f0\" data-element_type=\"widget\" data-e-type=\"widget\" data-widget_type=\"icon-box.default\">\n\t\t\t\t<div class=\"elementor-widget-container\">\n\t\t\t\t\t\t\t<div class=\"elementor-icon-box-wrapper\">\n\n\t\t\t\t\t\t<div class=\"elementor-icon-box-icon\">\n\t\t\t\t<a href=\"https:\/\/www.une.edu.pe\/Agropecuaria\/malla-curricular-agropecuaria\/\" target=\"_blank\" class=\"elementor-icon\" tabindex=\"-1\" aria-label=\"Malla Curricular\">\n\t\t\t\t<i aria-hidden=\"true\" class=\"fas fa-book\"><\/i>\t\t\t\t<\/a>\n\t\t\t<\/div>\n\t\t\t\n\t\t\t\t\t\t<div class=\"elementor-icon-box-content\">\n\n\t\t\t\t\t\t\t\t\t<h3 class=\"elementor-icon-box-title\">\n\t\t\t\t\t\t<a href=\"https:\/\/www.une.edu.pe\/Agropecuaria\/malla-curricular-agropecuaria\/\" target=\"_blank\" >\n\t\t\t\t\t\t\tMalla Curricular\t\t\t\t\t\t<\/a>\n\t\t\t\t\t<\/h3>\n\t\t\t\t\n\t\t\t\t\n\t\t\t<\/div>\n\t\t\t\n\t\t<\/div>\n\t\t\t\t\t\t<\/div>\n\t\t\t\t<\/div>\n\t\t\t\t\t<\/div>\n\t\t<\/div>\n\t\t\t\t<div class=\"elementor-column elementor-col-33 elementor-top-column elementor-element elementor-element-f164b07\" data-id=\"f164b07\" data-element_type=\"column\" data-e-type=\"column\">\n\t\t\t<div class=\"elementor-widget-wrap elementor-element-populated\">\n\t\t\t\t\t\t<div class=\"elementor-element elementor-element-048c1e5 elementor-view-default elementor-position-block-start elementor-mobile-position-block-start elementor-widget elementor-widget-icon-box\" data-id=\"048c1e5\" data-element_type=\"widget\" data-e-type=\"widget\" data-widget_type=\"icon-box.default\">\n\t\t\t\t<div class=\"elementor-widget-container\">\n\t\t\t\t\t\t\t<div class=\"elementor-icon-box-wrapper\">\n\n\t\t\t\t\t\t<div class=\"elementor-icon-box-icon\">\n\t\t\t\t<a href=\"http:\/\/www.une.edu.pe\/Agropecuaria\/plan-de-estudios-agropecuaria\" class=\"elementor-icon\" tabindex=\"-1\" aria-label=\"Plan Estudios\">\n\t\t\t\t<i aria-hidden=\"true\" class=\"fas fa-book-reader\"><\/i>\t\t\t\t<\/a>\n\t\t\t<\/div>\n\t\t\t\n\t\t\t\t\t\t<div class=\"elementor-icon-box-content\">\n\n\t\t\t\t\t\t\t\t\t<h3 class=\"elementor-icon-box-title\">\n\t\t\t\t\t\t<a href=\"http:\/\/www.une.edu.pe\/Agropecuaria\/plan-de-estudios-agropecuaria\" >\n\t\t\t\t\t\t\tPlan Estudios\t\t\t\t\t\t<\/a>\n\t\t\t\t\t<\/h3>\n\t\t\t\t\n\t\t\t\t\n\t\t\t<\/div>\n\t\t\t\n\t\t<\/div>\n\t\t\t\t\t\t<\/div>\n\t\t\t\t<\/div>\n\t\t\t\t\t<\/div>\n\t\t<\/div>\n\t\t\t\t\t<\/div>\n\t\t<\/section>\n\t\t\t\t<section class=\"elementor-section elementor-top-section elementor-element elementor-element-1bad285 elementor-section-boxed elementor-section-height-default elementor-section-height-default\" data-id=\"1bad285\" data-element_type=\"section\" data-e-type=\"section\">\n\t\t\t\t\t\t<div class=\"elementor-container elementor-column-gap-default\">\n\t\t\t\t\t<div class=\"elementor-column elementor-col-100 elementor-top-column elementor-element elementor-element-094d339\" data-id=\"094d339\" data-element_type=\"column\" data-e-type=\"column\">\n\t\t\t<div class=\"elementor-widget-wrap elementor-element-populated\">\n\t\t\t\t\t\t<div class=\"elementor-element elementor-element-40d98ca elementor-widget elementor-widget-text-editor\" data-id=\"40d98ca\" data-element_type=\"widget\" data-e-type=\"widget\" data-widget_type=\"text-editor.default\">\n\t\t\t\t<div class=\"elementor-widget-container\">\n\t\t\t\t\t\t\t\t\t<p>La especialidad de Agropecuaria forma profesores especialistas en las principales t\u00e9cnicas de producci\u00f3n pecuaria y agr\u00edcola para la ense\u00f1anza y aprendizaje por medio de dise\u00f1os, modelos, proyectos y estrategias institucionales. Maneja recursos naturales como: agua, suelo, plantas, luz solar, semillas y fertilizantes; crianza, manejo y sanidad animal; as\u00ed como dise\u00f1os, m\u00f3dulos y proyectos orientados al peque\u00f1o y mediano empresario. Capacita en la transferencia tecnol\u00f3gica a trav\u00e9s del sistema educativo activo.<\/p>\t\t\t\t\t\t\t\t<\/div>\n\t\t\t\t<\/div>\n\t\t\t\t\t<\/div>\n\t\t<\/div>\n\t\t\t\t\t<\/div>\n\t\t<\/section>\n\t\t\t\t<\/div>\n\t\t","protected":false},"excerpt":{"rendered":"<p>Docentes Malla Curricular Plan Estudios La especialidad de Agropecuaria forma profesores especialistas en las principales t\u00e9cnicas de producci\u00f3n pecuaria y agr\u00edcola para la ense\u00f1anza y aprendizaje por medio de dise\u00f1os, modelos, proyectos y estrategias institucionales. Maneja recursos naturales como: agua, <a href=\"https:\/\/www.une.edu.pe\/Agropecuaria\/agropecuaria\/\" class=\"read-more\">Leer m\u00e1s&#8230;<\/a><\/p>\n","protected":false},"author":3,"featured_media":0,"parent":0,"menu_order":0,"comment_status":"closed","ping_status":"closed","template":"","meta":{"footnotes":""},"class_list":["post-4410","page","type-page","status-publish","hentry"],"_links":{"self":[{"href":"https:\/\/www.une.edu.pe\/Agropecuaria\/wp-json\/wp\/v2\/pages\/4410","targetHints":{"allow":["GET"]}}],"collection":[{"href":"https:\/\/www.une.edu.pe\/Agropecuaria\/wp-json\/wp\/v2\/pages"}],"about":[{"href":"https:\/\/www.une.edu.pe\/Agropecuaria\/wp-json\/wp\/v2\/types\/page"}],"author":[{"embeddable":true,"href":"https:\/\/www.une.edu.pe\/Agropecuaria\/wp-json\/wp\/v2\/users\/3"}],"replies":[{"embeddable":true,"href":"https:\/\/www.une.edu.pe\/Agropecuaria\/wp-json\/wp\/v2\/comments?post=4410"}],"version-history":[{"count":17,"href":"https:\/\/www.une.edu.pe\/Agropecuaria\/wp-json\/wp\/v2\/pages\/4410\/revisions"}],"predecessor-version":[{"id":7472,"href":"https:\/\/www.une.edu.pe\/Agropecuaria\/wp-json\/wp\/v2\/pages\/4410\/revisions\/7472"}],"wp:attachment":[{"href":"https:\/\/www.une.edu.pe\/Agropecuaria\/wp-json\/wp\/v2\/media?parent=4410"}],"curies":[{"name":"wp","href":"https:\/\/api.w.org\/{rel}","templated":true}]}}