{"id":3276,"date":"2019-12-05T14:36:11","date_gmt":"2019-12-05T13:36:11","guid":{"rendered":"http:\/\/www.une.edu.pe\/Agropecuaria\/?page_id=3276"},"modified":"2025-07-03T10:38:01","modified_gmt":"2025-07-03T15:38:01","slug":"organigrama-y-funciones","status":"publish","type":"page","link":"https:\/\/www.une.edu.pe\/Agropecuaria\/organigrama-y-funciones\/","title":{"rendered":"Organigrama y Funciones"},"content":{"rendered":"\t\t<div data-elementor-type=\"wp-post\" data-elementor-id=\"3276\" class=\"elementor elementor-3276\">\n\t\t\t\t\t\t<section class=\"elementor-section elementor-top-section elementor-element elementor-element-ceb27ba elementor-section-boxed elementor-section-height-default elementor-section-height-default\" data-id=\"ceb27ba\" data-element_type=\"section\" data-e-type=\"section\">\n\t\t\t\t\t\t<div class=\"elementor-container elementor-column-gap-default\">\n\t\t\t\t\t<div class=\"elementor-column elementor-col-100 elementor-top-column elementor-element elementor-element-dc02fb3\" data-id=\"dc02fb3\" data-element_type=\"column\" data-e-type=\"column\">\n\t\t\t<div class=\"elementor-widget-wrap elementor-element-populated\">\n\t\t\t\t\t\t<div class=\"elementor-element elementor-element-078c802 elementor-widget elementor-widget-image\" data-id=\"078c802\" data-element_type=\"widget\" data-e-type=\"widget\" data-widget_type=\"image.default\">\n\t\t\t\t<div class=\"elementor-widget-container\">\n\t\t\t\t\t\t\t\t\t\t\t\t\t\t\t<img fetchpriority=\"high\" decoding=\"async\" width=\"847\" height=\"266\" src=\"https:\/\/www.une.edu.pe\/Agropecuaria\/wp-content\/uploads\/2021\/11\/Listones-1024x321.jpg\" class=\"attachment-large size-large wp-image-4687\" alt=\"\" srcset=\"https:\/\/www.une.edu.pe\/Agropecuaria\/wp-content\/uploads\/2021\/11\/Listones-1024x321.jpg 1024w, https:\/\/www.une.edu.pe\/Agropecuaria\/wp-content\/uploads\/2021\/11\/Listones-300x94.jpg 300w, https:\/\/www.une.edu.pe\/Agropecuaria\/wp-content\/uploads\/2021\/11\/Listones-768x241.jpg 768w, https:\/\/www.une.edu.pe\/Agropecuaria\/wp-content\/uploads\/2021\/11\/Listones-1536x482.jpg 1536w, https:\/\/www.une.edu.pe\/Agropecuaria\/wp-content\/uploads\/2021\/11\/Listones-360x113.jpg 360w, https:\/\/www.une.edu.pe\/Agropecuaria\/wp-content\/uploads\/2021\/11\/Listones.jpg 2000w\" sizes=\"(max-width: 847px) 100vw, 847px\" \/>\t\t\t\t\t\t\t\t\t\t\t\t\t\t\t<\/div>\n\t\t\t\t<\/div>\n\t\t\t\t\t<\/div>\n\t\t<\/div>\n\t\t\t\t\t<\/div>\n\t\t<\/section>\n\t\t\t\t<section class=\"elementor-section elementor-top-section elementor-element elementor-element-bec98bd elementor-section-boxed elementor-section-height-default elementor-section-height-default\" data-id=\"bec98bd\" data-element_type=\"section\" data-e-type=\"section\">\n\t\t\t\t\t\t<div class=\"elementor-container elementor-column-gap-default\">\n\t\t\t\t\t<div class=\"elementor-column elementor-col-100 elementor-top-column elementor-element elementor-element-efe067f\" data-id=\"efe067f\" data-element_type=\"column\" data-e-type=\"column\">\n\t\t\t<div class=\"elementor-widget-wrap elementor-element-populated\">\n\t\t\t\t\t\t<div class=\"elementor-element elementor-element-c573852 elementor-widget elementor-widget-heading\" data-id=\"c573852\" data-element_type=\"widget\" data-e-type=\"widget\" data-widget_type=\"heading.default\">\n\t\t\t\t<div class=\"elementor-widget-container\">\n\t\t\t\t\t<h2 class=\"elementor-heading-title elementor-size-default\">ORGANIGRAMA<\/h2>\t\t\t\t<\/div>\n\t\t\t\t<\/div>\n\t\t\t\t\t<\/div>\n\t\t<\/div>\n\t\t\t\t\t<\/div>\n\t\t<\/section>\n\t\t\t\t<section class=\"elementor-section elementor-top-section elementor-element elementor-element-d3a4d14 elementor-section-boxed elementor-section-height-default elementor-section-height-default\" data-id=\"d3a4d14\" data-element_type=\"section\" data-e-type=\"section\">\n\t\t\t\t\t\t<div class=\"elementor-container elementor-column-gap-default\">\n\t\t\t\t\t<div class=\"elementor-column elementor-col-100 elementor-top-column elementor-element elementor-element-d2e454b\" data-id=\"d2e454b\" data-element_type=\"column\" data-e-type=\"column\">\n\t\t\t<div class=\"elementor-widget-wrap elementor-element-populated\">\n\t\t\t\t\t\t<div class=\"elementor-element elementor-element-11b4e62 elementor-widget elementor-widget-text-editor\" data-id=\"11b4e62\" data-element_type=\"widget\" data-e-type=\"widget\" data-widget_type=\"text-editor.default\">\n\t\t\t\t<div class=\"elementor-widget-container\">\n\t\t\t\t\t\t\t\t\t<p>Directora: Dra. Yuliana Yessy Gomez Rutti Correo: ygomez@une.edu.pe<\/p><p>Asistente de investigaci\u00f3n:\u00a0Sr. Cesar de la Cruz Guerra (cdelacruz@une.edu.pe). Cel. 942117303<\/p><p>\u00a0<\/p>\t\t\t\t\t\t\t\t<\/div>\n\t\t\t\t<\/div>\n\t\t\t\t\t<\/div>\n\t\t<\/div>\n\t\t\t\t\t<\/div>\n\t\t<\/section>\n\t\t\t\t<section class=\"elementor-section elementor-top-section elementor-element elementor-element-eee83e5 elementor-section-boxed elementor-section-height-default elementor-section-height-default\" data-id=\"eee83e5\" data-element_type=\"section\" data-e-type=\"section\">\n\t\t\t\t\t\t<div class=\"elementor-container elementor-column-gap-default\">\n\t\t\t\t\t<div class=\"elementor-column elementor-col-100 elementor-top-column elementor-element elementor-element-ed09902\" data-id=\"ed09902\" data-element_type=\"column\" data-e-type=\"column\">\n\t\t\t<div class=\"elementor-widget-wrap elementor-element-populated\">\n\t\t\t\t\t\t<div class=\"elementor-element elementor-element-fe4feff elementor-widget elementor-widget-heading\" data-id=\"fe4feff\" data-element_type=\"widget\" data-e-type=\"widget\" data-widget_type=\"heading.default\">\n\t\t\t\t<div class=\"elementor-widget-container\">\n\t\t\t\t\t<h2 class=\"elementor-heading-title elementor-size-default\">FUNCIONES<\/h2>\t\t\t\t<\/div>\n\t\t\t\t<\/div>\n\t\t\t\t\t<\/div>\n\t\t<\/div>\n\t\t\t\t\t<\/div>\n\t\t<\/section>\n\t\t\t\t<section class=\"elementor-section elementor-top-section elementor-element elementor-element-b4e0c45 elementor-section-boxed elementor-section-height-default elementor-section-height-default\" data-id=\"b4e0c45\" data-element_type=\"section\" data-e-type=\"section\">\n\t\t\t\t\t\t<div class=\"elementor-container elementor-column-gap-default\">\n\t\t\t\t\t<div class=\"elementor-column elementor-col-100 elementor-top-column elementor-element elementor-element-64fe2ce\" data-id=\"64fe2ce\" data-element_type=\"column\" data-e-type=\"column\">\n\t\t\t<div class=\"elementor-widget-wrap elementor-element-populated\">\n\t\t\t\t\t\t<div class=\"elementor-element elementor-element-bae6ecd elementor-widget elementor-widget-text-editor\" data-id=\"bae6ecd\" data-element_type=\"widget\" data-e-type=\"widget\" data-widget_type=\"text-editor.default\">\n\t\t\t\t<div class=\"elementor-widget-container\">\n\t\t\t\t\t\t\t\t\t<ul><li>Coordinar la investigaci\u00f3n con los Departamentos Acad\u00e9micos en relaci\u00f3n con las l\u00edneas prioritarias de investigaci\u00f3n.<\/li><li>Coordinar, orientar y evaluar la ejecuci\u00f3n de los proyectos de investigaci\u00f3n de los docentes y estudiantes de la Facultad.<\/li><li>Brindar informaci\u00f3n oportuna del proceso de tr\u00e1mite documentario a trav\u00e9s de la implementaci\u00f3n de un sistema de gesti\u00f3n documentaria virtual y f\u00edsico: edici\u00f3n de documentos, recepci\u00f3n y presentaci\u00f3n, tr\u00e1mite y seguimiento de documentos, informes y publicaci\u00f3n de resultados de investigaciones<\/li><li>Publicar, cada a\u00f1o, el resumen documental o abstract de informes finales de investigaci\u00f3n.<\/li><li>Promover la publicaci\u00f3n de los trabajos de investigaci\u00f3n de docentes y estudiantes.<\/li><li>Relacionarse con organismos nacionales e internacionales especializados en la investigaci\u00f3n de las disciplinas cient\u00edficas de los Departamentos Acad\u00e9micos y de las Escuelas Profesionales de la Facultad.<\/li><li>Organizar las jornadas cient\u00edficas, tecnol\u00f3gicas y humanistas dirigidas a la difusi\u00f3n de los descubrimientos, innovaciones o creaciones internacionales, nacionales y de los resultados de las investigaciones en la Facultad.<\/li><li>Presentar el Plan de Trabajo ante el Consejo de Facultad.<\/li><li>Impulsar y promover en el desarrollo de proyectos de investigaci\u00f3n cient\u00edfica y tecnol\u00f3gica en innovaci\u00f3n de mayor impacto, a trav\u00e9s de la participaci\u00f3n disciplinaria e interdisciplinaria de docentes y estudiantes.\u00a0<\/li><\/ul>\t\t\t\t\t\t\t\t<\/div>\n\t\t\t\t<\/div>\n\t\t\t\t\t<\/div>\n\t\t<\/div>\n\t\t\t\t\t<\/div>\n\t\t<\/section>\n\t\t\t\t<\/div>\n\t\t","protected":false},"excerpt":{"rendered":"<p>ORGANIGRAMA Directora: Dra. Yuliana Yessy Gomez Rutti Correo: ygomez@une.edu.pe Asistente de investigaci\u00f3n:\u00a0Sr. Cesar de la Cruz Guerra (cdelacruz@une.edu.pe). Cel. 942117303 \u00a0 FUNCIONES Coordinar la investigaci\u00f3n con los Departamentos Acad\u00e9micos en relaci\u00f3n con las l\u00edneas prioritarias de investigaci\u00f3n. Coordinar, orientar y <a href=\"https:\/\/www.une.edu.pe\/Agropecuaria\/organigrama-y-funciones\/\" class=\"read-more\">Leer m\u00e1s&#8230;<\/a><\/p>\n","protected":false},"author":3,"featured_media":0,"parent":0,"menu_order":0,"comment_status":"closed","ping_status":"closed","template":"","meta":{"footnotes":""},"class_list":["post-3276","page","type-page","status-publish","hentry"],"_links":{"self":[{"href":"https:\/\/www.une.edu.pe\/Agropecuaria\/wp-json\/wp\/v2\/pages\/3276","targetHints":{"allow":["GET"]}}],"collection":[{"href":"https:\/\/www.une.edu.pe\/Agropecuaria\/wp-json\/wp\/v2\/pages"}],"about":[{"href":"https:\/\/www.une.edu.pe\/Agropecuaria\/wp-json\/wp\/v2\/types\/page"}],"author":[{"embeddable":true,"href":"https:\/\/www.une.edu.pe\/Agropecuaria\/wp-json\/wp\/v2\/users\/3"}],"replies":[{"embeddable":true,"href":"https:\/\/www.une.edu.pe\/Agropecuaria\/wp-json\/wp\/v2\/comments?post=3276"}],"version-history":[{"count":17,"href":"https:\/\/www.une.edu.pe\/Agropecuaria\/wp-json\/wp\/v2\/pages\/3276\/revisions"}],"predecessor-version":[{"id":6291,"href":"https:\/\/www.une.edu.pe\/Agropecuaria\/wp-json\/wp\/v2\/pages\/3276\/revisions\/6291"}],"wp:attachment":[{"href":"https:\/\/www.une.edu.pe\/Agropecuaria\/wp-json\/wp\/v2\/media?parent=3276"}],"curies":[{"name":"wp","href":"https:\/\/api.w.org\/{rel}","templated":true}]}}