{"id":3124,"date":"2019-12-04T17:59:37","date_gmt":"2019-12-04T16:59:37","guid":{"rendered":"http:\/\/www.une.edu.pe\/Agropecuaria\/?page_id=3124"},"modified":"2026-04-07T15:10:00","modified_gmt":"2026-04-07T20:10:00","slug":"resena-historica-2","status":"publish","type":"page","link":"https:\/\/www.une.edu.pe\/Agropecuaria\/resena-historica-2\/","title":{"rendered":"Rese\u00f1a Hist\u00f3rica"},"content":{"rendered":"\t\t<div data-elementor-type=\"wp-post\" data-elementor-id=\"3124\" class=\"elementor elementor-3124\">\n\t\t\t\t\t\t<section class=\"elementor-section elementor-top-section elementor-element elementor-element-270f11c elementor-section-boxed elementor-section-height-default elementor-section-height-default\" data-id=\"270f11c\" data-element_type=\"section\" data-e-type=\"section\">\n\t\t\t\t\t\t<div class=\"elementor-container elementor-column-gap-default\">\n\t\t\t\t\t<div class=\"elementor-column elementor-col-100 elementor-top-column elementor-element elementor-element-ea99d17\" data-id=\"ea99d17\" data-element_type=\"column\" data-e-type=\"column\">\n\t\t\t<div class=\"elementor-widget-wrap elementor-element-populated\">\n\t\t\t\t\t\t<div class=\"elementor-element elementor-element-06ddb86 elementor-widget elementor-widget-text-editor\" data-id=\"06ddb86\" data-element_type=\"widget\" data-e-type=\"widget\" data-widget_type=\"text-editor.default\">\n\t\t\t\t<div class=\"elementor-widget-container\">\n\t\t\t\t\t\t\t\t\t<p class=\"MsoNormal\" style=\"margin-bottom: .0001pt; text-align: justify; line-height: 150%;\"><span style=\"font-size: 12pt; line-height: 150%; font-family: 'Arial Narrow', sans-serif; color: #000080;\">El 15 de Octubre del a\u00f1o 1984, el Centro De Estudios De Agropecuaria en Coordinaci\u00f3n con el Lic. C\u00e9sar Augusto Fuertes Pineda y el profesor Hermes Vargas Landeo realizaron una Asamblea General de Estudiantes de las Especialidades de Educaci\u00f3n Agropecuaria y de Educaci\u00f3n Alimentaria y Nutrici\u00f3n con la conducci\u00f3n del Centro de Estudios de Agropecuaria, liderado por su Secretario General Manuel Ciriaco Gaspar Musucancha y la participaci\u00f3n del Director del Programa Acad\u00e9mico de Educaci\u00f3n Tecnol\u00f3gica Prof. Juan Araujo Revoredo y el Profesor Julio Esponda Samaniego, Director Del Departamento de Construcciones; En esta Asamblea se prepar\u00f3 la Moci\u00f3n de Creaci\u00f3n de la Facultad de Agropecuaria y Nutrici\u00f3n, iniciando con 2\u00a0\u00a0\u00a0 carreras profesionales: Educaci\u00f3n Agropecuaria y la carrera de Educaci\u00f3n Alimentaria y Nutrici\u00f3n y se\u00a0 elev\u00f3 la moci\u00f3n de Creaci\u00f3n de la Facultad de Agropecuaria y Nutrici\u00f3n\u00a0 para\u00a0 su aprobaci\u00f3n en la\u00a0 Asamblea Estatutaria, la\u00a0 gesti\u00f3n de creaci\u00f3n fue organizado por el Lic. C\u00e9sar Augusto\u00a0 Fuertes Pineda, el Profesor\u00a0 Juan Araujo Revoredo, el Profesor. Julio Esponda Samaniego y el estudiante Manuel Gaspar Musucancha como Secretario General del Centro de Estudios de Agropecuaria.<\/span><\/p><p class=\"MsoNormal\" style=\"margin-bottom: .0001pt; text-align: justify; line-height: 150%;\"><span style=\"font-size: 12pt; line-height: 150%; font-family: 'Arial Narrow', sans-serif; color: #000080;\">El\u00a0 Proyecto de Creaci\u00f3n de la Facultad de Agropecuaria y Nutrici\u00f3n se present\u00f3 el 19 de Octubre de 1984:el d\u00eda 22 de octubre de 1984,\u00a0 fue Sustentado por el Lic. C\u00e9sar Augusto Fuertes Pineda y el estudiante Manuel Ciriaco Gaspar Musucancha, Secretario General del Centro de Estudios de Agropecuaria (CEA), siendo aprobada la Creaci\u00f3n Hist\u00f3rica de la Facultad de Agropecuaria y Nutrici\u00f3n en esta magna Asamblea Estatutaria, a las cinco de la Tarde en el Auditorio Principal de la Universidad Nacional de Educaci\u00f3n Enrique Guzm\u00e1n y Valle \u201cLa Cantuta\u201d.<\/span><\/p><p class=\"MsoNormal\" style=\"margin-bottom: .0001pt; text-align: justify; line-height: 150%;\"><span style=\"font-size: 12pt; line-height: 150%; font-family: 'Arial Narrow', sans-serif; color: #000080;\">El 30 de diciembre de 1992, mediante la Resoluci\u00f3n N\u00b0 942-92-R-UNE, se aprueba la fusi\u00f3n de las Facultades de Tecnolog\u00eda Electromec\u00e1nica, Tecnolog\u00eda de Construcciones y Textiles con la Facultad de Agropecuaria y Nutrici\u00f3n.<\/span><\/p><p class=\"MsoNormal\" style=\"margin-bottom: .0001pt; text-align: justify; line-height: 150%;\"><span style=\"font-size: 12pt; line-height: 150%; font-family: 'Arial Narrow', sans-serif; color: #000080;\">El 12 de abril de 1994, mediante la Resoluci\u00f3n. N\u00b0288-94.R-UNE, se resuelve el Proceso de Reestructuraci\u00f3n Acad\u00e9mica Administrativa a que se refiere la Resoluci\u00f3n. N\u00b0 942-92-R-UNE.<\/span><\/p><p class=\"MsoNormal\" style=\"margin-bottom: .0001pt; text-align: justify; line-height: 150%;\"><span style=\"font-size: 12pt; line-height: 150%; font-family: 'Arial Narrow', sans-serif; color: #000080;\">El 15 de diciembre de 1994, mediante la Resoluci\u00f3n. N\u00b0 1070-94- R-UNE, se encarga el Decanato de la Facultad de Agropecuaria y Nutrici\u00f3n al Profesor Principal m\u00e1s antiguo de la\u00a0\u00a0 UNE. Prof. Rafael Laynes Bastante que era Decano de la Facultad de Tecnolog\u00eda.<\/span><\/p><p class=\"MsoNormal\" style=\"margin-bottom: .0001pt; text-align: justify; line-height: 150%;\"><span style=\"font-size: 12pt; line-height: 150%; font-family: 'Arial Narrow', sans-serif; color: #000080;\">El 06 de enero de 1995 se emiti\u00f3 la Resoluci\u00f3n. N\u00b0 001-95-R-UNE, en el Art. 7\u00b0 establece que los actos Administrativos correspondientes a la Nueva Facultad de Educaci\u00f3n Agropecuaria y Nutrici\u00f3n gozan de autonom\u00eda.<\/span><\/p><p class=\"MsoNormal\" style=\"margin-bottom: .0001pt; text-align: justify; line-height: 150%;\"><span style=\"font-size: 12pt; line-height: 150%; font-family: 'Arial Narrow', sans-serif; color: #000080;\">El 12 de enero de 1995, mediante la Resoluci\u00f3n. N\u00b0 035-95-R &#8211; UNE, se resuelve modificar el Art. N\u00b0 7\u00b0 de la Resoluci\u00f3n. N\u00b0 001-95-R-UNE, que dice: los actos Administrativos de la nueva Facultad de Educaci\u00f3n Agropecuaria y Nutrici\u00f3n \u2013FEDAN- ser\u00e1n asumidos por el Decano de la Facultad de Ciencias Naturales y Matem\u00e1ticas. Ms. Manuel Alejandro Sol\u00eds G\u00f3mez a partir del 20 de enero de 1995.<\/span><\/p><p class=\"MsoNormal\" style=\"margin-bottom: .0001pt; text-align: justify; line-height: 150%;\"><span style=\"font-size: 12pt; line-height: 150%; font-family: 'Arial Narrow', sans-serif; color: #000080;\">\u00a0<\/span><\/p><p class=\"MsoNormal\" style=\"margin-bottom: .0001pt; text-align: justify; line-height: 150%;\"><span style=\"font-size: 12pt; line-height: 150%; font-family: 'Arial Narrow', sans-serif; color: #000080;\">El 29 de enero de 1996, la Comisi\u00f3n Reorganizadora interviene la Universidad Nacional de Educaci\u00f3n por el Nefasto Presidente de la Republica Ing. Alberto Fujimori Fujimori que emite la Resoluci\u00f3n. N\u00b0 0854- 96-PCR-UNE, donde se Resuelve: 1\u00b0 Aprobar en V\u00edas de regularizaci\u00f3n la nueva Estructura Acad\u00e9mica de la Universidad Nacional de Educaci\u00f3n Enrique Guzm\u00e1n y Valle del modo siguiente:<\/span><\/p><p class=\"MsoNormal\" style=\"margin-bottom: .0001pt; text-align: justify; line-height: 150%;\"><span style=\"font-size: 12pt; line-height: 150%; font-family: 'Arial Narrow', sans-serif; color: #000080;\">Facultad de Ciencias:<\/span><\/p><p class=\"MsoNormal\" style=\"margin-bottom: .0001pt; text-align: justify; line-height: 150%;\"><span style=\"font-size: 12pt; line-height: 150%; font-family: 'Arial Narrow', sans-serif; color: #000080;\">Escuela Acad\u00e9mico. Profesional de Ciencias. Naturales:<\/span><\/p><p class=\"MsoNormal\" style=\"margin-bottom: .0001pt; text-align: justify; line-height: 150%;\"><span style=\"font-size: 12pt; line-height: 150%; font-family: 'Arial Narrow', sans-serif; color: #000080;\">&#8211; Biolog\u00eda y Educaci\u00f3n Ambiental<\/span><\/p><p class=\"MsoNormal\" style=\"margin-bottom: .0001pt; text-align: justify; line-height: 150%;\"><span style=\"font-size: 12pt; line-height: 150%; font-family: 'Arial Narrow', sans-serif; color: #000080;\">&#8211; Qu\u00edmica F\u00edsica<\/span><\/p><p class=\"MsoNormal\" style=\"margin-bottom: .0001pt; text-align: justify; line-height: 150%;\"><span style=\"font-size: 12pt; line-height: 150%; font-family: 'Arial Narrow', sans-serif; color: #000080;\">Escuela Acad\u00e9mico. Profesional de Matem\u00e1tica e Inform\u00e1tica:<\/span><\/p><p class=\"MsoNormal\" style=\"margin-bottom: .0001pt; text-align: justify; line-height: 150%;\"><span style=\"font-size: 12pt; line-height: 150%; font-family: 'Arial Narrow', sans-serif; color: #000080;\">Escuela Acad\u00e9mico. Profesional de Agropecuaria y Nutrici\u00f3n:<\/span><\/p><p class=\"MsoNormal\" style=\"margin-bottom: .0001pt; text-align: justify; line-height: 150%;\"><span style=\"font-size: 12pt; line-height: 150%; font-family: 'Arial Narrow', sans-serif; color: #000080;\">Especialidad:<\/span><\/p><p class=\"MsoNormal\" style=\"margin-bottom: .0001pt; text-align: justify; line-height: 150%;\"><span style=\"font-size: 12pt; line-height: 150%; font-family: 'Arial Narrow', sans-serif; color: #000080;\">&#8211; Agropecuaria<\/span><\/p><p class=\"MsoNormal\" style=\"margin-bottom: .0001pt; text-align: justify; line-height: 150%;\"><span style=\"font-size: 12pt; line-height: 150%; font-family: 'Arial Narrow', sans-serif; color: #000080;\">EL 24 DE agosto de 1998, con Resoluci\u00f3n. N\u00b0 0514-98-PCR-UNE, se aprob\u00f3 la Creaci\u00f3n de la Facultad de Educaci\u00f3n Rural con los Departamentos siguientes: Departamento Acad\u00e9mico de Tecnolog\u00edas Apropiadas. Departamento Acad\u00e9mico de Agro Industria, Departamento Acad\u00e9mico de Turismo Ecol\u00f3gico.<\/span><\/p><p class=\"MsoNormal\" style=\"margin-bottom: .0001pt; text-align: justify; line-height: 150%;\"><span style=\"font-size: 12pt; line-height: 150%; font-family: 'Arial Narrow', sans-serif; color: #000080;\">El 11 de abril del 2001, mediante Resoluci\u00f3n N\u00b0 0350-2001-R-UNE, se Restituye la Facultad de Agropecuaria y Nutrici\u00f3n, con los Departamentos Acad\u00e9micos siguientes: Educaci\u00f3n Agropecuaria. Tecnolog\u00edas Apropiadas e Industrias Alimentarias y Nutrici\u00f3n.<\/span><\/p><p class=\"MsoNormal\" style=\"margin-bottom: .0001pt; text-align: justify; line-height: 150%;\"><span style=\"font-size: 12pt; line-height: 150%; font-family: 'Arial Narrow', sans-serif; color: #000080;\">El 29 de enero de 1996, la Comisi\u00f3n Reorganizadora interviene la Universidad Nacional de Educaci\u00f3n por el Nefasto Presidente de la Republica Ing. Alberto Fujimori Fujimori que emite la Resoluci\u00f3n. N\u00b0 0854- 96-PCR-UNE, donde se Resuelve: 1\u00b0 Aprobar en V\u00edas de regularizaci\u00f3n la nueva Estructura Acad\u00e9mica de la Universidad Nacional de Educaci\u00f3n Enrique Guzm\u00e1n y Valle del modo siguiente:<\/span><\/p><p class=\"MsoNormal\" style=\"margin-bottom: .0001pt; text-align: justify; line-height: 150%;\"><span style=\"font-size: 12pt; line-height: 150%; font-family: 'Arial Narrow', sans-serif; color: #000080;\">Facultad de Ciencias:<\/span><\/p><p class=\"MsoNormal\" style=\"margin-bottom: .0001pt; text-align: justify; line-height: 150%;\"><span style=\"font-size: 12pt; line-height: 150%; font-family: 'Arial Narrow', sans-serif; color: #000080;\">Escuela Acad\u00e9mico. Profesional de Ciencias. Naturales:<\/span><\/p><p class=\"MsoNormal\" style=\"margin-bottom: .0001pt; text-align: justify; line-height: 150%;\"><span style=\"font-size: 12pt; line-height: 150%; font-family: 'Arial Narrow', sans-serif; color: #000080;\">&#8211; Biolog\u00eda y Educaci\u00f3n Ambiental<\/span><\/p><p class=\"MsoNormal\" style=\"margin-bottom: .0001pt; text-align: justify; line-height: 150%;\"><span style=\"font-size: 12pt; line-height: 150%; font-family: 'Arial Narrow', sans-serif; color: #000080;\">&#8211; Qu\u00edmica F\u00edsica<\/span><\/p><p class=\"MsoNormal\" style=\"margin-bottom: .0001pt; text-align: justify; line-height: 150%;\"><span style=\"font-size: 12pt; line-height: 150%; font-family: 'Arial Narrow', sans-serif; color: #000080;\">Escuela Acad\u00e9mico. Profesional de Matem\u00e1tica e Inform\u00e1tica:<\/span><\/p><p class=\"MsoNormal\" style=\"margin-bottom: .0001pt; text-align: justify; line-height: 150%;\"><span style=\"font-size: 12pt; line-height: 150%; font-family: 'Arial Narrow', sans-serif; color: #000080;\">Escuela Acad\u00e9mico. Profesional de Agropecuaria y Nutrici\u00f3n:<\/span><\/p><p class=\"MsoNormal\" style=\"margin-bottom: .0001pt; text-align: justify; line-height: 150%;\"><span style=\"font-size: 12pt; line-height: 150%; font-family: 'Arial Narrow', sans-serif; color: #000080;\">Especialidad:<\/span><\/p><p class=\"MsoNormal\" style=\"margin-bottom: .0001pt; text-align: justify; line-height: 150%;\"><span style=\"font-size: 12pt; line-height: 150%; font-family: 'Arial Narrow', sans-serif; color: #000080;\">&#8211; Agropecuaria<\/span><\/p><p class=\"MsoNormal\" style=\"margin-bottom: .0001pt; text-align: justify; line-height: 150%;\"><span style=\"font-size: 12pt; line-height: 150%; font-family: 'Arial Narrow', sans-serif; color: #000080;\">EL 24 DE agosto de 1998, con Resoluci\u00f3n. N\u00b0 0514-98-PCR-UNE, se aprob\u00f3 la Creaci\u00f3n de la Facultad de Educaci\u00f3n Rural con los Departamentos siguientes: Departamento Acad\u00e9mico de Tecnolog\u00edas Apropiadas. Departamento Acad\u00e9mico de Agro Industria, Departamento Acad\u00e9mico de Turismo Ecol\u00f3gico.<\/span><\/p><p class=\"MsoNormal\" style=\"margin-bottom: .0001pt; text-align: justify; line-height: 150%;\"><span style=\"font-size: 12pt; line-height: 150%; font-family: 'Arial Narrow', sans-serif; color: #000080;\">\u00a0<\/span><\/p><p class=\"MsoNormal\" style=\"margin-bottom: .0001pt; text-align: justify; line-height: 150%;\"><span style=\"font-size: 12pt; line-height: 150%; font-family: 'Arial Narrow', sans-serif; color: #000080;\">El 11 de abril del 2001, mediante Resoluci\u00f3n N\u00b0 0350-2001-R-UNE, se Restituye la Facultad de Agropecuaria y Nutrici\u00f3n, con los Departamentos Acad\u00e9micos siguientes: Educaci\u00f3n Agropecuaria. Tecnolog\u00edas Apropiadas e Industrias Alimentarias y Nutrici\u00f3n.<\/span><\/p><p class=\"MsoNormal\" style=\"margin-bottom: .0001pt; text-align: justify; line-height: 150%;\"><span style=\"font-size: 12.0pt; mso-bidi-font-size: 10.0pt; line-height: 150%; font-family: 'Arial Narrow',sans-serif; mso-fareast-font-family: 'Times New Roman'; mso-bidi-font-family: Arial; color: #4d4414; mso-fareast-language: ES;\"><br \/><!-- [if !supportLineBreakNewLine]--><br \/><!--[endif]--><\/span><\/p><p class=\"MsoNormal\" style=\"margin-bottom: .0001pt; line-height: 150%;\"><span style=\"font-size: 14.0pt; mso-bidi-font-size: 11.0pt; line-height: 150%;\">\u00a0<\/span><\/p>\t\t\t\t\t\t\t\t<\/div>\n\t\t\t\t<\/div>\n\t\t\t\t\t<\/div>\n\t\t<\/div>\n\t\t\t\t\t<\/div>\n\t\t<\/section>\n\t\t\t\t<\/div>\n\t\t","protected":false},"excerpt":{"rendered":"<p>El 15 de Octubre del a\u00f1o 1984, el Centro De Estudios De Agropecuaria en Coordinaci\u00f3n con el Lic. C\u00e9sar Augusto Fuertes Pineda y el profesor Hermes Vargas Landeo realizaron una Asamblea General de Estudiantes de las Especialidades de Educaci\u00f3n Agropecuaria <a href=\"https:\/\/www.une.edu.pe\/Agropecuaria\/resena-historica-2\/\" class=\"read-more\">Leer m\u00e1s&#8230;<\/a><\/p>\n","protected":false},"author":3,"featured_media":3125,"parent":0,"menu_order":0,"comment_status":"closed","ping_status":"closed","template":"","meta":{"footnotes":""},"class_list":["post-3124","page","type-page","status-publish","has-post-thumbnail","hentry"],"_links":{"self":[{"href":"https:\/\/www.une.edu.pe\/Agropecuaria\/wp-json\/wp\/v2\/pages\/3124","targetHints":{"allow":["GET"]}}],"collection":[{"href":"https:\/\/www.une.edu.pe\/Agropecuaria\/wp-json\/wp\/v2\/pages"}],"about":[{"href":"https:\/\/www.une.edu.pe\/Agropecuaria\/wp-json\/wp\/v2\/types\/page"}],"author":[{"embeddable":true,"href":"https:\/\/www.une.edu.pe\/Agropecuaria\/wp-json\/wp\/v2\/users\/3"}],"replies":[{"embeddable":true,"href":"https:\/\/www.une.edu.pe\/Agropecuaria\/wp-json\/wp\/v2\/comments?post=3124"}],"version-history":[{"count":11,"href":"https:\/\/www.une.edu.pe\/Agropecuaria\/wp-json\/wp\/v2\/pages\/3124\/revisions"}],"predecessor-version":[{"id":7255,"href":"https:\/\/www.une.edu.pe\/Agropecuaria\/wp-json\/wp\/v2\/pages\/3124\/revisions\/7255"}],"wp:featuredmedia":[{"embeddable":true,"href":"https:\/\/www.une.edu.pe\/Agropecuaria\/wp-json\/wp\/v2\/media\/3125"}],"wp:attachment":[{"href":"https:\/\/www.une.edu.pe\/Agropecuaria\/wp-json\/wp\/v2\/media?parent=3124"}],"curies":[{"name":"wp","href":"https:\/\/api.w.org\/{rel}","templated":true}]}}