{"id":3112,"date":"2019-12-04T17:44:58","date_gmt":"2019-12-04T16:44:58","guid":{"rendered":"http:\/\/www.une.edu.pe\/Agropecuaria\/?page_id=3112"},"modified":"2026-04-07T15:28:21","modified_gmt":"2026-04-07T20:28:21","slug":"bienvenidos-a-la-facultad","status":"publish","type":"page","link":"https:\/\/www.une.edu.pe\/Agropecuaria\/bienvenidos-a-la-facultad\/","title":{"rendered":"Bienvenidos a la Facultad"},"content":{"rendered":"\t\t<div data-elementor-type=\"wp-post\" data-elementor-id=\"3112\" class=\"elementor elementor-3112\">\n\t\t\t\t\t\t<section class=\"elementor-section elementor-top-section elementor-element elementor-element-9a22cda elementor-section-boxed elementor-section-height-default elementor-section-height-default\" data-id=\"9a22cda\" data-element_type=\"section\" data-e-type=\"section\">\n\t\t\t\t\t\t<div class=\"elementor-container elementor-column-gap-default\">\n\t\t\t\t\t<div class=\"elementor-column elementor-col-50 elementor-top-column elementor-element elementor-element-7de12d8\" data-id=\"7de12d8\" data-element_type=\"column\" data-e-type=\"column\">\n\t\t\t<div class=\"elementor-widget-wrap elementor-element-populated\">\n\t\t\t\t\t\t<div class=\"elementor-element elementor-element-cf8a80d elementor-widget elementor-widget-text-editor\" data-id=\"cf8a80d\" data-element_type=\"widget\" data-e-type=\"widget\" data-widget_type=\"text-editor.default\">\n\t\t\t\t<div class=\"elementor-widget-container\">\n\t\t\t\t\t\t\t\t\t<p><span style=\"color: #000080;\">Formamos profesionales en las especialidades de Agropecuaria, Industria Alimentaria y Nutrici\u00f3n y Desarrollo Ambiental, brind\u00e1ndoles un servicio acad\u00e9mico en el marco de la excelencia y acorde con los avances de la ciencia, tecnolog\u00eda y human\u00edstica.\u00a0<\/span><\/p><p><span style=\"color: #000080;\">Formamos docentes con conocimientos t\u00e9cnico-pedag\u00f3gicos, cient\u00edficos y tecnol\u00f3gicos, con principios de sensibilidad social que act\u00faen como agentes integrados entre la escuela, la comunidad y la familia, en el \u00e1mbito rural y urbano marginal desde la perspectiva de la educaci\u00f3n tecnol\u00f3gica para la producci\u00f3n agr\u00edcola-pecuaria, alimentos con valor agregado, desarrollo sostenible.\u00a0<\/span><\/p><p><span style=\"color: #000080;\">Promover la proyecci\u00f3n social de los integrantes de la Facultad a trav\u00e9s de cursos de capacitaci\u00f3n y seminarios, talleres y otros proyectos de desarrollo en la comunidad a nivel distrital, provincial y nacional<\/span><\/p><p><span style=\"color: #000080;\">Cubrir la demanda de instituciones y empresas del sector educativo y productivo a trav\u00e9s de convenios para desarrollar pr\u00e1cticas profesionales a favor de los alumnos de cada una de las especialidades.<\/span><\/p><p><span style=\"color: #000080;\">Propiciar la mayor identificaci\u00f3n del personal docente y administrativo de la Facultad a trav\u00e9s de actividades conjuntas de difusi\u00f3n y de proyecci\u00f3n social.<\/span><\/p><p><span style=\"color: #000080;\">Diagnosticar la Pr\u00e1ctica curricular de las especialidades. Poner en marcha los nuevos equipos de laboratorio<\/span><\/p><p><span style=\"color: #000080;\">Implementar el Centro de C\u00f3mputo de la Facultad<\/span><\/p><p><span style=\"color: #000080;\">Potenciar la organizaci\u00f3n, funcionamiento y producci\u00f3n acad\u00e9mica para el cumplimiento eficiente de su tarea de profesionalizaci\u00f3n, investigaci\u00f3n y proyecci\u00f3n social.<\/span><\/p><p><span style=\"color: #000080;\">Implementaci\u00f3n y funcionamiento de la Especialidad de Educaci\u00f3n Alimentaria y Nutrici\u00f3n en la Escuela de Postgrado de la Une, a nivel de Maestr\u00eda.<\/span><\/p>\t\t\t\t\t\t\t\t<\/div>\n\t\t\t\t<\/div>\n\t\t\t\t\t<\/div>\n\t\t<\/div>\n\t\t\t\t<div class=\"elementor-column elementor-col-50 elementor-top-column elementor-element elementor-element-de7f0bc\" data-id=\"de7f0bc\" data-element_type=\"column\" data-e-type=\"column\">\n\t\t\t<div class=\"elementor-widget-wrap elementor-element-populated\">\n\t\t\t\t\t\t<div class=\"elementor-element elementor-element-9866b9f elementor-widget elementor-widget-image\" data-id=\"9866b9f\" data-element_type=\"widget\" data-e-type=\"widget\" data-widget_type=\"image.default\">\n\t\t\t\t<div class=\"elementor-widget-container\">\n\t\t\t\t\t\t\t\t\t\t\t\t\t\t\t<img fetchpriority=\"high\" decoding=\"async\" width=\"213\" height=\"279\" src=\"https:\/\/www.une.edu.pe\/Agropecuaria\/wp-content\/uploads\/2025\/12\/foto.jpg\" class=\"attachment-large size-large wp-image-6769\" alt=\"\" srcset=\"https:\/\/www.une.edu.pe\/Agropecuaria\/wp-content\/uploads\/2025\/12\/foto.jpg 213w, https:\/\/www.une.edu.pe\/Agropecuaria\/wp-content\/uploads\/2025\/12\/foto-206x270.jpg 206w\" sizes=\"(max-width: 213px) 100vw, 213px\" \/>\t\t\t\t\t\t\t\t\t\t\t\t\t\t\t<\/div>\n\t\t\t\t<\/div>\n\t\t\t\t<div class=\"elementor-element elementor-element-a178059 elementor-widget elementor-widget-text-editor\" data-id=\"a178059\" data-element_type=\"widget\" data-e-type=\"widget\" data-widget_type=\"text-editor.default\">\n\t\t\t\t<div class=\"elementor-widget-container\">\n\t\t\t\t\t\t\t\t\t<p style=\"text-align: center;\"><strong><span style=\"color: #333399;\"><em>\u00a0 \u00a0 \u00a0 \u00a0 \u00a0 \u00a0 \u00a0 \u00a0 Dra. Ligia Isaida Rosaura Guti\u00e9rrez Deza \u00a0 \u00a0 \u00a0 \u00a0 \u00a0 \u00a0 \u00a0 \u00a0 \u00a0 \u00a0 \u00a0Decana<\/em><em>\u00a0de la Facultad de Agropecuaria y Nutrici\u00f3n<\/em><\/span><\/strong><\/p>\t\t\t\t\t\t\t\t<\/div>\n\t\t\t\t<\/div>\n\t\t\t\t\t<\/div>\n\t\t<\/div>\n\t\t\t\t\t<\/div>\n\t\t<\/section>\n\t\t\t\t<\/div>\n\t\t","protected":false},"excerpt":{"rendered":"<p>Formamos profesionales en las especialidades de Agropecuaria, Industria Alimentaria y Nutrici\u00f3n y Desarrollo Ambiental, brind\u00e1ndoles un servicio acad\u00e9mico en el marco de la excelencia y acorde con los avances de la ciencia, tecnolog\u00eda y human\u00edstica.\u00a0 Formamos docentes con conocimientos t\u00e9cnico-pedag\u00f3gicos, <a href=\"https:\/\/www.une.edu.pe\/Agropecuaria\/bienvenidos-a-la-facultad\/\" class=\"read-more\">Leer m\u00e1s&#8230;<\/a><\/p>\n","protected":false},"author":3,"featured_media":7256,"parent":0,"menu_order":0,"comment_status":"closed","ping_status":"closed","template":"","meta":{"footnotes":""},"class_list":["post-3112","page","type-page","status-publish","has-post-thumbnail","hentry"],"_links":{"self":[{"href":"https:\/\/www.une.edu.pe\/Agropecuaria\/wp-json\/wp\/v2\/pages\/3112","targetHints":{"allow":["GET"]}}],"collection":[{"href":"https:\/\/www.une.edu.pe\/Agropecuaria\/wp-json\/wp\/v2\/pages"}],"about":[{"href":"https:\/\/www.une.edu.pe\/Agropecuaria\/wp-json\/wp\/v2\/types\/page"}],"author":[{"embeddable":true,"href":"https:\/\/www.une.edu.pe\/Agropecuaria\/wp-json\/wp\/v2\/users\/3"}],"replies":[{"embeddable":true,"href":"https:\/\/www.une.edu.pe\/Agropecuaria\/wp-json\/wp\/v2\/comments?post=3112"}],"version-history":[{"count":20,"href":"https:\/\/www.une.edu.pe\/Agropecuaria\/wp-json\/wp\/v2\/pages\/3112\/revisions"}],"predecessor-version":[{"id":7252,"href":"https:\/\/www.une.edu.pe\/Agropecuaria\/wp-json\/wp\/v2\/pages\/3112\/revisions\/7252"}],"wp:featuredmedia":[{"embeddable":true,"href":"https:\/\/www.une.edu.pe\/Agropecuaria\/wp-json\/wp\/v2\/media\/7256"}],"wp:attachment":[{"href":"https:\/\/www.une.edu.pe\/Agropecuaria\/wp-json\/wp\/v2\/media?parent=3112"}],"curies":[{"name":"wp","href":"https:\/\/api.w.org\/{rel}","templated":true}]}}